{"id":10,"date":"2024-10-29T14:45:45","date_gmt":"2024-10-29T14:45:45","guid":{"rendered":"https:\/\/www.eakinostomy.com\/shop\/"},"modified":"2025-08-06T11:52:55","modified_gmt":"2025-08-06T11:52:55","slug":"nos-produits","status":"publish","type":"page","link":"https:\/\/www.eakinostomy.com\/fr\/nos-produits\/","title":{"rendered":"Nos produits"},"content":{"rendered":"<div class=\"background-block relative overflow-hidden\" style=\"background-color: #f6f6f6\">\n        <div class=\"relative z-20\">\n        <div class=\"acf-innerblocks-container\">\n\n<div class=\"hero\">\n            \n    <div class=\"absolute w-full z-[39] pt-2\">\n        <div class=\"pt-2 container mx-auto relative breadcrumbs px-4 \">\n            <div class=\" flex items-center flex-wrap\">\n                <span property=\"itemListElement\" typeof=\"ListItem\"><a property=\"item\" typeof=\"WebPage\" title=\"Go to Home.\" href=\"https:\/\/www.eakinostomy.com\/fr\" class=\"home\" aria-current=\"page\"><span property=\"name\">Home<\/span><\/a><meta property=\"position\" content=\"1\"><\/span>            <\/div>\n        <\/div>\n    <\/div>\n        <div class=\"acf-innerblocks-container\">\n<div class=\"hero-slide glide__slide\">\n    <div class=\"acf-innerblocks-container\">\n\n<div class=\"wp-block-group\"><div class=\"wp-block-group__inner-container is-layout-flow wp-block-group-is-layout-flow\">\n<h1 class=\"wp-block-heading has-purple-600-color has-text-color has-link-color wp-elements-624e4595465561eede06168e5c9e76b5\">Tout ce dont vous avez besoin, <span class=\"swoosh-underline\">nous l\u2019avons<\/span><\/h1>\n\n\n\n<p>D\u00e9couvrez notre gamme compl\u00e8te de produits pour vos soins quotidiens li\u00e9s \u00e0 votre stomie.<\/p>\n<\/div><\/div>\n\n\n\n<figure class=\"wp-block-image size-full\"><img loading=\"lazy\" decoding=\"async\" width=\"2500\" height=\"1667\" src=\"https:\/\/www.eakinostomy.com\/wp-content\/uploads\/2025\/05\/seals.jpg\" alt=\"\" class=\"wp-image-3264\" srcset=\"https:\/\/www.eakinostomy.com\/fr\/wp-content\/uploads\/sites\/15\/2025\/05\/seals.jpg 2500w, https:\/\/www.eakinostomy.com\/fr\/wp-content\/uploads\/sites\/15\/2025\/05\/seals-300x200.jpg 300w, https:\/\/www.eakinostomy.com\/fr\/wp-content\/uploads\/sites\/15\/2025\/05\/seals-1024x683.jpg 1024w, https:\/\/www.eakinostomy.com\/fr\/wp-content\/uploads\/sites\/15\/2025\/05\/seals-150x100.jpg 150w, https:\/\/www.eakinostomy.com\/fr\/wp-content\/uploads\/sites\/15\/2025\/05\/seals-768x512.jpg 768w, https:\/\/www.eakinostomy.com\/fr\/wp-content\/uploads\/sites\/15\/2025\/05\/seals-1536x1024.jpg 1536w, https:\/\/www.eakinostomy.com\/fr\/wp-content\/uploads\/sites\/15\/2025\/05\/seals-2048x1366.jpg 2048w, https:\/\/www.eakinostomy.com\/fr\/wp-content\/uploads\/sites\/15\/2025\/05\/seals-600x400.jpg 600w\" sizes=\"auto, (max-width: 2500px) 100vw, 2500px\" \/><\/figure>\n\n<\/div>\n<\/div>\n\n<\/div>\n    <div class=\"glide-navigation-container\">\n        <div class=\"glide-navigation hidden\">\n            <div class=\"glide__bullets\" data-glide-el=\"controls[nav]\"><\/div>\n            <div class=\"glide__arrows\" data-glide-el=\"controls\"><\/div>\n        <\/div>\n    <\/div>\n<\/div>\n\n<\/div>\n    <\/div>\n<\/div>\n\n\n<div class=\"spacer\n    h-12    lg:h-28\"\n>\n<\/div>\n","protected":false},"excerpt":{"rendered":"","protected":false},"author":8,"featured_media":0,"parent":0,"menu_order":0,"comment_status":"closed","ping_status":"closed","template":"","meta":{"_acf_changed":false,"footnotes":""},"class_list":["post-10","page","type-page","status-publish","hentry"],"acf":[],"_links":{"self":[{"href":"https:\/\/www.eakinostomy.com\/fr\/wp-json\/wp\/v2\/pages\/10","targetHints":{"allow":["GET"]}}],"collection":[{"href":"https:\/\/www.eakinostomy.com\/fr\/wp-json\/wp\/v2\/pages"}],"about":[{"href":"https:\/\/www.eakinostomy.com\/fr\/wp-json\/wp\/v2\/types\/page"}],"author":[{"embeddable":true,"href":"https:\/\/www.eakinostomy.com\/fr\/wp-json\/wp\/v2\/users\/8"}],"replies":[{"embeddable":true,"href":"https:\/\/www.eakinostomy.com\/fr\/wp-json\/wp\/v2\/comments?post=10"}],"version-history":[{"count":0,"href":"https:\/\/www.eakinostomy.com\/fr\/wp-json\/wp\/v2\/pages\/10\/revisions"}],"wp:attachment":[{"href":"https:\/\/www.eakinostomy.com\/fr\/wp-json\/wp\/v2\/media?parent=10"}],"curies":[{"name":"wp","href":"https:\/\/api.w.org\/{rel}","templated":true}]}}