{"id":1030,"date":"2025-03-24T14:56:40","date_gmt":"2025-03-24T14:56:40","guid":{"rendered":"https:\/\/www.eakinostomy.com\/?page_id=1030"},"modified":"2025-09-03T07:36:08","modified_gmt":"2025-09-03T07:36:08","slug":"eakin-healthcare","status":"publish","type":"page","link":"https:\/\/www.eakinostomy.com\/fr\/eakin-healthcare\/","title":{"rendered":"Eakin Healthcare"},"content":{"rendered":"<div class=\"background-block relative overflow-hidden\" style=\"background-color: #f6f6f6\">\n        <div class=\"relative z-20\">\n        <div class=\"acf-innerblocks-container\">\n\n<div class=\"hero\">\n            \n    <div class=\"absolute w-full z-[39] pt-2\">\n        <div class=\"pt-2 container mx-auto relative breadcrumbs px-4 \">\n            <div class=\" flex items-center flex-wrap\">\n                <span property=\"itemListElement\" typeof=\"ListItem\"><a property=\"item\" typeof=\"WebPage\" title=\"Go to Home.\" href=\"https:\/\/www.eakinostomy.com\/fr\" class=\"home\" aria-current=\"page\"><span property=\"name\">Home<\/span><\/a><meta property=\"position\" content=\"1\"><\/span>            <\/div>\n        <\/div>\n    <\/div>\n        <div class=\"acf-innerblocks-container\">\n<div class=\"hero-slide glide__slide\">\n    <div class=\"acf-innerblocks-container\">\n\n<div class=\"wp-block-group\"><div class=\"wp-block-group__inner-container is-layout-flow wp-block-group-is-layout-flow\">\n<h1 class=\"wp-block-heading has-purple-600-color has-text-color has-link-color wp-elements-857287274435bc13176a140ca25021f3\">\u00c0 propos d\u2019Eakin Healthcare<\/h1>\n\n\n\n<p>En tant que sp\u00e9cialistes dans le domaine de la stomath\u00e9rapie, nous allions 50 ans d\u2019exp\u00e9rience et d\u2019innovation pour am\u00e9liorer chaque jour la vie des personnes stomis\u00e9es \u00e0 travers le monde.<\/p>\n<\/div><\/div>\n\n\n\n\n\n<figure class=\"wp-block-image size-full\"><img loading=\"lazy\" decoding=\"async\" width=\"1600\" height=\"900\" src=\"https:\/\/www.eakinostomy.com\/wp-content\/uploads\/2025\/05\/eakin.png\" alt=\"\" class=\"wp-image-3367\" srcset=\"https:\/\/www.eakinostomy.com\/fr\/wp-content\/uploads\/sites\/15\/2025\/05\/eakin.png 1600w, https:\/\/www.eakinostomy.com\/fr\/wp-content\/uploads\/sites\/15\/2025\/05\/eakin-300x169.png 300w, https:\/\/www.eakinostomy.com\/fr\/wp-content\/uploads\/sites\/15\/2025\/05\/eakin-1024x576.png 1024w, https:\/\/www.eakinostomy.com\/fr\/wp-content\/uploads\/sites\/15\/2025\/05\/eakin-150x84.png 150w, https:\/\/www.eakinostomy.com\/fr\/wp-content\/uploads\/sites\/15\/2025\/05\/eakin-768x432.png 768w, https:\/\/www.eakinostomy.com\/fr\/wp-content\/uploads\/sites\/15\/2025\/05\/eakin-1536x864.png 1536w, https:\/\/www.eakinostomy.com\/fr\/wp-content\/uploads\/sites\/15\/2025\/05\/eakin-600x338.png 600w\" sizes=\"auto, (max-width: 1600px) 100vw, 1600px\" \/><\/figure>\n\n<\/div>\n<\/div>\n\n<\/div>\n    <div class=\"glide-navigation-container\">\n        <div class=\"glide-navigation hidden\">\n            <div class=\"glide__bullets\" data-glide-el=\"controls[nav]\"><\/div>\n            <div class=\"glide__arrows\" data-glide-el=\"controls\"><\/div>\n        <\/div>\n    <\/div>\n<\/div>\n\n<\/div>\n    <\/div>\n<\/div>\n\n\n<div class=\"spacer\n    h-8    lg:h-20\"\n>\n<\/div>\n\n\n\n<h2 class=\"wp-block-heading has-purple-600-color has-text-color has-link-color wp-elements-39485b5567fe4b532fe6f1aaf51256fe text-center lg:text-center\">Les produits, services et soins de stomie que vous souhaitez, au moment o\u00f9 vous en avez besoin<\/h2>\n\n\n\n<p><\/p>\n\n\n\n<p class=\"text-center lg:text-center text-xl lg:text-xl\">L&#8217;histoire du laboratoire EAKIN commence en 1973 \u00e0 Comber, en Irlande du Nord, gr\u00e2ce \u00e0 la vision d\u2019un homme \u2013 le pharmacien (et v\u00e9ritable l\u00e9gende) Tom Eakin \u2013 inspir\u00e9 par l\u2019\u00e9coute des probl\u00e9matiques des personnes stomis\u00e9es et des soignants.<br>Au fil des ann\u00e9es, le laboratoire s&#8217;est d\u00e9velopp\u00e9 \u00e0 l\u2019international. En 2007, l&#8217;acquisition de Pelican Healthcare, \u00e0 Cardiff (Pays de Galles) a permis d&#8217;\u00e9tendre les capacit\u00e9s de production. Quelques ann\u00e9es plus tard, nous avons lanc\u00e9 notre service de Prestation de Sant\u00e9 \u00e0 Domicile Respond, puis nous avons ouvert des filiales directes en Irlande, au Japon, aux Pays-Bas, en France, en Allemagne, et plus r\u00e9cemment en Belgique et au Luxembourg.<br><br>Aujourd\u2019hui, nos activit\u00e9s en stomath\u00e9rapie sont r\u00e9unies sous une seule et m\u00eame marque : <strong>Eakin Healthcare<\/strong>. Nous simplifions les choses car nous savons que vivre avec une stomie peut \u00eatre un d\u00e9fi, mais trouver la bonne solution de soins ne devrait pas l\u2019\u00eatre.<br>Et bien que notre entreprise ait grandi, notre philosophie reste inchang\u00e9e : aller toujours plus loin pour aider les personnes stomis\u00e9es \u00e0 \u00eatre la meilleure version d\u2019elles-m\u00eames, en les accompagnant fid\u00e8lement dans leur qu\u00eate de confiance.<br><br>C\u2019est donc un au revoir \u00e0 Eakin &amp; Pelican, et un bonjour \u00e0 <strong>Eakin Healthcare<\/strong> \u2013 qui regroupe les m\u00eames gammes de produits de qualit\u00e9 que vous connaissez et aimez. Avec encore plus d\u2019innovation, de durabilit\u00e9 et une capacit\u00e9 renforc\u00e9e \u00e0 mieux servir nos clients.<br><br>Nous proposons une large gamme de produits de stomath\u00e9rapie de classe mondiale au sein du portefeuille Eakin Healthcare \u2013 nous avons \u00e9t\u00e9 les premiers \u00e0 fabriquer un anneau protecteur de stomie, <strong>l&#8217;Anneau Eakin Cohesive\u00ae<\/strong>, qui aide des personnes \u00e0 travers le monde \u00e0 pr\u00e9venir les fuites et \u00e0 retrouver confiance, ainsi que les premiers \u00e0 proposer une poche de stomie \u00e0 <strong>convexit\u00e9 souple<\/strong>. Plus r\u00e9cemment, nous avons lanc\u00e9 <strong>ModaVi\u00ae<\/strong> sur le march\u00e9 britannique \u2013 une poche de stomie au design, confort et style novateurs.<br>Nous continuerons \u00e0 travailler main dans la main avec notre talentueuse \u00e9quipe de Recherche &amp; D\u00e9veloppement pour offrir les meilleures solutions en mati\u00e8re de soins de stomie et de cicatrisation \u00e0 nos clients \u00e0 travers le monde.<br><br>Bien que la stomath\u00e9rapie soit au c\u0153ur de l\u2019histoire d\u2019Eakin Healthcare, d\u2019autres chapitres contribuent \u00e0 ce que nous sommes aujourd\u2019hui \u2013 \u00e0 travers nos domaines th\u00e9rapeutiques connexes : le <strong>respiratoire <\/strong>et la <strong>chirurgie<\/strong>. Visitez notre site <a href=\"https:\/\/eakinhealthcare.com\/\" target=\"_blank\" rel=\"noreferrer noopener\"><strong>eakinhealthcare.com<\/strong><\/a> pour en savoir plus sur nos activit\u00e9s et notre engagement commun \u00e0 <strong>am\u00e9liorer la vie<\/strong>.<\/p>\n\n\n\n<hr class=\"wp-block-separator has-text-color has-purple-400-color has-alpha-channel-opacity has-purple-400-background-color has-background is-style-wide\"\/>\n\n\n<div class=\"spacer\n    h-12    lg:h-16\"\n>\n<\/div>\n\n\n\n<h3 class=\"wp-block-heading has-purple-600-color has-text-color has-link-color wp-elements-3e652dfbe826f9c5dbe6a9158c5ee254 text-center lg:text-center\">D\u00e9couvrez nos marques<\/h3>\n\n\n\n<div class=\"wp-block-columns is-layout-flex wp-container-core-columns-is-layout-9d6595d7 wp-block-columns-is-layout-flex\">\n<div class=\"wp-block-column is-layout-flow wp-block-column-is-layout-flow\">\n<figure class=\"wp-block-image size-large\"><a href=\"https:\/\/www.eakinhealthcare.com\" target=\"_blank\" rel=\"noopener\"><img loading=\"lazy\" decoding=\"async\" width=\"1024\" height=\"383\" src=\"https:\/\/www.eakinostomy.com\/wp-content\/uploads\/2025\/03\/eakinlogocolour-e1742826283370-1024x383.png\" alt=\"\" class=\"wp-image-1032\" srcset=\"https:\/\/www.eakinostomy.com\/fr\/wp-content\/uploads\/sites\/15\/2025\/03\/eakinlogocolour-e1742826283370-1024x383.png 1024w, https:\/\/www.eakinostomy.com\/fr\/wp-content\/uploads\/sites\/15\/2025\/03\/eakinlogocolour-e1742826283370-300x112.png 300w, https:\/\/www.eakinostomy.com\/fr\/wp-content\/uploads\/sites\/15\/2025\/03\/eakinlogocolour-e1742826283370-150x56.png 150w, https:\/\/www.eakinostomy.com\/fr\/wp-content\/uploads\/sites\/15\/2025\/03\/eakinlogocolour-e1742826283370-768x287.png 768w, https:\/\/www.eakinostomy.com\/fr\/wp-content\/uploads\/sites\/15\/2025\/03\/eakinlogocolour-e1742826283370-600x224.png 600w, https:\/\/www.eakinostomy.com\/fr\/wp-content\/uploads\/sites\/15\/2025\/03\/eakinlogocolour-e1742826283370.png 1298w\" sizes=\"auto, (max-width: 1024px) 100vw, 1024px\" \/><\/a><\/figure>\n<\/div>\n\n\n\n<div class=\"wp-block-column is-layout-flow wp-block-column-is-layout-flow\">\n<figure class=\"wp-block-image size-large\"><img loading=\"lazy\" decoding=\"async\" width=\"1024\" height=\"407\" src=\"https:\/\/www.eakinostomy.com\/wp-content\/uploads\/2025\/03\/respond-logo-colour-1024x407.png\" alt=\"\" class=\"wp-image-1033\" srcset=\"https:\/\/www.eakinostomy.com\/fr\/wp-content\/uploads\/sites\/15\/2025\/03\/respond-logo-colour-1024x407.png 1024w, https:\/\/www.eakinostomy.com\/fr\/wp-content\/uploads\/sites\/15\/2025\/03\/respond-logo-colour-300x119.png 300w, https:\/\/www.eakinostomy.com\/fr\/wp-content\/uploads\/sites\/15\/2025\/03\/respond-logo-colour-150x60.png 150w, https:\/\/www.eakinostomy.com\/fr\/wp-content\/uploads\/sites\/15\/2025\/03\/respond-logo-colour-768x305.png 768w, https:\/\/www.eakinostomy.com\/fr\/wp-content\/uploads\/sites\/15\/2025\/03\/respond-logo-colour-1536x611.png 1536w, https:\/\/www.eakinostomy.com\/fr\/wp-content\/uploads\/sites\/15\/2025\/03\/respond-logo-colour-2048x814.png 2048w, https:\/\/www.eakinostomy.com\/fr\/wp-content\/uploads\/sites\/15\/2025\/03\/respond-logo-colour-600x239.png 600w\" sizes=\"auto, (max-width: 1024px) 100vw, 1024px\" \/><\/figure>\n<\/div>\n<\/div>\n\n\n\n<p class=\"text-center lg:text-center text-xl lg:text-xl\">Unis pour am\u00e9liorer la vie, chaque jour.<\/p>\n\n\n <div class=\"row\n                container mx-auto        px-4 py-0 lg:px-4 lg:py-0    \">\n    <div class=\"acf-innerblocks-container\">\n\n\n<div class=\"card mx-auto\">\n        <div class=\"card-body\">\n                    <h4>Cardiff<\/h4>\n                <div class=\"flex-1\">\n                                <p style=\"text-align: center;\">Cardiff Business Park<br \/>\nCardiff<br \/>\nWales<br \/>\nCF14 5WF<\/p>\n<p style=\"text-align: center;\"><strong><a href=\"tel:02920767800\">+44 (0)2920 767 800<\/a><\/strong><\/p>\n                    <\/div>\n            <\/div>\n<\/div>\n\n\n\n\n<div class=\"card mx-auto\">\n        <div class=\"card-body\">\n                    <h4>Comber<\/h4>\n                <div class=\"flex-1\">\n                                <p style=\"text-align: center;\">15 Ballystockart Road<br \/>\nComber<br \/>\nCo. Down<br \/>\nNorthern Ireland<br \/>\nBT23 5QY<\/p>\n<p style=\"text-align: center;\"><strong><a href=\"tel:02891871000\">+44 (0)28 9187 1000<\/a><\/strong><\/p>\n                    <\/div>\n            <\/div>\n<\/div>\n\n<\/div>\n<\/div>\n\n\n<div class=\"spacer\n    h-12    lg:h-16\"\n>\n<\/div>\n\n\n\n<hr class=\"wp-block-separator has-text-color has-purple-400-color has-alpha-channel-opacity has-purple-400-background-color has-background is-style-wide\"\/>\n\n\n<div class=\"spacer\n    h-12    lg:h-16\"\n>\n<\/div>\n\n\n\n<h3 class=\"wp-block-heading has-purple-600-color has-text-color has-link-color wp-elements-212f41834cf0697d475b9659e9ee3cba text-center lg:text-center\">Nous fa\u00e7onnons l\u2019avenir des produits, services et soins de stomie<\/h3>\n\n\n\n<figure class=\"wp-block-video\"><video height=\"240\" style=\"aspect-ratio: 426 \/ 240;\" width=\"426\" controls src=\"https:\/\/www.eakinostomy.com\/wp-content\/uploads\/2025\/05\/eakin_healthcare-240p.mp4\"><\/video><\/figure>\n\n\n<div class=\"spacer\n    h-8    lg:h-24\"\n>\n<\/div>\n","protected":false},"excerpt":{"rendered":"<p>Les produits, services et soins de stomie que vous souhaitez, au moment o\u00f9 vous en avez besoin L&#8217;histoire du laboratoire EAKIN commence en 1973 \u00e0 Comber, en Irlande du Nord, gr\u00e2ce \u00e0 la vision d\u2019un homme \u2013 le pharmacien (et v\u00e9ritable l\u00e9gende) Tom Eakin \u2013 inspir\u00e9 par l\u2019\u00e9coute des probl\u00e9matiques des personnes stomis\u00e9es et des [&hellip;]<\/p>\n","protected":false},"author":8,"featured_media":0,"parent":0,"menu_order":0,"comment_status":"closed","ping_status":"closed","template":"","meta":{"_acf_changed":false,"footnotes":""},"class_list":["post-1030","page","type-page","status-publish","hentry"],"acf":[],"_links":{"self":[{"href":"https:\/\/www.eakinostomy.com\/fr\/wp-json\/wp\/v2\/pages\/1030","targetHints":{"allow":["GET"]}}],"collection":[{"href":"https:\/\/www.eakinostomy.com\/fr\/wp-json\/wp\/v2\/pages"}],"about":[{"href":"https:\/\/www.eakinostomy.com\/fr\/wp-json\/wp\/v2\/types\/page"}],"author":[{"embeddable":true,"href":"https:\/\/www.eakinostomy.com\/fr\/wp-json\/wp\/v2\/users\/8"}],"replies":[{"embeddable":true,"href":"https:\/\/www.eakinostomy.com\/fr\/wp-json\/wp\/v2\/comments?post=1030"}],"version-history":[{"count":0,"href":"https:\/\/www.eakinostomy.com\/fr\/wp-json\/wp\/v2\/pages\/1030\/revisions"}],"wp:attachment":[{"href":"https:\/\/www.eakinostomy.com\/fr\/wp-json\/wp\/v2\/media?parent=1030"}],"curies":[{"name":"wp","href":"https:\/\/api.w.org\/{rel}","templated":true}]}}