{"id":1137,"date":"2025-03-25T10:43:14","date_gmt":"2025-03-25T10:43:14","guid":{"rendered":"https:\/\/www.eakinostomy.com\/?page_id=1137"},"modified":"2025-09-03T13:49:00","modified_gmt":"2025-09-03T13:49:00","slug":"avant-lintervention","status":"publish","type":"page","link":"https:\/\/www.eakinostomy.com\/fr\/soutien-et-conseils-pour-les-personnes-stomisees\/avant-lintervention\/","title":{"rendered":"Avant l\u2019intervention"},"content":{"rendered":"<div class=\"background-block relative overflow-hidden\" style=\"background-color: #f6f6f6\">\n        <div class=\"relative z-20\">\n        <div class=\"acf-innerblocks-container\">\n\n<div class=\"hero\">\n            \n    <div class=\"absolute w-full z-[39] pt-2\">\n        <div class=\"pt-2 container mx-auto relative breadcrumbs px-4 \">\n            <div class=\" flex items-center flex-wrap\">\n                <span property=\"itemListElement\" typeof=\"ListItem\"><a property=\"item\" typeof=\"WebPage\" title=\"Go to Home.\" href=\"https:\/\/www.eakinostomy.com\/fr\" class=\"home\" aria-current=\"page\"><span property=\"name\">Home<\/span><\/a><meta property=\"position\" content=\"1\"><\/span>            <\/div>\n        <\/div>\n    <\/div>\n        <div class=\"acf-innerblocks-container\">\n<div class=\"hero-slide glide__slide\">\n    <div class=\"acf-innerblocks-container\">\n\n<div class=\"wp-block-group\"><div class=\"wp-block-group__inner-container is-layout-flow wp-block-group-is-layout-flow\">\n<h1 class=\"wp-block-heading\"><mark style=\"background-color:rgba(0, 0, 0, 0)\" class=\"has-inline-color has-purple-600-color\">Se pr\u00e9parer \u00e0 l\u2019intervention chirurgicale<\/mark><\/h1>\n\n\n\n<p class=\"text-lg lg:text-lg\">Nous avons rassembl\u00e9 toutes les informations \u00e0 conna\u00eetre \u00e0 propos de l\u2019intervention chirurgicale en elle-m\u00eame, mais aussi ce que vous devrez pr\u00e9voir avant de vous rendre \u00e0 l\u2019h\u00f4pital, la liste des essentiels que vous devrez emporter dans votre sac et ce qui vous attend, une fois sur place.<\/p>\n<\/div><\/div>\n\n\n\n\n\n<figure class=\"wp-block-image size-full\"><img loading=\"lazy\" decoding=\"async\" width=\"2500\" height=\"1667\" src=\"https:\/\/www.eakinostomy.com\/wp-content\/uploads\/2025\/06\/Eakin-Studio-Shoot-3262-Purple.jpg\" alt=\"\" class=\"wp-image-4443\" srcset=\"https:\/\/www.eakinostomy.com\/fr\/wp-content\/uploads\/sites\/15\/2025\/06\/Eakin-Studio-Shoot-3262-Purple.jpg 2500w, https:\/\/www.eakinostomy.com\/fr\/wp-content\/uploads\/sites\/15\/2025\/06\/Eakin-Studio-Shoot-3262-Purple-300x200.jpg 300w, https:\/\/www.eakinostomy.com\/fr\/wp-content\/uploads\/sites\/15\/2025\/06\/Eakin-Studio-Shoot-3262-Purple-1024x683.jpg 1024w, https:\/\/www.eakinostomy.com\/fr\/wp-content\/uploads\/sites\/15\/2025\/06\/Eakin-Studio-Shoot-3262-Purple-150x100.jpg 150w, https:\/\/www.eakinostomy.com\/fr\/wp-content\/uploads\/sites\/15\/2025\/06\/Eakin-Studio-Shoot-3262-Purple-768x512.jpg 768w, https:\/\/www.eakinostomy.com\/fr\/wp-content\/uploads\/sites\/15\/2025\/06\/Eakin-Studio-Shoot-3262-Purple-1536x1024.jpg 1536w, https:\/\/www.eakinostomy.com\/fr\/wp-content\/uploads\/sites\/15\/2025\/06\/Eakin-Studio-Shoot-3262-Purple-2048x1366.jpg 2048w, https:\/\/www.eakinostomy.com\/fr\/wp-content\/uploads\/sites\/15\/2025\/06\/Eakin-Studio-Shoot-3262-Purple-600x400.jpg 600w\" sizes=\"auto, (max-width: 2500px) 100vw, 2500px\" \/><\/figure>\n\n<\/div>\n<\/div>\n\n<\/div>\n    <div class=\"glide-navigation-container\">\n        <div class=\"glide-navigation hidden\">\n            <div class=\"glide__bullets\" data-glide-el=\"controls[nav]\"><\/div>\n            <div class=\"glide__arrows\" data-glide-el=\"controls\"><\/div>\n        <\/div>\n    <\/div>\n<\/div>\n\n<\/div>\n    <\/div>\n<\/div>\n\n\n<div class=\"spacer\n    h-8    lg:h-20\"\n>\n<\/div>\n\n\n\n<h2 class=\"wp-block-heading has-purple-600-color has-text-color has-link-color wp-elements-63a05d977cf30d8029ee20f4d64cc0f6\"><strong>Parlons franchement des stomies<\/strong><\/h2>\n\n\n\n<p class=\"text-xl lg:text-xl\">Soyons r\u00e9alistes, le fait de savoir que vous allez bient\u00f4t subir une intervention chirurgicale et avoir une stomie peut \u00eatre une source d\u2019angoisse. Dans ce cas, il est tout \u00e0 fait l\u00e9gitime de se poser des questions, d\u2019avoir des doutes et de s\u2019imaginer des sc\u00e9narios. Mais, si vous savez exactement \u00e0 quoi vous attendre, vous pourrez vous pr\u00e9parer mentalement et vous vous sentirez plus en confiance. Alors, sans plus tarder\u2026<\/p>\n\n\n\n<h3 class=\"wp-block-heading\"><mark style=\"background-color:rgba(0, 0, 0, 0)\" class=\"has-inline-color has-purple-400-color\">Une stomie, c\u2019est quoi\u202f?<\/mark><\/h3>\n\n\n\n<p class=\"text-xl lg:text-xl\">Pour simplifier, une stomie est une op\u00e9ration chirurgicale, consistant \u00e0 faire ressortir un morceau de votre intestin par votre abdomen. Le chirurgien va ensuite modeler ce morceau d\u2019intestin et venir le fixer sur votre peau, pour cr\u00e9er une ouverture \u00e0 l\u2019ext\u00e9rieur de votre corps, qui servira \u00e0 \u00e9vacuer les selles ou l\u2019urine.\u00a0<br>\u00a0<br>Vous ne serez pas en mesure de ma\u00eetriser ce flux, mais, vous porterez une poche de stomie, sp\u00e9cialement con\u00e7ue pour recueillir les selles ou les urines.<\/p>\n\n\n\n<h3 class=\"wp-block-heading\"><mark style=\"background-color:rgba(0, 0, 0, 0)\" class=\"has-inline-color has-purple-400-color\">\u00c0 quoi ressemble une stomie\u202f?<\/mark><\/h3>\n\n\n\n<p class=\"text-xl lg:text-xl\">Une stomie, c\u2019est une entaille rouge, brillante et chaude. Pour vous donner une id\u00e9e de la sensation et de l\u2019aspect visuel, imaginez que vous passez votre langue sur les parois internes de votre joue (bravo \u00e0 tous ceux qui viennent de le faire\u202f!)<\/p>\n\n\n\n<h3 class=\"wp-block-heading\"><mark style=\"background-color:rgba(0, 0, 0, 0)\" class=\"has-inline-color has-purple-400-color\">Pourquoi pourriez-vous avoir recours \u00e0 une stomie\u202f?<\/mark><\/h3>\n\n\n\n<p class=\"text-xl lg:text-xl\">Pour de nombreuses raisons. &nbsp;<br>&nbsp;<br>Vous pourriez avoir recours \u00e1 une stomie digestive (appel\u00e9e colostomie ou il\u00e9ostomie), en cas de diagnostic de cancer du c\u00f4lon ou du rectum, de diverticulose, de maladie inflammatoire chronique de l\u2019intestin (y compris la maladie de Crohn, ou la rectocolite h\u00e9morragique), d\u2019incontinence f\u00e9cale, ou encore, \u00e0 la suite d\u2019un accident.&nbsp;<\/p>\n\n\n\n<p class=\"text-xl lg:text-xl\">Une stomie urinaire (\u00e9galement appel\u00e9e urostomie) peut \u00eatre pratiqu\u00e9e en cas de cancer de la vessie ou si vous \u00eates atteint d\u2019affections b\u00e9nignes telles qu\u2019une inflammation chronique, d\u2019incontinence ou de malformations cong\u00e9nitales.\u00a0<\/p>\n\n\n\n<h2 class=\"wp-block-heading has-purple-600-color has-text-color has-link-color wp-elements-54bd345ce17df75e6ecf7a8897d61ce1\"><mark style=\"background-color:rgba(0, 0, 0, 0)\" class=\"has-inline-color has-teal-600-color\"><strong>\u00c0 savoir\u202f: marquage du site de stomie<\/strong><\/mark><\/h2>\n\n\n\n<p class=\"text-xl lg:text-xl\">Votre infirmi\u00e8re stomath\u00e9rapeute jouera un r\u00f4le important dans votre parcours. Avant l\u2019intervention chirurgicale, sa toute premi\u00e8re mission consistera \u00e0 marquer l\u2019emplacement de votre stomie. C\u2019est assez technique et celle-ci devra suivre un protocole tr\u00e8s strict, avant de choisir le meilleur emplacement. Ce que vous devez savoir\u202f:<\/p>\n\n\n\n<h3 class=\"wp-block-heading\"><mark style=\"background-color:rgba(0, 0, 0, 0)\" class=\"has-inline-color has-teal-400-color\">Votre stomie doit \u00eatre situ\u00e9e \u00e0 un endroit tr\u00e8s pr\u00e9cis<\/mark><\/h3>\n\n\n\n<p class=\"text-xl lg:text-xl\">Votre stomie doit \u00eatre situ\u00e9e entre votre nombril (ombilic) et l\u2019os de votre hanche.<\/p>\n\n\n\n<h3 class=\"wp-block-heading\"><mark style=\"background-color:rgba(0, 0, 0, 0)\" class=\"has-inline-color has-teal-400-color\">Votre infirmi\u00e8re stomath\u00e9rapeute examinera l\u2019ensemble de votre corps<\/mark><\/h3>\n\n\n\n<p class=\"text-xl lg:text-xl\">Elle \u00e9valuera votre position lorsque vous serez assis(e), debout et inclin\u00e9(e), pour d\u00e9terminer l\u2019emplacement qui vous conviendra le mieux, \u00e0 bonne distance de la ceinture, du nombril, et d\u2019\u00e9ventuelles plaies abdominales, plis, rides ou cicatrices visibles.<\/p>\n\n\n\n<h3 class=\"wp-block-heading\"><mark style=\"background-color:rgba(0, 0, 0, 0)\" class=\"has-inline-color has-teal-400-color\">Vous pourrez porter vos v\u00eatements habituels<\/mark><\/h3>\n\n\n\n<p class=\"text-xl lg:text-xl\">Le fait de porter vos v\u00eatements de tous les jours aidera votre infirmi\u00e8re en soins de stomie \u00e0 \u00e9valuer le meilleur emplacement, pour vous assurer un confort optimal, en fonction de vos choix vestimentaires quotidiens.<\/p>\n\n\n\n<h3 class=\"wp-block-heading\"><mark style=\"background-color:rgba(0, 0, 0, 0)\" class=\"has-inline-color has-teal-400-color\">Le choix de l\u2019emplacement de la stomie peut aider \u00e0 pr\u00e9venir des probl\u00e8mes sous-jacents<\/mark><\/h3>\n\n\n\n<p class=\"text-xl lg:text-xl\">En d\u00e9terminant l\u2019emplacement correct de votre stomie, vous pourrez pr\u00e9venir toute complication postop\u00e9ratoire et \u00e9viter tout \u00e9ventuel soucis ult\u00e9rieur (fuites, probl\u00e8mes d\u2019adh\u00e9rence, etc.).<\/p>\n\n\n\n<h3 class=\"wp-block-heading\"><mark style=\"background-color:rgba(0, 0, 0, 0)\" class=\"has-inline-color has-teal-400-color\">Vous pourrez faire un essai<\/mark><\/h3>\n\n\n\n<p class=\"text-xl lg:text-xl\">Une fois que votre infirmi\u00e8re stomath\u00e9rapeute aura d\u00e9termin\u00e9 le bon emplacement, vous aurez la possibilit\u00e9 d\u2019essayer une poche de stomie avant votre intervention chirurgicale. Ainsi, vous aurez une id\u00e9e de son emplacement avant l\u2019intervention chirurgicale, pour vous assurer que celle-ci vous convient. N&#8217;oubliez pas\u202f: vous pourrez modifier l\u2019emplacement de votre stomie avant l\u2019intervention chirurgicale, mais pas apr\u00e8s. Veillez donc \u00e0 r\u00e9fl\u00e9chir \u00e1 cet emplacement avant de donner votre accord final.<\/p>\n\n\n\n<h2 class=\"wp-block-heading has-purple-600-color has-text-color has-link-color wp-elements-b0bb0c9c9819d92ddbaa4cba5ebd16a0\">Que faire avant la cr\u00e9ation d\u2019une stomie\u202f?<\/h2>\n\n\n\n<p class=\"text-xl lg:text-xl\">Une fois que vous aurez fix\u00e9 la date et l\u2019heure de votre intervention chirurgicale , nous vous invitons \u00e0 suivre ces conseils d\u2019organisation, afin de faire en sorte que votre s\u00e9jour \u00e0 l\u2019h\u00f4pital se d\u00e9roule sereinement.<\/p>\n\n\n\n<h3 class=\"wp-block-heading\"><mark style=\"background-color:rgba(0, 0, 0, 0)\" class=\"has-inline-color has-purple-400-color\">Informez votre employeur<\/mark><\/h3>\n\n\n\n<p class=\"text-xl lg:text-xl\">Vous devrez pr\u00e9venir votre employeur de votre intervention chirurgicale, pour qu\u2019il soit inform\u00e9 du temps de repos dont vous aurez besoin. Il devra vous faire savoir si, et \u00e0 quelle fr\u00e9quence, vous devrez rester en contact pendant votre r\u00e9tablissement. Vous pourrez \u00e9galement lui indiquer comment vous aider apr\u00e8s l\u2019op\u00e9ration. &nbsp;<br>&nbsp;<br>Selon votre emploi, vous pourriez avoir besoin de quelques am\u00e9nagements \u00e0 votre retour (comme l\u2019acc\u00e8s \u00e0 des toilettes diff\u00e9rentes ou un espace pour ranger discr\u00e8tement vos produits de soins de stomies dans votre bureau). Informez votre employeur \u00e0 l\u2019avance des diff\u00e9rents am\u00e9nagements dont vous pourriez avoir besoin, pour vous aider \u00e0 r\u00e9int\u00e9grer progressivementvotre emploi apr\u00e8s l\u2019op\u00e9ration.<\/p>\n\n\n\n<h3 class=\"wp-block-heading\"><mark style=\"background-color:rgba(0, 0, 0, 0)\" class=\"has-inline-color has-purple-400-color\">Pr\u00e9voyez \u00e0 l\u2019avance la garde d\u2019enfants ou d\u2019adultes d\u00e9pendants<\/mark><\/h3>\n\n\n\n<p class=\"text-xl lg:text-xl\">&nbsp;Si vous avez des enfants ou des adultes \u00e0 charge, pr\u00e9voyez des solutions alternatives avant de vous rendre \u00e0 l\u2019h\u00f4pital. C\u2019est une charge mentale en moins pour vous. Vous aurez suffisamment de choses \u00e1 penser pendant votre convalescence et lors de votre acclimatation \u00e0 votre stomie.<\/p>\n\n\n\n<h3 class=\"wp-block-heading\"><mark style=\"background-color:rgba(0, 0, 0, 0)\" class=\"has-inline-color has-purple-400-color\">\u00c9tablir un planning de visite<\/mark><\/h3>\n\n\n\n<p class=\"text-xl lg:text-xl\">Vous faites partie d\u2019une grande famille\u202f? Vous ne voudrez probablement pas vous retrouver avec 10\u202fpersonnes autour de votre lit d\u2019h\u00f4pital pendant votre convalescence. Certains \u00e9tablissements hospitaliers imposent un nombre maximum de visiteurs. Pour \u00e9viter ce stress, essayez d\u2019\u00e9tablir un planning, que vous pourrez partager avec vos proches. De cette fa\u00e7on, vous pourrez vous assurer d\u2019avoir toujours quelqu\u2019un avec vous, sans \u00eatre submerg\u00e9(e) de visites.<\/p>\n\n\n\n<h3 class=\"wp-block-heading\"><mark style=\"background-color:rgba(0, 0, 0, 0)\" class=\"has-inline-color has-purple-400-color\">Organisez vos d\u00e9placements<\/mark><\/h3>\n\n\n\n<p class=\"text-xl lg:text-xl\">Apr\u00e8s l\u2019op\u00e9ration, vous ne pourrez pas conduire pendant quelques semaines. Nous vous conseillons donc de planifier vos d\u00e9placements, entre la maison et l\u2019h\u00f4pital, ainsi que tout autre trajet, en pr\u00e9vision des prochaines semaines.<\/p>\n\n\n\n<h3 class=\"wp-block-heading\"><mark style=\"background-color:rgba(0, 0, 0, 0)\" class=\"has-inline-color has-purple-400-color\">Obtenez l\u2019accompagnement dont vous avez besoin<\/mark><\/h3>\n\n\n\n<p class=\"text-xl lg:text-xl\">Apr\u00e8s la mise en place d\u2019une stomie, il faut imp\u00e9rativement b\u00e9n\u00e9ficier d\u2019un accompagnement et d\u2019une aide. Si vous n\u2019avez pas de famille ou de cercle social \u00e0 proximit\u00e9, demandez \u00e0 votre infirmi\u00e8re stomath\u00e9rapeute de vous aider \u00e0 obtenir une aide suppl\u00e9mentaire en cas de besoin. Et si aucune de vos connaissances ne peut vous porter vos affaires personnelles pendant votre s\u00e9jour \u00e0 l\u2019h\u00f4pital, pensez \u00e0 pr\u00e9voir des pyjamas, des sous-v\u00eatements et tout ce dont vous pourriez avoir besoin, au cas o\u00f9.<\/p>\n\n\n\n<h2 class=\"wp-block-heading has-purple-600-color has-text-color has-link-color wp-elements-d495e221dd738bb91df1612014da70d9\"><mark style=\"background-color:rgba(0, 0, 0, 0)\" class=\"has-inline-color has-teal-600-color\"><strong>Que mettre dans votre sac pour l\u2019h\u00f4pital\u202f?<\/strong><\/mark><\/h2>\n\n\n\n<p class=\"text-xl lg:text-xl\">Vous avez la date de votre op\u00e9ration. Vous avez pos\u00e9 toutes les questions que vous souhaitiez. Voici les affaires que vous devriez emporter dans votre sac pour l\u2019h\u00f4pital :<\/p>\n\n\n\n<ul class=\"wp-block-list is-style-teal-checkmark\">\n<li class=\"text-xl lg:text-xl\">Pyjama \u00e0 manches courtes ou chemise de nuit, selon vos pr\u00e9f\u00e9rences<\/li>\n\n\n\n<li class=\"text-xl lg:text-xl\">Sous-v\u00eatements suppl\u00e9mentaires, pr\u00e9voyez une taille plus grande. Votre ventre sera probablement un peu gonfl\u00e9 apr\u00e8s l\u2019op\u00e9ration, donc, vous aurez envie de porter des v\u00eatements plus larges. Le confort sera votre priorit\u00e9<\/li>\n\n\n\n<li class=\"text-xl lg:text-xl\">Boules Quies et masque pour les yeux\u202f: les h\u00f4pitaux sont connus pour \u00eatre tr\u00e8s fr\u00e9quent\u00e9s et bruyants. Une bonne nuit de sommeil vous permettra de r\u00e9cup\u00e9rer beaucoup plus vite<\/li>\n\n\n\n<li class=\"text-xl lg:text-xl\">Livres, playlists musicales, \u00e9couteurs ou applications de m\u00e9ditation pour rester d\u00e9tendu(e) et vous divertir<\/li>\n\n\n\n<li class=\"text-xl lg:text-xl\">Tous vos produits de toilette habituels. N\u2019oubliez pas le baume \u00e0 l\u00e8vres\u202f! L\u2019environnement hospitalier a tendance \u00e0 ass\u00e9cher la peau et \u00e0 favoriser l\u2019apparition de ger\u00e7ures sur les l\u00e8vres<\/li>\n\n\n\n<li class=\"text-xl lg:text-xl\">Un bloc-notes et un stylo pour noter toutes vos questions ou inqui\u00e9tudes que vous souhaiteriez confier \u00e0 votre infirmi\u00e8re stomath\u00e9rapeute<\/li>\n\n\n\n<li class=\"text-xl lg:text-xl\">Une liste de tous les m\u00e9dicaments que vous prenez et un registre de vos ant\u00e9c\u00e9dents m\u00e9dicaux<\/li>\n\n\n\n<li class=\"text-xl lg:text-xl\">Une liste des coordonn\u00e9es de votre famille et de vos amis<\/li>\n<\/ul>\n\n\n<div class=\"spacer\n    h-4    lg:h-8\"\n>\n<\/div>\n\n\n<div class=\"need-help\">\n    <div class=\"container mx-auto flex flex-col lg:flex-row lg:justify-between lg:max-w-[1162px] lg:items-center\">\n        <div class=\"content lg:text-lg\">\n            <h4 class=\"text-purple-600\">Tout ce dont vous avez besoin, nous l\u2019avons<\/h4>\n            <picture class=\"lg:hidden block mb-6\">\n                <img decoding=\"async\" loading=\"lazy\" src=\"https:\/\/www.eakinostomy.com\/fr\/wp-content\/uploads\/sites\/15\/2025\/05\/Eakin-Studio-Shoot-3673-Purple.jpg\" srcset=\"https:\/\/www.eakinostomy.com\/fr\/wp-content\/uploads\/sites\/15\/2025\/05\/Eakin-Studio-Shoot-3673-Purple-300x200.jpg 300w, https:\/\/www.eakinostomy.com\/fr\/wp-content\/uploads\/sites\/15\/2025\/05\/Eakin-Studio-Shoot-3673-Purple-1024x683.jpg 1024w, https:\/\/www.eakinostomy.com\/fr\/wp-content\/uploads\/sites\/15\/2025\/05\/Eakin-Studio-Shoot-3673-Purple-150x100.jpg 150w, https:\/\/www.eakinostomy.com\/fr\/wp-content\/uploads\/sites\/15\/2025\/05\/Eakin-Studio-Shoot-3673-Purple-768x512.jpg 768w, https:\/\/www.eakinostomy.com\/fr\/wp-content\/uploads\/sites\/15\/2025\/05\/Eakin-Studio-Shoot-3673-Purple-1536x1024.jpg 1536w, https:\/\/www.eakinostomy.com\/fr\/wp-content\/uploads\/sites\/15\/2025\/05\/Eakin-Studio-Shoot-3673-Purple-2048x1366.jpg 2048w, https:\/\/www.eakinostomy.com\/fr\/wp-content\/uploads\/sites\/15\/2025\/05\/Eakin-Studio-Shoot-3673-Purple-600x400.jpg 600w\" alt=\"Eakin Healthcare stoma ambassadors\">\n            <\/picture>\n            <div class=\"my-4\">\n                <p>D\u00e9couvrez notre gamme compl\u00e8te de produits pour vos soins quotidiens li\u00e9s \u00e0 votre stomie.<\/p>\n            <\/div>\n            <div class=\"flex flex-col gap-4 pt-4 lg:flex-row\">\n                                                            <a href=\"https:\/\/www.eakinostomy.com\/fr\/nos-produits\/\" class=\"btn btn-primary w-full text-center lg:w-fit\">\n                            En savoir plus                        <\/a>\n                                                <\/div>\n        <\/div>\n        <div class=\"hidden lg:block\">\n            <picture>\n                <img decoding=\"async\" src=\"https:\/\/www.eakinostomy.com\/fr\/wp-content\/uploads\/sites\/15\/2025\/05\/Eakin-Studio-Shoot-3673-Purple.jpg\" srcset=\"https:\/\/www.eakinostomy.com\/fr\/wp-content\/uploads\/sites\/15\/2025\/05\/Eakin-Studio-Shoot-3673-Purple-300x200.jpg 300w, https:\/\/www.eakinostomy.com\/fr\/wp-content\/uploads\/sites\/15\/2025\/05\/Eakin-Studio-Shoot-3673-Purple-1024x683.jpg 1024w, https:\/\/www.eakinostomy.com\/fr\/wp-content\/uploads\/sites\/15\/2025\/05\/Eakin-Studio-Shoot-3673-Purple-150x100.jpg 150w, https:\/\/www.eakinostomy.com\/fr\/wp-content\/uploads\/sites\/15\/2025\/05\/Eakin-Studio-Shoot-3673-Purple-768x512.jpg 768w, https:\/\/www.eakinostomy.com\/fr\/wp-content\/uploads\/sites\/15\/2025\/05\/Eakin-Studio-Shoot-3673-Purple-1536x1024.jpg 1536w, https:\/\/www.eakinostomy.com\/fr\/wp-content\/uploads\/sites\/15\/2025\/05\/Eakin-Studio-Shoot-3673-Purple-2048x1366.jpg 2048w, https:\/\/www.eakinostomy.com\/fr\/wp-content\/uploads\/sites\/15\/2025\/05\/Eakin-Studio-Shoot-3673-Purple-600x400.jpg 600w\" alt=\"Eakin Healthcare stoma ambassadors\">\n            <\/picture>\n        <\/div>\n    <\/div>\n<\/div>\n","protected":false},"excerpt":{"rendered":"<p>Parlons franchement des stomies Soyons r\u00e9alistes, le fait de savoir que vous allez bient\u00f4t subir une intervention chirurgicale et avoir une stomie peut \u00eatre une source d\u2019angoisse. Dans ce cas, il est tout \u00e0 fait l\u00e9gitime de se poser des questions, d\u2019avoir des doutes et de s\u2019imaginer des sc\u00e9narios. Mais, si vous savez exactement \u00e0 [&hellip;]<\/p>\n","protected":false},"author":8,"featured_media":0,"parent":3303,"menu_order":0,"comment_status":"closed","ping_status":"closed","template":"","meta":{"_acf_changed":false,"footnotes":""},"class_list":["post-1137","page","type-page","status-publish","hentry"],"acf":[],"_links":{"self":[{"href":"https:\/\/www.eakinostomy.com\/fr\/wp-json\/wp\/v2\/pages\/1137","targetHints":{"allow":["GET"]}}],"collection":[{"href":"https:\/\/www.eakinostomy.com\/fr\/wp-json\/wp\/v2\/pages"}],"about":[{"href":"https:\/\/www.eakinostomy.com\/fr\/wp-json\/wp\/v2\/types\/page"}],"author":[{"embeddable":true,"href":"https:\/\/www.eakinostomy.com\/fr\/wp-json\/wp\/v2\/users\/8"}],"replies":[{"embeddable":true,"href":"https:\/\/www.eakinostomy.com\/fr\/wp-json\/wp\/v2\/comments?post=1137"}],"version-history":[{"count":0,"href":"https:\/\/www.eakinostomy.com\/fr\/wp-json\/wp\/v2\/pages\/1137\/revisions"}],"up":[{"embeddable":true,"href":"https:\/\/www.eakinostomy.com\/fr\/wp-json\/wp\/v2\/pages\/3303"}],"wp:attachment":[{"href":"https:\/\/www.eakinostomy.com\/fr\/wp-json\/wp\/v2\/media?parent=1137"}],"curies":[{"name":"wp","href":"https:\/\/api.w.org\/{rel}","templated":true}]}}