{"id":1192,"date":"2025-03-25T12:01:19","date_gmt":"2025-03-25T12:01:19","guid":{"rendered":"https:\/\/www.eakinostomy.com\/?page_id=1192"},"modified":"2025-08-06T12:00:45","modified_gmt":"2025-08-06T12:00:45","slug":"gerer-votre-stomie","status":"publish","type":"page","link":"https:\/\/www.eakinostomy.com\/fr\/soutien-et-conseils-pour-les-personnes-stomisees\/gerer-votre-stomie\/","title":{"rendered":"G\u00e9rer votre stomie"},"content":{"rendered":"<div class=\"background-block relative overflow-hidden\" style=\"background-color: #f6f6f6\">\n        <div class=\"relative z-20\">\n        <div class=\"acf-innerblocks-container\">\n\n<div class=\"hero\">\n            \n    <div class=\"absolute w-full z-[39] pt-2\">\n        <div class=\"pt-2 container mx-auto relative breadcrumbs px-4 \">\n            <div class=\" flex items-center flex-wrap\">\n                <span property=\"itemListElement\" typeof=\"ListItem\"><a property=\"item\" typeof=\"WebPage\" title=\"Go to Home.\" href=\"https:\/\/www.eakinostomy.com\/fr\" class=\"home\" aria-current=\"page\"><span property=\"name\">Home<\/span><\/a><meta property=\"position\" content=\"1\"><\/span>            <\/div>\n        <\/div>\n    <\/div>\n        <div class=\"acf-innerblocks-container\">\n<div class=\"hero-slide glide__slide\">\n    <div class=\"acf-innerblocks-container\">\n\n<div class=\"wp-block-group\"><div class=\"wp-block-group__inner-container is-layout-flow wp-block-group-is-layout-flow\">\n<h1 class=\"wp-block-heading has-purple-600-color has-text-color has-link-color wp-elements-c9625bd8f0aaf16af8362dd9187a44b1\"><strong>Ma\u00eetrisez votre routine de soin en stomath\u00e9rapie<\/strong><\/h1>\n\n\n\n<p class=\"text-lg lg:text-lg\">Avoir une stomie peut repr\u00e9senter un d\u00e9fi. Mais, ne vous inqui\u00e9tez pas. Nous allons vous r\u00e9v\u00e9ler les solutions pour g\u00e9rer votre routine de soin de stomath\u00e9rapie comme un professionnel, en un rien de temps.<\/p>\n<\/div><\/div>\n\n\n\n\n\n<figure class=\"wp-block-image size-full\"><img loading=\"lazy\" decoding=\"async\" width=\"2500\" height=\"1667\" src=\"https:\/\/www.eakinostomy.com\/wp-content\/uploads\/2025\/04\/managing.jpg\" alt=\"\" class=\"wp-image-1929\" srcset=\"https:\/\/www.eakinostomy.com\/fr\/wp-content\/uploads\/sites\/15\/2025\/04\/managing.jpg 2500w, https:\/\/www.eakinostomy.com\/fr\/wp-content\/uploads\/sites\/15\/2025\/04\/managing-300x200.jpg 300w, https:\/\/www.eakinostomy.com\/fr\/wp-content\/uploads\/sites\/15\/2025\/04\/managing-1024x683.jpg 1024w, https:\/\/www.eakinostomy.com\/fr\/wp-content\/uploads\/sites\/15\/2025\/04\/managing-150x100.jpg 150w, https:\/\/www.eakinostomy.com\/fr\/wp-content\/uploads\/sites\/15\/2025\/04\/managing-768x512.jpg 768w, https:\/\/www.eakinostomy.com\/fr\/wp-content\/uploads\/sites\/15\/2025\/04\/managing-1536x1024.jpg 1536w, https:\/\/www.eakinostomy.com\/fr\/wp-content\/uploads\/sites\/15\/2025\/04\/managing-2048x1366.jpg 2048w, https:\/\/www.eakinostomy.com\/fr\/wp-content\/uploads\/sites\/15\/2025\/04\/managing-600x400.jpg 600w\" sizes=\"auto, (max-width: 2500px) 100vw, 2500px\" \/><\/figure>\n\n<\/div>\n<\/div>\n\n<\/div>\n    <div class=\"glide-navigation-container\">\n        <div class=\"glide-navigation hidden\">\n            <div class=\"glide__bullets\" data-glide-el=\"controls[nav]\"><\/div>\n            <div class=\"glide__arrows\" data-glide-el=\"controls\"><\/div>\n        <\/div>\n    <\/div>\n<\/div>\n\n<\/div>\n    <\/div>\n<\/div>\n\n\n<div class=\"spacer\n    h-4    lg:h-16\"\n>\n<\/div>\n\n\n\n<h2 class=\"wp-block-heading has-purple-600-color has-text-color has-link-color wp-elements-bf1889a19e15c35a990d1ae120777362 text-center lg:text-center\"><strong><strong>Comment mettre en place et changer votre appareillage de stomie<\/strong><\/strong><\/h2>\n\n\n\n<p class=\"text-center lg:text-center text-xl lg:text-xl\">Inutile de pr\u00e9ciser que la zone autour de votre stomie doit \u00eatre bien entretenue. Soyez donc aussi d\u00e9licat(e) que possible lors de la mise en place et du retrait de votre protecteur cutan\u00e9 (le support qui adh\u00e8re \u00e1 votre ventre) et de votre poche de stomie. Idem lorsque vous nettoyez la peau autour de la stomie.&nbsp;<br>Pour nettoyer la peau, utilisez simplement de l\u2019eau ti\u00e8de et une lingette s\u00e8che. \u00c9vitez les mouchoirs en papier ou le coton et s\u00e9chez la zone en la tapotant, sans frotter.<\/p>\n\n\n\n<p class=\"text-center lg:text-center text-xl lg:text-xl\">Vous pouvez \u00e9galement d\u00e9coller lentement le support apr\u00e8s avoir utilis\u00e9 unspray de retrait d\u2019adh\u00e9sif ou des lingettes, en maintenant fermement la peau, avec une main, et en retirant le protecteur cutan\u00e9 d\u00e9licatement de l\u2019autre main. Cette m\u00e9thode est moins agressive pour la peau.<\/p>\n\n\n\n<div class=\"wp-block-buttons is-content-justification-center is-layout-flex wp-container-core-buttons-is-layout-16018d1d wp-block-buttons-is-layout-flex\">\n<div class=\"wp-block-button is-style-btn-primary\"><a class=\"wp-block-button__link wp-element-button\" href=\"https:\/\/www.eakinostomy.com\/fr\/nos-produits\/?product_cat=appareillages\">D\u00e9couvrez notre gamme de poches<\/a><\/div>\n<\/div>\n\n\n<div class=\"spacer\n    h-12    lg:h-8\"\n>\n<\/div>\n\n\n\n<h2 class=\"wp-block-heading has-purple-600-color has-text-color has-link-color wp-elements-719d3ce4ec0fa04ad1fc325f88fd4b11 text-center lg:text-center\"><mark style=\"background-color:rgba(0, 0, 0, 0)\" class=\"has-inline-color has-teal-600-color\"><strong>Gestion des fuites de stomie<\/strong><\/mark><\/h2>\n\n\n\n<p class=\"text-center lg:text-center text-xl lg:text-xl\">Les fuites peuvent \u00eatre une r\u00e9alit\u00e9 lorsque l&#8217;on a une stomie, surtout au d\u00e9but, lorsque vous devez apprendre \u00e0 ma\u00eetriser votre routine de soins. Ces petits incidents peuvent \u00eatre g\u00eanants et frustrants, mais vous apprendrez rapidement \u00e1 les g\u00e9rer. En proc\u00e9dant aux bons ajustements, vous pouvez att\u00e9nuer les fuites et suivre votre routine de soins en toute confiance.&nbsp;<br>&nbsp;<br>La bonne nouvelle, c\u2019est qu\u2019il existe de nombreuses solutions contre les fuites de stomie, qui vous aideront \u00e0 r\u00e9soudre rapidement la situation.<\/p>\n\n\n\n<div class=\"wp-block-buttons is-content-justification-center is-layout-flex wp-container-core-buttons-is-layout-16018d1d wp-block-buttons-is-layout-flex\">\n<div class=\"wp-block-button is-style-btn-secondary\"><a class=\"wp-block-button__link has-teal-600-background-color has-background wp-element-button\" href=\"https:\/\/www.eakinostomy.com\/fr\/solution-pour-soins-des-stomies__trashed\/fuites\/\">Solutions pour les fuites<\/a><\/div>\n<\/div>\n\n\n<div class=\"spacer\n    h-12    lg:h-8\"\n>\n<\/div>\n\n\n\n<h2 class=\"wp-block-heading has-purple-600-color has-text-color has-link-color wp-elements-98de0363f2c91f904d5de4b6f23f6eed text-center lg:text-center\"><strong>Comment faire d\u00e9gonfler une poche \u00e1 stomie<\/strong><\/h2>\n\n\n\n<p class=\"text-center lg:text-center text-xl lg:text-xl\">La poche \u00e1 stomie peut gonfler lorsque de l\u2019air ou des gaz s&#8217;accumulent dans la poche ou lorsque les selles sont trop \u00e9paisses et viennent se coller autour de la stomie. Tous ces ph\u00e9nom\u00e8nes peuvent entra\u00eener un gonflement de la poche, ce qui peut vous cr\u00e9er une situation d\u2019inconfort. Malheureusement, des fuites et des odeurs peuvent \u00e9galement en r\u00e9sulter. &nbsp;<br>&nbsp;<br>Le gonflement de la poche de stomie est un risque, mais il existe des moyens simples d\u2019y rem\u00e9dier. De nombreux produits peuvent vous aider \u00e0 soulager l\u2019inconfort et emp\u00eacher les r\u00e9cidives.<\/p>\n\n\n<div class=\"spacer\n    h-12    lg:h-8\"\n>\n<\/div>\n\n\n\n<h2 class=\"wp-block-heading has-teal-600-color has-text-color has-link-color wp-elements-26cdd691259d2b58511f98d1ddb20c44 text-center lg:text-center\"><strong>Traiter la peau douloureuse autour de votre stomie<\/strong><\/h2>\n\n\n\n<p class=\"text-center lg:text-center text-xl lg:text-xl\">La peau p\u00e9ristomiale (la peau autour de votre stomie) peut facilement s\u2019irriter. Alors, faites attention si votre peau est\u202f:<\/p>\n\n\n\n<ul class=\"wp-block-list is-style-teal-checkmark\">\n<li class=\"text-xl lg:text-xl\"><strong>Douloureuse<\/strong><\/li>\n\n\n\n<li class=\"text-xl lg:text-xl\"><strong>Rouge<\/strong><\/li>\n\n\n\n<li class=\"text-xl lg:text-xl\"><strong>S\u00e8che<\/strong><\/li>\n\n\n\n<li class=\"text-xl lg:text-xl\"><strong>Humide<\/strong><\/li>\n\n\n\n<li class=\"text-xl lg:text-xl\"><strong>L\u00e9s\u00e9e<\/strong><\/li>\n<\/ul>\n\n\n\n<p class=\"text-center lg:text-center text-xl lg:text-xl\">Les principales coupables\u202f? Les fuites provenant de votre poche de stomie. Les l\u00e9sions cutan\u00e9es, les allergies et les r\u00e9actions cutan\u00e9es existantes comme le psoriasis et l\u2019ecz\u00e9ma peuvent toutes contribuer \u00e0 irriter votre peau. Lorsque votre peau est irrit\u00e9e, votre poche de stomie peut se d\u00e9coller plus rapidement, ce qui peut entra\u00eener davantage de fuites et, vous l\u2019avez devin\u00e9, davantage d\u2019irritations. Heureusement, il existe quelques produits test\u00e9s et approuv\u00e9s, pour vous aider \u00e0 briser ce cycle infernal.<\/p>\n\n\n\n<div class=\"wp-block-buttons is-content-justification-center is-layout-flex wp-container-core-buttons-is-layout-16018d1d wp-block-buttons-is-layout-flex\">\n<div class=\"wp-block-button is-style-btn-secondary\"><a class=\"wp-block-button__link has-teal-600-background-color has-background wp-element-button\" href=\"https:\/\/www.eakinostomy.com\/fr\/nos-produits\/?product_cat=anneaux-protecteurs\">Recevez le v\u00f4tre<\/a><\/div>\n<\/div>\n\n\n<div class=\"spacer\n    h-12    lg:h-8\"\n>\n<\/div>\n\n\n\n<h2 class=\"wp-block-heading has-purple-600-color has-text-color has-link-color wp-elements-0e3a475efa5cc1506e270257655d805a text-center lg:text-center\"><strong>Am\u00e9liorer votre bien-\u00eatre pour favoriser une r\u00e9cup\u00e9ration rapide<\/strong><\/h2>\n\n\n\n<p class=\"text-center lg:text-center text-xl lg:text-xl\">&nbsp;<br>Bien s\u00fbr, l\u2019intervention chirurgicale et la mise en place de votre stomie vous demanderont un certain travail d\u2019ajustement, mais ne devraient en aucun cas vous emp\u00eacher de vivre votre vie normalement.&nbsp;Privil\u00e9giez un bon sommeil, consacrez du temps \u00e0 vos activit\u00e9s pr\u00e9f\u00e9r\u00e9es et restez actif(ve), pour garder la forme et le moral et ainsi favoriser un r\u00e9tablissement plus rapide. Si vous avez besoin d\u2019aide, il existe une multitude d\u2019accessoires pour les soins de stomie, con\u00e7us pour vous aider \u00e0 vous reposer, \u00e0 r\u00e9cup\u00e9rer et \u00e0 rester actif(ve), afin que vous puissiez retrouver au plus vite la meilleure version de vous-m\u00eame.<\/p>\n\n\n\n<div class=\"wp-block-buttons is-content-justification-center is-layout-flex wp-container-core-buttons-is-layout-16018d1d wp-block-buttons-is-layout-flex\">\n<div class=\"wp-block-button is-style-btn-primary\"><a class=\"wp-block-button__link wp-element-button\" href=\"https:\/\/www.eakinostomy.com\/fr\/nos-produits\/\">D\u00e9couvrez nos produits<\/a><\/div>\n<\/div>\n\n\n<div class=\"spacer\n    h-12    lg:h-12\"\n>\n<\/div>\n\n\n<div class=\"need-help\">\n    <div class=\"container mx-auto flex flex-col lg:flex-row lg:justify-between lg:max-w-[1162px] lg:items-center\">\n        <div class=\"content lg:text-lg\">\n            <h4 class=\"text-purple-600\">Tout ce dont vous avez besoin, nous l\u2019avons<\/h4>\n            <picture class=\"lg:hidden block mb-6\">\n                <img decoding=\"async\" loading=\"lazy\" src=\"https:\/\/www.eakinostomy.com\/fr\/wp-content\/uploads\/sites\/15\/2025\/05\/accessories.jpg\" srcset=\"https:\/\/www.eakinostomy.com\/fr\/wp-content\/uploads\/sites\/15\/2025\/05\/accessories-300x200.jpg 300w, https:\/\/www.eakinostomy.com\/fr\/wp-content\/uploads\/sites\/15\/2025\/05\/accessories-1024x683.jpg 1024w, https:\/\/www.eakinostomy.com\/fr\/wp-content\/uploads\/sites\/15\/2025\/05\/accessories-150x100.jpg 150w, https:\/\/www.eakinostomy.com\/fr\/wp-content\/uploads\/sites\/15\/2025\/05\/accessories-768x512.jpg 768w, https:\/\/www.eakinostomy.com\/fr\/wp-content\/uploads\/sites\/15\/2025\/05\/accessories-1536x1024.jpg 1536w, https:\/\/www.eakinostomy.com\/fr\/wp-content\/uploads\/sites\/15\/2025\/05\/accessories-2048x1366.jpg 2048w, https:\/\/www.eakinostomy.com\/fr\/wp-content\/uploads\/sites\/15\/2025\/05\/accessories-600x400.jpg 600w\" alt=\"\">\n            <\/picture>\n            <div class=\"my-4\">\n                <p>D\u00e9couvrez notre gamme compl\u00e8te de produits pour vos soins quotidiens li\u00e9s \u00e0 votre stomie.<\/p>\n            <\/div>\n            <div class=\"flex flex-col gap-4 pt-4 lg:flex-row\">\n                                                            <a href=\"https:\/\/www.eakinostomy.com\/fr\/nos-produits\/\" class=\"btn btn-primary w-full text-center lg:w-fit\">\n                            En savoir plus                        <\/a>\n                                                <\/div>\n        <\/div>\n        <div class=\"hidden lg:block\">\n            <picture>\n                <img decoding=\"async\" src=\"https:\/\/www.eakinostomy.com\/fr\/wp-content\/uploads\/sites\/15\/2025\/05\/accessories.jpg\" srcset=\"https:\/\/www.eakinostomy.com\/fr\/wp-content\/uploads\/sites\/15\/2025\/05\/accessories-300x200.jpg 300w, https:\/\/www.eakinostomy.com\/fr\/wp-content\/uploads\/sites\/15\/2025\/05\/accessories-1024x683.jpg 1024w, https:\/\/www.eakinostomy.com\/fr\/wp-content\/uploads\/sites\/15\/2025\/05\/accessories-150x100.jpg 150w, https:\/\/www.eakinostomy.com\/fr\/wp-content\/uploads\/sites\/15\/2025\/05\/accessories-768x512.jpg 768w, https:\/\/www.eakinostomy.com\/fr\/wp-content\/uploads\/sites\/15\/2025\/05\/accessories-1536x1024.jpg 1536w, https:\/\/www.eakinostomy.com\/fr\/wp-content\/uploads\/sites\/15\/2025\/05\/accessories-2048x1366.jpg 2048w, https:\/\/www.eakinostomy.com\/fr\/wp-content\/uploads\/sites\/15\/2025\/05\/accessories-600x400.jpg 600w\" alt=\"\">\n            <\/picture>\n        <\/div>\n    <\/div>\n<\/div>\n","protected":false},"excerpt":{"rendered":"<p>Comment mettre en place et changer votre appareillage de stomie Inutile de pr\u00e9ciser que la zone autour de votre stomie doit \u00eatre bien entretenue. Soyez donc aussi d\u00e9licat(e) que possible lors de la mise en place et du retrait de votre protecteur cutan\u00e9 (le support qui adh\u00e8re \u00e1 votre ventre) et de votre poche de [&hellip;]<\/p>\n","protected":false},"author":8,"featured_media":0,"parent":3303,"menu_order":0,"comment_status":"closed","ping_status":"closed","template":"","meta":{"_acf_changed":false,"footnotes":""},"class_list":["post-1192","page","type-page","status-publish","hentry"],"acf":[],"_links":{"self":[{"href":"https:\/\/www.eakinostomy.com\/fr\/wp-json\/wp\/v2\/pages\/1192","targetHints":{"allow":["GET"]}}],"collection":[{"href":"https:\/\/www.eakinostomy.com\/fr\/wp-json\/wp\/v2\/pages"}],"about":[{"href":"https:\/\/www.eakinostomy.com\/fr\/wp-json\/wp\/v2\/types\/page"}],"author":[{"embeddable":true,"href":"https:\/\/www.eakinostomy.com\/fr\/wp-json\/wp\/v2\/users\/8"}],"replies":[{"embeddable":true,"href":"https:\/\/www.eakinostomy.com\/fr\/wp-json\/wp\/v2\/comments?post=1192"}],"version-history":[{"count":0,"href":"https:\/\/www.eakinostomy.com\/fr\/wp-json\/wp\/v2\/pages\/1192\/revisions"}],"up":[{"embeddable":true,"href":"https:\/\/www.eakinostomy.com\/fr\/wp-json\/wp\/v2\/pages\/3303"}],"wp:attachment":[{"href":"https:\/\/www.eakinostomy.com\/fr\/wp-json\/wp\/v2\/media?parent=1192"}],"curies":[{"name":"wp","href":"https:\/\/api.w.org\/{rel}","templated":true}]}}