{"id":1196,"date":"2025-03-25T12:18:42","date_gmt":"2025-03-25T12:18:42","guid":{"rendered":"https:\/\/www.eakinostomy.com\/?page_id=1196"},"modified":"2025-08-06T11:58:55","modified_gmt":"2025-08-06T11:58:55","slug":"voyage-avec-une-stomie","status":"publish","type":"page","link":"https:\/\/www.eakinostomy.com\/fr\/soutien-et-conseils-pour-les-personnes-stomisees\/voyage-avec-une-stomie\/","title":{"rendered":"Voyage avec une stomie"},"content":{"rendered":"<div class=\"background-block relative overflow-hidden\" style=\"background-color: #f6f6f6\">\n        <div class=\"relative z-20\">\n        <div class=\"acf-innerblocks-container\">\n\n<div class=\"hero\">\n            \n    <div class=\"absolute w-full z-[39] pt-2\">\n        <div class=\"pt-2 container mx-auto relative breadcrumbs px-4 \">\n            <div class=\" flex items-center flex-wrap\">\n                <span property=\"itemListElement\" typeof=\"ListItem\"><a property=\"item\" typeof=\"WebPage\" title=\"Go to Home.\" href=\"https:\/\/www.eakinostomy.com\/fr\" class=\"home\" aria-current=\"page\"><span property=\"name\">Home<\/span><\/a><meta property=\"position\" content=\"1\"><\/span>            <\/div>\n        <\/div>\n    <\/div>\n        <div class=\"acf-innerblocks-container\">\n<div class=\"hero-slide glide__slide\">\n    <div class=\"acf-innerblocks-container\">\n\n<div class=\"wp-block-group\"><div class=\"wp-block-group__inner-container is-layout-flow wp-block-group-is-layout-flow\">\n<h1 class=\"wp-block-heading has-purple-600-color has-text-color has-link-color wp-elements-5efcad5359e089322106655566f9afb5\"><strong>Tout ce que vous devez pour partir en voyage<\/strong><\/h1>\n\n\n\n<p>Vous r\u00eavez de plages ensoleill\u00e9es, de montagnes enneig\u00e9es ou de partir \u00e0 la d\u00e9couverte de grandes villes ? Il n\u2019y a aucune raison de vous priver de ces escapades lorsque l\u2019on a une stomie.<\/p>\n<\/div><\/div>\n\n\n\n\n\n<figure class=\"wp-block-image size-full\"><img loading=\"lazy\" decoding=\"async\" width=\"2500\" height=\"1667\" src=\"https:\/\/www.eakinostomy.com\/wp-content\/uploads\/2025\/05\/Eakin-Studio-Shoot-3764-Purple.gif\" alt=\"\" class=\"wp-image-3015\" style=\"aspect-ratio:16\/9;object-fit:cover\"\/><\/figure>\n\n<\/div>\n<\/div>\n\n<\/div>\n    <div class=\"glide-navigation-container\">\n        <div class=\"glide-navigation hidden\">\n            <div class=\"glide__bullets\" data-glide-el=\"controls[nav]\"><\/div>\n            <div class=\"glide__arrows\" data-glide-el=\"controls\"><\/div>\n        <\/div>\n    <\/div>\n<\/div>\n\n<\/div>\n    <\/div>\n<\/div>\n\n\n<div class=\"spacer\n    h-4    lg:h-16\"\n>\n<\/div>\n\n\n\n<h2 class=\"wp-block-heading has-purple-600-color has-text-color has-link-color wp-elements-a022594b24cb756c3e16b15c1b8c5af1\"><strong>Prendre l\u2019avion en toute s\u00e9r\u00e9nit\u00e9, avec votre stomie<\/strong><\/h2>\n\n\n\n<p class=\"text-xl lg:text-xl\">Un voyage en avion ne devrait pas \u00eatre un moment angoissant. Voici nos petits conseils pour que votre voyage se d\u00e9roule en toute s\u00e9r\u00e9nit\u00e9\u202f:<\/p>\n\n\n\n<ul class=\"wp-block-list is-style-purple-checkmark\">\n<li class=\"text-xl lg:text-xl\">Listez tout le mat\u00e9riel n\u00e9cessaire aux soins de stomath\u00e9rapie que vous devrez emporter avec vous&nbsp;<\/li>\n\n\n\n<li class=\"text-xl lg:text-xl\">Assurez-vous d\u2019avoir souscrit \u00e0 une assurance voyage avant de partir&nbsp;<\/li>\n\n\n\n<li class=\"text-xl lg:text-xl\">Conservez votre attestation d\u2019assurance voyage dans vos bagages \u00e0 main pour passer la s\u00e9curit\u00e9 en toute qui\u00e9tude (<strong>Conseil bonus\u202f: vous pouvez \u00e9galement faire traduire votre attestation en plusieurs langues<\/strong>)&nbsp;&nbsp;<\/li>\n\n\n\n<li class=\"text-xl lg:text-xl\">Vous voyagez dans un pays de l\u2019Espace \u00e9conomique europ\u00e9en (EEE) ou en Suisse\u202f? Assurez-vous de vous procurer une carte europ\u00e9enne d\u2019assurance maladie (CEAM)&nbsp;<\/li>\n\n\n\n<li class=\"text-xl lg:text-xl\">R\u00e9partissez votre mat\u00e9riel de soins de stomie si vous avez des bagages en soute&nbsp;<\/li>\n\n\n\n<li class=\"text-xl lg:text-xl\">Emportez deux fois plus d\u2019accessoires par rapport \u00e0 votre routine habituelle, par mesure de s\u00e9curit\u00e9 &nbsp;<\/li>\n\n\n\n<li class=\"text-xl lg:text-xl\">Rangez vos ciseaux et vos a\u00e9rosols dans vos bagages en soute&nbsp;<\/li>\n\n\n\n<li class=\"text-xl lg:text-xl\">Emballez votre mat\u00e9riel m\u00e9dical dans un sac transparent pour passer plus rapidement les contr\u00f4les de s\u00e9curit\u00e9<\/li>\n\n\n\n<li class=\"text-xl lg:text-xl\">Pr\u00e9voyez de porter des v\u00eatements confortables, surtout pour un vol long-courrier&nbsp;&nbsp;<\/li>\n\n\n\n<li class=\"text-xl lg:text-xl\">Videz votre sac juste avant d\u2019entrer dans la file d\u2019attente pour l\u2019embarquement<\/li>\n\n\n\n<li class=\"text-xl lg:text-xl\">Renseignez-vous sur les passages de s\u00e9curit\u00e9 des a\u00e9roports et les fouilles corporelles pour les voyageurs ayant une stomie (<strong>nous avons r\u00e9uni toutes les informations dont vous avez besoin ci-dessous<\/strong>)<\/li>\n<\/ul>\n\n\n\n<h2 class=\"wp-block-heading has-teal-600-color has-text-color has-link-color wp-elements-5c60d67680c2f02fad3570068eb72cb7\"><strong>Passer la s\u00e9curit\u00e9 et la fouille corporelle<\/strong><\/h2>\n\n\n\n<p class=\"text-xl lg:text-xl\">Si vous partez \u00e0 l\u2019\u00e9tranger, n\u2019oubliez pas votre attestation d\u2019assurance voyage. Ce document explique votre situation et d\u00e9taille tout l\u2019\u00e9quipement dont vous avez besoin. De plus, sachez qu\u2019il peut \u00eatre traduit en plusieurs langues.&nbsp;Vous pouvez vous en procurer une aupr\u00e8s de votre infirmi\u00e8re stomath\u00e9rapeute, ou de votre association de personnes stomis\u00e9es dans votre r\u00e9gion. Il en existe une dans toutes les r\u00e9gions fran\u00e7aises.&nbsp;Pour plus de tranquillit\u00e9, vous pouvez \u00e9galement demander \u00e0 votre m\u00e9decin g\u00e9n\u00e9raliste de vous r\u00e9diger une attestation. Veillez \u00e0 conserver ces documents dans vos bagages \u00e0 main lors de votre voyage, car le personnel de s\u00e9curit\u00e9 vous les demandera tr\u00e8s probablement. Vous pouvez \u00e9galement informer les agents de s\u00fbret\u00e9 de l\u2019a\u00e9roport que vous \u00eates avez une stomie et que vous voyagez avec du mat\u00e9riel de stomath\u00e9rapie, afin d\u2019\u00e9viter tout embarras.&nbsp;Si vous utilisez une poche ferm\u00e9e, nous vous conseillons de la changer avant de passer la s\u00e9curit\u00e9, si possible, afin qu\u2019elle soit vide au maximum.<br><br>Si un agent de securit\u00e9 de l\u2019a\u00e9roport souhaite vous fouiller, vous et\/ou votre mat\u00e9riel m\u00e9dical, pensez \u00e0 \u202f: <\/p>\n\n\n\n<ul class=\"wp-block-list is-style-teal-checkmark\">\n<li class=\"text-xl lg:text-xl\">Votre attestation de voyage, qui vous sera utile ici&nbsp;<br>Vous pouvez exiger une fouille priv\u00e9e, afin d\u2019\u00e9viter le regard des gens, qui pourrait cr\u00e9er des angoisses ou de la g\u00eane&nbsp;<\/li>\n\n\n\n<li class=\"text-xl lg:text-xl\">Les scans corporels ne voient pas les parties internes de votre corps, mais sont susceptibles de d\u00e9tecter que vous avez une poche de stomie.&nbsp;<\/li>\n\n\n\n<li class=\"text-xl lg:text-xl\">Les agents de s\u00e9curit\u00e9 re\u00e7oivent une formation sp\u00e9ciale, pour faire face \u00e0 ce type de situation. Vous pouvez donc vous attendre \u00e0 ce qu\u2019ils r\u00e9agissent de mani\u00e8re appropri\u00e9e, avec tact, sans contact physique ni palpation&nbsp;&nbsp;<\/li>\n\n\n\n<li class=\"text-xl lg:text-xl\">Vous ne pourrez pas toucher \u00e0 votre mat\u00e9riel de stomath\u00e9rapie tant que la fouille ne sera pas termin\u00e9e<\/li>\n<\/ul>\n\n\n\n<p class=\"text-xl lg:text-xl\"><strong><mark style=\"background-color:rgba(0, 0, 0, 0)\" class=\"has-inline-color has-teal-600-color\">Encore stress\u00e9(e) \u00e0 l\u2019id\u00e9e de voyager en avion\u202f?<\/mark><\/strong> Vous pouvez toujours contacter votre a\u00e9roport avant votre d\u00e9part et parler directement aux agents de s\u00e9curit\u00e9. Ils pourront r\u00e9pondre \u00e0 toutes vos questions et, si c&#8217;est la premi\u00e8re fois que vous voyagez avec votre stomie, ils pourront m\u00eame vous proposer un \u00ab r\u00e9capitulatif\u202f\u00bb avant votre d\u00e9part.<\/p>\n\n\n\n<h2 class=\"wp-block-heading has-purple-600-color has-text-color has-link-color wp-elements-e8036a9bd0b4404bef5ba3a5631fe72d\"><strong>Manger et boire en vacances<\/strong><\/h2>\n\n\n\n<p class=\"text-xl lg:text-xl\">L\u2019un des petits plaisirs lorsque l\u2019on part en voyage, c\u2019est de go\u00fbter \u00e0 la nourriture locale. Mais, un changement de r\u00e9gime alimentaire peut venir perturber votre digestion. Heureusement, gr\u00e2ce \u00e0 quelques petits ajustements, vous pouvez profiter pleinement des sp\u00e9cialit\u00e9s locales pendant vos vacances. Voici ce qu\u2019il faut garder \u00e0 l\u2019esprit\u202f:<\/p>\n\n\n\n<ul class=\"wp-block-list is-style-purple-checkmark\">\n<li class=\"text-xl lg:text-xl\">Si vous voyagez dans un pays chaud, \u00e9vitez les aliments qui sont rest\u00e9s longtemps \u00e0 l\u2019air libre ou au soleir, en particulier les crustac\u00e9s<\/li>\n\n\n\n<li class=\"text-xl lg:text-xl\">Rincez bien la salade et les fruits avant de les manger<\/li>\n\n\n\n<li class=\"text-xl lg:text-xl\">Privil\u00e9giez l\u2019eau en bouteille (vous pouvez \u00e9galement utiliser de l\u2019eau en bouteille pour nettoyer la zone autour de votre stomie)<\/li>\n\n\n\n<li class=\"text-xl lg:text-xl\">\u00c9vitez les gla\u00e7ons<\/li>\n\n\n\n<li class=\"text-xl lg:text-xl\">Consommez de l\u2019alcool avec mod\u00e9ration. Essayez de boire un verre d\u2019eau entre chaque verre d\u2019alcool, afin d\u2019\u00e9viter la d\u00e9shydratation (plus d&#8217;informations \u00e0 suivre)<\/li>\n<\/ul>\n\n\n\n<h2 class=\"wp-block-heading has-teal-600-color has-text-color has-link-color wp-elements-a684aad7816a367c50e1de6aa3b2cd7e\"><strong>Rester bien hydrat\u00e9(e)<\/strong><\/h2>\n\n\n\n<p class=\"text-xl lg:text-xl\">Si vous passez vos vacances dans un climat chaud et humide, vous allez plus facilement vous d\u00e9shydrater.&nbsp;Faites attention aux signes avant-coureurs comme\u202f:<\/p>\n\n\n\n<ul class=\"wp-block-list is-style-teal-checkmark\">\n<li class=\"text-xl lg:text-xl\">Maux de t\u00eate&nbsp;<\/li>\n\n\n\n<li class=\"text-xl lg:text-xl\">Soif&nbsp;<\/li>\n\n\n\n<li class=\"text-xl lg:text-xl\">Vertiges&nbsp;<\/li>\n\n\n\n<li class=\"text-xl lg:text-xl\">Urine fonc\u00e9e&nbsp;<\/li>\n\n\n\n<li class=\"text-xl lg:text-xl\">Sensation de vertige ou de faiblesse<\/li>\n<\/ul>\n\n\n\n<p class=\"text-xl lg:text-xl\">Les boissons sportives isotoniques peuvent vous aider \u00e0 rester bien hydrat\u00e9(e). Vous pouvez en trouver dans la plupart des magasins ou pharmacies. Si vos signes de d\u00e9shydratation persistent, consultez imm\u00e9diatement un m\u00e9decin.<\/p>\n\n\n\n<h2 class=\"wp-block-heading has-purple-600-color has-text-color has-link-color wp-elements-44f03e2127412bef712dea648049b8fe\"><strong>Conserver ses poches de stomie en vacances<\/strong><\/h2>\n\n\n\n<p class=\"text-xl lg:text-xl\">Vous vous rendez dans une destination chaude ou humide\u202f?<\/p>\n\n\n\n<blockquote class=\"wp-block-quote is-layout-flow wp-block-quote-is-layout-flow\">\n<ul class=\"wp-block-list is-style-purple-checkmark\">\n<li class=\"text-xl lg:text-xl\">Pour prot\u00e9ger votre mat\u00e9riel de stomie de la chaleur, vous pouvez opter pour un sac isotherme<\/li>\n\n\n\n<li class=\"text-xl lg:text-xl\">Si vous ne parvenez pas \u00e0 trouver un sac isotherme, rangez votre mat\u00e9riel de stomie dans la pi\u00e8ce la plus fra\u00eeche de votre logement<\/li>\n\n\n\n<li class=\"text-xl lg:text-xl\">Lorsque vous appliquez un \u00e9cran solaire, assurez-vous de mettre d\u2019abord votre poche de stomie, avant d\u2019\u00e9taler la lotion. Gardez \u00e0 l\u2019esprit que la cr\u00e8me solaire et les temp\u00e9ratures tr\u00e8s \u00e9lev\u00e9es peuvent affecter l\u2019adh\u00e9rence de votre poche de stomie. Vous serez peut-\u00eatre amen\u00e9(e) \u00e0 la changer plus fr\u00e9quemment, par pr\u00e9caution<\/li>\n\n\n\n<li class=\"text-xl lg:text-xl\">Si c\u2019est la premi\u00e8re fois que vous voyagez ou que vous vous rendez dans un pays avec un climat bien diff\u00e9rent, nous vous recommandons d\u2019en discuter avec votre infirmi\u00e8re stomath\u00e9rapeute. Certains de vos produits peuvent n\u00e9cessiter un petit ajustement, si vous vous rendez dans un pays chaud. Si vous remarquez que les bords de votre poche ne collent pas bien, ou si vous entrez et sortez fr\u00e9quemment de l\u2019eau, vous pouvez opter pour un renfort p\u00e9riph\u00e9rique. De plus, l\u2019utilisation d\u2019une cr\u00e8me ou d\u2019une lingette protectrice pour la peau peut aider la poche \u00e0 mieux adh\u00e9rer et \u00e0 la prot\u00e9ger contre les irritations<\/li>\n<\/ul>\n<\/blockquote>\n\n\n<div class=\"spacer\n    h-12    lg:h-8\"\n>\n<\/div>\n\n\n<div class=\"need-help\">\n    <div class=\"container mx-auto flex flex-col lg:flex-row lg:justify-between lg:max-w-[1162px] lg:items-center\">\n        <div class=\"content lg:text-lg\">\n            <h4 class=\"text-purple-600\">Tout ce dont vous avez besoin, nous l\u2019avons<\/h4>\n            <picture class=\"lg:hidden block mb-6\">\n                <img decoding=\"async\" loading=\"lazy\" src=\"https:\/\/www.eakinostomy.com\/fr\/wp-content\/uploads\/sites\/15\/2025\/05\/Eakin-Studio-Shoot-3673-Purple.jpg\" srcset=\"https:\/\/www.eakinostomy.com\/fr\/wp-content\/uploads\/sites\/15\/2025\/05\/Eakin-Studio-Shoot-3673-Purple-300x200.jpg 300w, https:\/\/www.eakinostomy.com\/fr\/wp-content\/uploads\/sites\/15\/2025\/05\/Eakin-Studio-Shoot-3673-Purple-1024x683.jpg 1024w, https:\/\/www.eakinostomy.com\/fr\/wp-content\/uploads\/sites\/15\/2025\/05\/Eakin-Studio-Shoot-3673-Purple-150x100.jpg 150w, https:\/\/www.eakinostomy.com\/fr\/wp-content\/uploads\/sites\/15\/2025\/05\/Eakin-Studio-Shoot-3673-Purple-768x512.jpg 768w, https:\/\/www.eakinostomy.com\/fr\/wp-content\/uploads\/sites\/15\/2025\/05\/Eakin-Studio-Shoot-3673-Purple-1536x1024.jpg 1536w, https:\/\/www.eakinostomy.com\/fr\/wp-content\/uploads\/sites\/15\/2025\/05\/Eakin-Studio-Shoot-3673-Purple-2048x1366.jpg 2048w, https:\/\/www.eakinostomy.com\/fr\/wp-content\/uploads\/sites\/15\/2025\/05\/Eakin-Studio-Shoot-3673-Purple-600x400.jpg 600w\" alt=\"Eakin Healthcare stoma ambassadors\">\n            <\/picture>\n            <div class=\"my-4\">\n                <p>D\u00e9couvrez notre gamme compl\u00e8te de produits pour vos soins quotidiens li\u00e9s \u00e0 votre stomie.<\/p>\n            <\/div>\n            <div class=\"flex flex-col gap-4 pt-4 lg:flex-row\">\n                                                            <a href=\"https:\/\/www.eakinostomy.com\/fr\/nos-produits\/\" class=\"btn btn-primary w-full text-center lg:w-fit\">\n                            En savoir plus                        <\/a>\n                                                <\/div>\n        <\/div>\n        <div class=\"hidden lg:block\">\n            <picture>\n                <img decoding=\"async\" src=\"https:\/\/www.eakinostomy.com\/fr\/wp-content\/uploads\/sites\/15\/2025\/05\/Eakin-Studio-Shoot-3673-Purple.jpg\" srcset=\"https:\/\/www.eakinostomy.com\/fr\/wp-content\/uploads\/sites\/15\/2025\/05\/Eakin-Studio-Shoot-3673-Purple-300x200.jpg 300w, https:\/\/www.eakinostomy.com\/fr\/wp-content\/uploads\/sites\/15\/2025\/05\/Eakin-Studio-Shoot-3673-Purple-1024x683.jpg 1024w, https:\/\/www.eakinostomy.com\/fr\/wp-content\/uploads\/sites\/15\/2025\/05\/Eakin-Studio-Shoot-3673-Purple-150x100.jpg 150w, https:\/\/www.eakinostomy.com\/fr\/wp-content\/uploads\/sites\/15\/2025\/05\/Eakin-Studio-Shoot-3673-Purple-768x512.jpg 768w, https:\/\/www.eakinostomy.com\/fr\/wp-content\/uploads\/sites\/15\/2025\/05\/Eakin-Studio-Shoot-3673-Purple-1536x1024.jpg 1536w, https:\/\/www.eakinostomy.com\/fr\/wp-content\/uploads\/sites\/15\/2025\/05\/Eakin-Studio-Shoot-3673-Purple-2048x1366.jpg 2048w, https:\/\/www.eakinostomy.com\/fr\/wp-content\/uploads\/sites\/15\/2025\/05\/Eakin-Studio-Shoot-3673-Purple-600x400.jpg 600w\" alt=\"Eakin Healthcare stoma ambassadors\">\n            <\/picture>\n        <\/div>\n    <\/div>\n<\/div>\n","protected":false},"excerpt":{"rendered":"<p>Prendre l\u2019avion en toute s\u00e9r\u00e9nit\u00e9, avec votre stomie Un voyage en avion ne devrait pas \u00eatre un moment angoissant. Voici nos petits conseils pour que votre voyage se d\u00e9roule en toute s\u00e9r\u00e9nit\u00e9\u202f: Passer la s\u00e9curit\u00e9 et la fouille corporelle Si vous partez \u00e0 l\u2019\u00e9tranger, n\u2019oubliez pas votre attestation d\u2019assurance voyage. Ce document explique votre situation [&hellip;]<\/p>\n","protected":false},"author":8,"featured_media":0,"parent":3303,"menu_order":0,"comment_status":"closed","ping_status":"closed","template":"","meta":{"_acf_changed":true,"footnotes":""},"class_list":["post-1196","page","type-page","status-publish","hentry"],"acf":[],"_links":{"self":[{"href":"https:\/\/www.eakinostomy.com\/fr\/wp-json\/wp\/v2\/pages\/1196","targetHints":{"allow":["GET"]}}],"collection":[{"href":"https:\/\/www.eakinostomy.com\/fr\/wp-json\/wp\/v2\/pages"}],"about":[{"href":"https:\/\/www.eakinostomy.com\/fr\/wp-json\/wp\/v2\/types\/page"}],"author":[{"embeddable":true,"href":"https:\/\/www.eakinostomy.com\/fr\/wp-json\/wp\/v2\/users\/8"}],"replies":[{"embeddable":true,"href":"https:\/\/www.eakinostomy.com\/fr\/wp-json\/wp\/v2\/comments?post=1196"}],"version-history":[{"count":0,"href":"https:\/\/www.eakinostomy.com\/fr\/wp-json\/wp\/v2\/pages\/1196\/revisions"}],"up":[{"embeddable":true,"href":"https:\/\/www.eakinostomy.com\/fr\/wp-json\/wp\/v2\/pages\/3303"}],"wp:attachment":[{"href":"https:\/\/www.eakinostomy.com\/fr\/wp-json\/wp\/v2\/media?parent=1196"}],"curies":[{"name":"wp","href":"https:\/\/api.w.org\/{rel}","templated":true}]}}