{"id":1204,"date":"2025-03-25T15:23:17","date_gmt":"2025-03-25T15:23:17","guid":{"rendered":"https:\/\/www.eakinostomy.com\/?page_id=1204"},"modified":"2025-08-06T12:05:50","modified_gmt":"2025-08-06T12:05:50","slug":"mise-en-place-et-retrait","status":"publish","type":"page","link":"https:\/\/www.eakinostomy.com\/fr\/solution-pour-soins-des-stomies\/mise-en-place-et-retrait\/","title":{"rendered":"Mise en place et retrait"},"content":{"rendered":"<div class=\"background-block relative overflow-hidden\" style=\"background-color: #f6f6f6\">\n        <div class=\"relative z-20\">\n        <div class=\"acf-innerblocks-container\">\n\n<div class=\"hero\">\n            \n    <div class=\"absolute w-full z-[39] pt-2\">\n        <div class=\"pt-2 container mx-auto relative breadcrumbs px-4 \">\n            <div class=\" flex items-center flex-wrap\">\n                <span property=\"itemListElement\" typeof=\"ListItem\"><a property=\"item\" typeof=\"WebPage\" title=\"Go to Home.\" href=\"https:\/\/www.eakinostomy.com\/fr\" class=\"home\" aria-current=\"page\"><span property=\"name\">Home<\/span><\/a><meta property=\"position\" content=\"1\"><\/span>            <\/div>\n        <\/div>\n    <\/div>\n        <div class=\"acf-innerblocks-container\">\n<div class=\"hero-slide glide__slide\">\n    <div class=\"acf-innerblocks-container\">\n\n<div class=\"wp-block-group\"><div class=\"wp-block-group__inner-container is-layout-flow wp-block-group-is-layout-flow\">\n<p><\/p>\n\n\n\n<p><\/p>\n\n\n\n<h1 class=\"wp-block-heading has-purple-600-color has-text-color has-link-color wp-elements-79c60df322dbfa53b25b0cc544b0282b\">Mise en place et retrait de votre poche<\/h1>\n\n\n\n<p>La mise en place et\/ou le retrait d\u2019une poche de stomie peut parfois \u00eatre d\u00e9licat. Mais, ne vous inqui\u00e9tez pas. Nous avons des conseils d\u2019initi\u00e9s, des solutions simples et une liste de produits r\u00e9volutionnaires \u00e0 vous partager.<\/p>\n\n\n\n<div class=\"wp-block-buttons is-layout-flex wp-block-buttons-is-layout-flex\"><\/div>\n<\/div><\/div>\n\n\n\n\n\n<figure class=\"wp-block-image size-full\"><img loading=\"lazy\" decoding=\"async\" width=\"2500\" height=\"1667\" src=\"https:\/\/www.eakinostomy.com\/wp-content\/uploads\/2025\/04\/appandremoval.jpg\" alt=\"\" class=\"wp-image-1941\" srcset=\"https:\/\/www.eakinostomy.com\/fr\/wp-content\/uploads\/sites\/15\/2025\/04\/appandremoval.jpg 2500w, https:\/\/www.eakinostomy.com\/fr\/wp-content\/uploads\/sites\/15\/2025\/04\/appandremoval-300x200.jpg 300w, https:\/\/www.eakinostomy.com\/fr\/wp-content\/uploads\/sites\/15\/2025\/04\/appandremoval-1024x683.jpg 1024w, https:\/\/www.eakinostomy.com\/fr\/wp-content\/uploads\/sites\/15\/2025\/04\/appandremoval-150x100.jpg 150w, https:\/\/www.eakinostomy.com\/fr\/wp-content\/uploads\/sites\/15\/2025\/04\/appandremoval-768x512.jpg 768w, https:\/\/www.eakinostomy.com\/fr\/wp-content\/uploads\/sites\/15\/2025\/04\/appandremoval-1536x1024.jpg 1536w, https:\/\/www.eakinostomy.com\/fr\/wp-content\/uploads\/sites\/15\/2025\/04\/appandremoval-2048x1366.jpg 2048w, https:\/\/www.eakinostomy.com\/fr\/wp-content\/uploads\/sites\/15\/2025\/04\/appandremoval-600x400.jpg 600w\" sizes=\"auto, (max-width: 2500px) 100vw, 2500px\" \/><\/figure>\n\n<\/div>\n<\/div>\n\n<\/div>\n    <div class=\"glide-navigation-container\">\n        <div class=\"glide-navigation hidden\">\n            <div class=\"glide__bullets\" data-glide-el=\"controls[nav]\"><\/div>\n            <div class=\"glide__arrows\" data-glide-el=\"controls\"><\/div>\n        <\/div>\n    <\/div>\n<\/div>\n\n<\/div>\n    <\/div>\n<\/div>\n\n\n<div class=\"spacer\n    h-4    lg:h-8\"\n>\n<\/div>\n\n\n\n<h2 class=\"wp-block-heading has-purple-600-color has-text-color has-link-color wp-elements-c06389c9c98484d2be8cf9a53b09226a text-left lg:text-left\"><strong>Liste des inconv\u00e9nients majeurs li\u00e9s \u00e0 la mise en place et au retrait des poches de stomie<\/strong><\/h2>\n\n\n\n<p class=\"text-xl lg:text-xl\">Nous vous avons r\u00e9capitul\u00e9 les incidents majeurs que vous pourriez rencontrer lors de la mise en place ou du retrait de votre poche de stomie, ainsi que des conseils d\u2019initi\u00e9s et une liste de produits efficaces, pour vous aider \u00e0 les surmonter rapidement.<\/p>\n\n\n\n<h3 class=\"wp-block-heading has-teal-600-color has-text-color has-link-color wp-elements-98eea07f6c79bb1b0040577273d49f6e\">Le retrait d\u2019une poche de stomie entra\u00eene des douleurs. <\/h3>\n\n\n\n<p class=\"text-xl lg:text-xl\">Les poches de stomie sont con\u00e7ues pour rester bien en place, afin d\u2019offrir un confort optimal, tout au long de la journ\u00e9e et de la nuit. Mais, pour l\u2019enlever, c\u2019est plus compliqu\u00e9. C\u2019est pourquoi nous recommandons toujours d\u2019utiliser un produit pour retrait d\u2019adh\u00e9sif. Vous pouvez opter pour une version spray* ou lingette, selon vos pr\u00e9f\u00e9rences. Pensez surtout \u00e0 prendre votre temps lorsque vous retirez la poche et essayez de ne pas trop tirer sur votre peau. N\u2019oubliez pas de v\u00e9rifier l\u2019\u00e9tat de votre peau lorsque vous changez la poche, car un retrait douloureux peut \u00e9galement s\u2019expliquer par un probl\u00e8me de sant\u00e9 cutan\u00e9. Nous vous recommandons d\u2019utiliser ces produits pour att\u00e9nuer les douleurs lorsque vous retirez votre poche de stomie.<\/p>\n\n\n\n<p class=\"text-lg lg:text-lg\"><em>*la version spray est rembours\u00e9e par la S\u00e9curit\u00e9 Sociale<\/em><\/p>\n\n\n <div class=\"row\n                container mx-auto        px-4 py-0 lg:px-4 lg:py-0    \">\n    <div class=\"acf-innerblocks-container\">\n\n\n<div class=\"card mx-auto\">\n            <picture>\n            <img decoding=\"async\" loading=\"lazy\" src=\"https:\/\/www.eakinostomy.com\/fr\/wp-content\/uploads\/sites\/15\/2025\/04\/releasespray.png\" alt=\"\" srcset=\"https:\/\/www.eakinostomy.com\/fr\/wp-content\/uploads\/sites\/15\/2025\/04\/releasespray-300x300.png 300w, https:\/\/www.eakinostomy.com\/fr\/wp-content\/uploads\/sites\/15\/2025\/04\/releasespray-150x150.png 150w, https:\/\/www.eakinostomy.com\/fr\/wp-content\/uploads\/sites\/15\/2025\/04\/releasespray-100x100.png 100w, https:\/\/www.eakinostomy.com\/fr\/wp-content\/uploads\/sites\/15\/2025\/04\/releasespray.png 390w\">\n        <\/picture>\n        <div class=\"card-body\">\n                    <h4>Release\u2122<\/h4>\n                <div class=\"flex-1\">\n                                <p>Il facilite le retrait rapide et sans douleur des appareillages de stomath\u00e9rapie et autres produits adh\u00e9sifs, tout en offrant une protection compl\u00e8te contre les traumatismes cutan\u00e9s caus\u00e9s par les produits adh\u00e9sifs, laissant libre cours \u00e0 vos occupations.<\/p>\n                    <\/div>\n                    <a class=\"btn btn-gradient\" href=\"https:\/\/www.eakinostomy.com\/product\/release-adhesive-remover\/\">\n                Essayez-moi            <\/a>\n            <\/div>\n<\/div>\n\n<\/div>\n<\/div>\n\n\n<div class=\"spacer\n    h-8    lg:h-12\"\n>\n<\/div>\n\n\n\n<h3 class=\"wp-block-heading has-purple-600-color has-text-color has-link-color wp-elements-e84384280307149cb17f29e1e644578d\"><strong>Vous changez trop souvent votre poche de stomie<\/strong><\/h3>\n\n\n\n<p class=\"text-xl lg:text-xl\">Le fait de changer votre poche de stomie trop fr\u00e9quemment peut endommager la peau d\u00e9j\u00e0 sensible autour de la stomie. Vous vous demandez comment \u00e9valuer correctement la fr\u00e9quence\u202f? Si vous portez une poche de type ferm\u00e9e, veillez \u00e0 ne pas la changer plus de trois fois par jour. Si vous utilisez une poche de type vidable, vous ne devez la changer qu\u2019une seule fois (mais, vous pouvez la vider plusieurs fois). Enfin, pour une poche d\u2019urostomie, nous recommandons de la changer une fois tous les deux jours. Voici des astuces pour prolonger la dur\u00e9e d\u2019utilisation de votre poche de stomie.<\/p>\n\n\n\n<ul class=\"wp-block-list is-style-purple-checkmark\">\n<li class=\"text-xl lg:text-xl\">Tout d\u2019abord, cherchez \u00e0 savoir pourquoi vous avez besoin de changer aussi souvent de poche. Si les selles ont chang\u00e9 d\u2019aspect ou si vous constatez davantage de fuites, vous devez imp\u00e9rativement contacter une infirmi\u00e8re sp\u00e9cialis\u00e9e en stomath\u00e9rapie.<\/li>\n<\/ul>\n\n\n\n<p><\/p>\n\n\n\n<ul class=\"wp-block-list is-style-purple-checkmark\">\n<li class=\"text-xl lg:text-xl\">Si vous sentez que les extr\u00e9mit\u00e9s de la poche de stomie se frottent ou s\u2019accrochent \u00e0 vos v\u00eatements,<strong> <\/strong>tournez-vous vers les renforts eakin Contour, qui am\u00e9lioreront votre confort, ainsi que la dur\u00e9e d\u2019utilisation de votre poche.<\/li>\n<\/ul>\n\n\n\n<p><\/p>\n\n\n\n<ul class=\"wp-block-list is-style-purple-checkmark\">\n<li class=\"text-xl lg:text-xl\">Si vous \u00eates emb\u00eat\u00e9(e) par les fuites et les douleurs cutan\u00e9es, essayez d\u2019appliquer un anneau protecteur autour de votre stomie.&nbsp;&nbsp;<\/li>\n<\/ul>\n\n\n\n<p><\/p>\n\n\n\n<ul class=\"wp-block-list is-style-purple-checkmark\">\n<li class=\"text-xl lg:text-xl\">Enfin, si vous souhaitez changer la poche plus souvent, sans avoir \u00e0 retirer le support de la peau, vous pouvez opter pour une poche de type 2-pi\u00e8ces.<\/li>\n<\/ul>\n\n\n\n<p><\/p>\n\n\n\n<h3 class=\"wp-block-heading has-teal-600-color has-text-color has-link-color wp-elements-e8812c113c52224419c1d1adf9cf94fb\">Votre poche de stomie ne colle pas bien<\/h3>\n\n\n\n<p class=\"text-xl lg:text-xl\">Pour la pr\u00e9parer au mieux, veillez \u00e0 ce que votre peau soit parfaitement propre et s\u00e8che. Toutefois, sachez que l\u2019activit\u00e9 sportive, la transpiration, les activit\u00e9s quotidiennes et les r\u00e9sidus des appareillages pr\u00e9c\u00e9dents peuvent tous avoir un impact sur l\u2019adh\u00e9rence de votre support. Nous vous recommandons de suivre ces conseils et d\u2019utiliser ces produits, pour maintenir votre poche de stomie en place:<\/p>\n\n\n\n<ul class=\"wp-block-list is-style-teal-checkmark\">\n<li class=\"text-xl lg:text-xl\">Lors du nettoyage de la peau, utilisez de l\u2019eau et des lingettes s\u00e8ches. \u00c9vitez les cottons et les mouchoirs en papier.<\/li>\n<\/ul>\n\n\n\n<p><\/p>\n\n\n\n<ul class=\"wp-block-list is-style-teal-checkmark\">\n<li class=\"text-xl lg:text-xl\"><strong>Les renforts p\u00e9riph\u00e9riques<\/strong> permettent \u00e0 la poche de contourner les silhouettes irr\u00e9guli\u00e8res, susceptibles d\u2019endommager l\u2019adh\u00e9sion \u00e0 la peau.<\/li>\n<\/ul>\n\n\n\n<p><\/p>\n\n\n\n<ul class=\"wp-block-list is-style-teal-checkmark\">\n<li class=\"text-xl lg:text-xl\">Si un produit sp\u00e9cifique vous a \u00e9t\u00e9 prescrit, celui-ci peut significativement impacter positivement l\u2019adh\u00e9rence de la poche. Discutez avec votre infirmi\u00e8re stomath\u00e9rapeute ou votre pharmacien des options disponibles pour am\u00e9liorer l\u2019absorption, sans endommager la qualit\u00e9 de l\u2019adh\u00e9sivit\u00e9.<\/li>\n<\/ul>\n\n\n\n<p><\/p>\n\n\n\n<ul class=\"wp-block-list is-style-teal-checkmark\">\n<li class=\"text-xl lg:text-xl\">Les poils autour de la zone de la stomie peuvent \u00e9galement impacter l\u2019adh\u00e9sion de la poche. Veillez donc \u00e0 raser ou \u00e0 \u00e9piler r\u00e9guli\u00e8rement les poils dans cette zone.<\/li>\n<\/ul>\n\n\n\n<p><\/p>\n\n\n\n<ul class=\"wp-block-list is-style-teal-checkmark\">\n<li class=\"text-xl lg:text-xl\"><strong>L\u2019utilisation d\u2019un film protecteur<\/strong> permet de prot\u00e9ger la peau, de la maintenir intacte et d\u2019assurer une meilleure adh\u00e9rence au niveau de la poche.<\/li>\n<\/ul>\n\n\n\n<p><\/p>\n\n\n\n<ul class=\"wp-block-list is-style-teal-checkmark\">\n<li class=\"text-xl lg:text-xl\">N\u2019oubliez pas de bien hydrater votre corps, car une peau s\u00e8che peut \u00e9galement entra\u00eener des probl\u00e8mes d\u2019adh\u00e9sion.<\/li>\n<\/ul>\n\n\n<div class=\"spacer\n    h-12    lg:h-12\"\n>\n<\/div>\n\n\n<div class=\"background-block relative overflow-hidden\" style=\"background-color: #c8dedf\">\n        <div class=\"relative z-20\">\n        <div class=\"acf-innerblocks-container\">\n<div class=\"need-help\">\n    <div class=\"container mx-auto flex flex-col lg:flex-row lg:justify-between lg:max-w-[1162px] lg:items-center\">\n        <div class=\"content lg:text-lg\">\n            <h4 class=\"text-purple-600\">Les conseils en mati\u00e8re de soins de stomies qui vous seront r\u00e9ellement utiles<\/h4>\n            <picture class=\"lg:hidden block mb-6\">\n                <img decoding=\"async\" loading=\"lazy\" src=\"https:\/\/www.eakinostomy.com\/fr\/wp-content\/uploads\/sites\/15\/2025\/05\/Eakin-Studio-Shoot-3673-Purple.jpg\" srcset=\"https:\/\/www.eakinostomy.com\/fr\/wp-content\/uploads\/sites\/15\/2025\/05\/Eakin-Studio-Shoot-3673-Purple-300x200.jpg 300w, https:\/\/www.eakinostomy.com\/fr\/wp-content\/uploads\/sites\/15\/2025\/05\/Eakin-Studio-Shoot-3673-Purple-1024x683.jpg 1024w, https:\/\/www.eakinostomy.com\/fr\/wp-content\/uploads\/sites\/15\/2025\/05\/Eakin-Studio-Shoot-3673-Purple-150x100.jpg 150w, https:\/\/www.eakinostomy.com\/fr\/wp-content\/uploads\/sites\/15\/2025\/05\/Eakin-Studio-Shoot-3673-Purple-768x512.jpg 768w, https:\/\/www.eakinostomy.com\/fr\/wp-content\/uploads\/sites\/15\/2025\/05\/Eakin-Studio-Shoot-3673-Purple-1536x1024.jpg 1536w, https:\/\/www.eakinostomy.com\/fr\/wp-content\/uploads\/sites\/15\/2025\/05\/Eakin-Studio-Shoot-3673-Purple-2048x1366.jpg 2048w, https:\/\/www.eakinostomy.com\/fr\/wp-content\/uploads\/sites\/15\/2025\/05\/Eakin-Studio-Shoot-3673-Purple-600x400.jpg 600w\" alt=\"Eakin Healthcare stoma ambassadors\">\n            <\/picture>\n            <div class=\"my-4\">\n                <p><span class=\"TextRun SCXW147448880 BCX8\" lang=\"FR-FR\" xml:lang=\"FR-FR\" data-contrast=\"none\"><span class=\"NormalTextRun SCXW147448880 BCX8\">Besoin d\u2019une aide suppl\u00e9mentaire\u202f? Fini les doutes autour de la stomie. Nous vous proposons des informations compl\u00e8tes \u00e0 propos de tous les sujets\u202f: de la chirurgie aux poches de stomie, \u00e0 l\u2019alimentation, en passant par le mode de vie, les relations sexuelles et bien plus encore.<\/span><\/span><\/p>\n            <\/div>\n            <div class=\"flex flex-col gap-4 pt-4 lg:flex-row\">\n                                                            <a href=\"https:\/\/www.eakinostomy.com\/fr\/soutien-et-conseils-pour-les-personnes-stomisees\/\" class=\"btn btn-primary w-full text-center lg:w-fit\">\n                            Retrouvez toutes les informations ici                        <\/a>\n                                                <\/div>\n        <\/div>\n        <div class=\"hidden lg:block\">\n            <picture>\n                <img decoding=\"async\" src=\"https:\/\/www.eakinostomy.com\/fr\/wp-content\/uploads\/sites\/15\/2025\/05\/Eakin-Studio-Shoot-3673-Purple.jpg\" srcset=\"https:\/\/www.eakinostomy.com\/fr\/wp-content\/uploads\/sites\/15\/2025\/05\/Eakin-Studio-Shoot-3673-Purple-300x200.jpg 300w, https:\/\/www.eakinostomy.com\/fr\/wp-content\/uploads\/sites\/15\/2025\/05\/Eakin-Studio-Shoot-3673-Purple-1024x683.jpg 1024w, https:\/\/www.eakinostomy.com\/fr\/wp-content\/uploads\/sites\/15\/2025\/05\/Eakin-Studio-Shoot-3673-Purple-150x100.jpg 150w, https:\/\/www.eakinostomy.com\/fr\/wp-content\/uploads\/sites\/15\/2025\/05\/Eakin-Studio-Shoot-3673-Purple-768x512.jpg 768w, https:\/\/www.eakinostomy.com\/fr\/wp-content\/uploads\/sites\/15\/2025\/05\/Eakin-Studio-Shoot-3673-Purple-1536x1024.jpg 1536w, https:\/\/www.eakinostomy.com\/fr\/wp-content\/uploads\/sites\/15\/2025\/05\/Eakin-Studio-Shoot-3673-Purple-2048x1366.jpg 2048w, https:\/\/www.eakinostomy.com\/fr\/wp-content\/uploads\/sites\/15\/2025\/05\/Eakin-Studio-Shoot-3673-Purple-600x400.jpg 600w\" alt=\"Eakin Healthcare stoma ambassadors\">\n            <\/picture>\n        <\/div>\n    <\/div>\n<\/div>\n\n<\/div>\n    <\/div>\n<\/div>\n","protected":false},"excerpt":{"rendered":"<p>Liste des inconv\u00e9nients majeurs li\u00e9s \u00e0 la mise en place et au retrait des poches de stomie Nous vous avons r\u00e9capitul\u00e9 les incidents majeurs que vous pourriez rencontrer lors de la mise en place ou du retrait de votre poche de stomie, ainsi que des conseils d\u2019initi\u00e9s et une liste de produits efficaces, pour vous [&hellip;]<\/p>\n","protected":false},"author":8,"featured_media":0,"parent":1290,"menu_order":0,"comment_status":"closed","ping_status":"closed","template":"","meta":{"_acf_changed":false,"footnotes":""},"class_list":["post-1204","page","type-page","status-publish","hentry"],"acf":[],"_links":{"self":[{"href":"https:\/\/www.eakinostomy.com\/fr\/wp-json\/wp\/v2\/pages\/1204","targetHints":{"allow":["GET"]}}],"collection":[{"href":"https:\/\/www.eakinostomy.com\/fr\/wp-json\/wp\/v2\/pages"}],"about":[{"href":"https:\/\/www.eakinostomy.com\/fr\/wp-json\/wp\/v2\/types\/page"}],"author":[{"embeddable":true,"href":"https:\/\/www.eakinostomy.com\/fr\/wp-json\/wp\/v2\/users\/8"}],"replies":[{"embeddable":true,"href":"https:\/\/www.eakinostomy.com\/fr\/wp-json\/wp\/v2\/comments?post=1204"}],"version-history":[{"count":0,"href":"https:\/\/www.eakinostomy.com\/fr\/wp-json\/wp\/v2\/pages\/1204\/revisions"}],"up":[{"embeddable":true,"href":"https:\/\/www.eakinostomy.com\/fr\/wp-json\/wp\/v2\/pages\/1290"}],"wp:attachment":[{"href":"https:\/\/www.eakinostomy.com\/fr\/wp-json\/wp\/v2\/media?parent=1204"}],"curies":[{"name":"wp","href":"https:\/\/api.w.org\/{rel}","templated":true}]}}