{"id":1215,"date":"2025-03-25T15:41:43","date_gmt":"2025-03-25T15:41:43","guid":{"rendered":"https:\/\/www.eakinostomy.com\/?page_id=1215"},"modified":"2025-08-06T12:02:42","modified_gmt":"2025-08-06T12:02:42","slug":"fuites","status":"publish","type":"page","link":"https:\/\/www.eakinostomy.com\/fr\/solution-pour-soins-des-stomies\/fuites\/","title":{"rendered":"Fuites"},"content":{"rendered":"<div class=\"background-block relative overflow-hidden\" style=\"background-color: #f6f6f6\">\n        <div class=\"relative z-20\">\n        <div class=\"acf-innerblocks-container\">\n\n<div class=\"hero\">\n            \n    <div class=\"absolute w-full z-[39] pt-2\">\n        <div class=\"pt-2 container mx-auto relative breadcrumbs px-4 \">\n            <div class=\" flex items-center flex-wrap\">\n                <span property=\"itemListElement\" typeof=\"ListItem\"><a property=\"item\" typeof=\"WebPage\" title=\"Go to Home.\" href=\"https:\/\/www.eakinostomy.com\/fr\" class=\"home\" aria-current=\"page\"><span property=\"name\">Home<\/span><\/a><meta property=\"position\" content=\"1\"><\/span>            <\/div>\n        <\/div>\n    <\/div>\n        <div class=\"acf-innerblocks-container\">\n<div class=\"hero-slide glide__slide\">\n    <div class=\"acf-innerblocks-container\">\n\n<div class=\"wp-block-group\"><div class=\"wp-block-group__inner-container is-layout-flow wp-block-group-is-layout-flow\">\n<h1 class=\"wp-block-heading has-purple-600-color has-text-color has-link-color wp-elements-7103400905f8dff756c2227895daff6d\"><strong>Gestion des fuites<\/strong><\/h1>\n\n\n\n<p>Les fuites peuvent \u00eatre source de g\u00eane ou d\u2019embarras, mais se produisent malheureusement tr\u00e8s fr\u00e9quemment. Nous avons donc list\u00e9 des solutions test\u00e9es et approuv\u00e9es, visant \u00e0 lutter contre les fuites de stomie, pour vous aider \u00e0 r\u00e9agir rapidement.<\/p>\n<\/div><\/div>\n\n\n\n\n\n<figure class=\"wp-block-image size-full\"><img loading=\"lazy\" decoding=\"async\" width=\"2500\" height=\"1667\" src=\"https:\/\/www.eakinostomy.com\/wp-content\/uploads\/2025\/04\/leaks.jpg\" alt=\"\" class=\"wp-image-1943\" srcset=\"https:\/\/www.eakinostomy.com\/fr\/wp-content\/uploads\/sites\/15\/2025\/04\/leaks.jpg 2500w, https:\/\/www.eakinostomy.com\/fr\/wp-content\/uploads\/sites\/15\/2025\/04\/leaks-300x200.jpg 300w, https:\/\/www.eakinostomy.com\/fr\/wp-content\/uploads\/sites\/15\/2025\/04\/leaks-1024x683.jpg 1024w, https:\/\/www.eakinostomy.com\/fr\/wp-content\/uploads\/sites\/15\/2025\/04\/leaks-150x100.jpg 150w, https:\/\/www.eakinostomy.com\/fr\/wp-content\/uploads\/sites\/15\/2025\/04\/leaks-768x512.jpg 768w, https:\/\/www.eakinostomy.com\/fr\/wp-content\/uploads\/sites\/15\/2025\/04\/leaks-1536x1024.jpg 1536w, https:\/\/www.eakinostomy.com\/fr\/wp-content\/uploads\/sites\/15\/2025\/04\/leaks-2048x1366.jpg 2048w, https:\/\/www.eakinostomy.com\/fr\/wp-content\/uploads\/sites\/15\/2025\/04\/leaks-600x400.jpg 600w\" sizes=\"auto, (max-width: 2500px) 100vw, 2500px\" \/><\/figure>\n\n<\/div>\n<\/div>\n\n<\/div>\n    <div class=\"glide-navigation-container\">\n        <div class=\"glide-navigation hidden\">\n            <div class=\"glide__bullets\" data-glide-el=\"controls[nav]\"><\/div>\n            <div class=\"glide__arrows\" data-glide-el=\"controls\"><\/div>\n        <\/div>\n    <\/div>\n<\/div>\n\n<\/div>\n    <\/div>\n<\/div>\n\n\n<div class=\"spacer\n    h-4    lg:h-20\"\n>\n<\/div>\n\n\n\n<h2 class=\"wp-block-heading has-purple-600-color has-text-color has-link-color wp-elements-e86ec578075d811164ddd9f0b3908ab4\"><strong>Fuites\u202f: \u00c0 quoi sont-elles dues et comment y faire face\u202f?<\/strong><\/h2>\n\n\n\n<p class=\"text-xl lg:text-xl\">Voici une liste des probl\u00e8mes majeurs li\u00e9s aux fuites des poches de stomie, accompagn\u00e9e de solutions. Cliquez simplement sur un probl\u00e8me pour d\u00e9couvrir la solution.<\/p>\n\n\n\n<h3 class=\"wp-block-heading has-purple-600-color has-text-color has-link-color wp-elements-1c14ac6cc0c190596d7ae7c407949237\"><strong>Vous avez remarqu\u00e9 des plis et des rides sur votre peau<\/strong><\/h3>\n\n\n\n<p class=\"text-xl lg:text-xl\"><br>Tout le monde r\u00eave d\u2019avoir une peau douce et lisse. Mais, la r\u00e9alit\u00e9 est souvent bien diff\u00e9rente. Le teint et la texture varient d\u2019une personne \u00e0 l\u2019autre. Vous constaterez peut-\u00eatre que la peau autour de votre stomie est rugueuse. R\u00e9sultats\u202f? Vous l\u2019aurez devin\u00e9, lorsque la stomie n\u2019est pas parfaitement ronde et protub\u00e9rante, vous vous exposez \u00e0 des risques de fuites. Dans ce cas, voici la marche \u00e0 suivre:<\/p>\n\n\n\n<ul class=\"wp-block-list is-style-purple-checkmark\">\n<li class=\"text-xl lg:text-xl\">Nous vous recommandons d\u2019\u00e9tirer la peau, afin de venir lisser les plis et replis, avant de mettre en place la poche.<\/li>\n<\/ul>\n\n\n\n<p><\/p>\n\n\n\n<ul class=\"wp-block-list is-style-purple-checkmark\">\n<li class=\"text-xl lg:text-xl\">L&#8217;utilisation d&#8217;une <strong>poche convexe<\/strong> peut \u00e9galement s\u2019av\u00e9rer utile, pour contourner ces plis. Toutefois, veillez imp\u00e9rativement \u00e0 consulter votre infirmi\u00e8re stomath\u00e9rapeute, avant de d\u00e9cider d\u2019utiliser ce type d\u2019appareillage.<\/li>\n<\/ul>\n\n\n\n<p><\/p>\n\n\n\n<ul class=\"wp-block-list is-style-purple-checkmark\">\n<li class=\"text-xl lg:text-xl\">Un <strong>anneau<\/strong> protecteur viendra \u00e9pouser la silhouette autour de votre stomie et de la zone environnante. Ce ph\u00e9nom\u00e8ne contribuera \u00e0 r\u00e9duire les fuites au niveau des plis et des replis de la peau.<\/li>\n<\/ul>\n\n\n\n<p><\/p>\n\n\n\n<ul class=\"wp-block-list is-style-purple-checkmark\">\n<li class=\"text-xl lg:text-xl\"><strong>Une p\u00e2te<\/strong> protectrice appliqu\u00e9e autour de la stomie peut aider \u00e0 combler les plis et les replis, r\u00e9duisant ainsi le risque de fuites.&nbsp;<\/li>\n<\/ul>\n\n\n\n<h3 class=\"wp-block-heading has-teal-600-color has-text-color has-link-color wp-elements-6596db5b91a17284b2409f2e567564e9\"><strong>L\u2019emplacement de votre stomie n\u2019est pas le plus adapt\u00e9<\/strong><\/h3>\n\n\n\n<p class=\"text-xl lg:text-xl\"><br>Si votre stomie se situe trop pr\u00e8s de votre nombril, de cicatrices ou de l\u2019os de la hanche, des fuites peuvent se produire. En appliquant ces conseils \u00e0 votre routine, vous pouvez rem\u00e9dier \u00e0 cette situation.<\/p>\n\n\n\n<ul class=\"wp-block-list is-style-teal-checkmark\">\n<li class=\"text-xl lg:text-xl\"><strong>La p\u00e2te protectrice eakin Cohesive<\/strong> sans alcool peut aider \u00e0 combler les zones expos\u00e9es aux risques de fuites.<\/li>\n<\/ul>\n\n\n\n<p><\/p>\n\n\n\n<ul class=\"wp-block-list is-style-teal-checkmark\">\n<li class=\"text-xl lg:text-xl\"><strong>Les anneaux protecteurs eakin <\/strong>peuvent renforcer l\u2019\u00e9tanch\u00e9it\u00e9 autour de la stomie.<\/li>\n<\/ul>\n\n\n\n<p><\/p>\n\n\n\n<ul class=\"wp-block-list is-style-teal-checkmark\">\n<li class=\"text-xl lg:text-xl\"><strong>Les renforts p\u00e9riph\u00e9riques eakin Contour<\/strong> peuvent renforcer la qualit\u00e9 de l\u2019adh\u00e9sion aux extr\u00e9mit\u00e9s du protecteur cutan\u00e9.<\/li>\n<\/ul>\n\n\n\n<p><\/p>\n\n\n\n<ul class=\"wp-block-list is-style-teal-checkmark\">\n<li class=\"text-xl lg:text-xl\">L\u2019ajout d\u2019une <strong>ceinture<\/strong> \u00e0 votre poche \u00e1 stomie peut \u00eatre utile, pour assurer le bon maintien de votre poche.<\/li>\n<\/ul>\n\n\n\n<h3 class=\"wp-block-heading has-purple-600-color has-text-color has-link-color wp-elements-d40aa38fcae96f861b9046db5f8541f1\"><strong>Vous avez une \u00e9ventration<\/strong><\/h3>\n\n\n\n<p class=\"text-xl lg:text-xl\"><br>&nbsp;Une \u00e9ventration parastomale appara\u00eet lorsqu\u2019une partie de l\u2019intestin traverse une couche musculaire affaiblie autour de votre stomie, provoquant un gonflement ou une protub\u00e9rance.<strong> <\/strong>Ce ph\u00e9nom\u00e8ne peut modifier la taille et la forme de votre stomie, cr\u00e9er des in\u00e9galit\u00e9s et des irr\u00e9gularit\u00e9s au niveau de la zone p\u00e9ristomiale et provoquer des fuites. Voici la marche \u00e0 suivre pour vous assurer que votre poche de stomie est bien ajust\u00e9e en cas d\u2019\u00e9ventration:<\/p>\n\n\n\n<ul class=\"wp-block-list is-style-purple-checkmark\">\n<li class=\"text-xl lg:text-xl\">Il faut imp\u00e9rativement r\u00e9\u00e9valuer la marque de votre poche actuelle si vous pr\u00e9sentez une&nbsp; \u00e9ventration, car la forme de votre corps va \u00e9voluer autour de la stomie.<\/li>\n<\/ul>\n\n\n\n<p><\/p>\n\n\n\n<ul class=\"wp-block-list is-style-purple-checkmark\">\n<li class=\"text-xl lg:text-xl\">Pensez \u00e0 utiliser <strong>un appareillage 2-pi\u00e8ces <\/strong>si l\u2019\u00e9ventration entrave la visibilit\u00e9 autour de la stomie.<\/li>\n<\/ul>\n\n\n\n<p><\/p>\n\n\n\n<ul class=\"wp-block-list is-style-purple-checkmark\">\n<li class=\"text-xl lg:text-xl\"><strong>Les renforts<\/strong> p\u00e9riph\u00e9riques augmenteront la surface de protection et la rendront plus flexible, ce qui assurera un bon maintien.<\/li>\n<\/ul>\n\n\n\n<p><\/p>\n\n\n\n<ul class=\"wp-block-list is-style-purple-checkmark\">\n<li class=\"text-xl lg:text-xl\"><strong>Les anneaux protecteurs <\/strong>aideront \u00e0 niveler la forme de la zone autour de la stomie. L\u2019utilisation d\u2019un anneau plus large, ou d\u2019une plaque d\u2019hydrocolloide peut \u00eatre particuli\u00e8rement judicieuse pour couvrir une plus grande surface, dont la visibilit\u00e9 serait limit\u00e9e.<\/li>\n<\/ul>\n\n\n\n<p><\/p>\n\n\n\n<ul class=\"wp-block-list is-style-purple-checkmark\">\n<li class=\"text-xl lg:text-xl\">En cas d\u2019\u00e9ventration, le port <strong>d\u2019une ceinture de soutien<\/strong> vous apportera maintien et confort. Nous vous conseillons de faire \u00e9valuer les mesures par un professionnel de sant\u00e9, afin de vous assurer de la bonne taille de cette ceinture.<\/li>\n<\/ul>\n\n\n\n<h3 class=\"wp-block-heading has-teal-600-color has-text-color has-link-color wp-elements-d23ecc2dc0f5d0699234c75021b6f0d4\"><strong>Comment r\u00e9agir face \u00e0 un d\u00e9bit faible\u202f?<\/strong><\/h3>\n\n\n\n<p class=\"text-xl lg:text-xl\"><br>Les fuites de stomie se produisent souvent en raison de selles liquides ou molles, qui peuvent \u00eatre occasionn\u00e9es par la prise de m\u00e9dicaments, un changement de r\u00e9gime alimentaire, la consommation d\u2019un apport hydrique sp\u00e9cifique, une infection ou une maladie. Un d\u00e9bit faible peut \u00eatre \u00e0 l\u2019origine d\u2019une forte d\u00e9shydratation. Surveillez les signes de d\u00e9shydratation et en cas de doute, contactez un professionnel de sant\u00e9. Vous pouvez essayer d\u2019\u00e9paissir la consistence des selles en consommant des bananes, des guimauves, des yaourts naturels et m\u00eame de la gel\u00e9e. Voici d\u2019autres informations \u00e0 conna\u00eetre\u202f:<\/p>\n\n\n\n<ul class=\"wp-block-list is-style-teal-checkmark\">\n<li class=\"text-xl lg:text-xl\"><strong>Les anneaux protecteurs <\/strong>offrent une protection et une s\u00e9curit\u00e9 au quotidien. Ils sont absorbants et permettent ainsi de r\u00e9duire le risque de fuites dues aux selles.<\/li>\n<\/ul>\n\n\n\n<p><\/p>\n\n\n\n<ul class=\"wp-block-list is-style-teal-checkmark\">\n<li class=\"text-xl lg:text-xl\"><strong>Les sachets g\u00e9lifiants eakin perform augmenteront la dur\u00e9e d\u2019utilisation de la poche, la discr\u00e9tion, le confort et la s\u00e9curit\u00e9 en cas de faible d\u00e9bit.<\/strong><\/li>\n<\/ul>\n\n\n\n<p><\/p>\n\n\n\n<ul class=\"wp-block-list is-style-teal-checkmark\">\n<li class=\"text-xl lg:text-xl\"><strong>L\u2019utilisation d\u2019un appareillage 2-pi\u00e8ces<\/strong> peut \u00eatre judicieux en cas de changement plus fr\u00e9quents en raison d\u2019un d\u00e9bit trop faible sans avoir \u00e0 retirer \u00e1 chaque fois le protecteur cutan\u00e9 coll\u00e9 \u00e0 la peau.&nbsp;<\/li>\n<\/ul>\n\n\n\n<h3 class=\"wp-block-heading has-purple-600-color has-text-color has-link-color wp-elements-849fe1610425c4890ad0eaa8f64b0a31\"><strong>Votre poche de stomie ne vous convient pas<\/strong><\/h3>\n\n\n\n<p class=\"text-xl lg:text-xl\"><br>Votre stomie, votre niveau d\u2019activit\u00e9, votre mode de vie et votre silhouette seront amen\u00e9s \u00e0 \u00e9voluer au fil du temps. Une poche de stomie peut vous convenir pendant un temps, puis perdre en efficacit\u00e9 par la suite. C\u2019est pourquoi la vari\u00e9t\u00e9 dans le choix des produits est primordiale. Votre infirmi\u00e8re stomath\u00e9rapeute pourra vous conseiller. Voici nos recommandations.<\/p>\n\n\n\n<ul class=\"wp-block-list is-style-purple-checkmark\">\n<li class=\"text-xl lg:text-xl\">Une <strong>poche convexe<\/strong> peut \u00eatre une bonne option. Si vous pensez avoir besoin d\u2019une poche convexe, veuillez contacter votre infirmi\u00e8re stomath\u00e9rapeute pour lui en parler.<\/li>\n<\/ul>\n\n\n\n<p><\/p>\n\n\n\n<ul class=\"wp-block-list is-style-purple-checkmark\">\n<li class=\"text-xl lg:text-xl\">Un appareillage <strong>2-pi\u00e8ces<\/strong>\u202f: au rythme de l\u2019\u00e9volution de votre mode de vie, l\u2019appareillage 2-pi\u00e8ces, qu&#8217;il soit plat ou convexe, peut vous aider \u00e0 vivre votre vie au quotidien.<\/li>\n<\/ul>\n\n\n\n<h3 class=\"wp-block-heading has-teal-600-color has-text-color has-link-color wp-elements-b51cc88a9319358a5178448b17c616e7\"><strong>Votre poche de stomie n\u2019est pas \u00e0 la bonne taille<\/strong><\/h3>\n\n\n\n<p class=\"text-xl lg:text-xl\"><br>Le diam\u00e8tre de votre stomie est amen\u00e9 \u00e1 r\u00e9tr\u00e9cir au cours des 6 \u00e0 8 premi\u00e8res semaines. Il est donc important d&#8217;utiliser votre guide de mesure pour vous assurer que votre poche est bien d\u00e9coup\u00e9e \u00e1 la bonne taille. Vous constaterez des changements majeurs au cours des 6 \u00e0 8 premi\u00e8res semaines, mais la taille de votre stomie peut \u00e9voluer \u00e0 n&#8217;importe quelle \u00e9tape de votre traitement. Si l\u2019espace entre la stomie et le protecteur cutan\u00e9 devient trop important, vous risquez des fuites. Si l\u2019espace entre la stomie et le protecteur cutan\u00e9 devient trop \u00e9troit, l\u2019adh\u00e9sion risque d\u2019\u00eatre superficielle et instable. Voici la marche \u00e0 suivre pour vous assurer que votre stomie est bien ajust\u00e9e.&nbsp;<\/p>\n\n\n\n<p><\/p>\n\n\n\n<ul class=\"wp-block-list is-style-teal-checkmark\">\n<li class=\"text-xl lg:text-xl\"><strong>L\u2019utilisation d\u2019anneaux protecteurs <\/strong>permet de prot\u00e9ger efficacement la peau expos\u00e9e, en cas de mauvaise d\u00e9coupe de votre poche.<\/li>\n<\/ul>\n\n\n<div class=\"spacer\n    h-8    lg:h-12\"\n>\n<\/div>\n\n\n<div class=\"need-help\">\n    <div class=\"container mx-auto flex flex-col lg:flex-row lg:justify-between lg:max-w-[1162px] lg:items-center\">\n        <div class=\"content lg:text-lg\">\n            <h4 class=\"text-purple-600\">Les conseils en mati\u00e8re de soins de stomies qui vous seront r\u00e9ellement utiles<\/h4>\n            <picture class=\"lg:hidden block mb-6\">\n                <img decoding=\"async\" loading=\"lazy\" src=\"https:\/\/www.eakinostomy.com\/fr\/wp-content\/uploads\/sites\/15\/2025\/05\/Eakin-Studio-Shoot-3673-Purple.jpg\" srcset=\"https:\/\/www.eakinostomy.com\/fr\/wp-content\/uploads\/sites\/15\/2025\/05\/Eakin-Studio-Shoot-3673-Purple-300x200.jpg 300w, https:\/\/www.eakinostomy.com\/fr\/wp-content\/uploads\/sites\/15\/2025\/05\/Eakin-Studio-Shoot-3673-Purple-1024x683.jpg 1024w, https:\/\/www.eakinostomy.com\/fr\/wp-content\/uploads\/sites\/15\/2025\/05\/Eakin-Studio-Shoot-3673-Purple-150x100.jpg 150w, https:\/\/www.eakinostomy.com\/fr\/wp-content\/uploads\/sites\/15\/2025\/05\/Eakin-Studio-Shoot-3673-Purple-768x512.jpg 768w, https:\/\/www.eakinostomy.com\/fr\/wp-content\/uploads\/sites\/15\/2025\/05\/Eakin-Studio-Shoot-3673-Purple-1536x1024.jpg 1536w, https:\/\/www.eakinostomy.com\/fr\/wp-content\/uploads\/sites\/15\/2025\/05\/Eakin-Studio-Shoot-3673-Purple-2048x1366.jpg 2048w, https:\/\/www.eakinostomy.com\/fr\/wp-content\/uploads\/sites\/15\/2025\/05\/Eakin-Studio-Shoot-3673-Purple-600x400.jpg 600w\" alt=\"Eakin Healthcare stoma ambassadors\">\n            <\/picture>\n            <div class=\"my-4\">\n                <p><span class=\"TextRun SCXW147448880 BCX8\" lang=\"FR-FR\" xml:lang=\"FR-FR\" data-contrast=\"none\"><span class=\"NormalTextRun SCXW147448880 BCX8\">Besoin d\u2019une aide suppl\u00e9mentaire\u202f? Fini les doutes autour de la stomie. Nous vous proposons des informations compl\u00e8tes \u00e0 propos de tous les sujets\u202f: de la chirurgie aux poches de stomie, \u00e0 l\u2019alimentation, en passant par le mode de vie, les relations sexuelles et bien plus encore.<\/span><\/span><\/p>\n            <\/div>\n            <div class=\"flex flex-col gap-4 pt-4 lg:flex-row\">\n                                                            <a href=\"https:\/\/www.eakinostomy.com\/fr\/soutien-et-conseils-pour-les-personnes-stomisees\/\" class=\"btn btn-primary w-full text-center lg:w-fit\">\n                            Retrouvez toutes les informations ici                        <\/a>\n                                                <\/div>\n        <\/div>\n        <div class=\"hidden lg:block\">\n            <picture>\n                <img decoding=\"async\" src=\"https:\/\/www.eakinostomy.com\/fr\/wp-content\/uploads\/sites\/15\/2025\/05\/Eakin-Studio-Shoot-3673-Purple.jpg\" srcset=\"https:\/\/www.eakinostomy.com\/fr\/wp-content\/uploads\/sites\/15\/2025\/05\/Eakin-Studio-Shoot-3673-Purple-300x200.jpg 300w, https:\/\/www.eakinostomy.com\/fr\/wp-content\/uploads\/sites\/15\/2025\/05\/Eakin-Studio-Shoot-3673-Purple-1024x683.jpg 1024w, https:\/\/www.eakinostomy.com\/fr\/wp-content\/uploads\/sites\/15\/2025\/05\/Eakin-Studio-Shoot-3673-Purple-150x100.jpg 150w, https:\/\/www.eakinostomy.com\/fr\/wp-content\/uploads\/sites\/15\/2025\/05\/Eakin-Studio-Shoot-3673-Purple-768x512.jpg 768w, https:\/\/www.eakinostomy.com\/fr\/wp-content\/uploads\/sites\/15\/2025\/05\/Eakin-Studio-Shoot-3673-Purple-1536x1024.jpg 1536w, https:\/\/www.eakinostomy.com\/fr\/wp-content\/uploads\/sites\/15\/2025\/05\/Eakin-Studio-Shoot-3673-Purple-2048x1366.jpg 2048w, https:\/\/www.eakinostomy.com\/fr\/wp-content\/uploads\/sites\/15\/2025\/05\/Eakin-Studio-Shoot-3673-Purple-600x400.jpg 600w\" alt=\"Eakin Healthcare stoma ambassadors\">\n            <\/picture>\n        <\/div>\n    <\/div>\n<\/div>\n","protected":false},"excerpt":{"rendered":"<p>Fuites\u202f: \u00c0 quoi sont-elles dues et comment y faire face\u202f? Voici une liste des probl\u00e8mes majeurs li\u00e9s aux fuites des poches de stomie, accompagn\u00e9e de solutions. Cliquez simplement sur un probl\u00e8me pour d\u00e9couvrir la solution. Vous avez remarqu\u00e9 des plis et des rides sur votre peau Tout le monde r\u00eave d\u2019avoir une peau douce et [&hellip;]<\/p>\n","protected":false},"author":8,"featured_media":0,"parent":1290,"menu_order":0,"comment_status":"closed","ping_status":"closed","template":"","meta":{"_acf_changed":false,"footnotes":""},"class_list":["post-1215","page","type-page","status-publish","hentry"],"acf":[],"_links":{"self":[{"href":"https:\/\/www.eakinostomy.com\/fr\/wp-json\/wp\/v2\/pages\/1215","targetHints":{"allow":["GET"]}}],"collection":[{"href":"https:\/\/www.eakinostomy.com\/fr\/wp-json\/wp\/v2\/pages"}],"about":[{"href":"https:\/\/www.eakinostomy.com\/fr\/wp-json\/wp\/v2\/types\/page"}],"author":[{"embeddable":true,"href":"https:\/\/www.eakinostomy.com\/fr\/wp-json\/wp\/v2\/users\/8"}],"replies":[{"embeddable":true,"href":"https:\/\/www.eakinostomy.com\/fr\/wp-json\/wp\/v2\/comments?post=1215"}],"version-history":[{"count":0,"href":"https:\/\/www.eakinostomy.com\/fr\/wp-json\/wp\/v2\/pages\/1215\/revisions"}],"up":[{"embeddable":true,"href":"https:\/\/www.eakinostomy.com\/fr\/wp-json\/wp\/v2\/pages\/1290"}],"wp:attachment":[{"href":"https:\/\/www.eakinostomy.com\/fr\/wp-json\/wp\/v2\/media?parent=1215"}],"curies":[{"name":"wp","href":"https:\/\/api.w.org\/{rel}","templated":true}]}}