{"id":1223,"date":"2025-03-25T16:07:46","date_gmt":"2025-03-25T16:07:46","guid":{"rendered":"https:\/\/www.eakinostomy.com\/?page_id=1223"},"modified":"2025-08-06T12:04:06","modified_gmt":"2025-08-06T12:04:06","slug":"peau-rouge-ou-douloureuse","status":"publish","type":"page","link":"https:\/\/www.eakinostomy.com\/fr\/solution-pour-soins-des-stomies\/peau-rouge-ou-douloureuse\/","title":{"rendered":"Peau rouge ou douloureuse"},"content":{"rendered":"<div class=\"background-block relative overflow-hidden\" style=\"background-color: #f6f6f6\">\n        <div class=\"relative z-20\">\n        <div class=\"acf-innerblocks-container\">\n\n<div class=\"hero\">\n            \n    <div class=\"absolute w-full z-[39] pt-2\">\n        <div class=\"pt-2 container mx-auto relative breadcrumbs px-4 \">\n            <div class=\" flex items-center flex-wrap\">\n                <span property=\"itemListElement\" typeof=\"ListItem\"><a property=\"item\" typeof=\"WebPage\" title=\"Go to Home.\" href=\"https:\/\/www.eakinostomy.com\/fr\" class=\"home\" aria-current=\"page\"><span property=\"name\">Home<\/span><\/a><meta property=\"position\" content=\"1\"><\/span>            <\/div>\n        <\/div>\n    <\/div>\n        <div class=\"acf-innerblocks-container\">\n<div class=\"hero-slide glide__slide\">\n    <div class=\"acf-innerblocks-container\">\n\n<div class=\"wp-block-group\"><div class=\"wp-block-group__inner-container is-layout-flow wp-block-group-is-layout-flow\">\n<h1 class=\"wp-block-heading has-purple-600-color has-text-color has-link-color wp-elements-1e3e485d6690d7b110a6e98def9885e8\"><strong>Apaiser la peau douloureuse ou rouge<\/strong><\/h1>\n\n\n\n<p>Lorsque votre peau est irrit\u00e9e, votre poche de stomie peut avoir tendance \u00e0 se d\u00e9coller. Cela entra\u00eene des fuites qui sont malheureusement \u00e0 l\u2019origine d\u2019irritations cutan\u00e9es suppl\u00e9mentaires.<\/p>\n<\/div><\/div>\n\n\n\n\n\n<figure class=\"wp-block-image size-full\"><img loading=\"lazy\" decoding=\"async\" width=\"2500\" height=\"1667\" src=\"https:\/\/www.eakinostomy.com\/wp-content\/uploads\/2025\/04\/managing.jpg\" alt=\"\" class=\"wp-image-1929\" srcset=\"https:\/\/www.eakinostomy.com\/fr\/wp-content\/uploads\/sites\/15\/2025\/04\/managing.jpg 2500w, https:\/\/www.eakinostomy.com\/fr\/wp-content\/uploads\/sites\/15\/2025\/04\/managing-300x200.jpg 300w, https:\/\/www.eakinostomy.com\/fr\/wp-content\/uploads\/sites\/15\/2025\/04\/managing-1024x683.jpg 1024w, https:\/\/www.eakinostomy.com\/fr\/wp-content\/uploads\/sites\/15\/2025\/04\/managing-150x100.jpg 150w, https:\/\/www.eakinostomy.com\/fr\/wp-content\/uploads\/sites\/15\/2025\/04\/managing-768x512.jpg 768w, https:\/\/www.eakinostomy.com\/fr\/wp-content\/uploads\/sites\/15\/2025\/04\/managing-1536x1024.jpg 1536w, https:\/\/www.eakinostomy.com\/fr\/wp-content\/uploads\/sites\/15\/2025\/04\/managing-2048x1366.jpg 2048w, https:\/\/www.eakinostomy.com\/fr\/wp-content\/uploads\/sites\/15\/2025\/04\/managing-600x400.jpg 600w\" sizes=\"auto, (max-width: 2500px) 100vw, 2500px\" \/><\/figure>\n\n<\/div>\n<\/div>\n\n<\/div>\n    <div class=\"glide-navigation-container\">\n        <div class=\"glide-navigation hidden\">\n            <div class=\"glide__bullets\" data-glide-el=\"controls[nav]\"><\/div>\n            <div class=\"glide__arrows\" data-glide-el=\"controls\"><\/div>\n        <\/div>\n    <\/div>\n<\/div>\n\n<\/div>\n    <\/div>\n<\/div>\n\n\n<div class=\"spacer\n    h-4    lg:h-20\"\n>\n<\/div>\n\n\n\n<h2 class=\"wp-block-heading has-purple-600-color has-text-color has-link-color wp-elements-321b9f70372e4fb19194051e945ca697\"><strong>Votre poche ne vous convient plus<\/strong><\/h2>\n\n\n\n<p class=\"text-xl lg:text-xl\"><br>Lorsque nous perdons ou prenons du poids, notre abdomen peut \u00eatre amen\u00e9 \u00e0 des modifications et lorsqu\u2019en plsu il y a une stomie, la peau p\u00e9ristomiale peut ne pas \u00eatre aussi uniforme qu\u2019avant, ce qui entra\u00eene la formation de plis. Dans ce cas, des fuites et des douleurs cutan\u00e9es peuvent appara\u00eetre. Nous vous conseillons d\u2019examiner le dos du support, (la partie qui \u00e9tait coll\u00e9e \u00e1 votre peau) une fois que vous l\u2019avez retir\u00e9. Des selles ou de l&#8217;urine se sont-elles d\u00e9pos\u00e9es sur la partie adh\u00e9sive\u202f? Si c\u2019est le cas, vos douleurs cutan\u00e9es sont provoqu\u00e9es par une fuite. &nbsp;<\/p>\n\n\n\n<ul class=\"wp-block-list is-style-purple-checkmark\">\n<li class=\"text-xl lg:text-xl\">Vous pouvez \u00e9galement placer le protecteur cutan\u00e9 autour de la stomie. Est-il en contact avec la peau\u202f? Est-il plac\u00e9 trop pr\u00e8s ou recouvre-t-il la stomie\u202f? Vous devrez peut-\u00eatre opter pour un autre mod\u00e8le de poche ou une autre d\u00e9coupe. Pouvons-nous vous aider \u00e0 mesurer correctement la d\u00e9coupe de votre poche?<\/li>\n<\/ul>\n\n\n\n<p><\/p>\n\n\n\n<ul class=\"wp-block-list is-style-purple-checkmark\">\n<li class=\"text-xl lg:text-xl\">Un changement de poche peut s&#8217;av\u00e9rer n\u00e9cessaire. Pour att\u00e9nuer les plis, vous pourriez avoir besoin d\u2019utiliser une poche avec un support convexe. De m\u00eame, si votre stomie est r\u00e9tract\u00e9e ou situ\u00e9e au ras de la peau, vous pouvez envisager d\u2019utiliser une <strong>poche avec support convexe<\/strong>, mais nous vous conseillons de consulter un professionnel de sant\u00e9 avant de proc\u00e9der \u00e0 tout changement.<\/li>\n<\/ul>\n\n\n\n<p><\/p>\n\n\n\n<ul class=\"wp-block-list is-style-purple-checkmark\">\n<li class=\"text-xl lg:text-xl\">Vous aurez peut-\u00eatre besoin d\u2019anneaux<strong> protecteurs <\/strong>pour vous aider \u00e0 combler les plis et les replis. Vous aurez le choix entre diverses tailles et \u00e9paisseurs, en fonction de vos besoins.<\/li>\n<\/ul>\n\n\n\n<p><\/p>\n\n\n\n<ul class=\"wp-block-list is-style-purple-checkmark\">\n<li class=\"text-xl lg:text-xl\"><strong>La p\u00e2te eakin Cohesive<\/strong> sans alcool peut efficacement combler les plis et les replis, tout en prot\u00e9geant la sant\u00e9 de votre peau.&nbsp;<\/li>\n<\/ul>\n\n\n\n<h2 class=\"wp-block-heading has-teal-600-color has-text-color has-link-color wp-elements-d6b6e1d95c2bdc3d1ded3daaf6aae658\"><strong>Sensibilit\u00e9 ou allergie au produit<\/strong><\/h2>\n\n\n\n<p><\/p>\n\n\n\n<ul class=\"wp-block-list is-style-teal-checkmark\">\n<li class=\"text-xl lg:text-xl\">Bien que le risque d\u2019allergie ou de sensibilit\u00e9 \u00e0 la poche soit faible, une r\u00e9action n\u2019est pas \u00e0 exclure, m\u00eame en cas d\u2019utilisation sur une longue dur\u00e9e. Si vous pensez \u00eatre allergique ou que vous suspectez une sensibilit\u00e9 \u00e0 l\u2019hydrocollo\u00efde de votre poche de stomie, v\u00e9rifiez la zone en contact avec l\u2019irritation et voyez si toute la surface est affect\u00e9e.<\/li>\n<\/ul>\n\n\n\n<p><\/p>\n\n\n\n<ul class=\"wp-block-list is-style-teal-checkmark\">\n<li class=\"text-xl lg:text-xl\">En cas de soup\u00e7ons de sensibilit\u00e9, passez en revue tous les soins que vous utilisez sur et autour de la stomie, car, tout produit peut provoquer une r\u00e9action allergique, y compris les produits utilis\u00e9s pour nettoyer la peau, les produits de retrait d\u2019adh\u00e9sif et les soins de protection de la peau. Contactez votre infirmi\u00e8re stomath\u00e9rapeute si vous soup\u00e7onnez une r\u00e9action allergique \u00e0 un produit.<\/li>\n<\/ul>\n\n\n\n<h2 class=\"wp-block-heading has-purple-600-color has-text-color has-link-color wp-elements-6ede372b6e2c9071ad032faf2a744ef6\"><strong>Folliculite (inflammation des follicules pileux de la peau autour de votre stomie)<\/strong><\/h2>\n\n\n\n<p><\/p>\n\n\n\n<ul class=\"wp-block-list is-style-purple-checkmark\">\n<li class=\"text-xl lg:text-xl\">Elle se pr\u00e9sente sous la forme de petites bosses ou de boutons autour des follicules pileux, qui peuvent parfois se gorger de pus et provoquer des douleurs ou des d\u00e9mangeaisons. Ils s\u2019expliquent parfois par un rasage trop fr\u00e9quent ou incorrect de la zone.&nbsp;&nbsp; Nous vous recommandons de couper ou d\u2019\u00e9piler vos poils r\u00e9guli\u00e8rement, d\u2019\u00e9viter le rasoir manuel et de plut\u00f4t opter pour une tondeuse ou un rasoir \u00e9lectrique. Attention toutefois \u00e0 ne pas ab\u00eemer votre stomie lorsque vous coupez les poils.<\/li>\n<\/ul>\n\n\n\n<p><\/p>\n\n\n\n<ul class=\"wp-block-list is-style-purple-checkmark\">\n<li class=\"text-xl lg:text-xl\">Un retrait trop brutal peut \u00e9galement endommager votre stomie, au risque d\u2019entra\u00eener une pression sur les follicules pileux. L\u2019utilisation <strong>d\u2019un produit pour retrait d\u2019adh\u00e9sif<\/strong> peut vous aider \u00e0 minimiser les risques.<\/li>\n<\/ul>\n\n\n\n<p><\/p>\n\n\n\n<ul class=\"wp-block-list is-style-purple-checkmark\">\n<li class=\"text-xl lg:text-xl\">Enfin, veillez \u00e0 ce que la peau soit parfaitement propre et s\u00e8che avant d\u2019appliquer vos nouveaux produits.<\/li>\n<\/ul>\n\n\n\n<h2 class=\"wp-block-heading has-teal-600-color has-text-color has-link-color wp-elements-ca9febeec50c47bcf0bf92895855f916\"><strong>Traumatisme cutan\u00e9<\/strong><\/h2>\n\n\n\n<p><\/p>\n\n\n\n<ul class=\"wp-block-list is-style-teal-checkmark\">\n<li class=\"text-xl lg:text-xl\">Les l\u00e9sions cutan\u00e9es dues aux adh\u00e9sifs m\u00e9dicaux peuvent \u00eatre tr\u00e8s probl\u00e9matiques. Or, lorsque vous avez une stomie, votre peau est en contact avec un adh\u00e9sif 24 heures sur 24, 7 jours sur 7. Il est donc important de veiller \u00e0 ce que tout soit bien en ordre.<\/li>\n<\/ul>\n\n\n\n<p><\/p>\n\n\n\n<ul class=\"wp-block-list is-style-teal-checkmark\">\n<li class=\"text-xl lg:text-xl\">Nous vous recommandons de prendre le temps de bien retirer votre protecteur cutan\u00e9. <strong>Le produit pour retrait d\u2019adh\u00e9sif<\/strong> joue un r\u00f4le essentiel ici, mais, encore faut-il retirer la poche d\u00e9licatement.<\/li>\n<\/ul>\n\n\n\n<p><\/p>\n\n\n\n<ul class=\"wp-block-list is-style-teal-checkmark\">\n<li class=\"text-xl lg:text-xl\">L\u2019utilisation d\u2019une <strong>protection cutan\u00e9e <\/strong>viendra apporter \u00e0 la peau<strong>&nbsp;<\/strong> une couche de protection suppl\u00e9mentaire. Assurez-vous que la peau est compl\u00e8tement s\u00e8che avant de mettre la prochaine poche en place.<\/li>\n<\/ul>\n\n\n\n<p><\/p>\n\n\n\n<ul class=\"wp-block-list is-style-teal-checkmark\">\n<li class=\"text-xl lg:text-xl\">Assurez-vous que vos poches de stomie soient correctement ajust\u00e9es, afin d&#8217;\u00e9viter des changements fr\u00e9quents et inutiles. Nettoyez d\u00e9licatement la peau, ne frottez pas et ne retirez pas manuellement les r\u00e9sidus d&#8217;anneaux, de p\u00e2te et autres adh\u00e9sifs.<\/li>\n<\/ul>\n\n\n\n<p><\/p>\n\n\n\n<ul class=\"wp-block-list is-style-teal-checkmark\">\n<li class=\"text-xl lg:text-xl\">D\u2019autres raisons peuvent expliquer vos douleurs cutan\u00e9es. Il est important de toujours consulter votre infirmi\u00e8re stomath\u00e9rapeute, d\u00e8s que vous remarquez le moindre probl\u00e8me.<\/li>\n<\/ul>\n\n\n<div class=\"spacer\n    h-8    lg:h-12\"\n>\n<\/div>\n\n\n<div class=\"need-help\">\n    <div class=\"container mx-auto flex flex-col lg:flex-row lg:justify-between lg:max-w-[1162px] lg:items-center\">\n        <div class=\"content lg:text-lg\">\n            <h4 class=\"text-purple-600\">Les conseils en mati\u00e8re de soins de stomies qui vous seront r\u00e9ellement utiles<\/h4>\n            <picture class=\"lg:hidden block mb-6\">\n                <img decoding=\"async\" loading=\"lazy\" src=\"https:\/\/www.eakinostomy.com\/fr\/wp-content\/uploads\/sites\/15\/2025\/04\/Eakin-Studio-Shoot-3854-Purple.jpg\" srcset=\"https:\/\/www.eakinostomy.com\/fr\/wp-content\/uploads\/sites\/15\/2025\/04\/Eakin-Studio-Shoot-3854-Purple-300x200.jpg 300w, https:\/\/www.eakinostomy.com\/fr\/wp-content\/uploads\/sites\/15\/2025\/04\/Eakin-Studio-Shoot-3854-Purple-1024x683.jpg 1024w, https:\/\/www.eakinostomy.com\/fr\/wp-content\/uploads\/sites\/15\/2025\/04\/Eakin-Studio-Shoot-3854-Purple-150x100.jpg 150w, https:\/\/www.eakinostomy.com\/fr\/wp-content\/uploads\/sites\/15\/2025\/04\/Eakin-Studio-Shoot-3854-Purple-768x512.jpg 768w, https:\/\/www.eakinostomy.com\/fr\/wp-content\/uploads\/sites\/15\/2025\/04\/Eakin-Studio-Shoot-3854-Purple-1536x1024.jpg 1536w, https:\/\/www.eakinostomy.com\/fr\/wp-content\/uploads\/sites\/15\/2025\/04\/Eakin-Studio-Shoot-3854-Purple-2048x1366.jpg 2048w, https:\/\/www.eakinostomy.com\/fr\/wp-content\/uploads\/sites\/15\/2025\/04\/Eakin-Studio-Shoot-3854-Purple-600x400.jpg 600w\" alt=\"\">\n            <\/picture>\n            <div class=\"my-4\">\n                <p><span class=\"TextRun SCXW147448880 BCX8\" lang=\"FR-FR\" xml:lang=\"FR-FR\" data-contrast=\"none\"><span class=\"NormalTextRun SCXW147448880 BCX8\">Besoin d\u2019une aide suppl\u00e9mentaire\u202f? Fini les doutes autour de la stomie. Nous vous proposons des informations compl\u00e8tes \u00e0 propos de tous les sujets\u202f: de la chirurgie aux poches de stomie, \u00e0 l\u2019alimentation, en passant par le mode de vie, les relations sexuelles et bien plus encore.<\/span><\/span><\/p>\n<p>&nbsp;<\/p>\n            <\/div>\n            <div class=\"flex flex-col gap-4 pt-4 lg:flex-row\">\n                                                            <a href=\"https:\/\/www.eakinostomy.com\/fr\/soutien-et-conseils-pour-les-personnes-stomisees\/\" class=\"btn btn-primary w-full text-center lg:w-fit\">\n                            Retrouvez toutes les informations ici                        <\/a>\n                                                <\/div>\n        <\/div>\n        <div class=\"hidden lg:block\">\n            <picture>\n                <img decoding=\"async\" src=\"https:\/\/www.eakinostomy.com\/fr\/wp-content\/uploads\/sites\/15\/2025\/04\/Eakin-Studio-Shoot-3854-Purple.jpg\" srcset=\"https:\/\/www.eakinostomy.com\/fr\/wp-content\/uploads\/sites\/15\/2025\/04\/Eakin-Studio-Shoot-3854-Purple-300x200.jpg 300w, https:\/\/www.eakinostomy.com\/fr\/wp-content\/uploads\/sites\/15\/2025\/04\/Eakin-Studio-Shoot-3854-Purple-1024x683.jpg 1024w, https:\/\/www.eakinostomy.com\/fr\/wp-content\/uploads\/sites\/15\/2025\/04\/Eakin-Studio-Shoot-3854-Purple-150x100.jpg 150w, https:\/\/www.eakinostomy.com\/fr\/wp-content\/uploads\/sites\/15\/2025\/04\/Eakin-Studio-Shoot-3854-Purple-768x512.jpg 768w, https:\/\/www.eakinostomy.com\/fr\/wp-content\/uploads\/sites\/15\/2025\/04\/Eakin-Studio-Shoot-3854-Purple-1536x1024.jpg 1536w, https:\/\/www.eakinostomy.com\/fr\/wp-content\/uploads\/sites\/15\/2025\/04\/Eakin-Studio-Shoot-3854-Purple-2048x1366.jpg 2048w, https:\/\/www.eakinostomy.com\/fr\/wp-content\/uploads\/sites\/15\/2025\/04\/Eakin-Studio-Shoot-3854-Purple-600x400.jpg 600w\" alt=\"\">\n            <\/picture>\n        <\/div>\n    <\/div>\n<\/div>\n","protected":false},"excerpt":{"rendered":"<p>Votre poche ne vous convient plus Lorsque nous perdons ou prenons du poids, notre abdomen peut \u00eatre amen\u00e9 \u00e0 des modifications et lorsqu\u2019en plsu il y a une stomie, la peau p\u00e9ristomiale peut ne pas \u00eatre aussi uniforme qu\u2019avant, ce qui entra\u00eene la formation de plis. Dans ce cas, des fuites et des douleurs cutan\u00e9es [&hellip;]<\/p>\n","protected":false},"author":8,"featured_media":0,"parent":1290,"menu_order":0,"comment_status":"closed","ping_status":"closed","template":"","meta":{"_acf_changed":false,"footnotes":""},"class_list":["post-1223","page","type-page","status-publish","hentry"],"acf":[],"_links":{"self":[{"href":"https:\/\/www.eakinostomy.com\/fr\/wp-json\/wp\/v2\/pages\/1223","targetHints":{"allow":["GET"]}}],"collection":[{"href":"https:\/\/www.eakinostomy.com\/fr\/wp-json\/wp\/v2\/pages"}],"about":[{"href":"https:\/\/www.eakinostomy.com\/fr\/wp-json\/wp\/v2\/types\/page"}],"author":[{"embeddable":true,"href":"https:\/\/www.eakinostomy.com\/fr\/wp-json\/wp\/v2\/users\/8"}],"replies":[{"embeddable":true,"href":"https:\/\/www.eakinostomy.com\/fr\/wp-json\/wp\/v2\/comments?post=1223"}],"version-history":[{"count":0,"href":"https:\/\/www.eakinostomy.com\/fr\/wp-json\/wp\/v2\/pages\/1223\/revisions"}],"up":[{"embeddable":true,"href":"https:\/\/www.eakinostomy.com\/fr\/wp-json\/wp\/v2\/pages\/1290"}],"wp:attachment":[{"href":"https:\/\/www.eakinostomy.com\/fr\/wp-json\/wp\/v2\/media?parent=1223"}],"curies":[{"name":"wp","href":"https:\/\/api.w.org\/{rel}","templated":true}]}}