{"id":1273,"date":"2025-03-26T11:29:26","date_gmt":"2025-03-26T11:29:26","guid":{"rendered":"https:\/\/www.eakinostomy.com\/?page_id=1273"},"modified":"2025-08-15T08:11:50","modified_gmt":"2025-08-15T08:11:50","slug":"chimiotherapie","status":"publish","type":"page","link":"https:\/\/www.eakinostomy.com\/fr\/professionnels-de-sante\/chimiotherapie\/","title":{"rendered":"Chimioth\u00e9rapie"},"content":{"rendered":"<div class=\"background-block relative overflow-hidden\" style=\"background-color: #f6f6f6\">\n        <div class=\"relative z-20\">\n        <div class=\"acf-innerblocks-container\">\n\n<div class=\"hero\">\n            \n    <div class=\"absolute w-full z-[39] pt-2\">\n        <div class=\"pt-2 container mx-auto relative breadcrumbs px-4 \">\n            <div class=\" flex items-center flex-wrap\">\n                <span property=\"itemListElement\" typeof=\"ListItem\"><a property=\"item\" typeof=\"WebPage\" title=\"Go to Home.\" href=\"https:\/\/www.eakinostomy.com\/fr\" class=\"home\" aria-current=\"page\"><span property=\"name\">Home<\/span><\/a><meta property=\"position\" content=\"1\"><\/span>            <\/div>\n        <\/div>\n    <\/div>\n        <div class=\"acf-innerblocks-container\">\n<div class=\"hero-slide glide__slide\">\n    <div class=\"acf-innerblocks-container\">\n\n<div class=\"wp-block-group\"><div class=\"wp-block-group__inner-container is-layout-flow wp-block-group-is-layout-flow\">\n<h1 class=\"wp-block-heading has-purple-600-color has-text-color has-link-color wp-elements-44ec0da60ec8c44d7bc5385734fea5b2\"><strong>Soins aux personnes stomis\u00e9es dans le cadre d\u2019une chimioth\u00e9rapie<\/strong><\/h1>\n\n\n\n<p>La chimioth\u00e9rapie est une \u00e9preuve difficile pour tout le monde. Mais, pour les personnes stomis\u00e9es, les soins sont encore plus \u00e9prouvants.&nbsp;<\/p>\n<\/div><\/div>\n\n\n\n\n\n<figure class=\"wp-block-image size-full\"><img loading=\"lazy\" decoding=\"async\" width=\"1530\" height=\"1095\" src=\"https:\/\/www.eakinostomy.com\/wp-content\/uploads\/2025\/05\/Couch-e1748264256704.png\" alt=\"\" class=\"wp-image-2687\" srcset=\"https:\/\/www.eakinostomy.com\/fr\/wp-content\/uploads\/sites\/15\/2025\/05\/Couch-e1748264256704.png 1530w, https:\/\/www.eakinostomy.com\/fr\/wp-content\/uploads\/sites\/15\/2025\/05\/Couch-e1748264256704-300x215.png 300w, https:\/\/www.eakinostomy.com\/fr\/wp-content\/uploads\/sites\/15\/2025\/05\/Couch-e1748264256704-1024x733.png 1024w, https:\/\/www.eakinostomy.com\/fr\/wp-content\/uploads\/sites\/15\/2025\/05\/Couch-e1748264256704-150x107.png 150w, https:\/\/www.eakinostomy.com\/fr\/wp-content\/uploads\/sites\/15\/2025\/05\/Couch-e1748264256704-768x550.png 768w, https:\/\/www.eakinostomy.com\/fr\/wp-content\/uploads\/sites\/15\/2025\/05\/Couch-e1748264256704-600x429.png 600w\" sizes=\"auto, (max-width: 1530px) 100vw, 1530px\" \/><\/figure>\n\n<\/div>\n<\/div>\n\n<\/div>\n    <div class=\"glide-navigation-container\">\n        <div class=\"glide-navigation hidden\">\n            <div class=\"glide__bullets\" data-glide-el=\"controls[nav]\"><\/div>\n            <div class=\"glide__arrows\" data-glide-el=\"controls\"><\/div>\n        <\/div>\n    <\/div>\n<\/div>\n\n<\/div>\n    <\/div>\n<\/div>\n\n\n<div class=\"spacer\n    h-8    lg:h-12\"\n>\n<\/div>\n\n\n\n<p class=\"text-center lg:text-center text-xl lg:text-xl\">Tandis que vos patients cherchent \u00e0 s\u2019adapter \u00e0 leur nouvelle vie, apr\u00e8s leur stomie, ou s\u2019acclimatent \u00e0 leur routine de stomath\u00e9rapie, la chimioth\u00e9rapie peut venir compliquer cet \u00e9quilibre et risque d\u2019entra\u00eener des difficult\u00e9s, tant sur le plan physique que psychologique. &nbsp;<br>&nbsp;<br>Les effets secondaires directs de la chimioth\u00e9rapie peuvent \u00eatre accablants et lourdement affecter la qualit\u00e9 de vie d\u2019un patient stomis\u00e9.&nbsp;<\/p>\n\n\n\n<p class=\"text-center lg:text-center text-xl lg:text-4xl\"><strong><mark style=\"background-color:rgba(0, 0, 0, 0)\" class=\"has-inline-color has-teal-600-color\">Dans <\/mark><span class=\"swoosh-underline-purple\"><mark style=\"background-color:rgba(0, 0, 0, 0)\" class=\"has-inline-color has-teal-600-color\">77,5 %<\/mark><\/span>  des cas,<\/strong>&nbsp;la cause de la cr\u00e9ation d\u2019une stomie est due \u00e0 un cancer.&nbsp;<\/p>\n\n\n\n<p class=\"text-center lg:text-center text-xl lg:text-4xl\"><strong><span class=\"swoosh-underline-purple\"><mark style=\"background-color:rgba(0, 0, 0, 0)\" class=\"has-inline-color has-teal-600-color\">86 %<\/mark><\/span> <\/strong>des personnes stomis\u00e9es ont affirm\u00e9 avoir d\u00e9velopp\u00e9 au moins un effet secondaire en lien avec la chimioth\u00e9rapie.<\/p>\n\n\n<div class=\"spacer\n    h-8    lg:h-16\"\n>\n<\/div>\n\n\n\n<h2 class=\"wp-block-heading has-purple-600-color has-text-color has-link-color wp-elements-2d3fb0e746686b65def5d378decf5dda text-center lg:text-center\"><strong>Conna\u00eetre les effets secondaires de la chimioth\u00e9rapie<\/strong><\/h2>\n\n\n<div class=\"spacer\n    h-8    lg:h-8\"\n>\n<\/div>\n\n\n<div class=\"background-block relative overflow-hidden\" style=\"background-color: #a786bb\">\n        <div class=\"relative z-20\">\n        <div class=\"acf-innerblocks-container\">\n<div class=\"wp-block-image\">\n<figure class=\"aligncenter size-full is-resized\"><img loading=\"lazy\" decoding=\"async\" width=\"564\" height=\"743\" src=\"https:\/\/www.eakinostomy.com\/fr\/wp-content\/uploads\/sites\/15\/2025\/08\/chemoeffects-1.jpg\" alt=\"\" class=\"wp-image-4936\" style=\"width:1045px;height:auto\" srcset=\"https:\/\/www.eakinostomy.com\/fr\/wp-content\/uploads\/sites\/15\/2025\/08\/chemoeffects-1.jpg 564w, https:\/\/www.eakinostomy.com\/fr\/wp-content\/uploads\/sites\/15\/2025\/08\/chemoeffects-1-228x300.jpg 228w, https:\/\/www.eakinostomy.com\/fr\/wp-content\/uploads\/sites\/15\/2025\/08\/chemoeffects-1-114x150.jpg 114w\" sizes=\"auto, (max-width: 564px) 100vw, 564px\" \/><\/figure>\n<\/div>\n<\/div>\n    <\/div>\n<\/div>\n\n\n<div class=\"spacer\n    h-8    lg:h-12\"\n>\n<\/div>\n\n\n\n<h3 class=\"wp-block-heading has-purple-600-color has-text-color has-link-color wp-elements-e9dfd8c564b6d8f2f529b2d58d8c2255 text-center lg:text-center\"><strong>Comment accompagner les personnes stomis\u00e9es sous chimioth\u00e9rapie\u202f<\/strong>?<\/h3>\n\n\n\n<p class=\"text-center lg:text-center text-xl lg:text-xl\">Pour vous aider \u00e0 proposer les meilleurs soins possibles, notre brochure sp\u00e9cialis\u00e9e d\u00e9taille les \u00e9preuves quotidiennes actuelles, auxquelles vos patients stomis\u00e9s peuvent \u00eatre confront\u00e9s. &nbsp;<br>&nbsp;<br>Vous y trouverez \u00e9galement des informations concernant les r\u00e9percussions de la chimioth\u00e9rapie sur l\u2019efficacit\u00e9 de certains produits de soins de stomath\u00e9rapie. &nbsp;<br>&nbsp;<br>Vous d\u00e9couvrirez \u00e9galement comment de simples petits changements au niveau des routines de stomath\u00e9rapie peuvent faire une grande diff\u00e9rence pour les personnes stomis\u00e9es sous traitement chimioth\u00e9rapie, tant sur le plan physique que psychologique.&nbsp;<\/p>\n\n\n\n<div class=\"wp-block-group is-content-justification-center is-layout-flex wp-container-core-group-is-layout-64b26803 wp-block-group-is-layout-flex\">\n<div class=\"wp-block-buttons is-content-justification-center is-layout-flex wp-container-core-buttons-is-layout-16018d1d wp-block-buttons-is-layout-flex\">\n<div class=\"wp-block-button is-style-btn-primary\"><a class=\"wp-block-button__link wp-element-button\" href=\"https:\/\/www.eakinostomy.com\/fr\/wp-content\/uploads\/sites\/15\/2025\/08\/EAKIN-CHEMO-BOOKLET.FR1_.pdf\"><strong>T\u00e9l\u00e9chargez la brochure<\/strong><\/a><\/div>\n<\/div>\n\n\n\n<div class=\"wp-block-buttons is-content-justification-center is-layout-flex wp-container-core-buttons-is-layout-16018d1d wp-block-buttons-is-layout-flex\">\n<div class=\"wp-block-button is-style-btn-primary\"><a class=\"wp-block-button__link wp-element-button\" href=\"https:\/\/www.eakinostomy.com\/fr\/nos-produits\/\"><strong>Obtenez des \u00e9chantillons gratuits de nos produits<\/strong><\/a><\/div>\n<\/div>\n<\/div>\n\n\n<div class=\"spacer\n    h-8    lg:h-12\"\n>\n<\/div>\n\n\n<div class=\"need-help\">\n    <div class=\"container mx-auto flex flex-col lg:flex-row lg:justify-between lg:max-w-[1162px] lg:items-center\">\n        <div class=\"content lg:text-lg\">\n            <h4 class=\"text-purple-600\">Des produits de soin de stomie sur lesquels vous pouvez compter<\/h4>\n            <picture class=\"lg:hidden block mb-6\">\n                <img decoding=\"async\" loading=\"lazy\" src=\"https:\/\/www.eakinostomy.com\/fr\/wp-content\/uploads\/sites\/15\/2025\/05\/accessories.jpg\" srcset=\"https:\/\/www.eakinostomy.com\/fr\/wp-content\/uploads\/sites\/15\/2025\/05\/accessories-300x200.jpg 300w, https:\/\/www.eakinostomy.com\/fr\/wp-content\/uploads\/sites\/15\/2025\/05\/accessories-1024x683.jpg 1024w, https:\/\/www.eakinostomy.com\/fr\/wp-content\/uploads\/sites\/15\/2025\/05\/accessories-150x100.jpg 150w, https:\/\/www.eakinostomy.com\/fr\/wp-content\/uploads\/sites\/15\/2025\/05\/accessories-768x512.jpg 768w, https:\/\/www.eakinostomy.com\/fr\/wp-content\/uploads\/sites\/15\/2025\/05\/accessories-1536x1024.jpg 1536w, https:\/\/www.eakinostomy.com\/fr\/wp-content\/uploads\/sites\/15\/2025\/05\/accessories-2048x1366.jpg 2048w, https:\/\/www.eakinostomy.com\/fr\/wp-content\/uploads\/sites\/15\/2025\/05\/accessories-600x400.jpg 600w\" alt=\"\">\n            <\/picture>\n            <div class=\"my-4\">\n                <p><span class=\"TextRun SCXW136879129 BCX8\" lang=\"FR-FR\" xml:lang=\"FR-FR\" data-contrast=\"none\"><span class=\"NormalTextRun SCXW136879129 BCX8\">Des <\/span><span class=\"NormalTextRun SCXW136879129 BCX8\">appareillag<\/span><span class=\"NormalTextRun SCXW136879129 BCX8\">es<\/span><span class=\"NormalTextRun SCXW136879129 BCX8\">, <\/span><span class=\"NormalTextRun SCXW136879129 BCX8\">aux <\/span><span class=\"NormalTextRun SCXW136879129 BCX8\">anneaux <\/span><span class=\"NormalTextRun SCXW136879129 BCX8\">protecteurs fiables<\/span><span class=\"NormalTextRun SCXW136879129 BCX8\"> et <\/span><span class=\"NormalTextRun SCXW136879129 BCX8\">aux accessoires innovants, notre gamme de produits <\/span><span class=\"NormalTextRun SpellingErrorV2Themed SCXW136879129 BCX8\">eaki<\/span><span class=\"NormalTextRun SpellingErrorV2Themed SCXW136879129 BCX8\">n<\/span><\/span><span class=\"TextRun SCXW136879129 BCX8\" lang=\"FR-FR\" xml:lang=\"FR-FR\" data-contrast=\"none\"><span class=\"NormalTextRun Superscript SCXW136879129 BCX8\" data-fontsize=\"11\">\u00ae\u00a0<\/span><\/span><span class=\"TextRun SCXW136879129 BCX8\" lang=\"FR-FR\" xml:lang=\"FR-FR\" data-contrast=\"none\"> <span class=\"NormalTextRun SCXW136879129 BCX8\">compren<\/span><span class=\"NormalTextRun SCXW136879129 BCX8\">d tout <\/span><span class=\"NormalTextRun SCXW136879129 BCX8\">ce<\/span> <span class=\"NormalTextRun SCXW136879129 BCX8\">dont<\/span> <span class=\"NormalTextRun SCXW136879129 BCX8\">vous<\/span> <span class=\"NormalTextRun SCXW136879129 BCX8\">avez<\/span> <span class=\"NormalTextRun SCXW136879129 BCX8\">besoin<\/span><span class=\"NormalTextRun SCXW136879129 BCX8\"> pour <\/span><span class=\"NormalTextRun SCXW136879129 BCX8\">accompagner<\/span> <span class=\"NormalTextRun SCXW136879129 BCX8\">vos<\/span><span class=\"NormalTextRun SCXW136879129 BCX8\"> patients apr\u00e8s <\/span><span class=\"NormalTextRun SCXW136879129 BCX8\">leur<\/span><span class=\"NormalTextRun SCXW136879129 BCX8\"> sortie de <\/span><span class=\"NormalTextRun SCXW136879129 BCX8\">l&#8217;h\u00f4pital<\/span><span class=\"NormalTextRun SCXW136879129 BCX8\">. Vous <\/span><span class=\"NormalTextRun SCXW136879129 BCX8\">pouvez<\/span> <\/span><span class=\"TextRun Highlight SCXW136879129 BCX8\" lang=\"FR-FR\" xml:lang=\"FR-FR\" data-contrast=\"none\"><span class=\"NormalTextRun SCXW136879129 BCX8\">demander <\/span><span class=\"NormalTextRun SCXW136879129 BCX8\">des \u00e9chantillons de produits<\/span><\/span> <span class=\"TextRun Highlight SCXW136879129 BCX8\" lang=\"FR-FR\" xml:lang=\"FR-FR\" data-contrast=\"none\"><span class=\"NormalTextRun SCXW136879129 BCX8\">directement aupr\u00e8s d\u2019<\/span><span class=\"NormalTextRun SpellingErrorV2Themed SCXW136879129 BCX8\">eakin<\/span><span class=\"NormalTextRun SCXW136879129 BCX8\"> ou par l\u2019interm\u00e9diaire de votre repr\u00e9sentant local<\/span><\/span> <span class=\"TextRun Highlight SCXW136879129 BCX8\" lang=\"FR-FR\" xml:lang=\"FR-FR\" data-contrast=\"none\"><span class=\"NormalTextRun SCXW136879129 BCX8\">pour constater la diff\u00e9rence par vous-m\u00eame. <\/span><\/span><\/p>\n            <\/div>\n            <div class=\"flex flex-col gap-4 pt-4 lg:flex-row\">\n                                                            <a href=\"https:\/\/www.eakinostomy.com\/fr\/nos-produits\/\" class=\"btn btn-primary w-full text-center lg:w-fit\">\n                            Voir les produits                        <\/a>\n                                                <\/div>\n        <\/div>\n        <div class=\"hidden lg:block\">\n            <picture>\n                <img decoding=\"async\" src=\"https:\/\/www.eakinostomy.com\/fr\/wp-content\/uploads\/sites\/15\/2025\/05\/accessories.jpg\" srcset=\"https:\/\/www.eakinostomy.com\/fr\/wp-content\/uploads\/sites\/15\/2025\/05\/accessories-300x200.jpg 300w, https:\/\/www.eakinostomy.com\/fr\/wp-content\/uploads\/sites\/15\/2025\/05\/accessories-1024x683.jpg 1024w, https:\/\/www.eakinostomy.com\/fr\/wp-content\/uploads\/sites\/15\/2025\/05\/accessories-150x100.jpg 150w, https:\/\/www.eakinostomy.com\/fr\/wp-content\/uploads\/sites\/15\/2025\/05\/accessories-768x512.jpg 768w, https:\/\/www.eakinostomy.com\/fr\/wp-content\/uploads\/sites\/15\/2025\/05\/accessories-1536x1024.jpg 1536w, https:\/\/www.eakinostomy.com\/fr\/wp-content\/uploads\/sites\/15\/2025\/05\/accessories-2048x1366.jpg 2048w, https:\/\/www.eakinostomy.com\/fr\/wp-content\/uploads\/sites\/15\/2025\/05\/accessories-600x400.jpg 600w\" alt=\"\">\n            <\/picture>\n        <\/div>\n    <\/div>\n<\/div>\n","protected":false},"excerpt":{"rendered":"<p>Tandis que vos patients cherchent \u00e0 s\u2019adapter \u00e0 leur nouvelle vie, apr\u00e8s leur stomie, ou s\u2019acclimatent \u00e0 leur routine de stomath\u00e9rapie, la chimioth\u00e9rapie peut venir compliquer cet \u00e9quilibre et risque d\u2019entra\u00eener des difficult\u00e9s, tant sur le plan physique que psychologique. &nbsp;&nbsp;Les effets secondaires directs de la chimioth\u00e9rapie peuvent \u00eatre accablants et lourdement affecter la qualit\u00e9 [&hellip;]<\/p>\n","protected":false},"author":8,"featured_media":0,"parent":1241,"menu_order":0,"comment_status":"closed","ping_status":"closed","template":"","meta":{"_acf_changed":true,"footnotes":""},"class_list":["post-1273","page","type-page","status-publish","hentry"],"acf":[],"_links":{"self":[{"href":"https:\/\/www.eakinostomy.com\/fr\/wp-json\/wp\/v2\/pages\/1273","targetHints":{"allow":["GET"]}}],"collection":[{"href":"https:\/\/www.eakinostomy.com\/fr\/wp-json\/wp\/v2\/pages"}],"about":[{"href":"https:\/\/www.eakinostomy.com\/fr\/wp-json\/wp\/v2\/types\/page"}],"author":[{"embeddable":true,"href":"https:\/\/www.eakinostomy.com\/fr\/wp-json\/wp\/v2\/users\/8"}],"replies":[{"embeddable":true,"href":"https:\/\/www.eakinostomy.com\/fr\/wp-json\/wp\/v2\/comments?post=1273"}],"version-history":[{"count":0,"href":"https:\/\/www.eakinostomy.com\/fr\/wp-json\/wp\/v2\/pages\/1273\/revisions"}],"up":[{"embeddable":true,"href":"https:\/\/www.eakinostomy.com\/fr\/wp-json\/wp\/v2\/pages\/1241"}],"wp:attachment":[{"href":"https:\/\/www.eakinostomy.com\/fr\/wp-json\/wp\/v2\/media?parent=1273"}],"curies":[{"name":"wp","href":"https:\/\/api.w.org\/{rel}","templated":true}]}}