{"id":1281,"date":"2025-03-26T11:51:33","date_gmt":"2025-03-26T11:51:33","guid":{"rendered":"https:\/\/www.eakinostomy.com\/?page_id=1281"},"modified":"2025-08-14T15:24:45","modified_gmt":"2025-08-14T15:24:45","slug":"anneaux-protecteurs","status":"publish","type":"page","link":"https:\/\/www.eakinostomy.com\/fr\/professionnels-de-sante\/anneaux-protecteurs\/","title":{"rendered":"Anneaux protecteurs"},"content":{"rendered":"<div class=\"background-block relative overflow-hidden\" style=\"background-color: #f6f6f6\">\n        <div class=\"relative z-20\">\n        <div class=\"acf-innerblocks-container\">\n\n<div class=\"hero\">\n            \n    <div class=\"absolute w-full z-[39] pt-2\">\n        <div class=\"pt-2 container mx-auto relative breadcrumbs px-4 \">\n            <div class=\" flex items-center flex-wrap\">\n                <span property=\"itemListElement\" typeof=\"ListItem\"><a property=\"item\" typeof=\"WebPage\" title=\"Go to Home.\" href=\"https:\/\/www.eakinostomy.com\/fr\" class=\"home\" aria-current=\"page\"><span property=\"name\">Home<\/span><\/a><meta property=\"position\" content=\"1\"><\/span>            <\/div>\n        <\/div>\n    <\/div>\n        <div class=\"acf-innerblocks-container\">\n<div class=\"hero-slide glide__slide\">\n    <div class=\"acf-innerblocks-container\">\n\n<div class=\"wp-block-group\"><div class=\"wp-block-group__inner-container is-layout-flow wp-block-group-is-layout-flow\">\n<h1 class=\"wp-block-heading has-purple-600-color has-text-color has-link-color wp-elements-f1d52145abcdc007ee52e385e3ab2526\"><strong>Absorption et inhibition des enzymes<\/strong><\/h1>\n\n\n\n<p>Les fuites et les l\u00e9sions cutan\u00e9es li\u00e9es \u00e0 l\u2019humidit\u00e9 peuvent lourdement impacter le quotidien de vos patients.<\/p>\n<\/div><\/div>\n\n\n\n\n\n<figure class=\"wp-block-image size-full\"><img loading=\"lazy\" decoding=\"async\" width=\"1412\" height=\"1000\" src=\"https:\/\/www.eakinostomy.com\/wp-content\/uploads\/2025\/05\/absorbency.png\" alt=\"\" class=\"wp-image-2684\" srcset=\"https:\/\/www.eakinostomy.com\/fr\/wp-content\/uploads\/sites\/15\/2025\/05\/absorbency.png 1412w, https:\/\/www.eakinostomy.com\/fr\/wp-content\/uploads\/sites\/15\/2025\/05\/absorbency-300x212.png 300w, https:\/\/www.eakinostomy.com\/fr\/wp-content\/uploads\/sites\/15\/2025\/05\/absorbency-1024x725.png 1024w, https:\/\/www.eakinostomy.com\/fr\/wp-content\/uploads\/sites\/15\/2025\/05\/absorbency-150x106.png 150w, https:\/\/www.eakinostomy.com\/fr\/wp-content\/uploads\/sites\/15\/2025\/05\/absorbency-768x544.png 768w, https:\/\/www.eakinostomy.com\/fr\/wp-content\/uploads\/sites\/15\/2025\/05\/absorbency-600x425.png 600w\" sizes=\"auto, (max-width: 1412px) 100vw, 1412px\" \/><\/figure>\n\n<\/div>\n<\/div>\n\n<\/div>\n    <div class=\"glide-navigation-container\">\n        <div class=\"glide-navigation hidden\">\n            <div class=\"glide__bullets\" data-glide-el=\"controls[nav]\"><\/div>\n            <div class=\"glide__arrows\" data-glide-el=\"controls\"><\/div>\n        <\/div>\n    <\/div>\n<\/div>\n\n<\/div>\n    <\/div>\n<\/div>\n\n\n<div class=\"spacer\n    h-8    lg:h-12\"\n>\n<\/div>\n\n\n\n<p class=\"text-center lg:text-center text-xl lg:text-xl\">Bien qu\u2019ils fassent partie int\u00e9grante de la vie des personnes stomis\u00e9es, notamment au d\u00e9but, lorsqu\u2019ils s\u2019adaptent \u00e0 leur nouvelle routine de soins, ces sympt\u00f4mes peuvent g\u00e9n\u00e9rer de l\u2019anxi\u00e9t\u00e9, de la frustration et des probl\u00e8mes cutan\u00e9s p\u00e9ristomiens douloureux.&nbsp;Le personnel soignant s&#8217;accorde sur le fait que la plupart des patients porteurs d\u2019une stomie conna\u00eetront, \u00e0 un moment ou \u00e0 un autre, des probl\u00e8mes de peau p\u00e9ristomiale. Les fuites repr\u00e9sentent l\u2019une des pr\u00e9occupations majeures des patients.<br>&nbsp;<br>Une r\u00e9cente \u00e9tude a d\u00e9montr\u00e9 que <strong><mark style=\"background-color:rgba(0, 0, 0, 0)\" class=\"has-inline-color has-purple-600-color\">les fuites repr\u00e9sentent toujours une source d\u2019inqui\u00e9tude pour <span class=\"swoosh-underline-purple\">93\u202f%<\/span> des personnes stomis\u00e9es.<\/mark><\/strong><sup>1<\/sup>&nbsp;Une autre enqu\u00eate concernant la qualit\u00e9 de vie, men\u00e9e aupr\u00e8s de plus de 4\u202f000 personnes stomis\u00e9es, a r\u00e9v\u00e9l\u00e9 que\u202f<strong><mark style=\"background-color:rgba(0, 0, 0, 0)\" class=\"has-inline-color has-teal-600-color\"><span class=\"swoosh-underline\">75\u202f%<\/span> d\u2019entre eux avaient rencontr\u00e9 des complications cutan\u00e9es p\u00e9ristomiales<\/mark><\/strong> et que\u202f<strong><mark style=\"background-color:rgba(0, 0, 0, 0)\" class=\"has-inline-color has-purple-600-color\"><span class=\"swoosh-underline-purple\">81\u202f%<\/span> avaient \u00e9t\u00e9 touch\u00e9s par une fuite\u202fau cours des six derniers mois.<sup>2<\/sup><\/mark><\/strong>&nbsp;<\/p>\n\n\n<div class=\"spacer\n    h-8    lg:h-8\"\n>\n<\/div>\n\n\n\n<h2 class=\"wp-block-heading has-teal-600-color has-text-color has-link-color wp-elements-f6d44efbd0b0c3bac8952472a7011442 text-center lg:text-center\"><strong>Comment aider les patients atteints de l\u00e9sions cutan\u00e9es p\u00e9ristomiales\u202f?&nbsp;<\/strong><\/h2>\n\n\n\n<p class=\"text-center lg:text-center text-xl lg:text-xl\">La plupart des l\u00e9sions cutan\u00e9es p\u00e9ristomiales proviennent d\u2019une fuite de la poche de stomie. Par cons\u00e9quent, pour aider vos patients \u00e0 surmonter cette \u00e9preuve, la capacit\u00e9 d\u2019absorption joue un r\u00f4le crucial. Un anneau dot\u00e9 d\u2019une bonne capacit\u00e9 d\u2019absorption permet de stopper les fuites, d&#8217;\u00e9viter tout contact entre l\u2019\u00e9coulement et la peau p\u00e9ristomiale et de prot\u00e9ger l\u2019\u00e9piderme contre d&#8217;\u00e9ventuelles l\u00e9sions ou irritations.&nbsp;<br>&nbsp;<br>Gr\u00e2ce \u00e0 l\u2019application d\u2019un anneau de stomie efficace, l\u2019humidit\u00e9 n\u2019est pas d\u00e9vi\u00e9e, mais \u00e9vacu\u00e9e, ce qui permet aux patients de s\u2019assurer que l\u2019\u00e9coulement n&#8217;entrera pas en contact avec leur peau p\u00e9ristomiale d\u00e9j\u00e0 tr\u00e8s sensible. L\u2019utilisation d\u2019un anneau dot\u00e9 de capacit\u00e9s d\u2019inhibition des enzymes\u202fplus \u00e9lev\u00e9e offre \u00e0 vos patients un meilleur niveau de protection et aide \u00e0 combattre les effets n\u00e9gatifs des enzymes (les \u00e9lastases et les lipases). Celles-ci sont pr\u00e9sentes dans les selles g\u00e9n\u00e9r\u00e9es par la stomie. De plus, il a \u00e9t\u00e9 d\u00e9montr\u00e9 qu\u2019elles sont \u00e0 l\u2019origine de l\u00e9sions suppl\u00e9mentaires au niveau de la peau p\u00e9ristomiale.&nbsp;<br>&nbsp;<br>Le professeur David Voegeli (2012) d\u00e9montre l&#8217;importance du pouvoir absorbant d\u2019un anneau protecteur \u00e0 travers ses recherches, dont les r\u00e9sultats r\u00e9v\u00e8lent que l&#8217;utilisation d&#8217;un produit visant \u00e0\u202f\u00ab \u00e9vacuer l&#8217;humidit\u00e9 de la peau \u00e0 risque \u00bb est essentielle pour pr\u00e9venir l\u2019apparition de l\u00e9sions cutan\u00e9es li\u00e9es \u00e0 l&#8217;humidit\u00e9 (MASD).<sup>3<\/sup>&nbsp;L\u2019\u00e9quipe R&amp;D d\u2019eakin <sup>\u00ae<\/sup> a \u00e9galement men\u00e9 des tests in vitro, afin d\u2019\u00e9valuer la capacit\u00e9 d\u2019absorption de certains des principaux anneaux pour stomie, disponibles sur le march\u00e9. Pour voir les r\u00e9sultats du test d\u2019absorption, veuillez cliquer sur le lien vid\u00e9o ci-dessous.<\/p>\n\n\n<div class=\"spacer\n    h-8    lg:h-8\"\n>\n<\/div>\n\n\n\n<h3 class=\"wp-block-heading has-purple-600-color has-text-color has-link-color wp-elements-cea1765252edbb91bf51f3009b758f47 text-center lg:text-center\"><strong>Conseils et ressources<\/strong><\/h3>\n\n\n\n<p class=\"text-center lg:text-center text-xl lg:text-xl\">D\u00e9couvrez les derni\u00e8res statistiques sur les l\u00e9sions cutan\u00e9es caus\u00e9es par les fuites des poches de stomie, leur impact sur les personnes stomis\u00e9es et l\u2019importance de votre r\u00f4le, afin de les aider \u00e0 choisir un anneau protecteur fiable.<\/p>\n\n\n <div class=\"row\n                container mx-auto        px-4 py-0 lg:px-4 lg:py-0    \">\n    <div class=\"acf-innerblocks-container\">\n\n\n<div class=\"card mx-auto\">\n        <div class=\"card-body\">\n                    <h4>Vid\u00e9o du test d\u2019absorption des anneaux protecteurs<\/h4>\n                <div class=\"flex-1\">\n                                <p>Regardez la vid\u00e9o du test men\u00e9 par l\u2019\u00e9quipe R&#038;D d\u2019Eakin<sup>\u00ae<\/sup>, dans laquelle vous d\u00e9couvrirez un aper\u00e7u visuel des performances d\u2019absorption d\u2019une gamme d\u2019anneaux protecteurs.<\/p>\n                    <\/div>\n                    <a class=\"btn btn-gradient\" href=\"https:\/\/youtu.be\/SvDPBLJcUr0?si=bgsnapW6iAe110oF\" target=\"_blank\" rel=\"noopener\">\n                Regardez ici            <\/a>\n            <\/div>\n<\/div>\n\n\n\n\n<div class=\"card mx-auto\">\n        <div class=\"card-body\">\n                    <h4>Rapport clinique<\/h4>\n                <div class=\"flex-1\">\n                                <p><span class=\"TextRun SCXW141171445 BCX8\" lang=\"FR-FR\" xml:lang=\"FR-FR\" data-contrast=\"none\"><span class=\"NormalTextRun SCXW141171445 BCX8\" data-ccp-parastyle=\"Normal (Web)\">D\u00e9couvrez les derniers r\u00e9sultats des exp\u00e9riences r\u00e9alis\u00e9es autour <\/span><\/span><span class=\"TextRun Highlight SCXW141171445 BCX8\" lang=\"FR-FR\" xml:lang=\"FR-FR\" data-contrast=\"none\"><span class=\"NormalTextRun SCXW141171445 BCX8\" data-ccp-parastyle=\"Normal (Web)\">des anneaux absorbants, inhibiteurs d\u2019enzymes et <\/span><span class=\"NormalTextRun SCXW141171445 BCX8\" data-ccp-charstyle=\"apple-converted-space\" data-ccp-charstyle-defn=\"{\"ObjectId\":\"2fd183b4-ad5c-5199-9fc7-89a6d0356079|1\",\"ClassId\":1073872969,\"Properties\":[201342446,\"1\",201342447,\"5\",201342448,\"1\",201342449,\"1\",469777841,\"Aptos\",469777842,\"\",469777843,\"Aptos\",469777844,\"Aptos\",201341986,\"1\",469769226,\"Aptos\",268442635,\"24\",469775450,\"apple-converted-space\",201340122,\"1\",134233614,\"true\",469778129,\"apple-converted-space\",335572020,\"1\",469778324,\"Default Paragraph Font\"]}\">de leur r\u00f4le dans le soulagement des probl\u00e8mes de peau p\u00e9ristomiale, ainsi que les nombreux avantages cliniques suppl\u00e9mentaires pour vos patients.<\/span><\/span><\/p>\n                    <\/div>\n                    <a class=\"btn btn-gradient\" href=\"https:\/\/www.eakinostomy.com\/fr\/wp-content\/uploads\/2025\/06\/McGroggan-G-An-absorbent-enzyme-inhibiting-seal-reduces-peristomal-skin-complications.pdf\">\n                En savoir plus            <\/a>\n            <\/div>\n<\/div>\n\n\n\n\n<div class=\"card mx-auto\">\n        <div class=\"card-body\">\n                    <h4>Infographie \u00e0 propos de la capacit\u00e9 d\u2019absorption<\/h4>\n                <div class=\"flex-1\">\n                                <p><span class=\"NormalTextRun SCXW127144375 BCX8\" data-ccp-parastyle=\"Normal (Web)\">Notre derni\u00e8re infographie pr\u00e9sente les r\u00e9cents r\u00e9sultats des tests portant sur les l\u00e9sions cutan\u00e9es li\u00e9es \u00e0 l\u2019humidit\u00e9 (MASD) et s\u2019appuie sur les recherches men\u00e9es autour de l\u2019importance de la capacit\u00e9 d\u2019absorption d<\/span><span class=\"NormalTextRun SCXW127144375 BCX8\" data-ccp-parastyle=\"Normal (Web)\">\u2019un <\/span><span class=\"NormalTextRun SCXW127144375 BCX8\" data-ccp-parastyle=\"Normal (Web)\">anneau <\/span><span class=\"NormalTextRun SCXW127144375 BCX8\" data-ccp-parastyle=\"Normal (Web)\">protecteur<\/span><span class=\"NormalTextRun SCXW127144375 BCX8\" data-ccp-parastyle=\"Normal (Web)\">, lors du choix de vos patients.<\/span><\/p>\n                    <\/div>\n                    <a class=\"btn btn-gradient\" href=\"https:\/\/www.eakinostomy.com\/fr\/wp-content\/uploads\/sites\/15\/2025\/08\/Updated-Cohesive-Detailer-2020-FR.pdf\">\n                Voir ici            <\/a>\n            <\/div>\n<\/div>\n\n<\/div>\n<\/div>\n\n\n<div class=\"spacer\n    h-4    lg:h-8\"\n>\n<\/div>\n\n\n\n<p class=\"text-base lg:text-base\"><strong>R\u00e9f\u00e9rences<\/strong> <strong>:<br><\/strong>1. Voegeli, D., Moisture-associated skin damage: aetiology, prevention and treatment. Br J. Nurs. 2012:21(9):517-520<br>2. Salvadena G, Cowell J, Skountrianos G, Pittman J, (2020) Lessons Learned About Peristomal Skin Complications. Wound Ostomy Continence Nurs. 2020;47(4):357-363<br>3. Coloplast Ostomy Forums 2015\/16. Ostomy Life Study<\/p>\n\n\n<div class=\"spacer\n    h-4    lg:h-8\"\n>\n<\/div>\n\n\n<div class=\"need-help\">\n    <div class=\"container mx-auto flex flex-col lg:flex-row lg:justify-between lg:max-w-[1162px] lg:items-center\">\n        <div class=\"content lg:text-lg\">\n            <h4 class=\"text-purple-600\">Des produits de soin de stomie sur lesquels vous pouvez compter<\/h4>\n            <picture class=\"lg:hidden block mb-6\">\n                <img decoding=\"async\" loading=\"lazy\" src=\"https:\/\/www.eakinostomy.com\/fr\/wp-content\/uploads\/sites\/15\/2025\/05\/accessories.jpg\" srcset=\"https:\/\/www.eakinostomy.com\/fr\/wp-content\/uploads\/sites\/15\/2025\/05\/accessories-300x200.jpg 300w, https:\/\/www.eakinostomy.com\/fr\/wp-content\/uploads\/sites\/15\/2025\/05\/accessories-1024x683.jpg 1024w, https:\/\/www.eakinostomy.com\/fr\/wp-content\/uploads\/sites\/15\/2025\/05\/accessories-150x100.jpg 150w, https:\/\/www.eakinostomy.com\/fr\/wp-content\/uploads\/sites\/15\/2025\/05\/accessories-768x512.jpg 768w, https:\/\/www.eakinostomy.com\/fr\/wp-content\/uploads\/sites\/15\/2025\/05\/accessories-1536x1024.jpg 1536w, https:\/\/www.eakinostomy.com\/fr\/wp-content\/uploads\/sites\/15\/2025\/05\/accessories-2048x1366.jpg 2048w, https:\/\/www.eakinostomy.com\/fr\/wp-content\/uploads\/sites\/15\/2025\/05\/accessories-600x400.jpg 600w\" alt=\"\">\n            <\/picture>\n            <div class=\"my-4\">\n                <p><span class=\"TextRun SCXW136879129 BCX8\" lang=\"FR-FR\" xml:lang=\"FR-FR\" data-contrast=\"none\"><span class=\"NormalTextRun SCXW136879129 BCX8\">Des <\/span><span class=\"NormalTextRun SCXW136879129 BCX8\">appareillag<\/span><span class=\"NormalTextRun SCXW136879129 BCX8\">es<\/span><span class=\"NormalTextRun SCXW136879129 BCX8\">, <\/span><span class=\"NormalTextRun SCXW136879129 BCX8\">aux <\/span><span class=\"NormalTextRun SCXW136879129 BCX8\">anneaux <\/span><span class=\"NormalTextRun SCXW136879129 BCX8\">protecteurs fiables<\/span><span class=\"NormalTextRun SCXW136879129 BCX8\"> et <\/span><span class=\"NormalTextRun SCXW136879129 BCX8\">aux accessoires innovants, notre gamme de produits <\/span><span class=\"NormalTextRun SpellingErrorV2Themed SCXW136879129 BCX8\">eaki<\/span><span class=\"NormalTextRun SpellingErrorV2Themed SCXW136879129 BCX8\">n<\/span><\/span><span class=\"TextRun SCXW136879129 BCX8\" lang=\"FR-FR\" xml:lang=\"FR-FR\" data-contrast=\"none\"><span class=\"NormalTextRun Superscript SCXW136879129 BCX8\" data-fontsize=\"11\">\u00ae\u00a0<\/span><\/span><span class=\"TextRun SCXW136879129 BCX8\" lang=\"FR-FR\" xml:lang=\"FR-FR\" data-contrast=\"none\"> <span class=\"NormalTextRun SCXW136879129 BCX8\">compren<\/span><span class=\"NormalTextRun SCXW136879129 BCX8\">d tout <\/span><span class=\"NormalTextRun SCXW136879129 BCX8\">ce<\/span> <span class=\"NormalTextRun SCXW136879129 BCX8\">dont<\/span> <span class=\"NormalTextRun SCXW136879129 BCX8\">vous<\/span> <span class=\"NormalTextRun SCXW136879129 BCX8\">avez<\/span> <span class=\"NormalTextRun SCXW136879129 BCX8\">besoin<\/span><span class=\"NormalTextRun SCXW136879129 BCX8\"> pour <\/span><span class=\"NormalTextRun SCXW136879129 BCX8\">accompagner<\/span> <span class=\"NormalTextRun SCXW136879129 BCX8\">vos<\/span><span class=\"NormalTextRun SCXW136879129 BCX8\"> patients apr\u00e8s <\/span><span class=\"NormalTextRun SCXW136879129 BCX8\">leur<\/span><span class=\"NormalTextRun SCXW136879129 BCX8\"> sortie de <\/span><span class=\"NormalTextRun SCXW136879129 BCX8\">l&#8217;h\u00f4pital<\/span><span class=\"NormalTextRun SCXW136879129 BCX8\">. Vous <\/span><span class=\"NormalTextRun SCXW136879129 BCX8\">pouvez<\/span> <\/span><span class=\"TextRun Highlight SCXW136879129 BCX8\" lang=\"FR-FR\" xml:lang=\"FR-FR\" data-contrast=\"none\"><span class=\"NormalTextRun SCXW136879129 BCX8\">demander <\/span><span class=\"NormalTextRun SCXW136879129 BCX8\">des \u00e9chantillons de produits<\/span><\/span> <span class=\"TextRun Highlight SCXW136879129 BCX8\" lang=\"FR-FR\" xml:lang=\"FR-FR\" data-contrast=\"none\"><span class=\"NormalTextRun SCXW136879129 BCX8\">directement aupr\u00e8s d\u2019<\/span><span class=\"NormalTextRun SpellingErrorV2Themed SCXW136879129 BCX8\">eakin<\/span><span class=\"NormalTextRun SCXW136879129 BCX8\"> ou par l\u2019interm\u00e9diaire de votre repr\u00e9sentant local<\/span><\/span> <span class=\"TextRun Highlight SCXW136879129 BCX8\" lang=\"FR-FR\" xml:lang=\"FR-FR\" data-contrast=\"none\"><span class=\"NormalTextRun SCXW136879129 BCX8\">pour constater la diff\u00e9rence par vous-m\u00eame. <\/span><\/span><\/p>\n            <\/div>\n            <div class=\"flex flex-col gap-4 pt-4 lg:flex-row\">\n                                                            <a href=\"https:\/\/www.eakinostomy.com\/fr\/nos-produits\/\" class=\"btn btn-primary w-full text-center lg:w-fit\">\n                            Voir les produits                        <\/a>\n                                                <\/div>\n        <\/div>\n        <div class=\"hidden lg:block\">\n            <picture>\n                <img decoding=\"async\" src=\"https:\/\/www.eakinostomy.com\/fr\/wp-content\/uploads\/sites\/15\/2025\/05\/accessories.jpg\" srcset=\"https:\/\/www.eakinostomy.com\/fr\/wp-content\/uploads\/sites\/15\/2025\/05\/accessories-300x200.jpg 300w, https:\/\/www.eakinostomy.com\/fr\/wp-content\/uploads\/sites\/15\/2025\/05\/accessories-1024x683.jpg 1024w, https:\/\/www.eakinostomy.com\/fr\/wp-content\/uploads\/sites\/15\/2025\/05\/accessories-150x100.jpg 150w, https:\/\/www.eakinostomy.com\/fr\/wp-content\/uploads\/sites\/15\/2025\/05\/accessories-768x512.jpg 768w, https:\/\/www.eakinostomy.com\/fr\/wp-content\/uploads\/sites\/15\/2025\/05\/accessories-1536x1024.jpg 1536w, https:\/\/www.eakinostomy.com\/fr\/wp-content\/uploads\/sites\/15\/2025\/05\/accessories-2048x1366.jpg 2048w, https:\/\/www.eakinostomy.com\/fr\/wp-content\/uploads\/sites\/15\/2025\/05\/accessories-600x400.jpg 600w\" alt=\"\">\n            <\/picture>\n        <\/div>\n    <\/div>\n<\/div>\n","protected":false},"excerpt":{"rendered":"<p>Bien qu\u2019ils fassent partie int\u00e9grante de la vie des personnes stomis\u00e9es, notamment au d\u00e9but, lorsqu\u2019ils s\u2019adaptent \u00e0 leur nouvelle routine de soins, ces sympt\u00f4mes peuvent g\u00e9n\u00e9rer de l\u2019anxi\u00e9t\u00e9, de la frustration et des probl\u00e8mes cutan\u00e9s p\u00e9ristomiens douloureux.&nbsp;Le personnel soignant s&#8217;accorde sur le fait que la plupart des patients porteurs d\u2019une stomie conna\u00eetront, \u00e0 un moment [&hellip;]<\/p>\n","protected":false},"author":8,"featured_media":0,"parent":1241,"menu_order":0,"comment_status":"closed","ping_status":"closed","template":"","meta":{"_acf_changed":true,"footnotes":""},"class_list":["post-1281","page","type-page","status-publish","hentry"],"acf":[],"_links":{"self":[{"href":"https:\/\/www.eakinostomy.com\/fr\/wp-json\/wp\/v2\/pages\/1281","targetHints":{"allow":["GET"]}}],"collection":[{"href":"https:\/\/www.eakinostomy.com\/fr\/wp-json\/wp\/v2\/pages"}],"about":[{"href":"https:\/\/www.eakinostomy.com\/fr\/wp-json\/wp\/v2\/types\/page"}],"author":[{"embeddable":true,"href":"https:\/\/www.eakinostomy.com\/fr\/wp-json\/wp\/v2\/users\/8"}],"replies":[{"embeddable":true,"href":"https:\/\/www.eakinostomy.com\/fr\/wp-json\/wp\/v2\/comments?post=1281"}],"version-history":[{"count":0,"href":"https:\/\/www.eakinostomy.com\/fr\/wp-json\/wp\/v2\/pages\/1281\/revisions"}],"up":[{"embeddable":true,"href":"https:\/\/www.eakinostomy.com\/fr\/wp-json\/wp\/v2\/pages\/1241"}],"wp:attachment":[{"href":"https:\/\/www.eakinostomy.com\/fr\/wp-json\/wp\/v2\/media?parent=1281"}],"curies":[{"name":"wp","href":"https:\/\/api.w.org\/{rel}","templated":true}]}}