{"id":1353,"date":"2025-03-26T15:33:40","date_gmt":"2025-03-26T15:33:40","guid":{"rendered":"https:\/\/www.eakinostomy.com\/?page_id=1353"},"modified":"2025-08-14T10:29:00","modified_gmt":"2025-08-14T10:29:00","slug":"plaie","status":"publish","type":"page","link":"https:\/\/www.eakinostomy.com\/fr\/professionnels-de-sante\/plaie\/","title":{"rendered":"Plaie"},"content":{"rendered":"<div class=\"background-block relative overflow-hidden\" style=\"background-color: #f6f6f6\">\n        <div class=\"relative z-20\">\n        <div class=\"acf-innerblocks-container\">\n\n<div class=\"hero\">\n            \n    <div class=\"absolute w-full z-[39] pt-2\">\n        <div class=\"pt-2 container mx-auto relative breadcrumbs px-4 \">\n            <div class=\" flex items-center flex-wrap\">\n                <span property=\"itemListElement\" typeof=\"ListItem\"><a property=\"item\" typeof=\"WebPage\" title=\"Go to Home.\" href=\"https:\/\/www.eakinostomy.com\/fr\" class=\"home\" aria-current=\"page\"><span property=\"name\">Home<\/span><\/a><meta property=\"position\" content=\"1\"><\/span>            <\/div>\n        <\/div>\n    <\/div>\n        <div class=\"acf-innerblocks-container\">\n<div class=\"hero-slide glide__slide\">\n    <div class=\"acf-innerblocks-container\">\n\n<div class=\"wp-block-group\"><div class=\"wp-block-group__inner-container is-layout-flow wp-block-group-is-layout-flow\">\n<h1 class=\"wp-block-heading\"><mark style=\"background-color:rgba(0, 0, 0, 0)\" class=\"has-inline-color has-teal-600-color\">Soin des plaies<\/mark><\/h1>\n\n\n\n<p>eakin Wound Pouches<sup>TM<\/sup>&nbsp;&#8211; pour la prise en charge et le drainage des plaies.<\/p>\n<\/div><\/div>\n\n\n\n\n\n<figure class=\"wp-block-image size-full\"><img loading=\"lazy\" decoding=\"async\" width=\"2560\" height=\"1809\" src=\"https:\/\/www.eakinostomy.com\/wp-content\/uploads\/2025\/05\/wound.jpg\" alt=\"\" class=\"wp-image-3391\" srcset=\"https:\/\/www.eakinostomy.com\/fr\/wp-content\/uploads\/sites\/15\/2025\/05\/wound.jpg 2560w, https:\/\/www.eakinostomy.com\/fr\/wp-content\/uploads\/sites\/15\/2025\/05\/wound-300x212.jpg 300w, https:\/\/www.eakinostomy.com\/fr\/wp-content\/uploads\/sites\/15\/2025\/05\/wound-1024x724.jpg 1024w, https:\/\/www.eakinostomy.com\/fr\/wp-content\/uploads\/sites\/15\/2025\/05\/wound-150x106.jpg 150w, https:\/\/www.eakinostomy.com\/fr\/wp-content\/uploads\/sites\/15\/2025\/05\/wound-768x543.jpg 768w, https:\/\/www.eakinostomy.com\/fr\/wp-content\/uploads\/sites\/15\/2025\/05\/wound-1536x1085.jpg 1536w, https:\/\/www.eakinostomy.com\/fr\/wp-content\/uploads\/sites\/15\/2025\/05\/wound-2048x1447.jpg 2048w, https:\/\/www.eakinostomy.com\/fr\/wp-content\/uploads\/sites\/15\/2025\/05\/wound-600x424.jpg 600w\" sizes=\"auto, (max-width: 2560px) 100vw, 2560px\" \/><\/figure>\n\n<\/div>\n<\/div>\n\n<\/div>\n    <div class=\"glide-navigation-container\">\n        <div class=\"glide-navigation hidden\">\n            <div class=\"glide__bullets\" data-glide-el=\"controls[nav]\"><\/div>\n            <div class=\"glide__arrows\" data-glide-el=\"controls\"><\/div>\n        <\/div>\n    <\/div>\n<\/div>\n\n<\/div>\n    <\/div>\n<\/div>\n\n\n<div class=\"spacer\n    h-4    lg:h-20\"\n>\n<\/div>\n\n\n\n<h2 class=\"wp-block-heading has-purple-600-color has-text-color has-link-color wp-elements-925c7a8c84a1c705371871af71b2da9e text-center lg:text-center\">Pourquoi la poche&nbsp;<strong>eakin Wound Pouch<sup>\u2122<\/sup>&nbsp;est-elle unique?<\/strong><\/h2>\n\n\n\n<p class=\"text-center lg:text-center text-xl lg:text-xl\">La simplicit\u00e9 de conception du produit, qui garantit sa facilit\u00e9 d\u2019utilisation, s\u2019allie \u00e0 la technologie unique et mondialement reconnue de l\u2019adh\u00e9sif&nbsp;eakin&nbsp;<strong>Cohesive<sup>\u00ae<\/sup><\/strong>,&nbsp;pour offrir un produit de drainage des plaies qui propose des avantages consid\u00e9rables aux patients, au personnel clinique et aux \u00e9tablissements m\u00e9dicaux.<\/p>\n\n\n\n<p class=\"text-center lg:text-center text-xl lg:text-xl\"><em>\u201cUn syst\u00e8me de poches efficace&nbsp;<strong>permet un bon drainage<\/strong>,&nbsp;<strong>contr\u00f4le les odeurs<\/strong>, favorise le&nbsp;<strong>confort&nbsp;<\/strong>et&nbsp;<strong>diminue la douleur<\/strong>&nbsp;gr\u00e2ce \u00e0 des&nbsp;<strong>changements moins fr\u00e9quents<\/strong>, prot\u00e8ge la peau des drainages caustiques,&nbsp;<strong>facilite une<\/strong>&nbsp;<strong>mesure<\/strong>&nbsp;<strong>pr\u00e9cise<\/strong>&nbsp;des selles, offre au patient une vie&nbsp;<strong>plus active et mobile<\/strong>, et pr\u00e9serve la&nbsp;<strong>dignit\u00e9 et la qualit\u00e9 de vie&nbsp;<\/strong>de celui-ci.\u201d \u00b9<sup>,&nbsp;<\/sup>\u00b2<\/em><\/p>\n\n\n\n<figure class=\"wp-block-embed aligncenter is-type-video is-provider-youtube wp-block-embed-youtube wp-embed-aspect-16-9 wp-has-aspect-ratio\"><div class=\"wp-block-embed__wrapper\">\n<iframe loading=\"lazy\" title=\"CGI Eakin Wound Pouch Application Video French\" width=\"640\" height=\"360\" src=\"https:\/\/www.youtube.com\/embed\/A118BFOly08?feature=oembed\" frameborder=\"0\" allow=\"accelerometer; autoplay; clipboard-write; encrypted-media; gyroscope; picture-in-picture; web-share\" referrerpolicy=\"strict-origin-when-cross-origin\" allowfullscreen><\/iframe>\n<\/div><\/figure>\n\n\n<div class=\"spacer\n    h-8    lg:h-20\"\n>\n<\/div>\n\n\n\n<h3 class=\"wp-block-heading has-teal-600-color has-text-color has-link-color wp-elements-fb1e1bdc70255e66dce631b830e7e06c text-center lg:text-center\">5 raisons d\u2019utiliser des eakin Wound Pouches<sup>\u2122<\/sup><\/h3>\n\n\n\n<ul class=\"wp-block-list is-style-teal-checkmark\">\n<li class=\"text-xl lg:text-xl\"><strong><mark style=\"background-color:rgba(0, 0, 0, 0)\" class=\"has-inline-color has-teal-600-color\">Prot\u00e8ge contre les dommages cutan\u00e9s associ\u00e9s \u00e0&nbsp;l\u2019humidit\u00e9<\/mark><\/strong> &#8211; La barri\u00e8re cutan\u00e9e<strong>&nbsp;eakin&nbsp;Cohesive<sup>\u00ae&nbsp;<\/sup><\/strong>hautement absorbante pr\u00e9sente sur chaque poche aide&nbsp;<strong>\u00e0 prot\u00e9ger<\/strong>&nbsp;contre les dommages cutan\u00e9s associ\u00e9s \u00e0 l\u2019humidit\u00e9 de la peau entourant la plaie, tout en assurant une bonne adh\u00e9rence, quelle que soit la forme de la plaie.&nbsp;<strong>eakin<\/strong>&nbsp;<strong>Cohesive<sup>\u00ae<\/sup><\/strong>&nbsp;est reconnu pour \u00eatre extr\u00eamement respectueux de la peau.<\/li>\n\n\n\n<li class=\"text-xl lg:text-xl\"><strong><mark style=\"background-color:rgba(0, 0, 0, 0)\" class=\"has-inline-color has-teal-600-color\">Plus souple<\/mark><\/strong> &#8211; Les poches<strong>&nbsp;eakin Wound Pouches<sup>TM<\/sup>&nbsp;<\/strong>restent souples, gr\u00e2ce \u00e0 une technique de soudage innovante qui permet de les mouler facilement \u00e0 toute morphologie.<\/li>\n\n\n\n<li class=\"text-xl lg:text-xl\"><strong><mark style=\"background-color:rgba(0, 0, 0, 0)\" class=\"has-inline-color has-teal-600-color\">Access Window<sup>TM<\/sup>&nbsp;pour observer facilement<\/mark><\/strong> &#8211; Une fen\u00eatre&nbsp;<strong>Access Window<sup>TM&nbsp;<\/sup><\/strong>transparente est disponible sur certains mod\u00e8les pour observer la plaie sans avoir \u00e0 retirer la poche et&nbsp;<strong>facilitant l\u2019acc\u00e8s<\/strong>&nbsp;pour le soin ou l\u2019irrigation des plaies.<\/li>\n\n\n\n<li class=\"text-xl lg:text-xl\"><strong><mark style=\"background-color:rgba(0, 0, 0, 0)\" class=\"has-inline-color has-teal-600-color\">Pr\u00e9cision<\/mark><\/strong> &#8211; Une zone de d\u00e9coupe clairement d\u00e9finie et un<strong>&nbsp;mod\u00e8le de&nbsp;tra\u00e7age&nbsp;<\/strong>garantissant une d\u00e9coupe pr\u00e9cise et&nbsp;<strong>un meilleur&nbsp;ajustement&nbsp;<\/strong>autour des plaies et fistules.<\/li>\n\n\n\n<li class=\"text-xl lg:text-xl\"><strong><mark style=\"background-color:rgba(0, 0, 0, 0)\" class=\"has-inline-color has-teal-600-color\">Choix de tailles<\/mark><\/strong> &#8211; Disponibles dans&nbsp;<strong>plusieurs tailles<\/strong>, les poches conviennent aussi bien \u00e0 une utilisation sur des jeunes enfants que sur de grandes plaies post-op\u00e9ratoires.<\/li>\n<\/ul>\n\n\n<div class=\"spacer\n    h-8    lg:h-12\"\n>\n<\/div>\n\n\n\n<h3 class=\"wp-block-heading has-purple-600-color has-text-color has-link-color wp-elements-2c1b14a55f8c3e294840110c8c5f3692 text-center lg:text-center\">Comment mettre en place une fen\u00eatre d\u2019acc\u00e8s eakin Access Window<sup>\u2122<\/sup><\/h3>\n\n\n<div class=\"spacer\n    h-8    lg:h-8\"\n>\n<\/div>\n\n\n\n<figure class=\"wp-block-embed aligncenter is-type-video is-provider-youtube wp-block-embed-youtube wp-embed-aspect-16-9 wp-has-aspect-ratio\"><div class=\"wp-block-embed__wrapper\">\n<iframe loading=\"lazy\" title=\"Eakin Access Window Application EakinFR  (French)\" width=\"640\" height=\"360\" src=\"https:\/\/www.youtube.com\/embed\/hbwK0pxN0o8?feature=oembed\" frameborder=\"0\" allow=\"accelerometer; autoplay; clipboard-write; encrypted-media; gyroscope; picture-in-picture; web-share\" referrerpolicy=\"strict-origin-when-cross-origin\" allowfullscreen><\/iframe>\n<\/div><\/figure>\n\n\n<div class=\"spacer\n    h-8    lg:h-20\"\n>\n<\/div>\n\n\n\n<h3 class=\"wp-block-heading has-teal-600-color has-text-color has-link-color wp-elements-6df8694390385d289ed5f478ac68e5da text-center lg:text-center\">En savoir plus sur le soin des plaies<\/h3>\n\n\n<div class=\"spacer\n    h-8    lg:h-8\"\n>\n<\/div>\n\n\n <div class=\"row\n                container mx-auto        px-4 py-0 lg:px-4 lg:py-0    \">\n    <div class=\"acf-innerblocks-container\">\n\n\n<div class=\"card mx-auto\">\n            <picture>\n            <img decoding=\"async\" loading=\"lazy\" src=\"https:\/\/www.eakinostomy.com\/fr\/wp-content\/uploads\/sites\/15\/2025\/05\/woundpouches.jpg\" alt=\"\" srcset=\"https:\/\/www.eakinostomy.com\/fr\/wp-content\/uploads\/sites\/15\/2025\/05\/woundpouches-300x205.jpg 300w, https:\/\/www.eakinostomy.com\/fr\/wp-content\/uploads\/sites\/15\/2025\/05\/woundpouches-1024x700.jpg 1024w, https:\/\/www.eakinostomy.com\/fr\/wp-content\/uploads\/sites\/15\/2025\/05\/woundpouches-150x103.jpg 150w, https:\/\/www.eakinostomy.com\/fr\/wp-content\/uploads\/sites\/15\/2025\/05\/woundpouches-768x525.jpg 768w, https:\/\/www.eakinostomy.com\/fr\/wp-content\/uploads\/sites\/15\/2025\/05\/woundpouches-1536x1050.jpg 1536w, https:\/\/www.eakinostomy.com\/fr\/wp-content\/uploads\/sites\/15\/2025\/05\/woundpouches-2048x1400.jpg 2048w, https:\/\/www.eakinostomy.com\/fr\/wp-content\/uploads\/sites\/15\/2025\/05\/woundpouches-600x410.jpg 600w\">\n        <\/picture>\n        <div class=\"card-body\">\n                    <h4> Gamme de produits<\/h4>\n                <div class=\"flex-1\">\n                                <p>Disponibles en plusieurs tailles, les poches s\u2019adaptent aux nourrissons ou aux grandes plaies postop\u00e9ratoires.<\/p>\n                    <\/div>\n                    <a class=\"btn btn-gradient\" href=\"https:\/\/www.eakinostomy.com\/fr\/professionnels-de-sante\/plaie\/gamme-de-produits\/\">\n                Voir tout            <\/a>\n            <\/div>\n<\/div>\n\n\n\n\n<div class=\"card mx-auto\">\n            <picture>\n            <img decoding=\"async\" loading=\"lazy\" src=\"https:\/\/www.eakinostomy.com\/fr\/wp-content\/uploads\/sites\/15\/2025\/05\/whypouches.jpg\" alt=\"\" srcset=\"https:\/\/www.eakinostomy.com\/fr\/wp-content\/uploads\/sites\/15\/2025\/05\/whypouches-300x200.jpg 300w, https:\/\/www.eakinostomy.com\/fr\/wp-content\/uploads\/sites\/15\/2025\/05\/whypouches-1024x683.jpg 1024w, https:\/\/www.eakinostomy.com\/fr\/wp-content\/uploads\/sites\/15\/2025\/05\/whypouches-150x100.jpg 150w, https:\/\/www.eakinostomy.com\/fr\/wp-content\/uploads\/sites\/15\/2025\/05\/whypouches-768x512.jpg 768w, https:\/\/www.eakinostomy.com\/fr\/wp-content\/uploads\/sites\/15\/2025\/05\/whypouches-600x400.jpg 600w, https:\/\/www.eakinostomy.com\/fr\/wp-content\/uploads\/sites\/15\/2025\/05\/whypouches.jpg 1378w\">\n        <\/picture>\n        <div class=\"card-body\">\n                    <h4>Pourquoi utiliser les poches eakin Wound Pouches\u2122<\/h4>\n                <div class=\"flex-1\">\n                                <p>Des produits simples, mais extraordinaires, pour la gestion des fistules et des plaies qui g\u00e9n\u00e8rent de l\u2019exsudat.<\/p>\n                    <\/div>\n                    <a class=\"btn btn-gradient\" href=\"https:\/\/www.eakinostomy.com\/fr\/professionnels-de-sante\/plaie\/pourquoi-utiliser-les-poches-eakin-wound-pouches\/\">\n                D\u00e9couvrez pourquoi            <\/a>\n            <\/div>\n<\/div>\n\n<\/div>\n<\/div>\n\n\n<div class=\"spacer\n    h-4    lg:h-12\"\n>\n<\/div>\n","protected":false},"excerpt":{"rendered":"<p>Pourquoi la poche&nbsp;eakin Wound Pouch\u2122&nbsp;est-elle unique? La simplicit\u00e9 de conception du produit, qui garantit sa facilit\u00e9 d\u2019utilisation, s\u2019allie \u00e0 la technologie unique et mondialement reconnue de l\u2019adh\u00e9sif&nbsp;eakin&nbsp;Cohesive\u00ae,&nbsp;pour offrir un produit de drainage des plaies qui propose des avantages consid\u00e9rables aux patients, au personnel clinique et aux \u00e9tablissements m\u00e9dicaux. \u201cUn syst\u00e8me de poches efficace&nbsp;permet un bon [&hellip;]<\/p>\n","protected":false},"author":8,"featured_media":0,"parent":1241,"menu_order":0,"comment_status":"closed","ping_status":"closed","template":"","meta":{"_acf_changed":true,"footnotes":""},"class_list":["post-1353","page","type-page","status-publish","hentry"],"acf":[],"_links":{"self":[{"href":"https:\/\/www.eakinostomy.com\/fr\/wp-json\/wp\/v2\/pages\/1353","targetHints":{"allow":["GET"]}}],"collection":[{"href":"https:\/\/www.eakinostomy.com\/fr\/wp-json\/wp\/v2\/pages"}],"about":[{"href":"https:\/\/www.eakinostomy.com\/fr\/wp-json\/wp\/v2\/types\/page"}],"author":[{"embeddable":true,"href":"https:\/\/www.eakinostomy.com\/fr\/wp-json\/wp\/v2\/users\/8"}],"replies":[{"embeddable":true,"href":"https:\/\/www.eakinostomy.com\/fr\/wp-json\/wp\/v2\/comments?post=1353"}],"version-history":[{"count":0,"href":"https:\/\/www.eakinostomy.com\/fr\/wp-json\/wp\/v2\/pages\/1353\/revisions"}],"up":[{"embeddable":true,"href":"https:\/\/www.eakinostomy.com\/fr\/wp-json\/wp\/v2\/pages\/1241"}],"wp:attachment":[{"href":"https:\/\/www.eakinostomy.com\/fr\/wp-json\/wp\/v2\/media?parent=1353"}],"curies":[{"name":"wp","href":"https:\/\/api.w.org\/{rel}","templated":true}]}}