{"id":1393,"date":"2025-03-26T16:36:49","date_gmt":"2025-03-26T16:36:49","guid":{"rendered":"https:\/\/www.eakinostomy.com\/?page_id=1393"},"modified":"2025-08-06T15:39:58","modified_gmt":"2025-08-06T15:39:58","slug":"conditions-generales","status":"publish","type":"page","link":"https:\/\/www.eakinostomy.com\/fr\/conditions-generales\/","title":{"rendered":"Conditions g\u00e9n\u00e9rales"},"content":{"rendered":"<div class=\"spacer\n    h-8    lg:h-8\"\n>\n<\/div>\n\n\n\n<h1 class=\"wp-block-heading has-purple-600-color has-text-color has-link-color wp-elements-432d8f5399d169ca00604f51a4697346 text-center lg:text-center\"><span class=\"swoosh-underline\">Conditions g\u00e9n\u00e9rales<\/span><\/h1>\n\n\n<div class=\"spacer\n    h-4    lg:h-16\"\n>\n<\/div>\n\n\n\n<p class=\"text-xl lg:text-xl\">Vos donn\u00e9es personnelles seront utilis\u00e9es pour traiter votre commande, am\u00e9liorer votre exp\u00e9rience utilisateur de ce site et \u00e0 d\u2019autres fins d\u00e9crites dans notre\u00a0<strong><a href=\"https:\/\/www.eakinostomy.com\/fr\/politique-de-confidentialite\/\">politique de confidentialit\u00e9<\/a>.<\/strong><\/p>\n\n\n\n<p class=\"text-xl lg:text-xl\">Les personnes entrant en contact avec ce site internet et \/ ou leurs propri\u00e9taires le font de leur plein gr\u00e9, et fournissent leurs informations personnelles \u00e1 leur propre risque.<\/p>\n\n\n\n<p class=\"text-xl lg:text-xl\">Vos informations personnelles sont gard\u00e9es en toute confidentialit\u00e9 et seront conserv\u00e9s jusqu\u2019\u00e1 ce qu\u2019il ne soit plus n\u00e9cessaires d\u2019en disposer, comme d\u00e9taill\u00e9 dans le R\u00e8glement g\u00e9n\u00e9ral de protection des donn\u00e9es (RGPD 2018).<\/p>\n\n\n\n<p class=\"text-xl lg:text-xl\">En acceptant nos conditions g\u00e9n\u00e9rales, vous acceptez que votre demande pour des \u00e9chantillons ou toute autre demande, ce qui inclue vos donn\u00e9es personnelles que vous avez fourni, soient envoy\u00e9s au laboratoire Eakin Healthcare et au distributeur du laboratoire Eakin Healthcare de votre pays de r\u00e9sidence. Les informations fournies seront donc partag\u00e9es entre les deux soci\u00e9t\u00e9s. Le distributeur attitr\u00e9 ou la soci\u00e9t\u00e9 Eakin Healthcare enverrons les \u00e9chantillons ou les informations \u00e1 l\u2019adresse fournie. Vos donn\u00e9es personnelles ne seront pas partag\u00e9es avec d\u2019autres soci\u00e9t\u00e9s ou organisation en dehors du Eakin Healthcare. La soci\u00e9t\u00e9 Eakin Healthcare ou son distributeur agr\u00e9\u00e9 dans votre pays pourront vous contacter pour vous proposer d\u2019autres produits disponibles.<\/p>\n\n\n<div class=\"spacer\n    h-4    lg:h-8\"\n>\n<\/div>\n\n\n\n<h2 class=\"wp-block-heading has-teal-600-color has-text-color has-link-color wp-elements-d5ae9ff7d60b10dad6fd2824325936f7\">Nos coordonn\u00e9es<\/h2>\n\n\n<div class=\"spacer\n    h-4    lg:h-4\"\n>\n<\/div>\n\n\n\n<p class=\"text-xl lg:text-xl\"><strong>Eakin Healthcare<br>15 Ballystockart Road<br>Comber<br>County Down<br>Northern Ireland<br>BT23 5QY<\/strong><\/p>\n\n\n\n<p class=\"text-xl lg:text-xl\"><strong>Tel: <strong>01.59.03.31.10<\/strong><\/strong><\/p>\n\n\n<div class=\"spacer\n    h-4    lg:h-8\"\n>\n<\/div>\n\n\n\n<h2 class=\"wp-block-heading has-purple-600-color has-text-color has-link-color wp-elements-7dd825d75cda6244b923453ca01c7fff\">Copyright<\/h2>\n\n\n<div class=\"spacer\n    h-4    lg:h-4\"\n>\n<\/div>\n\n\n\n<p class=\"text-xl lg:text-xl\">Ce site Web et son contenu sont la propri\u00e9t\u00e9 de Eakin Healthcare \u2013 \u00a9 Eakin Healthcare 2025. Tous droits r\u00e9serv\u00e9s.<\/p>\n\n\n\n<p class=\"text-xl lg:text-xl\">Toute redistribution ou reproduction de tout ou partie du contenu sous quelque forme que ce soit est interdite sans notre autorisation \u00e9crite.<\/p>\n\n\n<div class=\"spacer\n    h-8    lg:h-12\"\n>\n<\/div>\n","protected":false},"excerpt":{"rendered":"<p>Conditions g\u00e9n\u00e9rales Vos donn\u00e9es personnelles seront utilis\u00e9es pour traiter votre commande, am\u00e9liorer votre exp\u00e9rience utilisateur de ce site et \u00e0 d\u2019autres fins d\u00e9crites dans notre\u00a0politique de confidentialit\u00e9. Les personnes entrant en contact avec ce site internet et \/ ou leurs propri\u00e9taires le font de leur plein gr\u00e9, et fournissent leurs informations personnelles \u00e1 leur propre [&hellip;]<\/p>\n","protected":false},"author":8,"featured_media":0,"parent":0,"menu_order":0,"comment_status":"closed","ping_status":"closed","template":"","meta":{"_acf_changed":true,"footnotes":""},"class_list":["post-1393","page","type-page","status-publish","hentry"],"acf":[],"_links":{"self":[{"href":"https:\/\/www.eakinostomy.com\/fr\/wp-json\/wp\/v2\/pages\/1393","targetHints":{"allow":["GET"]}}],"collection":[{"href":"https:\/\/www.eakinostomy.com\/fr\/wp-json\/wp\/v2\/pages"}],"about":[{"href":"https:\/\/www.eakinostomy.com\/fr\/wp-json\/wp\/v2\/types\/page"}],"author":[{"embeddable":true,"href":"https:\/\/www.eakinostomy.com\/fr\/wp-json\/wp\/v2\/users\/8"}],"replies":[{"embeddable":true,"href":"https:\/\/www.eakinostomy.com\/fr\/wp-json\/wp\/v2\/comments?post=1393"}],"version-history":[{"count":0,"href":"https:\/\/www.eakinostomy.com\/fr\/wp-json\/wp\/v2\/pages\/1393\/revisions"}],"wp:attachment":[{"href":"https:\/\/www.eakinostomy.com\/fr\/wp-json\/wp\/v2\/media?parent=1393"}],"curies":[{"name":"wp","href":"https:\/\/api.w.org\/{rel}","templated":true}]}}