{"id":1401,"date":"2025-03-26T16:50:11","date_gmt":"2025-03-26T16:50:11","guid":{"rendered":"https:\/\/www.eakinostomy.com\/?page_id=1401"},"modified":"2025-08-06T15:35:05","modified_gmt":"2025-08-06T15:35:05","slug":"politique-concernant-les-cookies","status":"publish","type":"page","link":"https:\/\/www.eakinostomy.com\/fr\/politique-concernant-les-cookies\/","title":{"rendered":"Politique concernant les cookies"},"content":{"rendered":"<div class=\"spacer\n    h-8    lg:h-16\"\n>\n<\/div>\n\n\n\n<h1 class=\"wp-block-heading has-purple-600-color has-text-color has-link-color wp-elements-1d1ec961275087d374bfc1ef798c56b3 text-center lg:text-center\"><span class=\"swoosh-underline\">Politique concernant les cookies<\/span><\/h1>\n\n\n<div class=\"spacer\n    h-8    lg:h-20\"\n>\n<\/div>\n\n\n\n<p class=\"text-center lg:text-center text-xl lg:text-xl\"><strong>Les cookies sont de petits fichiers texte qui sont plac\u00e9s sur votre ordinateur ou votre t\u00e9l\u00e9phone portable par les sites web que vous consultez. Ils sont largement utilis\u00e9s pour permettre aux sites web de fonctionner correctement ou d&#8217;en am\u00e9liorer l\u2019efficacit\u00e9, ainsi que pour renseigner les propri\u00e9taires de ces sites.<\/strong><\/p>\n\n\n<div class=\"spacer\n    h-4    lg:h-16\"\n>\n<\/div>\n\n\n\n<p class=\"text-xl lg:text-xl\">Voici ci-dessous les raisons pour lesquelles nous utilisons les cookies.<\/p>\n\n\n\n<ul class=\"wp-block-list is-style-purple-checkmark\">\n<li class=\"text-xl lg:text-xl\">Faire en sorte que notre site web satisfait au mieux \u00e0 vos attentes (ASP.NET_SessionId \u2013 utilis\u00e9 par notre site web pour am\u00e9liorer l\u2019exp\u00e9rience client, par exemple, les articles dans le panier)<\/li>\n\n\n\n<li class=\"text-xl lg:text-xl\">Vous faire gagner du temps \u00e0 chaque fois que vous vous connectez au site<\/li>\n\n\n\n<li class=\"text-xl lg:text-xl\">M\u00e9moriser vos param\u00e8tres pendant et entre les visites<\/li>\n\n\n\n<li class=\"text-xl lg:text-xl\">Vous offrir du contenu\/des services gratuits (gr\u00e2ce \u00e0 la publicit\u00e9)<\/li>\n\n\n\n<li class=\"text-xl lg:text-xl\">Am\u00e9liorer la s\u00e9curit\u00e9 et la r\u00e9activit\u00e9 du site<\/li>\n\n\n\n<li class=\"text-xl lg:text-xl\">Vous permettre de partager des pages avec des r\u00e9seaux sociaux comme Facebook<\/li>\n\n\n\n<li class=\"text-xl lg:text-xl\">Am\u00e9liorer en permanence notre site web \u00e0 votre intention<\/li>\n\n\n\n<li class=\"text-xl lg:text-xl\">Rendre notre marketing plus efficace (en fin de compte, nous aider \u00e0 vous proposer notre offre de service au meilleur prix)<\/li>\n\n\n\n<li class=\"text-xl lg:text-xl\">M\u00e9moriser vos param\u00e8tres de recherche<\/li>\n\n\n\n<li class=\"text-xl lg:text-xl\">M\u00e9moriser votre acception de nos conditions g\u00e9n\u00e9rales<\/li>\n\n\n\n<li class=\"text-xl lg:text-xl\">Vous permettre d\u2019ajouter des commentaires sur notre site<\/li>\n\n\n\n<li class=\"text-xl lg:text-xl\">Nous permettre de vous pr\u00e9senter des graphiques d\u2019une mani\u00e8re conviviale, notamment la banni\u00e8re principale du site<\/li>\n\n\n\n<li class=\"text-xl lg:text-xl\">Onglet d\u2019affichage sur les pages web pour am\u00e9liorer la mise en page du contenu (c\u2019est-\u00e0-dire que les divs anim\u00e9s et repliables utilisent les cookies temporaires suivants fcspersistslider2)<\/li>\n\n\n\n<li class=\"text-xl lg:text-xl\">Reconna\u00eetre votre localisation afin de pouvoir vous pr\u00e9senter le contenu pertinent du site (exemple EakinCountry) NB. Le seul moyen d\u2019emp\u00eacher l\u2019installation de ces cookies est de ne pas utiliser notre site.<\/li>\n<\/ul>\n\n\n<div class=\"spacer\n    h-4    lg:h-4\"\n>\n<\/div>\n\n\n\n<p class=\"text-xl lg:text-xl\">Nous n\u2019utilisons pas les cookies pour:<\/p>\n\n\n\n<ul class=\"wp-block-list is-style-teal-checkmark\">\n<li class=\"text-xl lg:text-xl\">Recueillir des informations personnelles identifiables (sans votre concentement explicite)<\/li>\n\n\n\n<li class=\"text-xl lg:text-xl\">Recueillir des informations \u00e0 caract\u00e8re sensible (sans votre permission )<\/li>\n\n\n\n<li class=\"text-xl lg:text-xl\">Transmettre des donn\u00e9es personnelles identifiables \u00e0 des tiers<\/li>\n\n\n\n<li class=\"text-xl lg:text-xl\">Payer des commissions de vente<\/li>\n\n\n\n<li class=\"text-xl lg:text-xl\">G\u00e9rer le consentement des cookies et m\u00e9moriser vos param\u00e8tres (viewed_cookie_policy il s\u2019agit du cookie principal qui enregistre le consentement de l\u2019utilisateur pour l\u2019utilisation des cookies lors de l\u2019acceptation et du rejet. Il ne suit aucune donn\u00e9e personnelle et n\u2019est d\u00e9fini que sur l\u2019action de l\u2019utilisateur (accepter \/ rejeter).\u00a0 cookielawinfo-checkbox-necessary\/cookielawinfo-checkbox-non-necessary \u2013Enregistre l\u2019\u00e9tat du bouton par d\u00e9faut de la cat\u00e9gorie correspondante. Cela fonctionne uniquement en coordination avec le cookie principal. CookieLawInfoConsent \u2013 Enregistre l\u2019\u00e9tat du bouton par d\u00e9faut de la cat\u00e9gorie correspondante et l\u2019\u00e9tat du CCPA. Cela fonctionne uniquement en coordination avec le cookie principal.)<\/li>\n<\/ul>\n\n\n<div class=\"spacer\n    h-4    lg:h-16\"\n>\n<\/div>\n\n\n\n<h2 class=\"wp-block-heading has-purple-600-color has-text-color has-link-color wp-elements-4136748f6024a680150a1e7fb2e63602\">Gestion de vos pr\u00e9f\u00e9rences sur les cookies<\/h2>\n\n\n<div class=\"spacer\n    h-4    lg:h-4\"\n>\n<\/div>\n\n\n\n<p class=\"text-xl lg:text-xl\">Vous pouvez g\u00e9rer vos pr\u00e9f\u00e9rences en mati\u00e8re de cookies en cliquant sur le lien ci-dessous :<\/p>\n\n\n<div class=\"spacer\n    h-4    lg:h-4\"\n>\n<\/div>\n\n\n\n<p class=\"text-xl lg:text-xl\"><strong><a href=\"javascript:void(0)\"><a href=\"javascript:void(0)\">Politique de confidentialit\u00e9 et cookies<\/a><\/a><\/strong><\/p>\n\n\n<div class=\"spacer\n    h-4    lg:h-16\"\n>\n<\/div>\n\n\n\n<h3 class=\"wp-block-heading\">Nous utilisons \u00e9galement les cookies de tiers suivants<\/h3>\n\n\n<div class=\"spacer\n    h-4    lg:h-4\"\n>\n<\/div>\n\n\n\n<p class=\"text-2xl lg:text-2xl\"><strong>Cookies de Google Analytics<\/strong><\/p>\n\n\n\n<p class=\"text-xl lg:text-xl\">Ces cookies servent \u00e0 recueillir des informations sur la fa\u00e7on dont les visiteurs utilisent notre site. Nous exploitons ces informations pour compiler des rapports et aider \u00e0 am\u00e9liorer le site. Pour ne plus \u00eatre suivi par Google Analytics sur tous les sites web, rendez-vous sur\u00a0<a href=\"http:\/\/tools.google.com\/dlpage\/gaoptout\" target=\"_blank\" rel=\"noopener\"><strong>http:\/\/tools.google.com\/dlpage\/gaoptout<\/strong><\/a><\/p>\n\n\n<div class=\"spacer\n    h-4    lg:h-4\"\n>\n<\/div>\n\n\n\n<p class=\"text-2xl lg:text-2xl\"><strong>Facebook Pixel<\/strong><\/p>\n\n\n\n<p class=\"text-xl lg:text-xl\">Nous utilisons de temps en temps des publicit\u00e9s Facebook pour aider \u00e0 diriger les utilisateurs vers les pages d\u2019int\u00e9r\u00eat de notre site Web. Facebook peut utiliser des cookies ou des balises Web pour collecter ou recevoir des informations de notre site Web. Nous utilisons ces informations pour compiler des rapports et nous aider \u00e0 cibler plus efficacement notre publicit\u00e9. Pour plus d\u2019informations, visitez\u00a0<a href=\"https:\/\/www.facebook.com\/business\/help\/742478679120153\" target=\"_blank\" rel=\"noopener\"><strong>Facebook<\/strong><\/a>. Pour vous d\u00e9sabonner, visitez\u00a0<a href=\"http:\/\/www.youronlinechoices.com\/\" target=\"_blank\" rel=\"noopener\"><strong>http:\/\/www.youronlinechoices.com\/<\/strong><\/a>\u00a0ou\u00a0<a href=\"http:\/\/www.youronlinechoices.eu\/\" target=\"_blank\" rel=\"noopener\"><strong>http:\/\/www.youronlinechoices.eu\/<\/strong><\/a><\/p>\n\n\n<div class=\"spacer\n    h-4    lg:h-16\"\n>\n<\/div>\n\n\n\n<h2 class=\"wp-block-heading has-teal-600-color has-text-color has-link-color wp-elements-8edcf3ba52e4dbf847ec220cfa6ecf2c text-center lg:text-center\">Cookies utilis\u00e9s par cat\u00e9gorie<\/h2>\n\n\n<div class=\"spacer\n    h-4    lg:h-4\"\n>\n<\/div>\n\n\n\n<style type=\"text\/css\">\n.tg  {border-collapse:collapse;border-spacing:0;}\n.tg td{border-color:black;border-style:solid;border-width:1px;font-family:Arial, sans-serif;font-size:14px;\n  overflow:hidden;padding:10px 5px;word-break:normal;}\n.tg th{border-color:black;border-style:solid;border-width:1px;font-family:Arial, sans-serif;font-size:14px;\n  font-weight:normal;overflow:hidden;padding:10px 5px;word-break:normal;}\n.tg .tg-apyk{background-color:#FFF;color:#333;font-weight:bold;text-align:center;vertical-align:top}\n.tg .tg-2p50{background-color:#EAEAEA;color:#333;font-weight:bold;text-align:center;vertical-align:top}\n.tg .tg-hq1x{background-color:#E2E2E2;color:#333;font-weight:bold;text-align:left;vertical-align:top}\n.tg .tg-citn{background-color:#FFF;color:#333;text-align:left;vertical-align:top}\n.tg .tg-ziqn{background-color:#EAEAEA;color:#333;text-align:left;vertical-align:top}\n<\/style>\n<table class=\"tg\"><thead>\n  <tr>\n    <th class=\"tg-hq1x\"><span style=\"font-weight:600;background-color:#E2E2E2\">Cookie<\/span><\/th>\n    <th class=\"tg-hq1x\"><span style=\"font-weight:600;background-color:#E2E2E2\">Dur\u00e9e<\/span><\/th>\n    <th class=\"tg-hq1x\"><span style=\"font-weight:600;background-color:#E2E2E2\">Description<\/span><\/th>\n  <\/tr><\/thead>\n<tbody>\n  <tr>\n    <td class=\"tg-apyk\" colspan=\"3\"><span style=\"font-weight:600\">N\u00e9cessaire<\/span><\/td>\n  <\/tr>\n  <tr>\n    <td class=\"tg-ziqn\">_wpfuuid<\/td>\n    <td class=\"tg-ziqn\">11 ans<\/td>\n    <td class=\"tg-ziqn\">Ce cookie est utilis\u00e9 par le plugin WPForms WordPress. Le cookie est utilis\u00e9 pour permettre \u00e0 la version payante du plugin de connecter les entr\u00e9es du m\u00eame utilisateur et est utilis\u00e9 pour certaines fonctionnalit\u00e9s suppl\u00e9mentaires telles que l&#8217;addon Form Abandonment.<\/td>\n  <\/tr>\n  <tr>\n    <td class=\"tg-citn\">__cfduid<\/td>\n    <td class=\"tg-citn\">1 mois<\/td>\n    <td class=\"tg-citn\">Le cookie est utilis\u00e9 par les services cdn tels que CloudFare pour identifier les clients individuels derri\u00e8re une adresse IP partag\u00e9e et appliquer les param\u00e8tres de s\u00e9curit\u00e9 par client. Il ne correspond \u00e0 aucun identifiant d&#8217;utilisateur dans l&#8217;application Web et ne stocke aucune information personnellement identifiable.<\/td>\n  <\/tr>\n  <tr>\n    <td class=\"tg-ziqn\">viewed_cookie_policy<\/td>\n    <td class=\"tg-ziqn\">1 an<\/td>\n    <td class=\"tg-ziqn\">Le cookie est d\u00e9fini par le plugin GDPR Cookie Consent et est utilis\u00e9 pour stocker si l&#8217;utilisateur a consenti ou non \u00e0 l&#8217;utilisation de cookies. Il ne stocke aucune donn\u00e9e personnelle.<\/td>\n  <\/tr>\n  <tr>\n    <td class=\"tg-apyk\" colspan=\"3\"><span style=\"font-weight:600\">Fonctionnels<\/span><\/td>\n  <\/tr>\n  <tr>\n    <td class=\"tg-ziqn\">test_cookie<\/td>\n    <td class=\"tg-ziqn\">15 minutes<\/td>\n    <td class=\"tg-ziqn\">Ce cookie est d\u00e9fini par doubleclick.net. Le but du cookie est de d\u00e9terminer si le navigateur de l&#8217;utilisateur prend en charge les cookies.<\/td>\n  <\/tr>\n  <tr>\n    <td class=\"tg-citn\">YSC<\/td>\n    <td class=\"tg-citn\">session<\/td>\n    <td class=\"tg-citn\">Ces cookies sont d\u00e9finis par Youtube et sont utilis\u00e9s pour suivre les vues des vid\u00e9os int\u00e9gr\u00e9es.<\/td>\n  <\/tr>\n  <tr>\n    <td class=\"tg-ziqn\">wordpress_country<\/td>\n    <td class=\"tg-ziqn\">2 mois<\/td>\n    <td class=\"tg-ziqn\">Ce cookie se souvient de votre pays pour afficher les produits disponibles<\/td>\n  <\/tr>\n  <tr>\n    <td class=\"tg-citn\">CONSENT<\/td>\n    <td class=\"tg-citn\">16 ans, 9 mois, 22 jours, 8 heures et 6 minutes<\/td>\n    <td class=\"tg-citn\"><\/td>\n  <\/tr>\n  <tr>\n    <td class=\"tg-ziqn\">icwp-app-flash<\/td>\n    <td class=\"tg-ziqn\">pass\u00e9<\/td>\n    <td class=\"tg-ziqn\">Cookie g\u00e9n\u00e9r\u00e9 par notre outil de gestion de site Web, iControlWP. icwp-app-flash est utilis\u00e9 pour stocker un message temporaire d&#8217;administrateur wp<\/td>\n  <\/tr>\n  <tr>\n    <td class=\"tg-citn\">pouch_page_journey<\/td>\n    <td class=\"tg-citn\">session<\/td>\n    <td class=\"tg-citn\">Ce cookie nous permet de nous souvenir de vos s\u00e9lections lorsque vous recherchez nos poches de stomie en fonction du type de stomie.<\/td>\n  <\/tr>\n  <tr>\n    <td class=\"tg-2p50\" colspan=\"3\"><span style=\"font-weight:600\">Publicit\u00e9<\/span><\/td>\n  <\/tr>\n  <tr>\n    <td class=\"tg-citn\">_fbp<\/td>\n    <td class=\"tg-citn\"><\/td>\n    <td class=\"tg-citn\">Nous utilisons de temps \u00e0 autre des publicit\u00e9s Facebook pour aider les utilisateurs \u00e0 diriger les utilisateurs vers des pages d&#8217;int\u00e9r\u00eat sur notre site Web. Facebook peut utiliser des cookies ou des balises Web pour collecter ou recevoir des informations de notre site Web. Nous utilisons ces informations pour compiler des rapports et nous aider \u00e0 cibler notre publicit\u00e9 plus efficacement.<\/td>\n  <\/tr>\n  <tr>\n    <td class=\"tg-ziqn\">IDE<\/td>\n    <td class=\"tg-ziqn\">1 an et 24 jours<\/td>\n    <td class=\"tg-ziqn\">Utilis\u00e9 par Google DoubleClick et stocke des informations sur la fa\u00e7on dont l&#8217;utilisateur utilise le site Web et toute autre publicit\u00e9 avant de visiter le site Web. Ceci est utilis\u00e9 pour pr\u00e9senter aux utilisateurs des publicit\u00e9s qui les concernent en fonction du profil de l&#8217;utilisateur.<\/td>\n  <\/tr>\n  <tr>\n    <td class=\"tg-apyk\" colspan=\"3\">Analytique<\/td>\n  <\/tr>\n  <tr>\n    <td class=\"tg-ziqn\">VISITOR_INFO1_LIVE<\/td>\n    <td class=\"tg-ziqn\">5 mois et 27 jours<\/td>\n    <td class=\"tg-ziqn\">Ce cookie est d\u00e9fini par Youtube. Utilis\u00e9 pour suivre les informations des vid\u00e9os YouTube int\u00e9gr\u00e9es sur un site Web.<\/td>\n  <\/tr>\n  <tr>\n    <td class=\"tg-citn\">_ga<\/td>\n    <td class=\"tg-citn\">2 ans<\/td>\n    <td class=\"tg-citn\">Ce cookie est install\u00e9 par Google Analytics. Le cookie est utilis\u00e9 pour calculer les donn\u00e9es du visiteur, de la session, de la campagne et pour suivre l&#8217;utilisation du site pour le rapport d&#8217;analyse du site. Les cookies stockent des informations de mani\u00e8re anonyme et attribuent un num\u00e9ro g\u00e9n\u00e9r\u00e9 de mani\u00e8re al\u00e9atoire pour identifier les visiteurs uniques.<\/td>\n  <\/tr>\n  <tr>\n    <td class=\"tg-ziqn\">_gid<\/td>\n    <td class=\"tg-ziqn\">1 jour<\/td>\n    <td class=\"tg-ziqn\">Ce cookie est install\u00e9 par Google Analytics. Le cookie est utilis\u00e9 pour stocker des informations sur la fa\u00e7on dont les visiteurs utilisent un site Web et aide \u00e0 cr\u00e9er un rapport d&#8217;analyse de la fa\u00e7on dont le site Web fonctionne. Les donn\u00e9es collect\u00e9es, y compris le nombre de visiteurs, la source d&#8217;o\u00f9 ils viennent et les pages visit\u00e9es sous forme anonyme.<\/td>\n  <\/tr>\n  <tr>\n    <td class=\"tg-citn\">_gat_gtag_UA_97118886_1<\/td>\n    <td class=\"tg-citn\">1 minute<\/td>\n    <td class=\"tg-citn\">Ce cookie est utilis\u00e9 par Google Analytics pour nous aider \u00e0 analyser le trafic vers notre site.<\/td>\n  <\/tr>\n<\/tbody><\/table>\n\n\n<div class=\"spacer\n    h-8    lg:h-16\"\n>\n<\/div>\n","protected":false},"excerpt":{"rendered":"<p>Politique concernant les cookies Les cookies sont de petits fichiers texte qui sont plac\u00e9s sur votre ordinateur ou votre t\u00e9l\u00e9phone portable par les sites web que vous consultez. Ils sont largement utilis\u00e9s pour permettre aux sites web de fonctionner correctement ou d&#8217;en am\u00e9liorer l\u2019efficacit\u00e9, ainsi que pour renseigner les propri\u00e9taires de ces sites. Voici ci-dessous [&hellip;]<\/p>\n","protected":false},"author":8,"featured_media":0,"parent":0,"menu_order":0,"comment_status":"closed","ping_status":"closed","template":"","meta":{"_acf_changed":false,"footnotes":""},"class_list":["post-1401","page","type-page","status-publish","hentry"],"acf":[],"_links":{"self":[{"href":"https:\/\/www.eakinostomy.com\/fr\/wp-json\/wp\/v2\/pages\/1401","targetHints":{"allow":["GET"]}}],"collection":[{"href":"https:\/\/www.eakinostomy.com\/fr\/wp-json\/wp\/v2\/pages"}],"about":[{"href":"https:\/\/www.eakinostomy.com\/fr\/wp-json\/wp\/v2\/types\/page"}],"author":[{"embeddable":true,"href":"https:\/\/www.eakinostomy.com\/fr\/wp-json\/wp\/v2\/users\/8"}],"replies":[{"embeddable":true,"href":"https:\/\/www.eakinostomy.com\/fr\/wp-json\/wp\/v2\/comments?post=1401"}],"version-history":[{"count":0,"href":"https:\/\/www.eakinostomy.com\/fr\/wp-json\/wp\/v2\/pages\/1401\/revisions"}],"wp:attachment":[{"href":"https:\/\/www.eakinostomy.com\/fr\/wp-json\/wp\/v2\/media?parent=1401"}],"curies":[{"name":"wp","href":"https:\/\/api.w.org\/{rel}","templated":true}]}}