{"id":2760,"date":"2025-05-14T10:03:25","date_gmt":"2025-05-14T10:03:25","guid":{"rendered":"https:\/\/www.eakinostomy.com\/?page_id=2760"},"modified":"2025-08-14T15:04:40","modified_gmt":"2025-08-14T15:04:40","slug":"troubles-cognitifs","status":"publish","type":"page","link":"https:\/\/www.eakinostomy.com\/fr\/professionnels-de-sante\/troubles-cognitifs\/","title":{"rendered":"Troubles cognitifs"},"content":{"rendered":"<div class=\"background-block relative overflow-hidden\" style=\"background-color: #f6f6f6\">\n        <div class=\"relative z-20\">\n        <div class=\"acf-innerblocks-container\">\n\n<div class=\"hero\">\n            \n    <div class=\"absolute w-full z-[39] pt-2\">\n        <div class=\"pt-2 container mx-auto relative breadcrumbs px-4 \">\n            <div class=\" flex items-center flex-wrap\">\n                <span property=\"itemListElement\" typeof=\"ListItem\"><a property=\"item\" typeof=\"WebPage\" title=\"Go to Home.\" href=\"https:\/\/www.eakinostomy.com\/fr\" class=\"home\" aria-current=\"page\"><span property=\"name\">Home<\/span><\/a><meta property=\"position\" content=\"1\"><\/span>            <\/div>\n        <\/div>\n    <\/div>\n        <div class=\"acf-innerblocks-container\">\n<div class=\"hero-slide glide__slide\">\n    <div class=\"acf-innerblocks-container\">\n\n<div class=\"wp-block-group\"><div class=\"wp-block-group__inner-container is-layout-flow wp-block-group-is-layout-flow\">\n<p><\/p>\n\n\n\n<p><\/p>\n\n\n\n<h1 class=\"wp-block-heading has-purple-600-color has-text-color has-link-color wp-elements-c0a74274c001ef175d21c144c848577e\">Troubles cognitifs et besoins suppl\u00e9mentaires<\/h1>\n\n\n\n<p>En proposant les bons diagnostics, l\u2019accompagnement requis et les produits les plus performants, vous contribuerez au bien-\u00eatre quotidien de vos patients, une fois de retour chez eux.<\/p>\n\n\n\n<p><\/p>\n<\/div><\/div>\n\n\n\n\n\n<figure class=\"wp-block-image size-full\"><img loading=\"lazy\" decoding=\"async\" width=\"1536\" height=\"1024\" src=\"https:\/\/www.eakinostomy.com\/wp-content\/uploads\/2025\/05\/cognitive-impairment.png\" alt=\"\" class=\"wp-image-2682\" srcset=\"https:\/\/www.eakinostomy.com\/fr\/wp-content\/uploads\/sites\/15\/2025\/05\/cognitive-impairment.png 1536w, https:\/\/www.eakinostomy.com\/fr\/wp-content\/uploads\/sites\/15\/2025\/05\/cognitive-impairment-300x200.png 300w, https:\/\/www.eakinostomy.com\/fr\/wp-content\/uploads\/sites\/15\/2025\/05\/cognitive-impairment-1024x683.png 1024w, https:\/\/www.eakinostomy.com\/fr\/wp-content\/uploads\/sites\/15\/2025\/05\/cognitive-impairment-150x100.png 150w, https:\/\/www.eakinostomy.com\/fr\/wp-content\/uploads\/sites\/15\/2025\/05\/cognitive-impairment-768x512.png 768w, https:\/\/www.eakinostomy.com\/fr\/wp-content\/uploads\/sites\/15\/2025\/05\/cognitive-impairment-600x400.png 600w\" sizes=\"auto, (max-width: 1536px) 100vw, 1536px\" \/><\/figure>\n\n<\/div>\n<\/div>\n\n<\/div>\n    <div class=\"glide-navigation-container\">\n        <div class=\"glide-navigation hidden\">\n            <div class=\"glide__bullets\" data-glide-el=\"controls[nav]\"><\/div>\n            <div class=\"glide__arrows\" data-glide-el=\"controls\"><\/div>\n        <\/div>\n    <\/div>\n<\/div>\n\n<\/div>\n    <\/div>\n<\/div>\n\n\n<div class=\"spacer\n    h-8    lg:h-20\"\n>\n<\/div>\n\n\n\n<h2 class=\"wp-block-heading has-purple-600-color has-text-color has-link-color wp-elements-510019b2f9b30d9eda19966fadefaf9d text-center lg:text-center\"><strong>Conseils et ressources<\/strong><\/h2>\n\n\n\n<p class=\"text-center lg:text-center text-xl lg:text-xl\">L\u2019accompagnement des patients pr\u00e9sentant des besoins sp\u00e9cifiques ou n\u00e9cessitant une aide suppl\u00e9mentaire peut repr\u00e9senter un d\u00e9fi, pour vous comme pour eux. Certains de vos patients stomis\u00e9s sont peut-\u00eatre atteints de d\u00e9mence et peuvent se sentir d\u00e9rout\u00e9s et d\u00e9courag\u00e9s par cette \u00e9preuve. D\u2019autres pr\u00e9sentent peut-\u00eatre un handicap au niveau de leur dext\u00e9rit\u00e9, sont atteints de neuropathie, de troubles de la vue ou de difficult\u00e9s d\u2019apprentissage, qui viennent compliquer leur gestion de la stomie.<\/p>\n\n\n\n<p class=\"text-center lg:text-center text-xl lg:text-xl\">Face \u00e0 ces \u00e9preuves, des solutions existent. Nous avons rassembl\u00e9 les derni\u00e8res statistiques et conclusions \u00e0 ce sujet, pour vous aider \u00e0 \u00e9largir vos connaissances et \u00e0 les mettre en pratique.<\/p>\n\n\n\n<p class=\"text-center lg:text-center text-xl lg:text-xl\"><mark style=\"background-color:rgba(0, 0, 0, 0)\" class=\"has-inline-color has-purple-400-color\"><strong>Nos \u00e9tudes de cas comportent des exemples concrets, des r\u00e9sultats et des strat\u00e9gies, ainsi qu\u2019une liste de recommandation de produits, visant \u00e0 vous proposer les meilleures solutions possibles pour vos patients stomis\u00e9s atteints de troubles cognitifs ou pr\u00e9sentant des besoins sp\u00e9cifiques.<\/strong><\/mark><\/p>\n\n\n<div class=\"spacer\n    h-8    lg:h-8\"\n>\n<\/div>\n\n\n <div class=\"row\n                container mx-auto        px-4 py-0 lg:px-4 lg:py-0    \">\n    <div class=\"acf-innerblocks-container\">\n\n\n<div class=\"card mx-auto\">\n            <picture>\n            <img decoding=\"async\" loading=\"lazy\" src=\"https:\/\/www.eakinostomy.com\/fr\/wp-content\/uploads\/sites\/15\/2025\/05\/Additional-needs-case-studies.jpg\" alt=\"\" srcset=\"https:\/\/www.eakinostomy.com\/fr\/wp-content\/uploads\/sites\/15\/2025\/05\/Additional-needs-case-studies-300x219.jpg 300w, https:\/\/www.eakinostomy.com\/fr\/wp-content\/uploads\/sites\/15\/2025\/05\/Additional-needs-case-studies-1024x746.jpg 1024w, https:\/\/www.eakinostomy.com\/fr\/wp-content\/uploads\/sites\/15\/2025\/05\/Additional-needs-case-studies-150x109.jpg 150w, https:\/\/www.eakinostomy.com\/fr\/wp-content\/uploads\/sites\/15\/2025\/05\/Additional-needs-case-studies-768x560.jpg 768w, https:\/\/www.eakinostomy.com\/fr\/wp-content\/uploads\/sites\/15\/2025\/05\/Additional-needs-case-studies-600x437.jpg 600w, https:\/\/www.eakinostomy.com\/fr\/wp-content\/uploads\/sites\/15\/2025\/05\/Additional-needs-case-studies.jpg 1536w\">\n        <\/picture>\n        <div class=\"card-body\">\n                    <h4>\u00c9tudes de cas<\/h4>\n                <div class=\"flex-1\">\n                                <p><span class=\"TextRun SCXW153513486 BCX8\" lang=\"FR-FR\" xml:lang=\"FR-FR\" data-contrast=\"auto\"><span class=\"NormalTextRun SCXW153513486 BCX8\">D\u00e9couvrez comment no<\/span><span class=\"NormalTextRun SCXW153513486 BCX8\">tre appareillage<\/span> <span class=\"NormalTextRun SpellingErrorV2Themed SCXW153513486 BCX8\">eakin<\/span><span class=\"NormalTextRun SCXW153513486 BCX8\">\u202f<\/span><\/span><span class=\"TextRun SCXW153513486 BCX8\" lang=\"FR-FR\" xml:lang=\"FR-FR\" data-contrast=\"auto\"><span class=\"NormalTextRun SCXW153513486 BCX8\">dot<sup>\u00ae <\/sup><\/span><\/span><span class=\"TextRun SCXW153513486 BCX8\" lang=\"FR-FR\" xml:lang=\"FR-FR\" data-contrast=\"auto\"><span class=\"NormalTextRun SCXW153513486 BCX8\">2-pi\u00e8ces\u202fa am\u00e9lior\u00e9 les r\u00e9sultats de p<\/span><span class=\"NormalTextRun SCXW153513486 BCX8\">ersonnes <\/span><span class=\"NormalTextRun SCXW153513486 BCX8\">stomis\u00e9<\/span><span class=\"NormalTextRun SCXW153513486 BCX8\">e<\/span><span class=\"NormalTextRun SCXW153513486 BCX8\">s pr\u00e9sentant des difficult\u00e9s d\u2019apprentissage, des probl\u00e8mes de dext\u00e9rit\u00e9 et des d\u00e9ficiences visuelles.<\/span><\/span><span class=\"EOP SCXW153513486 BCX8\" data-ccp-props=\"{\"201341983\":0,\"335559739\":340,\"335559740\":240}\">\u00a0<\/span><\/p>\n                    <\/div>\n                    <a class=\"btn btn-gradient\" href=\"https:\/\/www.eakinostomy.com\/fr\/wp-content\/uploads\/sites\/15\/2025\/08\/additional-needs.pdf\">\n                En savoir plus            <\/a>\n            <\/div>\n<\/div>\n\n<\/div>\n<\/div>\n\n\n<div class=\"spacer\n    h-8    lg:h-12\"\n>\n<\/div>\n\n\n<div class=\"need-help\">\n    <div class=\"container mx-auto flex flex-col lg:flex-row lg:justify-between lg:max-w-[1162px] lg:items-center\">\n        <div class=\"content lg:text-lg\">\n            <h4 class=\"text-purple-600\">Des produits de soin de stomie sur lesquels vous pouvez compter<\/h4>\n            <picture class=\"lg:hidden block mb-6\">\n                <img decoding=\"async\" loading=\"lazy\" src=\"https:\/\/www.eakinostomy.com\/fr\/wp-content\/uploads\/sites\/15\/2025\/05\/accessories.jpg\" srcset=\"https:\/\/www.eakinostomy.com\/fr\/wp-content\/uploads\/sites\/15\/2025\/05\/accessories-300x200.jpg 300w, https:\/\/www.eakinostomy.com\/fr\/wp-content\/uploads\/sites\/15\/2025\/05\/accessories-1024x683.jpg 1024w, https:\/\/www.eakinostomy.com\/fr\/wp-content\/uploads\/sites\/15\/2025\/05\/accessories-150x100.jpg 150w, https:\/\/www.eakinostomy.com\/fr\/wp-content\/uploads\/sites\/15\/2025\/05\/accessories-768x512.jpg 768w, https:\/\/www.eakinostomy.com\/fr\/wp-content\/uploads\/sites\/15\/2025\/05\/accessories-1536x1024.jpg 1536w, https:\/\/www.eakinostomy.com\/fr\/wp-content\/uploads\/sites\/15\/2025\/05\/accessories-2048x1366.jpg 2048w, https:\/\/www.eakinostomy.com\/fr\/wp-content\/uploads\/sites\/15\/2025\/05\/accessories-600x400.jpg 600w\" alt=\"\">\n            <\/picture>\n            <div class=\"my-4\">\n                <p><span class=\"TextRun SCXW136879129 BCX8\" lang=\"FR-FR\" xml:lang=\"FR-FR\" data-contrast=\"none\"><span class=\"NormalTextRun SCXW136879129 BCX8\">Des <\/span><span class=\"NormalTextRun SCXW136879129 BCX8\">appareillag<\/span><span class=\"NormalTextRun SCXW136879129 BCX8\">es<\/span><span class=\"NormalTextRun SCXW136879129 BCX8\">, <\/span><span class=\"NormalTextRun SCXW136879129 BCX8\">aux <\/span><span class=\"NormalTextRun SCXW136879129 BCX8\">anneaux <\/span><span class=\"NormalTextRun SCXW136879129 BCX8\">protecteurs fiables<\/span><span class=\"NormalTextRun SCXW136879129 BCX8\"> et <\/span><span class=\"NormalTextRun SCXW136879129 BCX8\">aux accessoires innovants, notre gamme de produits <\/span><span class=\"NormalTextRun SpellingErrorV2Themed SCXW136879129 BCX8\">eaki<\/span><span class=\"NormalTextRun SpellingErrorV2Themed SCXW136879129 BCX8\">n<\/span><\/span><span class=\"TextRun SCXW136879129 BCX8\" lang=\"FR-FR\" xml:lang=\"FR-FR\" data-contrast=\"none\"><span class=\"NormalTextRun Superscript SCXW136879129 BCX8\" data-fontsize=\"11\">\u00ae\u00a0<\/span><\/span><span class=\"TextRun SCXW136879129 BCX8\" lang=\"FR-FR\" xml:lang=\"FR-FR\" data-contrast=\"none\"> <span class=\"NormalTextRun SCXW136879129 BCX8\">compren<\/span><span class=\"NormalTextRun SCXW136879129 BCX8\">d tout <\/span><span class=\"NormalTextRun SCXW136879129 BCX8\">ce<\/span> <span class=\"NormalTextRun SCXW136879129 BCX8\">dont<\/span> <span class=\"NormalTextRun SCXW136879129 BCX8\">vous<\/span> <span class=\"NormalTextRun SCXW136879129 BCX8\">avez<\/span> <span class=\"NormalTextRun SCXW136879129 BCX8\">besoin<\/span><span class=\"NormalTextRun SCXW136879129 BCX8\"> pour <\/span><span class=\"NormalTextRun SCXW136879129 BCX8\">accompagner<\/span> <span class=\"NormalTextRun SCXW136879129 BCX8\">vos<\/span><span class=\"NormalTextRun SCXW136879129 BCX8\"> patients apr\u00e8s <\/span><span class=\"NormalTextRun SCXW136879129 BCX8\">leur<\/span><span class=\"NormalTextRun SCXW136879129 BCX8\"> sortie de <\/span><span class=\"NormalTextRun SCXW136879129 BCX8\">l&#8217;h\u00f4pital<\/span><span class=\"NormalTextRun SCXW136879129 BCX8\">. Vous <\/span><span class=\"NormalTextRun SCXW136879129 BCX8\">pouvez<\/span> <\/span><span class=\"TextRun Highlight SCXW136879129 BCX8\" lang=\"FR-FR\" xml:lang=\"FR-FR\" data-contrast=\"none\"><span class=\"NormalTextRun SCXW136879129 BCX8\">demander <\/span><span class=\"NormalTextRun SCXW136879129 BCX8\">des \u00e9chantillons de produits<\/span><\/span> <span class=\"TextRun Highlight SCXW136879129 BCX8\" lang=\"FR-FR\" xml:lang=\"FR-FR\" data-contrast=\"none\"><span class=\"NormalTextRun SCXW136879129 BCX8\">directement aupr\u00e8s d\u2019<\/span><span class=\"NormalTextRun SpellingErrorV2Themed SCXW136879129 BCX8\">eakin<\/span><span class=\"NormalTextRun SCXW136879129 BCX8\"> ou par l\u2019interm\u00e9diaire de votre repr\u00e9sentant local<\/span><\/span> <span class=\"TextRun Highlight SCXW136879129 BCX8\" lang=\"FR-FR\" xml:lang=\"FR-FR\" data-contrast=\"none\"><span class=\"NormalTextRun SCXW136879129 BCX8\">pour constater la diff\u00e9rence par vous-m\u00eame. <\/span><\/span><\/p>\n            <\/div>\n            <div class=\"flex flex-col gap-4 pt-4 lg:flex-row\">\n                                                            <a href=\"https:\/\/www.eakinostomy.com\/fr\/nos-produits\/\" class=\"btn btn-primary w-full text-center lg:w-fit\">\n                            Voir les produits                        <\/a>\n                                                <\/div>\n        <\/div>\n        <div class=\"hidden lg:block\">\n            <picture>\n                <img decoding=\"async\" src=\"https:\/\/www.eakinostomy.com\/fr\/wp-content\/uploads\/sites\/15\/2025\/05\/accessories.jpg\" srcset=\"https:\/\/www.eakinostomy.com\/fr\/wp-content\/uploads\/sites\/15\/2025\/05\/accessories-300x200.jpg 300w, https:\/\/www.eakinostomy.com\/fr\/wp-content\/uploads\/sites\/15\/2025\/05\/accessories-1024x683.jpg 1024w, https:\/\/www.eakinostomy.com\/fr\/wp-content\/uploads\/sites\/15\/2025\/05\/accessories-150x100.jpg 150w, https:\/\/www.eakinostomy.com\/fr\/wp-content\/uploads\/sites\/15\/2025\/05\/accessories-768x512.jpg 768w, https:\/\/www.eakinostomy.com\/fr\/wp-content\/uploads\/sites\/15\/2025\/05\/accessories-1536x1024.jpg 1536w, https:\/\/www.eakinostomy.com\/fr\/wp-content\/uploads\/sites\/15\/2025\/05\/accessories-2048x1366.jpg 2048w, https:\/\/www.eakinostomy.com\/fr\/wp-content\/uploads\/sites\/15\/2025\/05\/accessories-600x400.jpg 600w\" alt=\"\">\n            <\/picture>\n        <\/div>\n    <\/div>\n<\/div>\n","protected":false},"excerpt":{"rendered":"<p>Conseils et ressources L\u2019accompagnement des patients pr\u00e9sentant des besoins sp\u00e9cifiques ou n\u00e9cessitant une aide suppl\u00e9mentaire peut repr\u00e9senter un d\u00e9fi, pour vous comme pour eux. Certains de vos patients stomis\u00e9s sont peut-\u00eatre atteints de d\u00e9mence et peuvent se sentir d\u00e9rout\u00e9s et d\u00e9courag\u00e9s par cette \u00e9preuve. D\u2019autres pr\u00e9sentent peut-\u00eatre un handicap au niveau de leur dext\u00e9rit\u00e9, sont [&hellip;]<\/p>\n","protected":false},"author":6,"featured_media":0,"parent":1241,"menu_order":0,"comment_status":"closed","ping_status":"closed","template":"","meta":{"_acf_changed":true,"footnotes":""},"class_list":["post-2760","page","type-page","status-publish","hentry"],"acf":[],"_links":{"self":[{"href":"https:\/\/www.eakinostomy.com\/fr\/wp-json\/wp\/v2\/pages\/2760","targetHints":{"allow":["GET"]}}],"collection":[{"href":"https:\/\/www.eakinostomy.com\/fr\/wp-json\/wp\/v2\/pages"}],"about":[{"href":"https:\/\/www.eakinostomy.com\/fr\/wp-json\/wp\/v2\/types\/page"}],"author":[{"embeddable":true,"href":"https:\/\/www.eakinostomy.com\/fr\/wp-json\/wp\/v2\/users\/6"}],"replies":[{"embeddable":true,"href":"https:\/\/www.eakinostomy.com\/fr\/wp-json\/wp\/v2\/comments?post=2760"}],"version-history":[{"count":0,"href":"https:\/\/www.eakinostomy.com\/fr\/wp-json\/wp\/v2\/pages\/2760\/revisions"}],"up":[{"embeddable":true,"href":"https:\/\/www.eakinostomy.com\/fr\/wp-json\/wp\/v2\/pages\/1241"}],"wp:attachment":[{"href":"https:\/\/www.eakinostomy.com\/fr\/wp-json\/wp\/v2\/media?parent=2760"}],"curies":[{"name":"wp","href":"https:\/\/api.w.org\/{rel}","templated":true}]}}