{"id":3303,"date":"2025-05-23T11:28:15","date_gmt":"2025-05-23T11:28:15","guid":{"rendered":"https:\/\/www.eakinostomy.com\/?page_id=3303"},"modified":"2025-08-01T14:16:48","modified_gmt":"2025-08-01T14:16:48","slug":"soutien-et-conseils-pour-les-personnes-stomisees","status":"publish","type":"page","link":"https:\/\/www.eakinostomy.com\/fr\/soutien-et-conseils-pour-les-personnes-stomisees\/","title":{"rendered":"Soutien et conseils pour les personnes stomis\u00e9es"},"content":{"rendered":"<div class=\"background-block relative overflow-hidden\" style=\"background-color: #f6f6f6\">\n        <div class=\"relative z-20\">\n        <div class=\"acf-innerblocks-container\">\n\n<div class=\"hero\">\n            \n    <div class=\"absolute w-full z-[39] pt-2\">\n        <div class=\"pt-2 container mx-auto relative breadcrumbs px-4 \">\n            <div class=\" flex items-center flex-wrap\">\n                <span property=\"itemListElement\" typeof=\"ListItem\"><a property=\"item\" typeof=\"WebPage\" title=\"Go to Home.\" href=\"https:\/\/www.eakinostomy.com\/fr\" class=\"home\" aria-current=\"page\"><span property=\"name\">Home<\/span><\/a><meta property=\"position\" content=\"1\"><\/span>            <\/div>\n        <\/div>\n    <\/div>\n        <div class=\"acf-innerblocks-container\">\n<div class=\"hero-slide glide__slide\">\n    <div class=\"acf-innerblocks-container\">\n\n<div class=\"wp-block-group\"><div class=\"wp-block-group__inner-container is-layout-flow wp-block-group-is-layout-flow\">\n<h1 class=\"wp-block-heading\"><mark style=\"background-color:rgba(0, 0, 0, 0)\" class=\"has-inline-color has-purple-600-color\">Soutien et conseils<\/mark><\/h1>\n\n\n\n<p>Que vous vous pr\u00e9pariez \u00e0 une op\u00e9ration ou que vous appreniez \u00e0 vivre avec une stomie, nous sommes l\u00e0 pour vous.\u00a0<br>Retrouvez des conseils d\u2019experts, des ressources utiles et un accompagnement bienveillant pour vous aider \u00e0 gagner en confiance \u00e0 chaque \u00e9tape de votre parcours.<\/p>\n<\/div><\/div>\n\n\n\n\n\n<figure class=\"wp-block-image size-full\"><img loading=\"lazy\" decoding=\"async\" width=\"2500\" height=\"1667\" src=\"https:\/\/www.eakinostomy.com\/wp-content\/uploads\/2025\/06\/Eakin-Studio-Shoot-3262-Purple.jpg\" alt=\"\" class=\"wp-image-4443\" srcset=\"https:\/\/www.eakinostomy.com\/fr\/wp-content\/uploads\/sites\/15\/2025\/06\/Eakin-Studio-Shoot-3262-Purple.jpg 2500w, https:\/\/www.eakinostomy.com\/fr\/wp-content\/uploads\/sites\/15\/2025\/06\/Eakin-Studio-Shoot-3262-Purple-300x200.jpg 300w, https:\/\/www.eakinostomy.com\/fr\/wp-content\/uploads\/sites\/15\/2025\/06\/Eakin-Studio-Shoot-3262-Purple-1024x683.jpg 1024w, https:\/\/www.eakinostomy.com\/fr\/wp-content\/uploads\/sites\/15\/2025\/06\/Eakin-Studio-Shoot-3262-Purple-150x100.jpg 150w, https:\/\/www.eakinostomy.com\/fr\/wp-content\/uploads\/sites\/15\/2025\/06\/Eakin-Studio-Shoot-3262-Purple-768x512.jpg 768w, https:\/\/www.eakinostomy.com\/fr\/wp-content\/uploads\/sites\/15\/2025\/06\/Eakin-Studio-Shoot-3262-Purple-1536x1024.jpg 1536w, https:\/\/www.eakinostomy.com\/fr\/wp-content\/uploads\/sites\/15\/2025\/06\/Eakin-Studio-Shoot-3262-Purple-2048x1366.jpg 2048w, https:\/\/www.eakinostomy.com\/fr\/wp-content\/uploads\/sites\/15\/2025\/06\/Eakin-Studio-Shoot-3262-Purple-600x400.jpg 600w\" sizes=\"auto, (max-width: 2500px) 100vw, 2500px\" \/><\/figure>\n\n<\/div>\n<\/div>\n\n<\/div>\n    <div class=\"glide-navigation-container\">\n        <div class=\"glide-navigation hidden\">\n            <div class=\"glide__bullets\" data-glide-el=\"controls[nav]\"><\/div>\n            <div class=\"glide__arrows\" data-glide-el=\"controls\"><\/div>\n        <\/div>\n    <\/div>\n<\/div>\n\n<\/div>\n    <\/div>\n<\/div>\n\n\n<div class=\"spacer\n    h-8    lg:h-12\"\n>\n<\/div>\n\n\n\n<h2 class=\"wp-block-heading text-center lg:text-center\"><mark style=\"background-color:rgba(0, 0, 0, 0)\" class=\"has-inline-color has-teal-600-color\">Avant l\u2019intervention<\/mark><\/h2>\n\n\n<div class=\"spacer\n    h-8    lg:h-8\"\n>\n<\/div>\n\n\n <div class=\"row\n                container mx-auto        px-4 py-0 lg:px-4 lg:py-0    \">\n    <div class=\"acf-innerblocks-container\">\n\n\n<div class=\"card mx-auto\">\n            <picture>\n            <img decoding=\"async\" loading=\"lazy\" src=\"https:\/\/www.eakinostomy.com\/fr\/wp-content\/uploads\/sites\/15\/2025\/06\/Eakin-Studio-Shoot-3623-Warm.jpg\" alt=\"\" srcset=\"https:\/\/www.eakinostomy.com\/fr\/wp-content\/uploads\/sites\/15\/2025\/06\/Eakin-Studio-Shoot-3623-Warm-300x200.jpg 300w, https:\/\/www.eakinostomy.com\/fr\/wp-content\/uploads\/sites\/15\/2025\/06\/Eakin-Studio-Shoot-3623-Warm-1024x683.jpg 1024w, https:\/\/www.eakinostomy.com\/fr\/wp-content\/uploads\/sites\/15\/2025\/06\/Eakin-Studio-Shoot-3623-Warm-150x100.jpg 150w, https:\/\/www.eakinostomy.com\/fr\/wp-content\/uploads\/sites\/15\/2025\/06\/Eakin-Studio-Shoot-3623-Warm-768x512.jpg 768w, https:\/\/www.eakinostomy.com\/fr\/wp-content\/uploads\/sites\/15\/2025\/06\/Eakin-Studio-Shoot-3623-Warm-1536x1024.jpg 1536w, https:\/\/www.eakinostomy.com\/fr\/wp-content\/uploads\/sites\/15\/2025\/06\/Eakin-Studio-Shoot-3623-Warm-2048x1366.jpg 2048w, https:\/\/www.eakinostomy.com\/fr\/wp-content\/uploads\/sites\/15\/2025\/06\/Eakin-Studio-Shoot-3623-Warm-600x400.jpg 600w\">\n        <\/picture>\n        <div class=\"card-body\">\n                <div class=\"flex-1\">\n                                <p><span class=\"TextRun SCXW238082578 BCX8\" lang=\"FR-FR\" xml:lang=\"FR-FR\" data-contrast=\"auto\"><span class=\"NormalTextRun SCXW238082578 BCX8\">Se pr\u00e9parer \u00e0 une chirurgie de stomie peut donner l\u2019impression de plonger dans l\u2019inconnu \u2013 mais ne vous inqui\u00e9tez pas, <\/span><span class=\"NormalTextRun SCXW238082578 BCX8\">nous sommes<\/span><span class=\"NormalTextRun SCXW238082578 BCX8\"> l\u00e0 pour vous.<\/span><\/span> <span class=\"TextRun SCXW238082578 BCX8\" lang=\"FR-FR\" xml:lang=\"FR-FR\" data-contrast=\"auto\"><span class=\"NormalTextRun SCXW238082578 BCX8\">De ce qu\u2019il faut emporter \u00e0 ce \u00e0 quoi s\u2019attendre, voici votre guide essentiel pour bien vous pr\u00e9parer, rester serein et garder un peu le contr\u00f4le.<\/span><\/span><span class=\"EOP SCXW238082578 BCX8\" data-ccp-props=\"{}\">\u00a0<\/span><\/p>\n                    <\/div>\n                    <a class=\"btn btn-gradient\" href=\"https:\/\/www.eakinostomy.com\/fr\/soutien-et-conseils-pour-les-personnes-stomisees\/avant-lintervention\/\">\n                Bien se pr\u00e9parer            <\/a>\n            <\/div>\n<\/div>\n\n<\/div>\n<\/div>\n\n\n<div class=\"spacer\n    h-8    lg:h-8\"\n>\n<\/div>\n\n\n\n<h2 class=\"wp-block-heading text-center lg:text-center\"><mark style=\"background-color:rgba(0, 0, 0, 0)\" class=\"has-inline-color has-purple-600-color\">Vivre avec une stomie<\/mark><\/h2>\n\n\n<div class=\"spacer\n    h-8    lg:h-8\"\n>\n<\/div>\n\n\n <div class=\"row\n                container mx-auto        px-4 py-0 lg:px-4 lg:py-0    \">\n    <div class=\"acf-innerblocks-container\">\n\n\n<div class=\"card mx-auto\">\n            <picture>\n            <img decoding=\"async\" loading=\"lazy\" src=\"https:\/\/www.eakinostomy.com\/fr\/wp-content\/uploads\/sites\/15\/2025\/04\/diet.jpg\" alt=\"\" srcset=\"https:\/\/www.eakinostomy.com\/fr\/wp-content\/uploads\/sites\/15\/2025\/04\/diet-300x200.jpg 300w, https:\/\/www.eakinostomy.com\/fr\/wp-content\/uploads\/sites\/15\/2025\/04\/diet-1024x683.jpg 1024w, https:\/\/www.eakinostomy.com\/fr\/wp-content\/uploads\/sites\/15\/2025\/04\/diet-150x100.jpg 150w, https:\/\/www.eakinostomy.com\/fr\/wp-content\/uploads\/sites\/15\/2025\/04\/diet-768x512.jpg 768w, https:\/\/www.eakinostomy.com\/fr\/wp-content\/uploads\/sites\/15\/2025\/04\/diet-1536x1024.jpg 1536w, https:\/\/www.eakinostomy.com\/fr\/wp-content\/uploads\/sites\/15\/2025\/04\/diet-2048x1366.jpg 2048w, https:\/\/www.eakinostomy.com\/fr\/wp-content\/uploads\/sites\/15\/2025\/04\/diet-600x400.jpg 600w\">\n        <\/picture>\n        <div class=\"card-body\">\n                    <h4>Alimentation et boissons apr\u00e8s une stomie<\/h4>\n                <div class=\"flex-1\">\n                                <p><span class=\"TextRun SCXW74991997 BCX8\" lang=\"FR-FR\" xml:lang=\"FR-FR\" data-contrast=\"auto\"><span class=\"NormalTextRun SCXW74991997 BCX8\">Manger avec une stomie ne devrait pas \u00eatre un casse-t\u00eate. D\u00e9couvrez des conseils pratiques, des id\u00e9es savoureuses et ce \u00e0 quoi faire attention pour pr\u00e9server votre confort digestif et le plaisir de manger.<\/span><\/span><\/p>\n                    <\/div>\n                    <a class=\"btn btn-gradient\" href=\"https:\/\/www.eakinostomy.com\/fr\/soutien-et-conseils-pour-les-personnes-stomisees\/regime-alimentaire\/\">\n                D\u00e9couvrez nos conseils gourmands            <\/a>\n            <\/div>\n<\/div>\n\n\n\n\n<div class=\"card mx-auto\">\n            <picture>\n            <img decoding=\"async\" loading=\"lazy\" src=\"https:\/\/www.eakinostomy.com\/fr\/wp-content\/uploads\/sites\/15\/2025\/05\/intimacypurple.jpg\" alt=\"\" srcset=\"https:\/\/www.eakinostomy.com\/fr\/wp-content\/uploads\/sites\/15\/2025\/05\/intimacypurple-300x200.jpg 300w, https:\/\/www.eakinostomy.com\/fr\/wp-content\/uploads\/sites\/15\/2025\/05\/intimacypurple-1024x683.jpg 1024w, https:\/\/www.eakinostomy.com\/fr\/wp-content\/uploads\/sites\/15\/2025\/05\/intimacypurple-150x100.jpg 150w, https:\/\/www.eakinostomy.com\/fr\/wp-content\/uploads\/sites\/15\/2025\/05\/intimacypurple-768x512.jpg 768w, https:\/\/www.eakinostomy.com\/fr\/wp-content\/uploads\/sites\/15\/2025\/05\/intimacypurple-1536x1024.jpg 1536w, https:\/\/www.eakinostomy.com\/fr\/wp-content\/uploads\/sites\/15\/2025\/05\/intimacypurple-2048x1366.jpg 2048w, https:\/\/www.eakinostomy.com\/fr\/wp-content\/uploads\/sites\/15\/2025\/05\/intimacypurple-600x400.jpg 600w\">\n        <\/picture>\n        <div class=\"card-body\">\n                    <h4>Sexualit\u00e9, relations et rencontres<\/h4>\n                <div class=\"flex-1\">\n                                <p><span class=\"TextRun SCXW250530274 BCX8\" lang=\"FR-FR\" xml:lang=\"FR-FR\" data-contrast=\"auto\"><span class=\"NormalTextRun SCXW250530274 BCX8\">Stomie et vie amoureuse ? Bien s\u00fbr que oui. D\u00e9couvrez nos conseils pour vous sentir bien dans votre peau, en confiance et pr\u00eat \u00e0 vous reconnecter \u2013 parce que l\u2019intimit\u00e9, c\u2019est pour tout le monde.<\/span><\/span><\/p>\n                    <\/div>\n                    <a class=\"btn btn-gradient\" href=\"https:\/\/www.eakinostomy.com\/fr\/soutien-et-conseils-pour-les-personnes-stomisees\/intimite-avec-une-stomie\/\">\n                Explorer les conseils sur l\u2019intimit\u00e9            <\/a>\n            <\/div>\n<\/div>\n\n\n\n\n<div class=\"card mx-auto\">\n            <picture>\n            <img decoding=\"async\" loading=\"lazy\" src=\"https:\/\/www.eakinostomy.com\/fr\/wp-content\/uploads\/sites\/15\/2025\/05\/travelteal.jpg\" alt=\"\" srcset=\"https:\/\/www.eakinostomy.com\/fr\/wp-content\/uploads\/sites\/15\/2025\/05\/travelteal-300x200.jpg 300w, https:\/\/www.eakinostomy.com\/fr\/wp-content\/uploads\/sites\/15\/2025\/05\/travelteal-1024x683.jpg 1024w, https:\/\/www.eakinostomy.com\/fr\/wp-content\/uploads\/sites\/15\/2025\/05\/travelteal-150x100.jpg 150w, https:\/\/www.eakinostomy.com\/fr\/wp-content\/uploads\/sites\/15\/2025\/05\/travelteal-768x512.jpg 768w, https:\/\/www.eakinostomy.com\/fr\/wp-content\/uploads\/sites\/15\/2025\/05\/travelteal-1536x1024.jpg 1536w, https:\/\/www.eakinostomy.com\/fr\/wp-content\/uploads\/sites\/15\/2025\/05\/travelteal-2048x1366.jpg 2048w, https:\/\/www.eakinostomy.com\/fr\/wp-content\/uploads\/sites\/15\/2025\/05\/travelteal-600x400.jpg 600w\">\n        <\/picture>\n        <div class=\"card-body\">\n                    <h4>Voyager avec une stomie<\/h4>\n                <div class=\"flex-1\">\n                                <p><span class=\"NormalTextRun SCXW128518037 BCX8\">L\u2019aventure vous attend \u2013 stomie incluse ! Des astuces <\/span><span class=\"NormalTextRun SCXW128518037 BCX8\">pour pr\u00e9parer sa<\/span><span class=\"NormalTextRun SCXW128518037 BCX8\"> valise aux conseils pour les contr\u00f4les \u00e0 l\u2019a\u00e9roport, nous vous aidons \u00e0 voyager en toute confiance, sans vous laisser freiner<\/span><span class=\"NormalTextRun SCXW128518037 BCX8\"> par votre stomie<\/span><span class=\"NormalTextRun SCXW128518037 BCX8\">.<\/span><\/p>\n                    <\/div>\n                    <a class=\"btn btn-gradient\" href=\"https:\/\/www.eakinostomy.com\/fr\/soutien-et-conseils-pour-les-personnes-stomisees\/voyage-avec-une-stomie\/\">\n                Pr\u00e9parez votre valise comme un\/une pro            <\/a>\n            <\/div>\n<\/div>\n\n\n\n\n<div class=\"card mx-auto\">\n            <picture>\n            <img decoding=\"async\" loading=\"lazy\" src=\"https:\/\/www.eakinostomy.com\/fr\/wp-content\/uploads\/sites\/15\/2025\/04\/managing.jpg\" alt=\"\" srcset=\"https:\/\/www.eakinostomy.com\/fr\/wp-content\/uploads\/sites\/15\/2025\/04\/managing-300x200.jpg 300w, https:\/\/www.eakinostomy.com\/fr\/wp-content\/uploads\/sites\/15\/2025\/04\/managing-1024x683.jpg 1024w, https:\/\/www.eakinostomy.com\/fr\/wp-content\/uploads\/sites\/15\/2025\/04\/managing-150x100.jpg 150w, https:\/\/www.eakinostomy.com\/fr\/wp-content\/uploads\/sites\/15\/2025\/04\/managing-768x512.jpg 768w, https:\/\/www.eakinostomy.com\/fr\/wp-content\/uploads\/sites\/15\/2025\/04\/managing-1536x1024.jpg 1536w, https:\/\/www.eakinostomy.com\/fr\/wp-content\/uploads\/sites\/15\/2025\/04\/managing-2048x1366.jpg 2048w, https:\/\/www.eakinostomy.com\/fr\/wp-content\/uploads\/sites\/15\/2025\/04\/managing-600x400.jpg 600w\">\n        <\/picture>\n        <div class=\"card-body\">\n                    <h4>G\u00e9rer votre stomie<\/h4>\n                <div class=\"flex-1\">\n                                <p><span class=\"TextRun SCXW54228196 BCX8\" lang=\"FR-FR\" xml:lang=\"FR-FR\" data-contrast=\"auto\"><span class=\"NormalTextRun SCXW54228196 BCX8\">Du changement de poche \u00e0 la gestion des fuites en passant par le soin de la peau, nous vous proposons des conseils simples et concrets pour g\u00e9rer votre stomie sereinement, jour apr\u00e8s jour.<\/span><\/span><\/p>\n                    <\/div>\n                    <a class=\"btn btn-gradient\" href=\"https:\/\/www.eakinostomy.com\/fr\/soutien-et-conseils-pour-les-personnes-stomisees\/gerer-votre-stomie\/\">\n                Ma\u00eetrisez votre routine            <\/a>\n            <\/div>\n<\/div>\n\n<\/div>\n<\/div>\n\n\n<div class=\"spacer\n    h-8    lg:h-12\"\n>\n<\/div>\n\n\n\n<p><\/p>\n","protected":false},"excerpt":{"rendered":"<p>Avant l\u2019intervention Vivre avec une stomie<\/p>\n","protected":false},"author":8,"featured_media":0,"parent":0,"menu_order":0,"comment_status":"closed","ping_status":"closed","template":"","meta":{"_acf_changed":true,"footnotes":""},"class_list":["post-3303","page","type-page","status-publish","hentry"],"acf":[],"_links":{"self":[{"href":"https:\/\/www.eakinostomy.com\/fr\/wp-json\/wp\/v2\/pages\/3303","targetHints":{"allow":["GET"]}}],"collection":[{"href":"https:\/\/www.eakinostomy.com\/fr\/wp-json\/wp\/v2\/pages"}],"about":[{"href":"https:\/\/www.eakinostomy.com\/fr\/wp-json\/wp\/v2\/types\/page"}],"author":[{"embeddable":true,"href":"https:\/\/www.eakinostomy.com\/fr\/wp-json\/wp\/v2\/users\/8"}],"replies":[{"embeddable":true,"href":"https:\/\/www.eakinostomy.com\/fr\/wp-json\/wp\/v2\/comments?post=3303"}],"version-history":[{"count":0,"href":"https:\/\/www.eakinostomy.com\/fr\/wp-json\/wp\/v2\/pages\/3303\/revisions"}],"wp:attachment":[{"href":"https:\/\/www.eakinostomy.com\/fr\/wp-json\/wp\/v2\/media?parent=3303"}],"curies":[{"name":"wp","href":"https:\/\/api.w.org\/{rel}","templated":true}]}}