{"id":3385,"date":"2025-05-26T22:15:07","date_gmt":"2025-05-26T22:15:07","guid":{"rendered":"https:\/\/www.eakinostomy.com\/?page_id=3385"},"modified":"2025-08-14T15:29:56","modified_gmt":"2025-08-14T15:29:56","slug":"instaurer-un-environnement-sur","status":"publish","type":"page","link":"https:\/\/www.eakinostomy.com\/fr\/professionnels-de-sante\/instaurer-un-environnement-sur\/","title":{"rendered":"Instaurer un environnement s\u00fbr"},"content":{"rendered":"<div class=\"background-block relative overflow-hidden\" style=\"background-color: #f6f6f6\">\n        <div class=\"relative z-20\">\n        <div class=\"acf-innerblocks-container\">\n\n<div class=\"hero\">\n            \n    <div class=\"absolute w-full z-[39] pt-2\">\n        <div class=\"pt-2 container mx-auto relative breadcrumbs px-4 \">\n            <div class=\" flex items-center flex-wrap\">\n                <span property=\"itemListElement\" typeof=\"ListItem\"><a property=\"item\" typeof=\"WebPage\" title=\"Go to Home.\" href=\"https:\/\/www.eakinostomy.com\/fr\" class=\"home\" aria-current=\"page\"><span property=\"name\">Home<\/span><\/a><meta property=\"position\" content=\"1\"><\/span>            <\/div>\n        <\/div>\n    <\/div>\n        <div class=\"acf-innerblocks-container\">\n<div class=\"hero-slide glide__slide\">\n    <div class=\"acf-innerblocks-container\">\n\n<div class=\"wp-block-group\"><div class=\"wp-block-group__inner-container is-layout-flow wp-block-group-is-layout-flow\">\n<h1 class=\"wp-block-heading has-purple-600-color has-text-color has-link-color wp-elements-857378edeb0a114c1c2394dfab99d88a\">Accompagner de l\u2019h\u00f4pital \u00e0 la maison<\/h1>\n\n\n\n<p>Le choix de produits de soins de stomie adapt\u00e9s \u00e0 une utilisation \u00e0 la maison peut s\u2019av\u00e9rer compliqu\u00e9.<\/p>\n<\/div><\/div>\n\n\n\n\n\n<figure class=\"wp-block-image size-full\"><img loading=\"lazy\" decoding=\"async\" width=\"5883\" height=\"4167\" src=\"https:\/\/www.eakinostomy.com\/wp-content\/uploads\/2025\/05\/Creating-a-secure-fit.png\" alt=\"\" class=\"wp-image-2688\" srcset=\"https:\/\/www.eakinostomy.com\/fr\/wp-content\/uploads\/sites\/15\/2025\/05\/Creating-a-secure-fit.png 5883w, https:\/\/www.eakinostomy.com\/fr\/wp-content\/uploads\/sites\/15\/2025\/05\/Creating-a-secure-fit-300x212.png 300w, https:\/\/www.eakinostomy.com\/fr\/wp-content\/uploads\/sites\/15\/2025\/05\/Creating-a-secure-fit-1024x725.png 1024w, https:\/\/www.eakinostomy.com\/fr\/wp-content\/uploads\/sites\/15\/2025\/05\/Creating-a-secure-fit-150x106.png 150w, https:\/\/www.eakinostomy.com\/fr\/wp-content\/uploads\/sites\/15\/2025\/05\/Creating-a-secure-fit-768x544.png 768w, https:\/\/www.eakinostomy.com\/fr\/wp-content\/uploads\/sites\/15\/2025\/05\/Creating-a-secure-fit-1536x1088.png 1536w, https:\/\/www.eakinostomy.com\/fr\/wp-content\/uploads\/sites\/15\/2025\/05\/Creating-a-secure-fit-2048x1451.png 2048w, https:\/\/www.eakinostomy.com\/fr\/wp-content\/uploads\/sites\/15\/2025\/05\/Creating-a-secure-fit-600x425.png 600w\" sizes=\"auto, (max-width: 5883px) 100vw, 5883px\" \/><\/figure>\n\n<\/div>\n<\/div>\n\n<\/div>\n    <div class=\"glide-navigation-container\">\n        <div class=\"glide-navigation hidden\">\n            <div class=\"glide__bullets\" data-glide-el=\"controls[nav]\"><\/div>\n            <div class=\"glide__arrows\" data-glide-el=\"controls\"><\/div>\n        <\/div>\n    <\/div>\n<\/div>\n\n<\/div>\n    <\/div>\n<\/div>\n\n\n<div class=\"spacer\n    h-8    lg:h-12\"\n>\n<\/div>\n\n\n\n<p class=\"text-center lg:text-center text-xl lg:text-xl\">Vos patients sont sur le point de quitter le milieu hospitalier au sein duquel ils \u00e9taient pris en charge, accompagn\u00e9s et hautement surveill\u00e9s, afin de rejoindre leur domicile, o\u00f9 ils devront s&#8217;assurer seuls leurs soins de stomie.&nbsp;C&#8217;est \u00e0 cette \u00e9tape qu\u2019ils peuvent rencontrer des probl\u00e8mes. Sachez qu\u2019il existe diff\u00e9rents moyens visant \u00e0 aider vos patients stomis\u00e9s \u00e0 trouver les produits les plus adapt\u00e9s, afin de les aider \u00e0 appr\u00e9hender leur nouvelle routine, \u00e0 minimiser l\u2019apparition des fuites et \u00e0 am\u00e9liorer leur confort.&nbsp;&nbsp;<\/p>\n\n\n\n<p class=\"text-center lg:text-center text-xl lg:text-xl\">En tant qu&#8217;infirmier(e) stomath\u00e9rapeute ou soignant(e), vous devez prendre en compte divers \u00e9l\u00e9ments lorsque vous s\u00e9lectionnez les produits qui vous semblent les plus adapt\u00e9s. La routine de stomath\u00e9rapie et le choix des produits ad\u00e9quats d\u00e9pendent de divers facteurs tels que la topographie de la peau, les comorbidit\u00e9s, la forme et la taille de la stomie ainsi que des traitements prescrits. De plus, vos patients stomis\u00e9s viennent de subir une intervention chirurgicale majeure, qui va radicalement changer leur vie. Et comme le soulignent Cowell, McNick et McNichol (2016), avant de sortir de l\u2019h\u00f4pital, ils auront jusqu\u2019\u00e1 18 \u00e9l\u00e9ments \u00e0 prendre en compte.<sup>1<\/sup>. &nbsp;<br>&nbsp;<br>L\u2019assimilation de toutes ces informations peut s\u2019av\u00e9rer compliqu\u00e9e, surtout au d\u00e9but. Ainsi, en proposant \u00e0 vos patients des produits adaptables et faciles \u00e0 utiliser, vous pouvez leur \u00e9viter, voire \u00e9liminer les risques d\u2019incidents, les aider \u00e0 se sentir en confiance et \u00e0 s&#8217;habituer \u00e0 leur nouvelle routine quotidienne, en l\u2019absence de surveillance \u00e9troite d\u2019un personnel hospitalier.<\/p>\n\n\n<div class=\"spacer\n    h-8    lg:h-8\"\n>\n<\/div>\n\n\n\n<h2 class=\"wp-block-heading has-teal-600-color has-text-color has-link-color wp-elements-f148252c1d177283bfd2969a2902d65c text-center lg:text-center\"><strong>Se familiariser avec la stomath\u00e9rapie \u00e0 domicile et se cr\u00e9er un environnement s\u00fbr<\/strong><\/h2>\n\n\n\n<p class=\"text-center lg:text-center text-xl lg:text-xl\">Chaque stomie et chaque personne stomis\u00e9e est unique. Face \u00e0 cette r\u00e9alit\u00e9, vous ne serez pas surpris d\u2019apprendre qu\u2019il existe diverses approches pour aider vos patients \u00e0 trouver la routine de stomath\u00e9rapie qui leur permette de se sentir en s\u00e9curit\u00e9, accompagn\u00e9s, \u00e0 l\u2019aise et en confiance. La transition de l\u2019h\u00f4pital \u00e0 la maison peut \u00eatre tr\u00e8s difficile \u00e0 appr\u00e9hender pour de nombreux patients stomis\u00e9s. Nos derni\u00e8res \u00e9tudes montrent que le recours \u00e0 des produits faciles \u00e0 manipuler, adaptables et modelables peut aider vos patients \u00e0 se familiariser avec leur nouvelle routine de stomath\u00e9rapie, une fois sortis de l\u2019h\u00f4pital. &nbsp;<br>&nbsp;<br>L\u2019utilisation de produits ergonomiques, qui s\u2019adaptent aux changements de forme d\u2019une nouvelle stomie, peut encourager les patients \u00e0 se sentir plus en confiance et les aider \u00e0 mieux g\u00e9rer leurs soins quotidiens, en particulier les premiers jours. Dans l\u2019optique d\u2019aider les patients \u00e0 choisir des produits de soins de stomie faciles et modelables (qui s\u2019adaptent \u00e0 la stomie) ou \u00e0 se tourner vers d\u2019autres, sp\u00e9cialement con\u00e7us pour \u00e9pouser la silhouette, nos derni\u00e8res recherches montrent que l\u2019utilisation de ces produits peut contribuer \u00e0 r\u00e9duire les fuites, att\u00e9nuer les l\u00e9sions cutan\u00e9es p\u00e9ristomiales, prolonger la dur\u00e9e d\u2019utilisation et offrir \u00e0 vos patients la confiance et la ma\u00eetrise dont ils ont besoin pour s&#8217;adapter \u00e0 leur nouvelle routine de soins.<\/p>\n\n\n<div class=\"spacer\n    h-8    lg:h-8\"\n>\n<\/div>\n\n\n\n<h3 class=\"wp-block-heading has-purple-600-color has-text-color has-link-color wp-elements-cea1765252edbb91bf51f3009b758f47 text-center lg:text-center\"><strong>Conseils et ressources<\/strong><\/h3>\n\n\n\n<p class=\"text-center lg:text-center text-xl lg:text-xl\">D\u00e9couvrez nos derni\u00e8res recherches portant sur la mal\u00e9abilit\u00e9 des anneaux protecteurs, visant \u00e0 aider vos patients \u00e0 trouver le mod\u00e8le qui leur convient le mieux et \u00e0 ma\u00eetriser leur routine de soins de stomie, une fois sortis de l&#8217;h\u00f4pital.<\/p>\n\n\n <div class=\"row\n                container mx-auto        px-4 py-0 lg:px-4 lg:py-0    \">\n    <div class=\"acf-innerblocks-container\">\n\n\n<div class=\"card mx-auto\">\n        <div class=\"card-body\">\n                    <h4>\u00c9tude de cas\u202f: savoir r\u00e9agir en cas de fuites et prendre soin d\u2019une peau extr\u00eamement douloureuse<\/h4>\n                <div class=\"flex-1\">\n                                <p><span class=\"NormalTextRun SCXW228347823 BCX8\" data-ccp-parastyle=\"heading 2\">D\u00e9couvrez comment l\u2019utilisation de soins <\/span><span class=\"NormalTextRun SCXW228347823 BCX8\" data-ccp-parastyle=\"heading 2\">mal maitr<\/span><span class=\"NormalTextRun SCXW228347823 BCX8\" data-ccp-parastyle=\"heading 2\">is\u00e9s peut entra\u00eener des fuites inutiles et douloureusement irriter la peau des patients et comment, \u00e0 l\u2019inverse, des produits de soins de stomie flexibles et respectueux de l\u2019\u00e9piderme peuvent favoriser le <\/span><span class=\"NormalTextRun SCXW228347823 BCX8\" data-ccp-parastyle=\"heading 2\">bon \u00e9tat<\/span><span class=\"NormalTextRun SCXW228347823 BCX8\" data-ccp-parastyle=\"heading 2\"> de la stomie, pour optimiser les r\u00e9sultats.<\/span><\/p>\n                    <\/div>\n                    <a class=\"btn btn-gradient\" href=\"https:\/\/www.eakinostomy.com\/fr\/wp-content\/uploads\/sites\/15\/2025\/08\/eakin-Cohesive-Seals-CS7.22.FR_-1.pdf\">\n                En savoir plus            <\/a>\n            <\/div>\n<\/div>\n\n\n\n\n<div class=\"card mx-auto\">\n        <div class=\"card-body\">\n                    <h4>Rendre l\u2019impossible possible ! \u00e9tude de cas portant sur le soin des plaies<\/h4>\n                <div class=\"flex-1\">\n                                <p><span class=\"TextRun SCXW192652554 BCX8\" lang=\"FR-FR\" xml:lang=\"FR-FR\" data-contrast=\"none\"><span class=\"NormalTextRun SCXW192652554 BCX8\" data-ccp-parastyle=\"heading 2\">D\u00e9couvrez comment le choix de produits adapt\u00e9s peut contribuer, pour vous et vos patients, \u00e0 surmonter la complexit\u00e9 des fistules <\/span><span class=\"NormalTextRun SCXW192652554 BCX8\" data-ccp-parastyle=\"heading 2\">au<\/span><span class=\"NormalTextRun SCXW192652554 BCX8\" data-ccp-parastyle=\"heading 2\"> domicile et comment prot\u00e9ger leur peau, prolonger la dur\u00e9e d\u2019utilisation des soins et am\u00e9liorer leur sant\u00e9 psychologique, afin d\u2019encourager leur gu\u00e9rison \u00e0 long terme.<\/span><\/span><\/p>\n                    <\/div>\n                    <a class=\"btn btn-gradient\" href=\"https:\/\/www.eakinostomy.com\/fr\/wp-content\/uploads\/sites\/15\/2025\/08\/Rendre-possible-limpossible-FR.pdf\">\n                Lire ici            <\/a>\n            <\/div>\n<\/div>\n\n\n\n\n<div class=\"card mx-auto\">\n        <div class=\"card-body\">\n                    <h4>Tutoriel vid\u00e9o pour installer un anneau protecteur<\/h4>\n                <div class=\"flex-1\">\n                                <p><span class=\"NormalTextRun SCXW204658512 BCX8\">Dans notre courte vid\u00e9o, d\u00e9couvrez les diff\u00e9rentes techniques visant \u00e0 appliquer un anneau mod<\/span><span class=\"NormalTextRun SCXW204658512 BCX8\">e<\/span><span class=\"NormalTextRun SCXW204658512 BCX8\">lable, pour assurer le <\/span><span class=\"NormalTextRun SCXW204658512 BCX8\">bon maintien<\/span><span class=\"NormalTextRun SCXW204658512 BCX8\"> de la stomie de vos patients, <\/span><span class=\"NormalTextRun SCXW204658512 BCX8\">au<\/span> <span class=\"NormalTextRun SCXW204658512 BCX8\">domicile. Les possibilit\u00e9s sont vraiment infinies\u202f!<\/span><\/p>\n                    <\/div>\n                    <a class=\"btn btn-gradient\" href=\"https:\/\/youtu.be\/iFVCt9-xiXE?si=hc21NJ7UntM5BoEg\" target=\"_blank\" rel=\"noopener\">\n                Regardez ici            <\/a>\n            <\/div>\n<\/div>\n\n<\/div>\n<\/div>\n\n\n<div class=\"spacer\n    h-12    lg:h-20\"\n>\n<\/div>\n\n\n\n<p class=\"text-base lg:text-base\"><strong>R\u00e9f\u00e9rences<\/strong> <strong>:<br><\/strong>1. Colwell, Janice &amp; Kupsick, Phyllis &amp; Mcnichol, Laurie. (2016). Outcome Criteria for Discharging the Patient With a New Ostomy From Home Health Care: A WOCN Society Consensus Conference. Journal of Wound, Ostomy and Continence Nursing. 43. 269-273. 10.1097\/WON.0000000000000230.<\/p>\n\n\n<div class=\"need-help\">\n    <div class=\"container mx-auto flex flex-col lg:flex-row lg:justify-between lg:max-w-[1162px] lg:items-center\">\n        <div class=\"content lg:text-lg\">\n            <h4 class=\"text-purple-600\">Des produits de soin de stomie sur lesquels vous pouvez compter<\/h4>\n            <picture class=\"lg:hidden block mb-6\">\n                <img decoding=\"async\" loading=\"lazy\" src=\"https:\/\/www.eakinostomy.com\/fr\/wp-content\/uploads\/sites\/15\/2025\/05\/accessories.jpg\" srcset=\"https:\/\/www.eakinostomy.com\/fr\/wp-content\/uploads\/sites\/15\/2025\/05\/accessories-300x200.jpg 300w, https:\/\/www.eakinostomy.com\/fr\/wp-content\/uploads\/sites\/15\/2025\/05\/accessories-1024x683.jpg 1024w, https:\/\/www.eakinostomy.com\/fr\/wp-content\/uploads\/sites\/15\/2025\/05\/accessories-150x100.jpg 150w, https:\/\/www.eakinostomy.com\/fr\/wp-content\/uploads\/sites\/15\/2025\/05\/accessories-768x512.jpg 768w, https:\/\/www.eakinostomy.com\/fr\/wp-content\/uploads\/sites\/15\/2025\/05\/accessories-1536x1024.jpg 1536w, https:\/\/www.eakinostomy.com\/fr\/wp-content\/uploads\/sites\/15\/2025\/05\/accessories-2048x1366.jpg 2048w, https:\/\/www.eakinostomy.com\/fr\/wp-content\/uploads\/sites\/15\/2025\/05\/accessories-600x400.jpg 600w\" alt=\"\">\n            <\/picture>\n            <div class=\"my-4\">\n                <p><span class=\"TextRun SCXW136879129 BCX8\" lang=\"FR-FR\" xml:lang=\"FR-FR\" data-contrast=\"none\"><span class=\"NormalTextRun SCXW136879129 BCX8\">Des <\/span><span class=\"NormalTextRun SCXW136879129 BCX8\">appareillag<\/span><span class=\"NormalTextRun SCXW136879129 BCX8\">es<\/span><span class=\"NormalTextRun SCXW136879129 BCX8\">, <\/span><span class=\"NormalTextRun SCXW136879129 BCX8\">aux <\/span><span class=\"NormalTextRun SCXW136879129 BCX8\">anneaux <\/span><span class=\"NormalTextRun SCXW136879129 BCX8\">protecteurs fiables<\/span><span class=\"NormalTextRun SCXW136879129 BCX8\"> et <\/span><span class=\"NormalTextRun SCXW136879129 BCX8\">aux accessoires innovants, notre gamme de produits <\/span><span class=\"NormalTextRun SpellingErrorV2Themed SCXW136879129 BCX8\">eaki<\/span><span class=\"NormalTextRun SpellingErrorV2Themed SCXW136879129 BCX8\">n<\/span><\/span><span class=\"TextRun SCXW136879129 BCX8\" lang=\"FR-FR\" xml:lang=\"FR-FR\" data-contrast=\"none\"><span class=\"NormalTextRun Superscript SCXW136879129 BCX8\" data-fontsize=\"11\">\u00ae\u00a0<\/span><\/span><span class=\"TextRun SCXW136879129 BCX8\" lang=\"FR-FR\" xml:lang=\"FR-FR\" data-contrast=\"none\"> <span class=\"NormalTextRun SCXW136879129 BCX8\">compren<\/span><span class=\"NormalTextRun SCXW136879129 BCX8\">d tout <\/span><span class=\"NormalTextRun SCXW136879129 BCX8\">ce<\/span> <span class=\"NormalTextRun SCXW136879129 BCX8\">dont<\/span> <span class=\"NormalTextRun SCXW136879129 BCX8\">vous<\/span> <span class=\"NormalTextRun SCXW136879129 BCX8\">avez<\/span> <span class=\"NormalTextRun SCXW136879129 BCX8\">besoin<\/span><span class=\"NormalTextRun SCXW136879129 BCX8\"> pour <\/span><span class=\"NormalTextRun SCXW136879129 BCX8\">accompagner<\/span> <span class=\"NormalTextRun SCXW136879129 BCX8\">vos<\/span><span class=\"NormalTextRun SCXW136879129 BCX8\"> patients apr\u00e8s <\/span><span class=\"NormalTextRun SCXW136879129 BCX8\">leur<\/span><span class=\"NormalTextRun SCXW136879129 BCX8\"> sortie de <\/span><span class=\"NormalTextRun SCXW136879129 BCX8\">l&#8217;h\u00f4pital<\/span><span class=\"NormalTextRun SCXW136879129 BCX8\">. Vous <\/span><span class=\"NormalTextRun SCXW136879129 BCX8\">pouvez<\/span> <\/span><span class=\"TextRun Highlight SCXW136879129 BCX8\" lang=\"FR-FR\" xml:lang=\"FR-FR\" data-contrast=\"none\"><span class=\"NormalTextRun SCXW136879129 BCX8\">demander <\/span><span class=\"NormalTextRun SCXW136879129 BCX8\">des \u00e9chantillons de produits<\/span><\/span> <span class=\"TextRun Highlight SCXW136879129 BCX8\" lang=\"FR-FR\" xml:lang=\"FR-FR\" data-contrast=\"none\"><span class=\"NormalTextRun SCXW136879129 BCX8\">directement aupr\u00e8s d\u2019<\/span><span class=\"NormalTextRun SpellingErrorV2Themed SCXW136879129 BCX8\">eakin<\/span><span class=\"NormalTextRun SCXW136879129 BCX8\"> ou par l\u2019interm\u00e9diaire de votre repr\u00e9sentant local<\/span><\/span> <span class=\"TextRun Highlight SCXW136879129 BCX8\" lang=\"FR-FR\" xml:lang=\"FR-FR\" data-contrast=\"none\"><span class=\"NormalTextRun SCXW136879129 BCX8\">pour constater la diff\u00e9rence par vous-m\u00eame. <\/span><\/span><\/p>\n            <\/div>\n            <div class=\"flex flex-col gap-4 pt-4 lg:flex-row\">\n                                                            <a href=\"https:\/\/www.eakinostomy.com\/fr\/nos-produits\/\" class=\"btn btn-primary w-full text-center lg:w-fit\">\n                            Voir les produits                        <\/a>\n                                                <\/div>\n        <\/div>\n        <div class=\"hidden lg:block\">\n            <picture>\n                <img decoding=\"async\" src=\"https:\/\/www.eakinostomy.com\/fr\/wp-content\/uploads\/sites\/15\/2025\/05\/accessories.jpg\" srcset=\"https:\/\/www.eakinostomy.com\/fr\/wp-content\/uploads\/sites\/15\/2025\/05\/accessories-300x200.jpg 300w, https:\/\/www.eakinostomy.com\/fr\/wp-content\/uploads\/sites\/15\/2025\/05\/accessories-1024x683.jpg 1024w, https:\/\/www.eakinostomy.com\/fr\/wp-content\/uploads\/sites\/15\/2025\/05\/accessories-150x100.jpg 150w, https:\/\/www.eakinostomy.com\/fr\/wp-content\/uploads\/sites\/15\/2025\/05\/accessories-768x512.jpg 768w, https:\/\/www.eakinostomy.com\/fr\/wp-content\/uploads\/sites\/15\/2025\/05\/accessories-1536x1024.jpg 1536w, https:\/\/www.eakinostomy.com\/fr\/wp-content\/uploads\/sites\/15\/2025\/05\/accessories-2048x1366.jpg 2048w, https:\/\/www.eakinostomy.com\/fr\/wp-content\/uploads\/sites\/15\/2025\/05\/accessories-600x400.jpg 600w\" alt=\"\">\n            <\/picture>\n        <\/div>\n    <\/div>\n<\/div>\n","protected":false},"excerpt":{"rendered":"<p>Vos patients sont sur le point de quitter le milieu hospitalier au sein duquel ils \u00e9taient pris en charge, accompagn\u00e9s et hautement surveill\u00e9s, afin de rejoindre leur domicile, o\u00f9 ils devront s&#8217;assurer seuls leurs soins de stomie.&nbsp;C&#8217;est \u00e0 cette \u00e9tape qu\u2019ils peuvent rencontrer des probl\u00e8mes. Sachez qu\u2019il existe diff\u00e9rents moyens visant \u00e0 aider vos patients [&hellip;]<\/p>\n","protected":false},"author":8,"featured_media":0,"parent":1241,"menu_order":0,"comment_status":"closed","ping_status":"closed","template":"","meta":{"_acf_changed":true,"footnotes":""},"class_list":["post-3385","page","type-page","status-publish","hentry"],"acf":[],"_links":{"self":[{"href":"https:\/\/www.eakinostomy.com\/fr\/wp-json\/wp\/v2\/pages\/3385","targetHints":{"allow":["GET"]}}],"collection":[{"href":"https:\/\/www.eakinostomy.com\/fr\/wp-json\/wp\/v2\/pages"}],"about":[{"href":"https:\/\/www.eakinostomy.com\/fr\/wp-json\/wp\/v2\/types\/page"}],"author":[{"embeddable":true,"href":"https:\/\/www.eakinostomy.com\/fr\/wp-json\/wp\/v2\/users\/8"}],"replies":[{"embeddable":true,"href":"https:\/\/www.eakinostomy.com\/fr\/wp-json\/wp\/v2\/comments?post=3385"}],"version-history":[{"count":0,"href":"https:\/\/www.eakinostomy.com\/fr\/wp-json\/wp\/v2\/pages\/3385\/revisions"}],"up":[{"embeddable":true,"href":"https:\/\/www.eakinostomy.com\/fr\/wp-json\/wp\/v2\/pages\/1241"}],"wp:attachment":[{"href":"https:\/\/www.eakinostomy.com\/fr\/wp-json\/wp\/v2\/media?parent=3385"}],"curies":[{"name":"wp","href":"https:\/\/api.w.org\/{rel}","templated":true}]}}