{"id":3454,"date":"2025-06-06T14:06:32","date_gmt":"2025-06-06T14:06:32","guid":{"rendered":"https:\/\/www.eakinostomy.com\/?page_id=3454"},"modified":"2025-08-01T09:23:35","modified_gmt":"2025-08-01T09:23:35","slug":"eakin-freeseal","status":"publish","type":"page","link":"https:\/\/www.eakinostomy.com\/fr\/eakin-freeseal\/","title":{"rendered":"eakin freeseal\u00ae"},"content":{"rendered":"<div class=\"background-block relative overflow-hidden\" style=\"background-color: #f6f6f6\">\n        <div class=\"relative z-20\">\n        <div class=\"acf-innerblocks-container\">\n\n<div class=\"hero\">\n            \n    <div class=\"absolute w-full z-[39] pt-2\">\n        <div class=\"pt-2 container mx-auto relative breadcrumbs px-4 \">\n            <div class=\" flex items-center flex-wrap\">\n                <span property=\"itemListElement\" typeof=\"ListItem\"><a property=\"item\" typeof=\"WebPage\" title=\"Go to Home.\" href=\"https:\/\/www.eakinostomy.com\/fr\" class=\"home\" aria-current=\"page\"><span property=\"name\">Home<\/span><\/a><meta property=\"position\" content=\"1\"><\/span>            <\/div>\n        <\/div>\n    <\/div>\n        <div class=\"acf-innerblocks-container\">\n<div class=\"hero-slide glide__slide\">\n    <div class=\"acf-innerblocks-container\">\n\n<div class=\"wp-block-group\"><div class=\"wp-block-group__inner-container is-layout-flow wp-block-group-is-layout-flow\">\n<h4 class=\"wp-block-heading has-purple-600-color has-text-color has-link-color wp-elements-6e48d92aba3353e06029e480f7f457e8\">Trouvez le votre et devenez<span class=\"swoosh-underline\"><mark style=\"background-color:rgba(0, 0, 0, 0)\" class=\"has-inline-color has-purple-400-color\">invincible<\/mark><\/span><\/h4>\n\n\n\n<p>Dites\u00a0<strong>NON aux fuites\u00a0<\/strong>avec\u00a0eakin\u00a0<strong>freeseal<sup>\u00ae<\/sup>\u202f!<\/strong>\u00a0<\/p>\n\n\n\n<div class=\"wp-block-buttons is-layout-flex wp-block-buttons-is-layout-flex\">\n<div class=\"wp-block-button is-style-btn-primary\"><a class=\"wp-block-button__link has-text-align-center wp-element-button\" href=\"#samplenow\">\u00c9chantillon disponible d\u00e8s maintenant<\/a><\/div>\n<\/div>\n<\/div><\/div>\n\n\n\n\n\n<figure class=\"wp-block-image size-full is-style-default\"><img loading=\"lazy\" decoding=\"async\" width=\"1000\" height=\"960\" src=\"https:\/\/www.eakinostomy.com\/wp-content\/uploads\/2025\/03\/230510NM_StillsxPelicanHealthcare-0189.png\" alt=\"\" class=\"wp-image-1296\" srcset=\"https:\/\/www.eakinostomy.com\/fr\/wp-content\/uploads\/sites\/15\/2025\/03\/230510NM_StillsxPelicanHealthcare-0189.png 1000w, https:\/\/www.eakinostomy.com\/fr\/wp-content\/uploads\/sites\/15\/2025\/03\/230510NM_StillsxPelicanHealthcare-0189-300x288.png 300w, https:\/\/www.eakinostomy.com\/fr\/wp-content\/uploads\/sites\/15\/2025\/03\/230510NM_StillsxPelicanHealthcare-0189-150x144.png 150w, https:\/\/www.eakinostomy.com\/fr\/wp-content\/uploads\/sites\/15\/2025\/03\/230510NM_StillsxPelicanHealthcare-0189-768x737.png 768w, https:\/\/www.eakinostomy.com\/fr\/wp-content\/uploads\/sites\/15\/2025\/03\/230510NM_StillsxPelicanHealthcare-0189-600x576.png 600w\" sizes=\"auto, (max-width: 1000px) 100vw, 1000px\" \/><\/figure>\n\n<\/div>\n<\/div>\n\n<\/div>\n    <div class=\"glide-navigation-container\">\n        <div class=\"glide-navigation hidden\">\n            <div class=\"glide__bullets\" data-glide-el=\"controls[nav]\"><\/div>\n            <div class=\"glide__arrows\" data-glide-el=\"controls\"><\/div>\n        <\/div>\n    <\/div>\n<\/div>\n\n<\/div>\n    <\/div>\n<\/div>\n\n\n<div class=\"spacer\n    h-4    lg:h-12\"\n>\n<\/div>\n\n\n<div class=\"background-block relative overflow-hidden\" style=\"background-color: #d4bdd9\">\n        <div class=\"relative z-20\">\n        <div class=\"acf-innerblocks-container\">\n<div class=\"spacer\n    h-4    lg:h-8\"\n>\n<\/div>\n\n\n\n<h2 class=\"wp-block-heading has-purple-600-color has-text-color has-link-color wp-elements-468d6804af7a360cdf287a7f92edaa91 text-center\">D\u00e9couvrez la nouvelle gamme eakin\u00a0<strong>freeseal<sup>\u00ae<\/sup><\/strong><\/h2>\n\n\n\n<p class=\"text-center lg:text-center text-xl lg:text-xl\">Dites\u00a0<strong><span class=\"swoosh-underline-purple\">NON aux fuites<\/span>\u00a0<\/strong>avec\u00a0eakin\u00a0<strong>freeseal<sup>\u00ae<\/sup>\u202f!<\/strong>\u00a0<\/p>\n\n\n\n<p class=\"text-center lg:text-center text-xl lg:text-xl\">En vous donnant les moyens de\u00a0<strong>pr\u00e9venir les fuites<\/strong><sup>2<\/sup>\u00a0et de vivre chaque jour avec\u00a0<strong>optimisme<\/strong>.<\/p>\n\n\n\n<p class=\"text-center lg:text-center text-xl lg:text-xl\">Trouvez l\u2019anneau qui vous convient avec la gamme\u00a0eakin\u00a0<strong>freeseal<sup>\u00ae<\/sup><\/strong>. Discret, confortable,\u00a0<strong>s\u2019adapte<\/strong>\u00a0\u00e0 toutes les formes et se retire en\u00a0<strong>un seul geste<\/strong>. Il n&#8217;est pas surprenant que <strong>92 %<\/strong> des utilisateurs aient constat\u00e9 une am\u00e9lioration du <strong>confort <\/strong>avec eakin <strong>freeseal<sup>\u00ae<\/sup> <\/strong>!<\/p>\n\n<\/div>\n    <\/div>\n<\/div>\n\n\n<div class=\"spacer\n    h-4    lg:h-12\"\n>\n<\/div>\n\n\n\n<h3 class=\"wp-block-heading has-purple-600-color has-text-color has-link-color wp-elements-2279bcc5dfcb2643a9e88a8533a04d4c text-center\" id=\"samplenow\"><strong><strong>Int\u00e9grez eakin freeseal<sup>\u00ae<\/sup>\u00a0\u00e0 votre routine quotidienne d\u00e8s AUJOURD\u2019HUI !<\/strong><\/strong><\/h3>\n\n\n<div class=\"spacer\n    h-4    lg:h-8\"\n>\n<\/div>\n\n\n\n<script charset=\"utf-8\" type=\"text\/javascript\" src=\"\/\/js-eu1.hsforms.net\/forms\/embed\/v2.js\"><\/script>\n<script>\n  hbspt.forms.create({\n    portalId: \"143796071\",\n    formId: \"03758386-921e-4736-832c-f16731140bd6\",\n    region: \"eu1\"\n  });\n<\/script>\n\n\n<div class=\"spacer\n    h-12    lg:h-16\"\n>\n<\/div>\n\n\n\n<h4 class=\"wp-block-heading has-purple-600-color has-text-color has-link-color wp-elements-e8bbdf0d7eb8144263a2067c8295d5af text-center\" id=\"find-your-fit\">Trouvez votre guide des tailles<\/h4>\n\n\n<div class=\"spacer\n    h-4    lg:h-4\"\n>\n<\/div>\n\n\n<div class=\"background-block relative overflow-hidden\" style=\"background-color: \">\n        <div class=\"relative z-20\">\n        <div class=\"acf-innerblocks-container\">\n\n<p class=\"text-xl lg:text-xl\">Choisissez eakin\u00a0<strong>freeseal<sup><strong>\u00ae<\/strong>\u00a0\u00a0<\/sup><\/strong>air, un anneau fin \u00e0 utiliser lorsque votre stomie est affleurante, r\u00e9tract\u00e9e ou au ras de votre ventre. Lorsque la\u00a0<strong>discr\u00e9tion<\/strong>, le\u00a0<strong>confort<\/strong>\u00a0et la\u00a0<strong>sensation de l\u00e9g\u00e8ret\u00e9<\/strong>\u00a0sont les priorit\u00e9s mais que le\u00a0<strong>retrait facile<\/strong>\u00a0et la\u00a0<strong>pr\u00e9vention des fuites<sup>2<\/sup><\/strong>\u00a0ne sont pas n\u00e9gociables\u2026\u00a0C\u2019est\u00a0l\u2019anneau\u00a0qu\u2019il\u00a0vous\u00a0faut !<\/p>\n\n\n\n<p class=\"text-xl lg:text-xl\">Choisissez eakin\u00a0<strong>freeseal<sup>\u00ae<\/sup><\/strong>\u00a0versa, un anneau plus \u00e9pais pour plus de\u00a0<strong>polyvalence<\/strong>, qui s\u2019adapte aux creux et aux plis :\u00a0<strong>nos anneaux \u00e9pousent votre corps.<\/strong>\u00a0De plus, m\u00eame avec des effluents plus liquides, cet anneau aide \u00e0\u00a0<strong>prolonger<\/strong>\u00a0la tenue et \u00e0\u00a0<strong>pr\u00e9venir les fuites<\/strong><sup>2<\/sup>\u00a0tout en se<strong>\u00a0retirant en un clin<\/strong>\u00a0d\u2019oeil.<\/p>\n\n\n\n<p class=\"has-purple-400-color has-text-color has-link-color wp-elements-0834e16eb3af410249acda7c17c2467c text-xl lg:text-xl\"><strong>Vous n\u2019\u00eates pas s\u00fbr de la taille de votre stomie ?<\/strong><\/p>\n\n\n\n<p class=\"text-xl lg:text-xl\">Vous pouvez v\u00e9rifier votre support pour voir \u00e0 quelle taille vous l\u2019avez d\u00e9coup\u00e9 ou s\u2019il est d\u00e9j\u00e0 pr\u00e9-d\u00e9coup\u00e9 \u00e0 une certaine taille; sinon vous pouvez utiliser notre guide pratique ci-dessous:<\/p>\n\n\n\n<ul class=\"wp-block-list is-style-purple-checkmark\">\n<li class=\"text-xl lg:text-xl\"><strong>10-18mm<\/strong>\u00a0pour les stomies pas plus grandes qu\u2019un bouton de manteau classique<\/li>\n\n\n\n<li class=\"text-xl lg:text-xl\"><strong>18-30mm<\/strong>\u00a0pour les stomies pas plus grandes qu\u2019une tomate cerise<\/li>\n\n\n\n<li class=\"text-xl lg:text-xl\"><strong>30mm+<\/strong>\u00a0pour les stomies plus grandes qu\u2019un bouchon de bouteille<\/li>\n<\/ul>\n\n\n\n<p class=\"has-purple-600-color has-text-color has-link-color wp-elements-3646bb621d3d2218916efbc3296ed902 text-center lg:text-center text-base lg:text-base\"><strong><a href=\"https:\/\/www.eakinostomy.com\/fr\/wp-content\/uploads\/2025\/05\/freeseal.pdf\">Cliquez ici pour le mode d\u2019emploi de la gamme eakin freeseal<mark style=\"background-color:rgba(0, 0, 0, 0)\" class=\"has-inline-color has-purple-600-color\"><sup>\u00ae<\/sup><\/mark>.<\/a><\/strong><\/p>\n\n\n\n<p class=\"text-base lg:text-base\">1. <em>Mc Groggan G, Haughey S and McDowell K (2018) An absorbent, enzyme-inhibiting seal reduces peristomal skin complications. Gastrointestinal Nursing 16:1 42-4<\/em><br>2. <em>Freeseal+ Post Market User Evaluation Report (Data on File) EA-006538-RP-B-Freeseal+<\/em><br>3. <em>T.G. Eakin Laboratory Testing Summary report, ostomy seals 2023 (Data on file) EA-005683-ST<\/em><\/p>\n\n<\/div>\n    <\/div>\n<\/div>\n\n\n<div class=\"spacer\n    h-4    lg:h-8\"\n>\n<\/div>\n\n\n\n<div class=\"w-full mx-auto case-study-carousel-wrapper\">\n    <div class=\"case-study-carousel mx-auto\">\n        <div class=\"glide__track\" data-glide-el=\"track\">\n            <ul class=\"glide__slides\">\n                                    <li class=\"glide__slide case-study-slide\">\n                        <picture class=\"lg:flex lg:items-center z-0\">\n                            <img decoding=\"async\"\n                                loading=\"lazy\"\n                                class=\"aspect-square object-cover\"\n                                src=\"https:\/\/www.eakinostomy.com\/fr\/wp-content\/uploads\/sites\/15\/2025\/05\/Anna_Swim_48_18_CMYK_Small-1536x1360-1-e1749218979457-150x106.png\"\n                                srcset=\"https:\/\/www.eakinostomy.com\/fr\/wp-content\/uploads\/sites\/15\/2025\/05\/Anna_Swim_48_18_CMYK_Small-1536x1360-1-e1749218979457-300x212.png 300w, https:\/\/www.eakinostomy.com\/fr\/wp-content\/uploads\/sites\/15\/2025\/05\/Anna_Swim_48_18_CMYK_Small-1536x1360-1-e1749218979457-1024x722.png 1024w, https:\/\/www.eakinostomy.com\/fr\/wp-content\/uploads\/sites\/15\/2025\/05\/Anna_Swim_48_18_CMYK_Small-1536x1360-1-e1749218979457-150x106.png 150w, https:\/\/www.eakinostomy.com\/fr\/wp-content\/uploads\/sites\/15\/2025\/05\/Anna_Swim_48_18_CMYK_Small-1536x1360-1-e1749218979457-768x542.png 768w, https:\/\/www.eakinostomy.com\/fr\/wp-content\/uploads\/sites\/15\/2025\/05\/Anna_Swim_48_18_CMYK_Small-1536x1360-1-e1749218979457-600x423.png 600w, https:\/\/www.eakinostomy.com\/fr\/wp-content\/uploads\/sites\/15\/2025\/05\/Anna_Swim_48_18_CMYK_Small-1536x1360-1-e1749218979457.png 1536w\"\n                                alt=\"\"\n                            \/>\n                        <\/picture>\n                        <div class=\"content-wrapper\">\n                            <div class=\"content\">\n                                <h4 class=\"relative z-20\">Commentaires enthousiastes des utilisateurs d&#8217;eakin freeseal<sup>\u00ae<\/sup><\/h4>\n                                <div class=\"relative z-20\"><p><em><span class=\"TextRun SCXW75340148 BCX8\" lang=\"FR-FR\" xml:lang=\"FR-FR\" data-contrast=\"auto\"><span class=\"NormalTextRun SCXW75340148 BCX8\">\u00ab\u202fMa peau n\u2019est plus irrit\u00e9e et j\u2019ai tellement\u00a0plus confiance\u00a0en moi que je peux faire du sport sans fuite<\/span><span class=\"NormalTextRun SCXW75340148 BCX8\">s<\/span><span class=\"NormalTextRun SCXW75340148 BCX8\">.\u202f\u00bb<\/span><\/span><span class=\"EOP SCXW75340148 BCX8\" data-ccp-props=\"{&quot;335557856&quot;:15983321}\">\u00a0<\/span><\/em><\/p>\n<p><strong>Anna<\/strong><\/p>\n<\/div>\n                                                                    <a href=\"https:\/\/www.eakinostomy.com\/fr\/eakin-freeseal\/#samplenow\" class=\"btn btn-primary relative z-20\">\n                                        \u00c9chantillon disponible d\u00e8s \u00e0 pr\u00e9sent                                    <\/a>\n                                                            <\/div>\n                        <\/div>\n                    <\/li>\n                                    <li class=\"glide__slide case-study-slide\">\n                        <picture class=\"lg:flex lg:items-center z-0\">\n                            <img decoding=\"async\"\n                                loading=\"lazy\"\n                                class=\"aspect-square object-cover\"\n                                src=\"https:\/\/www.eakinostomy.com\/fr\/wp-content\/uploads\/sites\/15\/2025\/05\/Ant_Running_60_30_CMYK_Small-1536x1324-1-e1749218998277-150x117.png\"\n                                srcset=\"https:\/\/www.eakinostomy.com\/fr\/wp-content\/uploads\/sites\/15\/2025\/05\/Ant_Running_60_30_CMYK_Small-1536x1324-1-e1749218998277-300x234.png 300w, https:\/\/www.eakinostomy.com\/fr\/wp-content\/uploads\/sites\/15\/2025\/05\/Ant_Running_60_30_CMYK_Small-1536x1324-1-e1749218998277-1024x799.png 1024w, https:\/\/www.eakinostomy.com\/fr\/wp-content\/uploads\/sites\/15\/2025\/05\/Ant_Running_60_30_CMYK_Small-1536x1324-1-e1749218998277-150x117.png 150w, https:\/\/www.eakinostomy.com\/fr\/wp-content\/uploads\/sites\/15\/2025\/05\/Ant_Running_60_30_CMYK_Small-1536x1324-1-e1749218998277-768x599.png 768w, https:\/\/www.eakinostomy.com\/fr\/wp-content\/uploads\/sites\/15\/2025\/05\/Ant_Running_60_30_CMYK_Small-1536x1324-1-e1749218998277-600x468.png 600w, https:\/\/www.eakinostomy.com\/fr\/wp-content\/uploads\/sites\/15\/2025\/05\/Ant_Running_60_30_CMYK_Small-1536x1324-1-e1749218998277.png 1536w\"\n                                alt=\"\"\n                            \/>\n                        <\/picture>\n                        <div class=\"content-wrapper\">\n                            <div class=\"content\">\n                                <h4 class=\"relative z-20\">Commentaires enthousiastes des utilisateurs d&#8217;eakin freeseal<sup>\u00ae<\/sup><\/h4>\n                                <div class=\"relative z-20\"><p><em><span class=\"NormalTextRun SCXW60269697 BCX8\">\u00ab\u202f<\/span><span class=\"NormalTextRun SpellingErrorV2Themed SCXW60269697 BCX8\">eakin<\/span>\u00a0<strong><span class=\"NormalTextRun SpellingErrorV2Themed SCXW60269697 BCX8\">freeseal<sup>\u00ae<\/sup><\/span><\/strong><span class=\"NormalTextRun SCXW60269697 BCX8\">\u00a0m\u2019aide \u00e0 repousser mes limites\u00a0sans m\u2019inqui\u00e9ter des fuites ou des probl\u00e8mes de\u00a0<\/span><span class=\"NormalTextRun ContextualSpellingAndGrammarErrorV2Themed SCXW60269697 BCX8\">poche\u202f.<\/span><span class=\"NormalTextRun SCXW60269697 BCX8\">\u00bb<\/span><\/em><\/p>\n<p><strong>Ant<\/strong><\/p>\n<\/div>\n                                                                    <a href=\"https:\/\/www.eakinostomy.com\/fr\/eakin-freeseal\/#samplenow\" class=\"btn btn-primary relative z-20\">\n                                        \u00c9chantillon disponible d\u00e8s \u00e0 pr\u00e9sent                                    <\/a>\n                                                            <\/div>\n                        <\/div>\n                    <\/li>\n                            <\/ul>\n        <\/div>\n                    <div class=\"glide-navigation-wrapper\">\n                <div class=\"image-spacer\"><\/div>\n                <div class=\"glide-navigation\">\n                    <div class=\"bullets\" data-glide-el=\"controls[nav]\">\n                                                    <button class=\"bullet\" aria-label=\"Go to slide 0\" data-glide-dir=\"=0\"><\/button>\n                                                    <button class=\"bullet\" aria-label=\"Go to slide 1\" data-glide-dir=\"=1\"><\/button>\n                                            <\/div>\n                    <div class=\"controls\" data-glide-el=\"controls\">\n                        <button aria-label=\"Previous slide\" class=\"prev btn btn-gradient\"><\/button>\n                        <button aria-label=\"Next slide\" class=\"next btn btn-gradient\"><\/button>\n                    <\/div>\n                <\/div>\n            <\/div>\n            <\/div>\n<\/div>\n\n\n<div class=\"need-help\">\n    <div class=\"container mx-auto flex flex-col lg:flex-row lg:justify-between lg:max-w-[1162px] lg:items-center\">\n        <div class=\"content lg:text-lg\">\n            <h4 class=\"text-purple-600\">Need some help?<\/h4>\n            <picture class=\"lg:hidden block mb-6\">\n                <img decoding=\"async\" loading=\"lazy\" src=\"https:\/\/www.eakinostomy.com\/fr\/wp-content\/uploads\/sites\/15\/2025\/05\/Eakin-Studio-Shoot-3874-Multi-Teal.gif\" srcset=\"https:\/\/www.eakinostomy.com\/fr\/wp-content\/uploads\/sites\/15\/2025\/05\/Eakin-Studio-Shoot-3874-Multi-Teal-300x200.gif 300w, https:\/\/www.eakinostomy.com\/fr\/wp-content\/uploads\/sites\/15\/2025\/05\/Eakin-Studio-Shoot-3874-Multi-Teal-1024x683.gif 1024w, https:\/\/www.eakinostomy.com\/fr\/wp-content\/uploads\/sites\/15\/2025\/05\/Eakin-Studio-Shoot-3874-Multi-Teal-150x100.gif 150w, https:\/\/www.eakinostomy.com\/fr\/wp-content\/uploads\/sites\/15\/2025\/05\/Eakin-Studio-Shoot-3874-Multi-Teal-768x512.gif 768w, https:\/\/www.eakinostomy.com\/fr\/wp-content\/uploads\/sites\/15\/2025\/05\/Eakin-Studio-Shoot-3874-Multi-Teal-1536x1024.gif 1536w, https:\/\/www.eakinostomy.com\/fr\/wp-content\/uploads\/sites\/15\/2025\/05\/Eakin-Studio-Shoot-3874-Multi-Teal-2048x1366.gif 2048w, https:\/\/www.eakinostomy.com\/fr\/wp-content\/uploads\/sites\/15\/2025\/05\/Eakin-Studio-Shoot-3874-Multi-Teal-600x400.gif 600w\" alt=\"\">\n            <\/picture>\n            <div class=\"my-4\">\n                <p>Wether you are a new or experienced ostomate, we offer a wealth of advice articles on our website, or you can contact us today and speak to an advisor at a time that&#8217;s convenient for you.<\/p>\n            <\/div>\n            <div class=\"flex flex-col gap-4 pt-4 lg:flex-row\">\n                                                            <a href=\"https:\/\/www.eakinostomy.com\/blog\/\" class=\"btn btn-gradient w-full text-center lg:w-fit\">\n                            Explore advice articles                        <\/a>\n                                            <a href=\"https:\/\/www.eakinostomy.com\/get-in-touch\/\" class=\"btn btn-primary w-full text-center lg:w-fit\">\n                            Contact us                        <\/a>\n                                                <\/div>\n        <\/div>\n        <div class=\"hidden lg:block\">\n            <picture>\n                <img decoding=\"async\" src=\"https:\/\/www.eakinostomy.com\/fr\/wp-content\/uploads\/sites\/15\/2025\/05\/Eakin-Studio-Shoot-3874-Multi-Teal.gif\" srcset=\"https:\/\/www.eakinostomy.com\/fr\/wp-content\/uploads\/sites\/15\/2025\/05\/Eakin-Studio-Shoot-3874-Multi-Teal-300x200.gif 300w, https:\/\/www.eakinostomy.com\/fr\/wp-content\/uploads\/sites\/15\/2025\/05\/Eakin-Studio-Shoot-3874-Multi-Teal-1024x683.gif 1024w, https:\/\/www.eakinostomy.com\/fr\/wp-content\/uploads\/sites\/15\/2025\/05\/Eakin-Studio-Shoot-3874-Multi-Teal-150x100.gif 150w, https:\/\/www.eakinostomy.com\/fr\/wp-content\/uploads\/sites\/15\/2025\/05\/Eakin-Studio-Shoot-3874-Multi-Teal-768x512.gif 768w, https:\/\/www.eakinostomy.com\/fr\/wp-content\/uploads\/sites\/15\/2025\/05\/Eakin-Studio-Shoot-3874-Multi-Teal-1536x1024.gif 1536w, https:\/\/www.eakinostomy.com\/fr\/wp-content\/uploads\/sites\/15\/2025\/05\/Eakin-Studio-Shoot-3874-Multi-Teal-2048x1366.gif 2048w, https:\/\/www.eakinostomy.com\/fr\/wp-content\/uploads\/sites\/15\/2025\/05\/Eakin-Studio-Shoot-3874-Multi-Teal-600x400.gif 600w\" alt=\"\">\n            <\/picture>\n        <\/div>\n    <\/div>\n<\/div>\n","protected":false},"excerpt":{"rendered":"<p>Int\u00e9grez eakin freeseal\u00ae\u00a0\u00e0 votre routine quotidienne d\u00e8s AUJOURD\u2019HUI ! Trouvez votre guide des tailles<\/p>\n","protected":false},"author":6,"featured_media":0,"parent":0,"menu_order":0,"comment_status":"closed","ping_status":"closed","template":"","meta":{"_acf_changed":true,"footnotes":""},"class_list":["post-3454","page","type-page","status-publish","hentry"],"acf":[],"_links":{"self":[{"href":"https:\/\/www.eakinostomy.com\/fr\/wp-json\/wp\/v2\/pages\/3454","targetHints":{"allow":["GET"]}}],"collection":[{"href":"https:\/\/www.eakinostomy.com\/fr\/wp-json\/wp\/v2\/pages"}],"about":[{"href":"https:\/\/www.eakinostomy.com\/fr\/wp-json\/wp\/v2\/types\/page"}],"author":[{"embeddable":true,"href":"https:\/\/www.eakinostomy.com\/fr\/wp-json\/wp\/v2\/users\/6"}],"replies":[{"embeddable":true,"href":"https:\/\/www.eakinostomy.com\/fr\/wp-json\/wp\/v2\/comments?post=3454"}],"version-history":[{"count":0,"href":"https:\/\/www.eakinostomy.com\/fr\/wp-json\/wp\/v2\/pages\/3454\/revisions"}],"wp:attachment":[{"href":"https:\/\/www.eakinostomy.com\/fr\/wp-json\/wp\/v2\/media?parent=3454"}],"curies":[{"name":"wp","href":"https:\/\/api.w.org\/{rel}","templated":true}]}}