{"id":3986,"date":"2025-06-10T10:56:32","date_gmt":"2025-06-10T10:56:32","guid":{"rendered":"https:\/\/www.eakinostomy.com\/?page_id=3986"},"modified":"2025-08-14T14:18:32","modified_gmt":"2025-08-14T14:18:32","slug":"gamme-de-produits","status":"publish","type":"page","link":"https:\/\/www.eakinostomy.com\/fr\/professionnels-de-sante\/plaie\/gamme-de-produits\/","title":{"rendered":"Gamme de produits"},"content":{"rendered":"<div class=\"background-block relative overflow-hidden\" style=\"background-color: #f6f6f6\">\n        <div class=\"relative z-20\">\n        <div class=\"acf-innerblocks-container\">\n\n<div class=\"hero\">\n            \n    <div class=\"absolute w-full z-[39] pt-2\">\n        <div class=\"pt-2 container mx-auto relative breadcrumbs px-4 \">\n            <div class=\" flex items-center flex-wrap\">\n                <span property=\"itemListElement\" typeof=\"ListItem\"><a property=\"item\" typeof=\"WebPage\" title=\"Go to Home.\" href=\"https:\/\/www.eakinostomy.com\/fr\" class=\"home\" aria-current=\"page\"><span property=\"name\">Home<\/span><\/a><meta property=\"position\" content=\"1\"><\/span>            <\/div>\n        <\/div>\n    <\/div>\n        <div class=\"acf-innerblocks-container\">\n<div class=\"hero-slide glide__slide\">\n    <div class=\"acf-innerblocks-container\">\n\n<div class=\"wp-block-group\"><div class=\"wp-block-group__inner-container is-layout-flow wp-block-group-is-layout-flow\">\n<h1 class=\"wp-block-heading has-purple-600-color has-text-color has-link-color wp-elements-be2920d4e901dd7cb6d83165d9067e48\">Gamme de produits<\/h1>\n\n\n\n<p>Disponibles en plusieurs tailles, les poches s\u2019adaptent aux nourrissons ou aux grandes plaies postop\u00e9ratoires.<\/p>\n<\/div><\/div>\n\n\n\n\n\n<figure class=\"wp-block-image size-full\"><img loading=\"lazy\" decoding=\"async\" width=\"1378\" height=\"919\" src=\"https:\/\/www.eakinostomy.com\/wp-content\/uploads\/2025\/05\/whypouches.jpg\" alt=\"\" class=\"wp-image-3394\" srcset=\"https:\/\/www.eakinostomy.com\/fr\/wp-content\/uploads\/sites\/15\/2025\/05\/whypouches.jpg 1378w, https:\/\/www.eakinostomy.com\/fr\/wp-content\/uploads\/sites\/15\/2025\/05\/whypouches-300x200.jpg 300w, https:\/\/www.eakinostomy.com\/fr\/wp-content\/uploads\/sites\/15\/2025\/05\/whypouches-1024x683.jpg 1024w, https:\/\/www.eakinostomy.com\/fr\/wp-content\/uploads\/sites\/15\/2025\/05\/whypouches-150x100.jpg 150w, https:\/\/www.eakinostomy.com\/fr\/wp-content\/uploads\/sites\/15\/2025\/05\/whypouches-768x512.jpg 768w, https:\/\/www.eakinostomy.com\/fr\/wp-content\/uploads\/sites\/15\/2025\/05\/whypouches-600x400.jpg 600w\" sizes=\"auto, (max-width: 1378px) 100vw, 1378px\" \/><\/figure>\n\n<\/div>\n<\/div>\n\n<\/div>\n    <div class=\"glide-navigation-container\">\n        <div class=\"glide-navigation hidden\">\n            <div class=\"glide__bullets\" data-glide-el=\"controls[nav]\"><\/div>\n            <div class=\"glide__arrows\" data-glide-el=\"controls\"><\/div>\n        <\/div>\n    <\/div>\n<\/div>\n\n<\/div>\n    <\/div>\n<\/div>\n\n\n<div class=\"spacer\n    h-8    lg:h-8\"\n>\n<\/div>\n\n\n\n<h2 class=\"wp-block-heading has-teal-600-color has-text-color has-link-color wp-elements-294397ddd142e9d5ac1d2883873f047c text-center lg:text-center\">Caract\u00e9ristiques cl\u00e9s des poches&nbsp;eakin Wound Pouch<sup>TM<\/sup><\/h2>\n\n\n\n<div class=\"tabbed-carousel\">\n    <div class=\"acf-innerblocks-container\">\n<div class=\"tabbed-carousel-slide glide__slide\">\n    <button class=\"title\">\n        Hydrocollo\u00efde eakin Cohesive<sup>\u00ae<\/sup>    <\/button>\n        <div class=\"acf-innerblocks-container\">\n\n<ul class=\"wp-block-list is-style-teal-checkmark\">\n<li class=\"text-xl lg:text-xl\">Le contact prolong\u00e9 de l\u2019humidit\u00e9 avec la peau affaiblit les tissus et alt\u00e8re la fonction de barri\u00e8re cutan\u00e9e, ce qui peut entra\u00eener une mac\u00e9ration.<\/li>\n\n\n\n<li class=\"text-xl lg:text-xl\">La mati\u00e8re eakin <strong>Cohesive<sup>\u00ae<\/sup><\/strong> est hautement <strong>absorbante<\/strong>, emp\u00eachant l\u2019humidit\u00e9 et les substances irritantes d\u2019entrer en contact avec la peau\u00b9\u00b2\u02d2\u00b9\u2076, contribuant ainsi \u00e0 prot\u00e9ger contre les l\u00e9sions cutan\u00e9es associ\u00e9es \u00e0 l\u2019humidit\u00e9\u00b9\u00b2\u207b\u00b9\u2075.<\/li>\n\n\n\n<li class=\"text-xl lg:text-xl\">eakin <strong>Cohesive<sup>\u00ae<\/sup><\/strong> est \u00e9galement <strong>tr\u00e8s modelables<\/strong>\u00b9\u00b3, ce qui permet d\u2019assurer un ajustement parfait quelle que soit la forme ou la taille de la plaie et sa topographie.<\/li>\n\n\n\n<li class=\"text-xl lg:text-xl\">Plus de 40 ans d\u2019efficacit\u00e9 prouv\u00e9e en mati\u00e8re de respect de la peau gr\u00e2ce \u00e0 un nombre limit\u00e9 d\u2019ingr\u00e9dients et \u00e0 l\u2019absence de tout cas confirm\u00e9 de r\u00e9action allergique.<\/li>\n<\/ul>\n\n<\/div>\n<\/div>\n\n\n<div class=\"tabbed-carousel-slide glide__slide\">\n    <button class=\"title\">\n        Access Windows\u2122    <\/button>\n        <div class=\"acf-innerblocks-container\">\n\n<ul class=\"wp-block-list is-style-teal-checkmark\">\n<li class=\"text-xl lg:text-xl\">Les fen\u00eatre d\u2019acc\u00e8s eakin Access Windows\u2122 peuvent \u00eatre appliqu\u00e9es \u00e0 toutes nos poches pour plaies eakin Wound Pouches\u2122, \u00e0 l\u2019exception des plus petites.<\/li>\n\n\n\n<li class=\"text-xl lg:text-xl\">Elles permettent un acc\u00e8s imm\u00e9diat \u00e0 la plaie pour la surveillance ou l\u2019irrigation, sans retirer la poche compl\u00e8tement\u00b2.<\/li>\n\n\n\n<li class=\"text-xl lg:text-xl\">Les fen\u00eatres d\u2019acc\u00e8s eakin Access Windows\u2122 peuvent prolonger la dur\u00e9e de vie de la poche, faire gagner un temps pr\u00e9cieux lors des changements de pansement et am\u00e9liorer le confort du patient.<\/li>\n<\/ul>\n\n<\/div>\n<\/div>\n\n\n<div class=\"tabbed-carousel-slide glide__slide\">\n    <button class=\"title\">\n        Fermeture par bouchon    <\/button>\n        <div class=\"acf-innerblocks-container\">\n\n<ul class=\"wp-block-list is-style-teal-checkmark\">\n<li class=\"text-xl lg:text-xl\">Le bouchon de vidange permet une connexion \u00e0 un syst\u00e8me de drainage de tout en mesurant ce qui est collect\u00e9 avec pr\u00e9cision.<\/li>\n<\/ul>\n\n<\/div>\n<\/div>\n\n\n<div class=\"tabbed-carousel-slide glide__slide\">\n    <button class=\"title\">\n        Une gamme proposant plusieurs formes et tailles de produits    <\/button>\n        <div class=\"acf-innerblocks-container\">\n\n<ul class=\"wp-block-list is-style-teal-checkmark\">\n<li class=\"text-xl lg:text-xl\">11 tailles de poches disponibles<\/li>\n\n\n\n<li class=\"text-xl lg:text-xl\">8 formes de supports diff\u00e9rentes<\/li>\n\n\n\n<li class=\"text-xl lg:text-xl\">Possibilit\u00e9 de positionner la poche selon diff\u00e9rents angles pour optimiser la vidange<\/li>\n<\/ul>\n\n<\/div>\n<\/div>\n\n<\/div>\n<\/div>\n\n\n<div class=\"spacer\n    h-8    lg:h-12\"\n>\n<\/div>\n\n\n\n<h3 class=\"wp-block-heading has-teal-600-color has-text-color has-link-color wp-elements-a44955c5ff1784d78a2c5217ccf272eb text-center lg:text-center\">Sur quelles parties du corps les poches eakin Wound Pouches<sup>TM<\/sup>&nbsp;peuvent-elles \u00eatre utilis\u00e9es?<\/h3>\n\n\n\n<p class=\"text-center lg:text-center text-xl lg:text-xl\">Il est bien connu que les poches eakin Wound Pouches<sup>TM&nbsp;<\/sup>sont id\u00e9ales pour les blessures abdominales et les fistules de toutes tailles. Cependant, eakin Wound Pouch<sup>TM&nbsp;<\/sup>peut constituer un pansement appropri\u00e9 pour de nombreux autres sites de plaies. Les utilisations ne sont pas limit\u00e9es aux exemples pr\u00e9sent\u00e9s.<\/p>\n\n\n\n<p class=\"text-center lg:text-center text-sm lg:text-sm\"><em><strong><em>Ces diagrammes repr\u00e9sentent les produits eakin Wound Management pour la gestion de diff\u00e9rents types de plaie\/intervention chirurgicale\/fistule\/etc.<\/em><\/strong><\/em><\/p>\n\n\n<div class=\"wp-block-image\">\n<figure class=\"aligncenter size-full is-resized\"><img loading=\"lazy\" decoding=\"async\" width=\"1024\" height=\"629\" src=\"https:\/\/www.eakinostomy.com\/fr\/wp-content\/uploads\/sites\/15\/2025\/07\/fr-wound.jpg\" alt=\"\" class=\"wp-image-4814\" style=\"width:907px;height:auto\" srcset=\"https:\/\/www.eakinostomy.com\/fr\/wp-content\/uploads\/sites\/15\/2025\/07\/fr-wound.jpg 1024w, https:\/\/www.eakinostomy.com\/fr\/wp-content\/uploads\/sites\/15\/2025\/07\/fr-wound-300x184.jpg 300w, https:\/\/www.eakinostomy.com\/fr\/wp-content\/uploads\/sites\/15\/2025\/07\/fr-wound-150x92.jpg 150w, https:\/\/www.eakinostomy.com\/fr\/wp-content\/uploads\/sites\/15\/2025\/07\/fr-wound-768x472.jpg 768w, https:\/\/www.eakinostomy.com\/fr\/wp-content\/uploads\/sites\/15\/2025\/07\/fr-wound-600x369.jpg 600w\" sizes=\"auto, (max-width: 1024px) 100vw, 1024px\" \/><\/figure>\n<\/div>\n\n<div class=\"wp-block-image\">\n<figure class=\"aligncenter size-full is-resized\"><img loading=\"lazy\" decoding=\"async\" width=\"1084\" height=\"664\" src=\"https:\/\/www.eakinostomy.com\/fr\/wp-content\/uploads\/sites\/15\/2025\/08\/image-5.png\" alt=\"\" class=\"wp-image-4901\" style=\"width:1124px;height:auto\" srcset=\"https:\/\/www.eakinostomy.com\/fr\/wp-content\/uploads\/sites\/15\/2025\/08\/image-5.png 1084w, https:\/\/www.eakinostomy.com\/fr\/wp-content\/uploads\/sites\/15\/2025\/08\/image-5-300x184.png 300w, https:\/\/www.eakinostomy.com\/fr\/wp-content\/uploads\/sites\/15\/2025\/08\/image-5-1024x627.png 1024w, https:\/\/www.eakinostomy.com\/fr\/wp-content\/uploads\/sites\/15\/2025\/08\/image-5-150x92.png 150w, https:\/\/www.eakinostomy.com\/fr\/wp-content\/uploads\/sites\/15\/2025\/08\/image-5-768x470.png 768w, https:\/\/www.eakinostomy.com\/fr\/wp-content\/uploads\/sites\/15\/2025\/08\/image-5-600x368.png 600w\" sizes=\"auto, (max-width: 1084px) 100vw, 1084px\" \/><\/figure>\n<\/div>\n\n\n<p class=\"text-center lg:text-center text-lg lg:text-lg\"><strong><mark style=\"background-color:rgba(0, 0, 0, 0)\" class=\"has-inline-color has-purple-400-color\"><em><a href=\"https:\/\/www.eakinostomy.com\/fr\/references\/\" target=\"_blank\" rel=\"noreferrer noopener\">Cliquez ici pour voir les r\u00e9f\u00e9rences<\/a><\/em><\/mark><\/strong><\/p>\n\n\n<div class=\"spacer\n    h-8    lg:h-12\"\n>\n<\/div>\n\n\n\n<h3 class=\"wp-block-heading has-purple-600-color has-text-color has-link-color wp-elements-ab2c242bcac0561b138f0ca42d84c420 text-center lg:text-center\">Comment commander<\/h3>\n\n\n\n<p class=\"text-center lg:text-center text-xl lg:text-xl\"><strong>Note importante:<\/strong>&nbsp;les produits ne sont pas toujours disponibles selon les pays. Contacter votre distributeur local pour plus d\u2019information sur les disponibilit\u00e9s dans votre pays.<\/p>\n\n\n\n<p class=\"text-center lg:text-center text-2xl lg:text-2xl\"><strong><mark style=\"background-color:rgba(0, 0, 0, 0)\" class=\"has-inline-color has-purple-400-color\"><a href=\"https:\/\/www.eakinostomy.com\/fr\/wp-content\/uploads\/2025\/06\/Wound-Pouches-Reference-Poster-English-A4-WEBSITE.pdf\">Cliquez ici pour les codes de commande<\/a><\/mark><\/strong><\/p>\n\n\n<div class=\"spacer\n    h-4    lg:h-4\"\n>\n<\/div>\n\n\n\n<p class=\"has-purple-600-color has-text-color has-link-color wp-elements-6a3cc30a842d578f6e8b803e5acc9adc text-center lg:text-center text-lg lg:text-lg\"><a href=\"https:\/\/www.eakinostomy.com\/fr\/wp-content\/uploads\/2025\/06\/wound-pouch.pdf\">Cliquez ici pour obtenir les instructions d&#8217;utilisation des pochettes pour plaies Eakin Wound Pouches\u2122<\/a><br><a href=\"https:\/\/www.eakinostomy.com\/fr\/wp-content\/uploads\/2025\/06\/access-windows.pdf\">Cliquez ici pour obtenir les instructions d&#8217;utilisation d&#8217;Eakin Access Windows<\/a><br><a href=\"https:\/\/www.eakinostomy.com\/fr\/wp-content\/uploads\/2025\/06\/skin-barriers.pdf\">Cliquez ici pour obtenir les instructions d&#8217;utilisation des barri\u00e8res cutan\u00e9es Eakin<\/a><\/p>\n\n\n\n<p><\/p>\n","protected":false},"excerpt":{"rendered":"<p>Caract\u00e9ristiques cl\u00e9s des poches&nbsp;eakin Wound PouchTM Sur quelles parties du corps les poches eakin Wound PouchesTM&nbsp;peuvent-elles \u00eatre utilis\u00e9es? Il est bien connu que les poches eakin Wound PouchesTM&nbsp;sont id\u00e9ales pour les blessures abdominales et les fistules de toutes tailles. Cependant, eakin Wound PouchTM&nbsp;peut constituer un pansement appropri\u00e9 pour de nombreux autres sites de plaies. Les [&hellip;]<\/p>\n","protected":false},"author":8,"featured_media":0,"parent":1353,"menu_order":0,"comment_status":"closed","ping_status":"closed","template":"","meta":{"_acf_changed":false,"footnotes":""},"class_list":["post-3986","page","type-page","status-publish","hentry"],"acf":[],"_links":{"self":[{"href":"https:\/\/www.eakinostomy.com\/fr\/wp-json\/wp\/v2\/pages\/3986","targetHints":{"allow":["GET"]}}],"collection":[{"href":"https:\/\/www.eakinostomy.com\/fr\/wp-json\/wp\/v2\/pages"}],"about":[{"href":"https:\/\/www.eakinostomy.com\/fr\/wp-json\/wp\/v2\/types\/page"}],"author":[{"embeddable":true,"href":"https:\/\/www.eakinostomy.com\/fr\/wp-json\/wp\/v2\/users\/8"}],"replies":[{"embeddable":true,"href":"https:\/\/www.eakinostomy.com\/fr\/wp-json\/wp\/v2\/comments?post=3986"}],"version-history":[{"count":0,"href":"https:\/\/www.eakinostomy.com\/fr\/wp-json\/wp\/v2\/pages\/3986\/revisions"}],"up":[{"embeddable":true,"href":"https:\/\/www.eakinostomy.com\/fr\/wp-json\/wp\/v2\/pages\/1353"}],"wp:attachment":[{"href":"https:\/\/www.eakinostomy.com\/fr\/wp-json\/wp\/v2\/media?parent=3986"}],"curies":[{"name":"wp","href":"https:\/\/api.w.org\/{rel}","templated":true}]}}