{"id":4252,"date":"2025-06-19T15:35:11","date_gmt":"2025-06-19T15:35:11","guid":{"rendered":"https:\/\/www.eakinostomy.com\/?page_id=4252"},"modified":"2025-08-06T11:40:22","modified_gmt":"2025-08-06T11:40:22","slug":"webinaires","status":"publish","type":"page","link":"https:\/\/www.eakinostomy.com\/fr\/professionnels-de-sante\/webinaires\/","title":{"rendered":"Webinaires"},"content":{"rendered":"<div class=\"background-block relative overflow-hidden\" style=\"background-color: #f6f6f6\">\n        <div class=\"relative z-20\">\n        <div class=\"acf-innerblocks-container\">\n\n<div class=\"hero\">\n            \n    <div class=\"absolute w-full z-[39] pt-2\">\n        <div class=\"pt-2 container mx-auto relative breadcrumbs px-4 \">\n            <div class=\" flex items-center flex-wrap\">\n                <span property=\"itemListElement\" typeof=\"ListItem\"><a property=\"item\" typeof=\"WebPage\" title=\"Go to Home.\" href=\"https:\/\/www.eakinostomy.com\/fr\" class=\"home\" aria-current=\"page\"><span property=\"name\">Home<\/span><\/a><meta property=\"position\" content=\"1\"><\/span>            <\/div>\n        <\/div>\n    <\/div>\n        <div class=\"acf-innerblocks-container\">\n<div class=\"hero-slide glide__slide\">\n    <div class=\"acf-innerblocks-container\">\n\n<div class=\"wp-block-group\"><div class=\"wp-block-group__inner-container is-layout-flow wp-block-group-is-layout-flow\">\n<h1 class=\"wp-block-heading has-teal-600-color has-text-color has-link-color wp-elements-6bf8d9ace6d2f669e3fa1018568c494d\">Webinaires<\/h1>\n\n\n\n<p>Notre plateforme de formation en ligne d\u00e9di\u00e9e aux soignants accompagnant les personnes stomis\u00e9es pour r\u00e9pondre \u00e0 leurs besoins.<\/p>\n<\/div><\/div>\n\n\n\n\n\n<figure class=\"wp-block-image size-full\"><img loading=\"lazy\" decoding=\"async\" width=\"1246\" height=\"526\" src=\"https:\/\/www.eakinostomy.com\/wp-content\/uploads\/2025\/06\/webinars.jpg\" alt=\"\" class=\"wp-image-4263\" srcset=\"https:\/\/www.eakinostomy.com\/fr\/wp-content\/uploads\/sites\/15\/2025\/06\/webinars.jpg 1246w, https:\/\/www.eakinostomy.com\/fr\/wp-content\/uploads\/sites\/15\/2025\/06\/webinars-300x127.jpg 300w, https:\/\/www.eakinostomy.com\/fr\/wp-content\/uploads\/sites\/15\/2025\/06\/webinars-1024x432.jpg 1024w, https:\/\/www.eakinostomy.com\/fr\/wp-content\/uploads\/sites\/15\/2025\/06\/webinars-150x63.jpg 150w, https:\/\/www.eakinostomy.com\/fr\/wp-content\/uploads\/sites\/15\/2025\/06\/webinars-768x324.jpg 768w, https:\/\/www.eakinostomy.com\/fr\/wp-content\/uploads\/sites\/15\/2025\/06\/webinars-600x253.jpg 600w\" sizes=\"auto, (max-width: 1246px) 100vw, 1246px\" \/><\/figure>\n\n<\/div>\n<\/div>\n\n<\/div>\n    <div class=\"glide-navigation-container\">\n        <div class=\"glide-navigation hidden\">\n            <div class=\"glide__bullets\" data-glide-el=\"controls[nav]\"><\/div>\n            <div class=\"glide__arrows\" data-glide-el=\"controls\"><\/div>\n        <\/div>\n    <\/div>\n<\/div>\n\n<\/div>\n    <\/div>\n<\/div>\n\n\n<div class=\"spacer\n    h-8    lg:h-20\"\n>\n<\/div>\n\n\n <div class=\"row\n                container mx-auto        px-4 py-0 lg:px-4 lg:py-0    \">\n    <div class=\"acf-innerblocks-container\">\n\n\n<div class=\"card mx-auto\">\n            <picture>\n            <img decoding=\"async\" loading=\"lazy\" src=\"https:\/\/www.eakinostomy.com\/fr\/wp-content\/uploads\/sites\/15\/2025\/06\/sportexercise.jpg\" alt=\"\" srcset=\"https:\/\/www.eakinostomy.com\/fr\/wp-content\/uploads\/sites\/15\/2025\/06\/sportexercise-300x197.jpg 300w, https:\/\/www.eakinostomy.com\/fr\/wp-content\/uploads\/sites\/15\/2025\/06\/sportexercise-150x99.jpg 150w, https:\/\/www.eakinostomy.com\/fr\/wp-content\/uploads\/sites\/15\/2025\/06\/sportexercise-768x505.jpg 768w, https:\/\/www.eakinostomy.com\/fr\/wp-content\/uploads\/sites\/15\/2025\/06\/sportexercise-600x394.jpg 600w, https:\/\/www.eakinostomy.com\/fr\/wp-content\/uploads\/sites\/15\/2025\/06\/sportexercise.jpg 860w\">\n        <\/picture>\n        <div class=\"card-body\">\n                    <h4>Module 1 &#8211; Sport et exercice<\/h4>\n                <div class=\"flex-1\">\n                                <p style=\"text-align: center;\"><span class=\"TextRun SCXW231716714 BCX8\" lang=\"FR-FR\" xml:lang=\"FR-FR\" data-contrast=\"auto\"><span class=\"NormalTextRun SCXW231716714 BCX8\">Ce webinaire aide les <\/span><span class=\"NormalTextRun SCXW231716714 BCX8\">soignant<\/span><span class=\"NormalTextRun SCXW231716714 BCX8\">s en <\/span><span class=\"NormalTextRun SpellingErrorV2Themed SCXW231716714 BCX8\">stomath\u00e9rapie<\/span><span class=\"NormalTextRun SCXW231716714 BCX8\"> \u00e0 guider les patients dans leur r\u00e9\u00e9ducation physique apr\u00e8s une chirurgie de stomie, afin qu\u2019ils puissent retrouver leur force de mani\u00e8re s\u00fbre et efficace.<\/span><\/span><\/p>\n                    <\/div>\n                    <a class=\"btn btn-gradient\" href=\"https:\/\/youtu.be\/hzqc5SCnQvk?si=ycX3k7eCHGZuoL9z\" target=\"_blank\" rel=\"noopener\">\n                Visionner maintenant            <\/a>\n            <\/div>\n<\/div>\n\n\n\n\n<div class=\"card mx-auto\">\n            <picture>\n            <img decoding=\"async\" loading=\"lazy\" src=\"https:\/\/www.eakinostomy.com\/fr\/wp-content\/uploads\/sites\/15\/2025\/06\/Capture.jpg\" alt=\"\" srcset=\"https:\/\/www.eakinostomy.com\/fr\/wp-content\/uploads\/sites\/15\/2025\/06\/Capture-300x199.jpg 300w, https:\/\/www.eakinostomy.com\/fr\/wp-content\/uploads\/sites\/15\/2025\/06\/Capture-150x99.jpg 150w, https:\/\/www.eakinostomy.com\/fr\/wp-content\/uploads\/sites\/15\/2025\/06\/Capture-768x509.jpg 768w, https:\/\/www.eakinostomy.com\/fr\/wp-content\/uploads\/sites\/15\/2025\/06\/Capture-600x398.jpg 600w, https:\/\/www.eakinostomy.com\/fr\/wp-content\/uploads\/sites\/15\/2025\/06\/Capture.jpg 848w\">\n        <\/picture>\n        <div class=\"card-body\">\n                    <h4>Module 2 &#8211; Mode de vie et autonomie<\/h4>\n                <div class=\"flex-1\">\n                                <p style=\"text-align: center;\"><span class=\"TextRun SCXW115705235 BCX8\" lang=\"FR-FR\" xml:lang=\"FR-FR\" data-contrast=\"auto\"><span class=\"NormalTextRun SCXW115705235 BCX8\">Ce webinaire centr\u00e9 sur les <\/span><span class=\"NormalTextRun SCXW115705235 BCX8\">personne<\/span><span class=\"NormalTextRun SCXW115705235 BCX8\">s stomis\u00e9<\/span><span class=\"NormalTextRun SCXW115705235 BCX8\">e<\/span><span class=\"NormalTextRun SCXW115705235 BCX8\">s<\/span><span class=\"NormalTextRun SCXW115705235 BCX8\">,<\/span><span class=\"NormalTextRun SCXW115705235 BCX8\"> les aide \u00e0 surmonter les obstacles qu\u2019une stomie peut repr\u00e9senter dans la r\u00e9alisation de leurs priorit\u00e9s et objectifs de vie.<\/span><\/span><\/p>\n                    <\/div>\n                    <a class=\"btn btn-gradient\" href=\"https:\/\/www.youtube.com\/watch?v=bO_fXiLHdQk&#038;list=PLRQ381TgADOZlBDVMDAKo2kX-TleS2wT_&#038;index=6&#038;t=3196s&#038;pp=gAQBiAQB0gcJCb4JAYcqIYzv\" target=\"_blank\" rel=\"noopener\">\n                Visionner maintenant            <\/a>\n            <\/div>\n<\/div>\n\n\n\n\n<div class=\"card mx-auto\">\n            <picture>\n            <img decoding=\"async\" loading=\"lazy\" src=\"https:\/\/www.eakinostomy.com\/fr\/wp-content\/uploads\/sites\/15\/2025\/06\/earlydays.jpg\" alt=\"\" srcset=\"https:\/\/www.eakinostomy.com\/fr\/wp-content\/uploads\/sites\/15\/2025\/06\/earlydays-300x199.jpg 300w, https:\/\/www.eakinostomy.com\/fr\/wp-content\/uploads\/sites\/15\/2025\/06\/earlydays-150x100.jpg 150w, https:\/\/www.eakinostomy.com\/fr\/wp-content\/uploads\/sites\/15\/2025\/06\/earlydays-768x510.jpg 768w, https:\/\/www.eakinostomy.com\/fr\/wp-content\/uploads\/sites\/15\/2025\/06\/earlydays-600x398.jpg 600w, https:\/\/www.eakinostomy.com\/fr\/wp-content\/uploads\/sites\/15\/2025\/06\/earlydays.jpg 856w\">\n        <\/picture>\n        <div class=\"card-body\">\n                    <h4>Module 3 &#8211; Des premiers jours \u00e0 l\u2019\u00e2ge adulte<\/h4>\n                <div class=\"flex-1\">\n                                <p style=\"text-align: center;\"><span class=\"TextRun SCXW63696968 BCX8\" lang=\"FR-FR\" xml:lang=\"FR-FR\" data-contrast=\"auto\"><span class=\"NormalTextRun SCXW63696968 BCX8\">Ce webinaire explore les exp\u00e9riences et les besoins des enfants et adolescents porteurs d\u2019une stomie, tout en abordant les soins adapt\u00e9s aux peaux p\u00e9ristomiales plus fragiles, qu\u2019il s\u2019agisse des plus jeunes ou des personnes \u00e2g\u00e9es.<\/span><\/span><\/p>\n                    <\/div>\n                    <a class=\"btn btn-gradient\" href=\"https:\/\/www.youtube.com\/watch?v=QLLlW6_juR4&#038;list=PLRQ381TgADOZlBDVMDAKo2kX-TleS2wT_&#038;index=7&#038;pp=gAQBiAQB\" target=\"_blank\" rel=\"noopener\">\n                Visionner maintenant            <\/a>\n            <\/div>\n<\/div>\n\n\n\n\n<div class=\"card mx-auto\">\n            <picture>\n            <img decoding=\"async\" loading=\"lazy\" src=\"https:\/\/www.eakinostomy.com\/fr\/wp-content\/uploads\/sites\/15\/2025\/06\/sex.jpg\" alt=\"\" srcset=\"https:\/\/www.eakinostomy.com\/fr\/wp-content\/uploads\/sites\/15\/2025\/06\/sex-300x198.jpg 300w, https:\/\/www.eakinostomy.com\/fr\/wp-content\/uploads\/sites\/15\/2025\/06\/sex-150x99.jpg 150w, https:\/\/www.eakinostomy.com\/fr\/wp-content\/uploads\/sites\/15\/2025\/06\/sex-768x507.jpg 768w, https:\/\/www.eakinostomy.com\/fr\/wp-content\/uploads\/sites\/15\/2025\/06\/sex-600x396.jpg 600w, https:\/\/www.eakinostomy.com\/fr\/wp-content\/uploads\/sites\/15\/2025\/06\/sex.jpg 853w\">\n        <\/picture>\n        <div class=\"card-body\">\n                    <h4>Module 4 &#8211; Sexualit\u00e9 et intimit\u00e9<\/h4>\n                <div class=\"flex-1\">\n                                <p style=\"text-align: center;\"><span class=\"TextRun SCXW222635395 BCX8\" lang=\"FR-FR\" xml:lang=\"FR-FR\" data-contrast=\"auto\"><span class=\"NormalTextRun SCXW222635395 BCX8\">Ce webinaire donne aux <\/span><span class=\"NormalTextRun SCXW222635395 BCX8\">soignant<\/span><span class=\"NormalTextRun SCXW222635395 BCX8\">s en <\/span><span class=\"NormalTextRun SpellingErrorV2Themed SCXW222635395 BCX8\">stomath\u00e9rapie<\/span><span class=\"NormalTextRun SCXW222635395 BCX8\"> les cl\u00e9s pour accompagner les patients, quels que soient leur genre ou leur orientation sexuelle, \u00e0 d\u00e9passer les barri\u00e8res physiques et psychologiques qu\u2019une stomie peut poser \u00e0 une vie affective et\/ou sexuelle \u00e9panouie.<\/span><\/span><\/p>\n                    <\/div>\n                    <a class=\"btn btn-gradient\" href=\"https:\/\/www.youtube.com\/watch?v=Q3VoWtmQf98&#038;list=PLRQ381TgADOZlBDVMDAKo2kX-TleS2wT_&#038;index=5&#038;pp=gAQBiAQB\" target=\"_blank\" rel=\"noopener\">\n                Visionner maintenant            <\/a>\n            <\/div>\n<\/div>\n\n\n\n\n<div class=\"card mx-auto\">\n            <picture>\n            <img decoding=\"async\" loading=\"lazy\" src=\"https:\/\/www.eakinostomy.com\/fr\/wp-content\/uploads\/sites\/15\/2025\/06\/fullcontrol.jpg\" alt=\"\" srcset=\"https:\/\/www.eakinostomy.com\/fr\/wp-content\/uploads\/sites\/15\/2025\/06\/fullcontrol-300x199.jpg 300w, https:\/\/www.eakinostomy.com\/fr\/wp-content\/uploads\/sites\/15\/2025\/06\/fullcontrol-150x99.jpg 150w, https:\/\/www.eakinostomy.com\/fr\/wp-content\/uploads\/sites\/15\/2025\/06\/fullcontrol-768x508.jpg 768w, https:\/\/www.eakinostomy.com\/fr\/wp-content\/uploads\/sites\/15\/2025\/06\/fullcontrol-600x397.jpg 600w, https:\/\/www.eakinostomy.com\/fr\/wp-content\/uploads\/sites\/15\/2025\/06\/fullcontrol.jpg 846w\">\n        <\/picture>\n        <div class=\"card-body\">\n                    <h4>Module 5 &#8211; Le pouvoir de reprendre pleinement le contr\u00f4le apr\u00e8s une stomie<\/h4>\n                <div class=\"flex-1\">\n                                <p style=\"text-align: center;\"><span class=\"TextRun SCXW66546896 BCX8\" lang=\"FR-FR\" xml:lang=\"FR-FR\" data-contrast=\"auto\"><span class=\"NormalTextRun SCXW66546896 BCX8\">Ce webinaire pr\u00e9sente l\u2019exp\u00e9rience de l\u2019intervenant dans la cr\u00e9ation d\u2019un parcours de soins exemplaire permettant aux patients de reprendre le contr\u00f4le de leur vie apr\u00e8s la formation d\u2019une stomie.<\/span><\/span><\/p>\n                    <\/div>\n                    <a class=\"btn btn-gradient\" href=\"https:\/\/www.youtube.com\/watch?v=77alwxMWC7g&#038;list=PLRQ381TgADOZlBDVMDAKo2kX-TleS2wT_&#038;index=1&#038;pp=gAQBiAQB\" target=\"_blank\" rel=\"noopener\">\n                Visionner maintenant            <\/a>\n            <\/div>\n<\/div>\n\n\n\n\n<div class=\"card mx-auto\">\n            <picture>\n            <img decoding=\"async\" loading=\"lazy\" src=\"https:\/\/www.eakinostomy.com\/fr\/wp-content\/uploads\/sites\/15\/2025\/06\/sleep.jpg\" alt=\"\" srcset=\"https:\/\/www.eakinostomy.com\/fr\/wp-content\/uploads\/sites\/15\/2025\/06\/sleep-300x201.jpg 300w, https:\/\/www.eakinostomy.com\/fr\/wp-content\/uploads\/sites\/15\/2025\/06\/sleep-150x100.jpg 150w, https:\/\/www.eakinostomy.com\/fr\/wp-content\/uploads\/sites\/15\/2025\/06\/sleep-768x514.jpg 768w, https:\/\/www.eakinostomy.com\/fr\/wp-content\/uploads\/sites\/15\/2025\/06\/sleep-600x402.jpg 600w, https:\/\/www.eakinostomy.com\/fr\/wp-content\/uploads\/sites\/15\/2025\/06\/sleep.jpg 851w\">\n        <\/picture>\n        <div class=\"card-body\">\n                    <h4>Module 6 &#8211; Une intimit\u00e9 simple et un sommeil paisible, sans interruption due \u00e0 la stomie<\/h4>\n                <div class=\"flex-1\">\n                                <p style=\"text-align: center;\"><span class=\"TextRun SCXW150849601 BCX8\" lang=\"FR-FR\" xml:lang=\"FR-FR\" data-contrast=\"auto\"><span class=\"NormalTextRun SCXW150849601 BCX8\">Ce webinaire explore l\u2019impact d\u2019une stomie sur l\u2019intimit\u00e9 et les cycles de sommeil, en se basant sur les attentes des patients avant l\u2019intervention et leurs ressentis apr\u00e8s.<\/span><\/span><\/p>\n                    <\/div>\n                    <a class=\"btn btn-gradient\" href=\"https:\/\/www.youtube.com\/watch?v=RXNl97ig124&#038;list=PLRQ381TgADOZlBDVMDAKo2kX-TleS2wT_&#038;index=3&#038;pp=gAQBiAQB\" target=\"_blank\" rel=\"noopener\">\n                Visionner maintenant            <\/a>\n            <\/div>\n<\/div>\n\n\n\n\n<div class=\"card mx-auto\">\n            <picture>\n            <img decoding=\"async\" loading=\"lazy\" src=\"https:\/\/www.eakinostomy.com\/fr\/wp-content\/uploads\/sites\/15\/2025\/06\/discreet.jpg\" alt=\"\" srcset=\"https:\/\/www.eakinostomy.com\/fr\/wp-content\/uploads\/sites\/15\/2025\/06\/discreet-300x200.jpg 300w, https:\/\/www.eakinostomy.com\/fr\/wp-content\/uploads\/sites\/15\/2025\/06\/discreet-150x100.jpg 150w, https:\/\/www.eakinostomy.com\/fr\/wp-content\/uploads\/sites\/15\/2025\/06\/discreet-768x511.jpg 768w, https:\/\/www.eakinostomy.com\/fr\/wp-content\/uploads\/sites\/15\/2025\/06\/discreet-600x399.jpg 600w, https:\/\/www.eakinostomy.com\/fr\/wp-content\/uploads\/sites\/15\/2025\/06\/discreet.jpg 849w\">\n        <\/picture>\n        <div class=\"card-body\">\n                    <h4>Module 7 &#8211; La libert\u00e9 d\u2019exposer ou de dissimuler sa stomie<\/h4>\n                <div class=\"flex-1\">\n                                <p style=\"text-align: center;\"><span class=\"TextRun SCXW250752902 BCX8\" lang=\"FR-FR\" xml:lang=\"FR-FR\" data-contrast=\"auto\"><span class=\"NormalTextRun SCXW250752902 BCX8\">Ce webinaire montre comment les <\/span><span class=\"NormalTextRun SCXW250752902 BCX8\">soignant<\/span><span class=\"NormalTextRun SCXW250752902 BCX8\">s peuvent soutenir leurs patients en les aidant \u00e0 d\u00e9velopper r\u00e9silience, confiance et courage dans leur quotidien avec une stomie.<\/span><\/span><\/p>\n                    <\/div>\n                    <a class=\"btn btn-gradient\" href=\"https:\/\/www.youtube.com\/watch?v=gFJOITlORAI&#038;list=PLRQ381TgADOZlBDVMDAKo2kX-TleS2wT_&#038;index=2&#038;pp=gAQBiAQB\" target=\"_blank\" rel=\"noopener\">\n                Visionner maintenant            <\/a>\n            <\/div>\n<\/div>\n\n<\/div>\n<\/div>\n\n\n<div class=\"spacer\n    h-8    lg:h-16\"\n>\n<\/div>\n\n\n<div class=\"need-help\">\n    <div class=\"container mx-auto flex flex-col lg:flex-row lg:justify-between lg:max-w-[1162px] lg:items-center\">\n        <div class=\"content lg:text-lg\">\n            <h4 class=\"text-purple-600\">Des produits de soin de stomie sur lesquels vous pouvez compter<\/h4>\n            <picture class=\"lg:hidden block mb-6\">\n                <img decoding=\"async\" loading=\"lazy\" src=\"https:\/\/www.eakinostomy.com\/fr\/wp-content\/uploads\/sites\/15\/2025\/05\/accessories.jpg\" srcset=\"https:\/\/www.eakinostomy.com\/fr\/wp-content\/uploads\/sites\/15\/2025\/05\/accessories-300x200.jpg 300w, https:\/\/www.eakinostomy.com\/fr\/wp-content\/uploads\/sites\/15\/2025\/05\/accessories-1024x683.jpg 1024w, https:\/\/www.eakinostomy.com\/fr\/wp-content\/uploads\/sites\/15\/2025\/05\/accessories-150x100.jpg 150w, https:\/\/www.eakinostomy.com\/fr\/wp-content\/uploads\/sites\/15\/2025\/05\/accessories-768x512.jpg 768w, https:\/\/www.eakinostomy.com\/fr\/wp-content\/uploads\/sites\/15\/2025\/05\/accessories-1536x1024.jpg 1536w, https:\/\/www.eakinostomy.com\/fr\/wp-content\/uploads\/sites\/15\/2025\/05\/accessories-2048x1366.jpg 2048w, https:\/\/www.eakinostomy.com\/fr\/wp-content\/uploads\/sites\/15\/2025\/05\/accessories-600x400.jpg 600w\" alt=\"\">\n            <\/picture>\n            <div class=\"my-4\">\n                <p><span class=\"TextRun SCXW136879129 BCX8\" lang=\"FR-FR\" xml:lang=\"FR-FR\" data-contrast=\"none\"><span class=\"NormalTextRun SCXW136879129 BCX8\">Des <\/span><span class=\"NormalTextRun SCXW136879129 BCX8\">appareillag<\/span><span class=\"NormalTextRun SCXW136879129 BCX8\">es<\/span><span class=\"NormalTextRun SCXW136879129 BCX8\">, <\/span><span class=\"NormalTextRun SCXW136879129 BCX8\">aux <\/span><span class=\"NormalTextRun SCXW136879129 BCX8\">anneaux <\/span><span class=\"NormalTextRun SCXW136879129 BCX8\">protecteurs fiables<\/span><span class=\"NormalTextRun SCXW136879129 BCX8\"> et <\/span><span class=\"NormalTextRun SCXW136879129 BCX8\">aux accessoires innovants, notre gamme de produits <\/span><span class=\"NormalTextRun SpellingErrorV2Themed SCXW136879129 BCX8\">eaki<\/span><span class=\"NormalTextRun SpellingErrorV2Themed SCXW136879129 BCX8\">n<\/span><\/span><span class=\"TextRun SCXW136879129 BCX8\" lang=\"FR-FR\" xml:lang=\"FR-FR\" data-contrast=\"none\"><span class=\"NormalTextRun Superscript SCXW136879129 BCX8\" data-fontsize=\"11\">\u00ae\u00a0<\/span><\/span><span class=\"TextRun SCXW136879129 BCX8\" lang=\"FR-FR\" xml:lang=\"FR-FR\" data-contrast=\"none\"> <span class=\"NormalTextRun SCXW136879129 BCX8\">compren<\/span><span class=\"NormalTextRun SCXW136879129 BCX8\">d tout <\/span><span class=\"NormalTextRun SCXW136879129 BCX8\">ce<\/span> <span class=\"NormalTextRun SCXW136879129 BCX8\">dont<\/span> <span class=\"NormalTextRun SCXW136879129 BCX8\">vous<\/span> <span class=\"NormalTextRun SCXW136879129 BCX8\">avez<\/span> <span class=\"NormalTextRun SCXW136879129 BCX8\">besoin<\/span><span class=\"NormalTextRun SCXW136879129 BCX8\"> pour <\/span><span class=\"NormalTextRun SCXW136879129 BCX8\">accompagner<\/span> <span class=\"NormalTextRun SCXW136879129 BCX8\">vos<\/span><span class=\"NormalTextRun SCXW136879129 BCX8\"> patients apr\u00e8s <\/span><span class=\"NormalTextRun SCXW136879129 BCX8\">leur<\/span><span class=\"NormalTextRun SCXW136879129 BCX8\"> sortie de <\/span><span class=\"NormalTextRun SCXW136879129 BCX8\">l&#8217;h\u00f4pital<\/span><span class=\"NormalTextRun SCXW136879129 BCX8\">. Vous <\/span><span class=\"NormalTextRun SCXW136879129 BCX8\">pouvez<\/span> <\/span><span class=\"TextRun Highlight SCXW136879129 BCX8\" lang=\"FR-FR\" xml:lang=\"FR-FR\" data-contrast=\"none\"><span class=\"NormalTextRun SCXW136879129 BCX8\">demander <\/span><span class=\"NormalTextRun SCXW136879129 BCX8\">des \u00e9chantillons de produits<\/span><\/span> <span class=\"TextRun Highlight SCXW136879129 BCX8\" lang=\"FR-FR\" xml:lang=\"FR-FR\" data-contrast=\"none\"><span class=\"NormalTextRun SCXW136879129 BCX8\">directement aupr\u00e8s d\u2019<\/span><span class=\"NormalTextRun SpellingErrorV2Themed SCXW136879129 BCX8\">eakin<\/span><span class=\"NormalTextRun SCXW136879129 BCX8\"> ou par l\u2019interm\u00e9diaire de votre repr\u00e9sentant local<\/span><\/span> <span class=\"TextRun Highlight SCXW136879129 BCX8\" lang=\"FR-FR\" xml:lang=\"FR-FR\" data-contrast=\"none\"><span class=\"NormalTextRun SCXW136879129 BCX8\">pour constater la diff\u00e9rence par vous-m\u00eame. <\/span><\/span><\/p>\n            <\/div>\n            <div class=\"flex flex-col gap-4 pt-4 lg:flex-row\">\n                                                            <a href=\"https:\/\/www.eakinostomy.com\/fr\/nos-produits\/\" class=\"btn btn-primary w-full text-center lg:w-fit\">\n                            Voir les produits                        <\/a>\n                                                <\/div>\n        <\/div>\n        <div class=\"hidden lg:block\">\n            <picture>\n                <img decoding=\"async\" src=\"https:\/\/www.eakinostomy.com\/fr\/wp-content\/uploads\/sites\/15\/2025\/05\/accessories.jpg\" srcset=\"https:\/\/www.eakinostomy.com\/fr\/wp-content\/uploads\/sites\/15\/2025\/05\/accessories-300x200.jpg 300w, https:\/\/www.eakinostomy.com\/fr\/wp-content\/uploads\/sites\/15\/2025\/05\/accessories-1024x683.jpg 1024w, https:\/\/www.eakinostomy.com\/fr\/wp-content\/uploads\/sites\/15\/2025\/05\/accessories-150x100.jpg 150w, https:\/\/www.eakinostomy.com\/fr\/wp-content\/uploads\/sites\/15\/2025\/05\/accessories-768x512.jpg 768w, https:\/\/www.eakinostomy.com\/fr\/wp-content\/uploads\/sites\/15\/2025\/05\/accessories-1536x1024.jpg 1536w, https:\/\/www.eakinostomy.com\/fr\/wp-content\/uploads\/sites\/15\/2025\/05\/accessories-2048x1366.jpg 2048w, https:\/\/www.eakinostomy.com\/fr\/wp-content\/uploads\/sites\/15\/2025\/05\/accessories-600x400.jpg 600w\" alt=\"\">\n            <\/picture>\n        <\/div>\n    <\/div>\n<\/div>\n","protected":false},"excerpt":{"rendered":"","protected":false},"author":8,"featured_media":0,"parent":1241,"menu_order":0,"comment_status":"closed","ping_status":"closed","template":"","meta":{"_acf_changed":true,"footnotes":""},"class_list":["post-4252","page","type-page","status-publish","hentry"],"acf":[],"_links":{"self":[{"href":"https:\/\/www.eakinostomy.com\/fr\/wp-json\/wp\/v2\/pages\/4252","targetHints":{"allow":["GET"]}}],"collection":[{"href":"https:\/\/www.eakinostomy.com\/fr\/wp-json\/wp\/v2\/pages"}],"about":[{"href":"https:\/\/www.eakinostomy.com\/fr\/wp-json\/wp\/v2\/types\/page"}],"author":[{"embeddable":true,"href":"https:\/\/www.eakinostomy.com\/fr\/wp-json\/wp\/v2\/users\/8"}],"replies":[{"embeddable":true,"href":"https:\/\/www.eakinostomy.com\/fr\/wp-json\/wp\/v2\/comments?post=4252"}],"version-history":[{"count":0,"href":"https:\/\/www.eakinostomy.com\/fr\/wp-json\/wp\/v2\/pages\/4252\/revisions"}],"up":[{"embeddable":true,"href":"https:\/\/www.eakinostomy.com\/fr\/wp-json\/wp\/v2\/pages\/1241"}],"wp:attachment":[{"href":"https:\/\/www.eakinostomy.com\/fr\/wp-json\/wp\/v2\/media?parent=4252"}],"curies":[{"name":"wp","href":"https:\/\/api.w.org\/{rel}","templated":true}]}}