{"id":1759,"date":"2025-04-03T11:43:34","date_gmt":"2025-04-03T11:43:34","guid":{"rendered":"https:\/\/www.eakinostomy.com\/?post_type=product&#038;p=1759"},"modified":"2025-07-31T16:30:04","modified_gmt":"2025-07-31T16:30:04","slug":"retrait-dadhesif-eakin-release","status":"publish","type":"product","link":"https:\/\/www.eakinostomy.com\/fr\/product\/retrait-dadhesif-eakin-release\/","title":{"rendered":"Retrait d\u2019adh\u00e9sif eakin release\u2122"},"content":{"rendered":"<div class=\"ewa-rteLine\" style=\"text-align: center;\">Vous permettre de rester ma\u00eetre de la situation, \u00e0 chaque changement de votre poche. Vous aider \u00e0 retirer d\u00e9licatement votre poche, vos accessoires ou tout pansement adh\u00e9sif. Le tout, en vous prot\u00e9geant contre les l\u00e9sions cutan\u00e9es r\u00e9p\u00e9t\u00e9es caus\u00e9es par le tiraillement de la peau, lors du retrait des produits adh\u00e9sifs.<\/div>\n","protected":false},"excerpt":{"rendered":"<p>Retirez votre poche sans effort, gr\u00e2ce \u00e0 votre spray ou votre lingette, con\u00e7us pour vous aider \u00e0 d\u00e9tacher d\u00e9licatement la poche de votre peau, \u00e0 votre rythme.<\/p>\n","protected":false},"featured_media":2314,"template":"","meta":{"_acf_changed":false},"product_brand":[66],"product_cat":[22],"product_tag":[],"solutions":[74,76],"support":[],"type-de-poche-integrale":[],"couleur-de-la-poche":[],"type-de-poche":[],"type-de-selles":[],"class_list":{"0":"post-1759","1":"product","2":"type-product","3":"status-publish","4":"has-post-thumbnail","6":"product_brand-eakin","7":"product_cat-produits-complementaires","8":"solutions-application-et-retrait","9":"solutions-peau-rouge-douloureuse","11":"first","12":"instock","13":"shipping-taxable","14":"purchasable","15":"product-type-simple"},"acf":[],"_links":{"self":[{"href":"https:\/\/www.eakinostomy.com\/fr\/wp-json\/wp\/v2\/product\/1759","targetHints":{"allow":["GET"]}}],"collection":[{"href":"https:\/\/www.eakinostomy.com\/fr\/wp-json\/wp\/v2\/product"}],"about":[{"href":"https:\/\/www.eakinostomy.com\/fr\/wp-json\/wp\/v2\/types\/product"}],"wp:featuredmedia":[{"embeddable":true,"href":"https:\/\/www.eakinostomy.com\/fr\/wp-json\/wp\/v2\/media\/2314"}],"wp:attachment":[{"href":"https:\/\/www.eakinostomy.com\/fr\/wp-json\/wp\/v2\/media?parent=1759"}],"wp:term":[{"taxonomy":"product_brand","embeddable":true,"href":"https:\/\/www.eakinostomy.com\/fr\/wp-json\/wp\/v2\/product_brand?post=1759"},{"taxonomy":"product_cat","embeddable":true,"href":"https:\/\/www.eakinostomy.com\/fr\/wp-json\/wp\/v2\/product_cat?post=1759"},{"taxonomy":"product_tag","embeddable":true,"href":"https:\/\/www.eakinostomy.com\/fr\/wp-json\/wp\/v2\/product_tag?post=1759"},{"taxonomy":"solutions","embeddable":true,"href":"https:\/\/www.eakinostomy.com\/fr\/wp-json\/wp\/v2\/solutions?post=1759"},{"taxonomy":"support","embeddable":true,"href":"https:\/\/www.eakinostomy.com\/fr\/wp-json\/wp\/v2\/support?post=1759"},{"taxonomy":"type-de-poche-integrale","embeddable":true,"href":"https:\/\/www.eakinostomy.com\/fr\/wp-json\/wp\/v2\/type-de-poche-integrale?post=1759"},{"taxonomy":"couleur-de-la-poche","embeddable":true,"href":"https:\/\/www.eakinostomy.com\/fr\/wp-json\/wp\/v2\/couleur-de-la-poche?post=1759"},{"taxonomy":"type-de-poche","embeddable":true,"href":"https:\/\/www.eakinostomy.com\/fr\/wp-json\/wp\/v2\/type-de-poche?post=1759"},{"taxonomy":"type-de-selles","embeddable":true,"href":"https:\/\/www.eakinostomy.com\/fr\/wp-json\/wp\/v2\/type-de-selles?post=1759"}],"curies":[{"name":"wp","href":"https:\/\/api.w.org\/{rel}","templated":true}]}}