{"id":3130,"date":"2025-05-21T17:49:39","date_gmt":"2025-05-21T17:49:39","guid":{"rendered":"https:\/\/www.eakinostomy.com\/?post_type=product&#038;p=3130"},"modified":"2025-07-31T14:33:09","modified_gmt":"2025-07-31T14:33:09","slug":"eakin-dot-1-piece","status":"publish","type":"product","link":"https:\/\/www.eakinostomy.com\/fr\/product\/eakin-dot-1-piece\/","title":{"rendered":"eakin dot<sup>\u00ae<\/sup> 1 pi\u00e8ce"},"content":{"rendered":"<div class=\"ewa-rteLine\" style=\"text-align: center;\">\n<div class=\"ewa-rteLine\">Gr\u00e2ce \u00e0 l\u2019ensemble de fonctionnalit\u00e9s uniques de la gamme <strong>eakin dot<sup>\u00ae<\/sup><\/strong>, ma\u00eetrisez votre routine de soins de stomie. Profitez pleinement de chaque journ\u00e9e, sans avoir \u00e0 vous soucier de votre poche de stomie.<\/div>\n<\/div>\n","protected":false},"excerpt":{"rendered":"<p>eakin dot<sup>\u00ae<\/sup>, la gamme qui r\u00e9sout les probl\u00e8mes, prend soin de votre peau et vous aide \u00e0 faire face \u00e0 tous les d\u00e9fis.<\/p>\n","protected":false},"featured_media":3153,"template":"","meta":{"_acf_changed":false},"product_brand":[27],"product_cat":[20],"product_tag":[],"solutions":[],"support":[91,90],"type-de-poche-integrale":[93],"couleur-de-la-poche":[96],"type-de-poche":[98],"type-de-selles":[100,101],"class_list":{"0":"post-3130","1":"product","2":"type-product","3":"status-publish","4":"has-post-thumbnail","6":"product_brand-eakin-dot","7":"product_cat-appareillages","8":"support-convexe-souple","9":"support-plat","10":"type-de-poche-integrale-1-piece","11":"couleur-de-la-poche-neutre","12":"type-de-poche-vidable","13":"type-de-selles-molles-ou-liquides","14":"type-de-selles-semi-formees","16":"first","17":"instock","18":"shipping-taxable","19":"purchasable","20":"product-type-variable"},"acf":[],"_links":{"self":[{"href":"https:\/\/www.eakinostomy.com\/fr\/wp-json\/wp\/v2\/product\/3130","targetHints":{"allow":["GET"]}}],"collection":[{"href":"https:\/\/www.eakinostomy.com\/fr\/wp-json\/wp\/v2\/product"}],"about":[{"href":"https:\/\/www.eakinostomy.com\/fr\/wp-json\/wp\/v2\/types\/product"}],"wp:featuredmedia":[{"embeddable":true,"href":"https:\/\/www.eakinostomy.com\/fr\/wp-json\/wp\/v2\/media\/3153"}],"wp:attachment":[{"href":"https:\/\/www.eakinostomy.com\/fr\/wp-json\/wp\/v2\/media?parent=3130"}],"wp:term":[{"taxonomy":"product_brand","embeddable":true,"href":"https:\/\/www.eakinostomy.com\/fr\/wp-json\/wp\/v2\/product_brand?post=3130"},{"taxonomy":"product_cat","embeddable":true,"href":"https:\/\/www.eakinostomy.com\/fr\/wp-json\/wp\/v2\/product_cat?post=3130"},{"taxonomy":"product_tag","embeddable":true,"href":"https:\/\/www.eakinostomy.com\/fr\/wp-json\/wp\/v2\/product_tag?post=3130"},{"taxonomy":"solutions","embeddable":true,"href":"https:\/\/www.eakinostomy.com\/fr\/wp-json\/wp\/v2\/solutions?post=3130"},{"taxonomy":"support","embeddable":true,"href":"https:\/\/www.eakinostomy.com\/fr\/wp-json\/wp\/v2\/support?post=3130"},{"taxonomy":"type-de-poche-integrale","embeddable":true,"href":"https:\/\/www.eakinostomy.com\/fr\/wp-json\/wp\/v2\/type-de-poche-integrale?post=3130"},{"taxonomy":"couleur-de-la-poche","embeddable":true,"href":"https:\/\/www.eakinostomy.com\/fr\/wp-json\/wp\/v2\/couleur-de-la-poche?post=3130"},{"taxonomy":"type-de-poche","embeddable":true,"href":"https:\/\/www.eakinostomy.com\/fr\/wp-json\/wp\/v2\/type-de-poche?post=3130"},{"taxonomy":"type-de-selles","embeddable":true,"href":"https:\/\/www.eakinostomy.com\/fr\/wp-json\/wp\/v2\/type-de-selles?post=3130"}],"curies":[{"name":"wp","href":"https:\/\/api.w.org\/{rel}","templated":true}]}}