{"id":3154,"date":"2025-05-21T18:14:19","date_gmt":"2025-05-21T18:14:19","guid":{"rendered":"https:\/\/www.eakinostomy.com\/?post_type=product&#038;p=3154"},"modified":"2025-07-31T14:56:44","modified_gmt":"2025-07-31T14:56:44","slug":"eakin-dot-2-pieces","status":"publish","type":"product","link":"https:\/\/www.eakinostomy.com\/fr\/product\/eakin-dot-2-pieces\/","title":{"rendered":"eakin dot<sup>\u00ae<\/sup> 2 pi\u00e8ces"},"content":{"rendered":"<div class=\"ewa-rteLine\" style=\"text-align: center;\">\n<div class=\"container mx-auto flex flex-col lg:grid lg:grid-cols-2 lg:gap-12 mt-4 lg:px-4 xl:px-0\">\n<div class=\"py-12 px-4 lg:px-0 col-span-2\">\n<div class=\"tabs\">\n<div class=\"tabs\">\n<div class=\"body\" data-tab=\"description\">\n<div class=\"py-4\">\n<div class=\"ewa-rteLine\">\n<div class=\"ewa-rteLine\">Gr\u00e2ce \u00e0 l\u2019ensemble de fonctionnalit\u00e9s uniques de la gamme\u00a0<strong>eakin dot<sup>\u00ae<\/sup><\/strong>, ma\u00eetrisez votre routine de soins de stomie. Profitez pleinement de chaque journ\u00e9e, sans avoir \u00e0 vous soucier de votre poche de stomie.<\/div>\n<\/div>\n<\/div>\n<\/div>\n<\/div>\n<\/div>\n<\/div>\n<\/div>\n<\/div>\n","protected":false},"excerpt":{"rendered":"<div class=\"woocommerce-product-details__short-description\">\n<p>eakin dot<sup>\u00ae<\/sup>, la gamme qui r\u00e9sout les probl\u00e8mes, prend soin de votre peau et vous aide \u00e0 faire face \u00e0 tous les d\u00e9fis.<\/p>\n<\/div>\n<form class=\"variations_form cart\" action=\"https:\/\/www.eakinostomy.com\/fr\/product\/eakin-dot-1-piece\/\" enctype=\"multipart\/form-data\" method=\"post\" data-product_id=\"3130\" data-product_variations=\"[{&quot;attributes&quot;:{&quot;attribute_type-de-poche&quot;:&quot;Vidable&quot;,&quot;attribute_support&quot;:&quot;Plat&quot;,&quot;attribute_taille-du-plan-de-decoupe&quot;:&quot;Support \\u00c0 d\\u00e9couper entre 15-55 mm&quot;},&quot;availability_html&quot;:&quot;&quot;,&quot;backorders_allowed&quot;:false,&quot;dimensions&quot;:{&quot;length&quot;:&quot;&quot;,&quot;width&quot;:&quot;&quot;,&quot;height&quot;:&quot;&quot;},&quot;dimensions_html&quot;:&quot;N\\\/A&quot;,&quot;display_price&quot;:0,&quot;display_regular_price&quot;:0,&quot;image&quot;:{&quot;title&quot;:&quot;77&quot;,&quot;caption&quot;:&quot;&quot;,&quot;url&quot;:&quot;https:\\\/\\\/www.eakinostomy.com\\\/fr\\\/wp-content\\\/uploads\\\/sites\\\/15\\\/2025\\\/05\\\/77.png&quot;,&quot;alt&quot;:&quot;77&quot;,&quot;src&quot;:&quot;https:\\\/\\\/www.eakinostomy.com\\\/fr\\\/wp-content\\\/uploads\\\/sites\\\/15\\\/2025\\\/05\\\/77.png&quot;,&quot;srcset&quot;:&quot;https:\\\/\\\/www.eakinostomy.com\\\/fr\\\/wp-content\\\/uploads\\\/sites\\\/15\\\/2025\\\/05\\\/77.png 390w, https:\\\/\\\/www.eakinostomy.com\\\/fr\\\/wp-content\\\/uploads\\\/sites\\\/15\\\/2025\\\/05\\\/77-300x300.png 300w, https:\\\/\\\/www.eakinostomy.com\\\/fr\\\/wp-content\\\/uploads\\\/sites\\\/15\\\/2025\\\/05\\\/77-150x150.png 150w, https:\\\/\\\/www.eakinostomy.com\\\/fr\\\/wp-content\\\/uploads\\\/sites\\\/15\\\/2025\\\/05\\\/77-100x100.png 100w&quot;,&quot;sizes&quot;:&quot;(max-width: 390px) 100vw, 390px&quot;,&quot;full_src&quot;:&quot;https:\\\/\\\/www.eakinostomy.com\\\/fr\\\/wp-content\\\/uploads\\\/sites\\\/15\\\/2025\\\/05\\\/77.png&quot;,&quot;full_src_w&quot;:390,&quot;full_src_h&quot;:390,&quot;gallery_thumbnail_src&quot;:&quot;https:\\\/\\\/www.eakinostomy.com\\\/fr\\\/wp-content\\\/uploads\\\/sites\\\/15\\\/2025\\\/05\\\/77-100x100.png&quot;,&quot;gallery_thumbnail_src_w&quot;:100,&quot;gallery_thumbnail_src_h&quot;:100,&quot;thumb_src&quot;:&quot;https:\\\/\\\/www.eakinostomy.com\\\/fr\\\/wp-content\\\/uploads\\\/sites\\\/15\\\/2025\\\/05\\\/77-300x300.png&quot;,&quot;thumb_src_w&quot;:300,&quot;thumb_src_h&quot;:300,&quot;src_w&quot;:390,&quot;src_h&quot;:390},&quot;image_id&quot;:3153,&quot;is_downloadable&quot;:false,&quot;is_in_stock&quot;:true,&quot;is_purchasable&quot;:true,&quot;is_sold_individually&quot;:&quot;no&quot;,&quot;is_virtual&quot;:false,&quot;max_qty&quot;:&quot;&quot;,&quot;min_qty&quot;:1,&quot;price_html&quot;:&quot;&quot;,&quot;sku&quot;:&quot;840301&quot;,&quot;variation_description&quot;:&quot;&quot;,&quot;variation_id&quot;:3148,&quot;variation_is_active&quot;:true,&quot;variation_is_visible&quot;:true,&quot;weight&quot;:&quot;&quot;,&quot;weight_html&quot;:&quot;N\\\/A&quot;},{&quot;attributes&quot;:{&quot;attribute_type-de-poche&quot;:&quot;Vidable&quot;,&quot;attribute_support&quot;:&quot;Plat&quot;,&quot;attribute_taille-du-plan-de-decoupe&quot;:&quot;Support \\u00c0 d\\u00e9couper entre 15-70 mm&quot;},&quot;availability_html&quot;:&quot;&quot;,&quot;backorders_allowed&quot;:false,&quot;dimensions&quot;:{&quot;length&quot;:&quot;&quot;,&quot;width&quot;:&quot;&quot;,&quot;height&quot;:&quot;&quot;},&quot;dimensions_html&quot;:&quot;N\\\/A&quot;,&quot;display_price&quot;:0,&quot;display_regular_price&quot;:0,&quot;image&quot;:{&quot;title&quot;:&quot;77&quot;,&quot;caption&quot;:&quot;&quot;,&quot;url&quot;:&quot;https:\\\/\\\/www.eakinostomy.com\\\/fr\\\/wp-content\\\/uploads\\\/sites\\\/15\\\/2025\\\/05\\\/77.png&quot;,&quot;alt&quot;:&quot;77&quot;,&quot;src&quot;:&quot;https:\\\/\\\/www.eakinostomy.com\\\/fr\\\/wp-content\\\/uploads\\\/sites\\\/15\\\/2025\\\/05\\\/77.png&quot;,&quot;srcset&quot;:&quot;https:\\\/\\\/www.eakinostomy.com\\\/fr\\\/wp-content\\\/uploads\\\/sites\\\/15\\\/2025\\\/05\\\/77.png 390w, https:\\\/\\\/www.eakinostomy.com\\\/fr\\\/wp-content\\\/uploads\\\/sites\\\/15\\\/2025\\\/05\\\/77-300x300.png 300w, https:\\\/\\\/www.eakinostomy.com\\\/fr\\\/wp-content\\\/uploads\\\/sites\\\/15\\\/2025\\\/05\\\/77-150x150.png 150w, https:\\\/\\\/www.eakinostomy.com\\\/fr\\\/wp-content\\\/uploads\\\/sites\\\/15\\\/2025\\\/05\\\/77-100x100.png 100w&quot;,&quot;sizes&quot;:&quot;(max-width: 390px) 100vw, 390px&quot;,&quot;full_src&quot;:&quot;https:\\\/\\\/www.eakinostomy.com\\\/fr\\\/wp-content\\\/uploads\\\/sites\\\/15\\\/2025\\\/05\\\/77.png&quot;,&quot;full_src_w&quot;:390,&quot;full_src_h&quot;:390,&quot;gallery_thumbnail_src&quot;:&quot;https:\\\/\\\/www.eakinostomy.com\\\/fr\\\/wp-content\\\/uploads\\\/sites\\\/15\\\/2025\\\/05\\\/77-100x100.png&quot;,&quot;gallery_thumbnail_src_w&quot;:100,&quot;gallery_thumbnail_src_h&quot;:100,&quot;thumb_src&quot;:&quot;https:\\\/\\\/www.eakinostomy.com\\\/fr\\\/wp-content\\\/uploads\\\/sites\\\/15\\\/2025\\\/05\\\/77-300x300.png&quot;,&quot;thumb_src_w&quot;:300,&quot;thumb_src_h&quot;:300,&quot;src_w&quot;:390,&quot;src_h&quot;:390},&quot;image_id&quot;:3153,&quot;is_downloadable&quot;:false,&quot;is_in_stock&quot;:true,&quot;is_purchasable&quot;:true,&quot;is_sold_individually&quot;:&quot;no&quot;,&quot;is_virtual&quot;:false,&quot;max_qty&quot;:&quot;&quot;,&quot;min_qty&quot;:1,&quot;price_html&quot;:&quot;&quot;,&quot;sku&quot;:&quot;840303&quot;,&quot;variation_description&quot;:&quot;&quot;,&quot;variation_id&quot;:3149,&quot;variation_is_active&quot;:true,&quot;variation_is_visible&quot;:true,&quot;weight&quot;:&quot;&quot;,&quot;weight_html&quot;:&quot;N\\\/A&quot;},{&quot;attributes&quot;:{&quot;attribute_type-de-poche&quot;:&quot;Vidable&quot;,&quot;attribute_support&quot;:&quot;Convexe souple&quot;,&quot;attribute_taille-du-plan-de-decoupe&quot;:&quot;Support \\u00c0 d\\u00e9couper entre 15-40 mm&quot;},&quot;availability_html&quot;:&quot;&quot;,&quot;backorders_allowed&quot;:false,&quot;dimensions&quot;:{&quot;length&quot;:&quot;&quot;,&quot;width&quot;:&quot;&quot;,&quot;height&quot;:&quot;&quot;},&quot;dimensions_html&quot;:&quot;N\\\/A&quot;,&quot;display_price&quot;:0,&quot;display_regular_price&quot;:0,&quot;image&quot;:{&quot;title&quot;:&quot;76&quot;,&quot;caption&quot;:&quot;&quot;,&quot;url&quot;:&quot;https:\\\/\\\/www.eakinostomy.com\\\/fr\\\/wp-content\\\/uploads\\\/sites\\\/15\\\/2025\\\/05\\\/76.png&quot;,&quot;alt&quot;:&quot;76&quot;,&quot;src&quot;:&quot;https:\\\/\\\/www.eakinostomy.com\\\/fr\\\/wp-content\\\/uploads\\\/sites\\\/15\\\/2025\\\/05\\\/76.png&quot;,&quot;srcset&quot;:&quot;https:\\\/\\\/www.eakinostomy.com\\\/fr\\\/wp-content\\\/uploads\\\/sites\\\/15\\\/2025\\\/05\\\/76.png 390w, https:\\\/\\\/www.eakinostomy.com\\\/fr\\\/wp-content\\\/uploads\\\/sites\\\/15\\\/2025\\\/05\\\/76-300x300.png 300w, https:\\\/\\\/www.eakinostomy.com\\\/fr\\\/wp-content\\\/uploads\\\/sites\\\/15\\\/2025\\\/05\\\/76-150x150.png 150w, https:\\\/\\\/www.eakinostomy.com\\\/fr\\\/wp-content\\\/uploads\\\/sites\\\/15\\\/2025\\\/05\\\/76-100x100.png 100w&quot;,&quot;sizes&quot;:&quot;(max-width: 390px) 100vw, 390px&quot;,&quot;full_src&quot;:&quot;https:\\\/\\\/www.eakinostomy.com\\\/fr\\\/wp-content\\\/uploads\\\/sites\\\/15\\\/2025\\\/05\\\/76.png&quot;,&quot;full_src_w&quot;:390,&quot;full_src_h&quot;:390,&quot;gallery_thumbnail_src&quot;:&quot;https:\\\/\\\/www.eakinostomy.com\\\/fr\\\/wp-content\\\/uploads\\\/sites\\\/15\\\/2025\\\/05\\\/76-100x100.png&quot;,&quot;gallery_thumbnail_src_w&quot;:100,&quot;gallery_thumbnail_src_h&quot;:100,&quot;thumb_src&quot;:&quot;https:\\\/\\\/www.eakinostomy.com\\\/fr\\\/wp-content\\\/uploads\\\/sites\\\/15\\\/2025\\\/05\\\/76-300x300.png&quot;,&quot;thumb_src_w&quot;:300,&quot;thumb_src_h&quot;:300,&quot;src_w&quot;:390,&quot;src_h&quot;:390},&quot;image_id&quot;:3152,&quot;is_downloadable&quot;:false,&quot;is_in_stock&quot;:true,&quot;is_purchasable&quot;:true,&quot;is_sold_individually&quot;:&quot;no&quot;,&quot;is_virtual&quot;:false,&quot;max_qty&quot;:&quot;&quot;,&quot;min_qty&quot;:1,&quot;price_html&quot;:&quot;&quot;,&quot;sku&quot;:&quot;840201&quot;,&quot;variation_description&quot;:&quot;&quot;,&quot;variation_id&quot;:3150,&quot;variation_is_active&quot;:true,&quot;variation_is_visible&quot;:true,&quot;weight&quot;:&quot;&quot;,&quot;weight_html&quot;:&quot;N\\\/A&quot;},{&quot;attributes&quot;:{&quot;attribute_type-de-poche&quot;:&quot;Vidable&quot;,&quot;attribute_support&quot;:&quot;Convexe souple&quot;,&quot;attribute_taille-du-plan-de-decoupe&quot;:&quot;Support \\u00c0 d\\u00e9couper entre 15-60 mm&quot;},&quot;availability_html&quot;:&quot;&quot;,&quot;backorders_allowed&quot;:false,&quot;dimensions&quot;:{&quot;length&quot;:&quot;&quot;,&quot;width&quot;:&quot;&quot;,&quot;height&quot;:&quot;&quot;},&quot;dimensions_html&quot;:&quot;N\\\/A&quot;,&quot;display_price&quot;:0,&quot;display_regular_price&quot;:0,&quot;image&quot;:{&quot;title&quot;:&quot;76&quot;,&quot;caption&quot;:&quot;&quot;,&quot;url&quot;:&quot;https:\\\/\\\/www.eakinostomy.com\\\/fr\\\/wp-content\\\/uploads\\\/sites\\\/15\\\/2025\\\/05\\\/76.png&quot;,&quot;alt&quot;:&quot;76&quot;,&quot;src&quot;:&quot;https:\\\/\\\/www.eakinostomy.com\\\/fr\\\/wp-content\\\/uploads\\\/sites\\\/15\\\/2025\\\/05\\\/76.png&quot;,&quot;srcset&quot;:&quot;https:\\\/\\\/www.eakinostomy.com\\\/fr\\\/wp-content\\\/uploads\\\/sites\\\/15\\\/2025\\\/05\\\/76.png 390w, https:\\\/\\\/www.eakinostomy.com\\\/fr\\\/wp-content\\\/uploads\\\/sites\\\/15\\\/2025\\\/05\\\/76-300x300.png 300w, https:\\\/\\\/www.eakinostomy.com\\\/fr\\\/wp-content\\\/uploads\\\/sites\\\/15\\\/2025\\\/05\\\/76-150x150.png 150w, https:\\\/\\\/www.eakinostomy.com\\\/fr\\\/wp-content\\\/uploads\\\/sites\\\/15\\\/2025\\\/05\\\/76-100x100.png 100w&quot;,&quot;sizes&quot;:&quot;(max-width: 390px) 100vw, 390px&quot;,&quot;full_src&quot;:&quot;https:\\\/\\\/www.eakinostomy.com\\\/fr\\\/wp-content\\\/uploads\\\/sites\\\/15\\\/2025\\\/05\\\/76.png&quot;,&quot;full_src_w&quot;:390,&quot;full_src_h&quot;:390,&quot;gallery_thumbnail_src&quot;:&quot;https:\\\/\\\/www.eakinostomy.com\\\/fr\\\/wp-content\\\/uploads\\\/sites\\\/15\\\/2025\\\/05\\\/76-100x100.png&quot;,&quot;gallery_thumbnail_src_w&quot;:100,&quot;gallery_thumbnail_src_h&quot;:100,&quot;thumb_src&quot;:&quot;https:\\\/\\\/www.eakinostomy.com\\\/fr\\\/wp-content\\\/uploads\\\/sites\\\/15\\\/2025\\\/05\\\/76-300x300.png&quot;,&quot;thumb_src_w&quot;:300,&quot;thumb_src_h&quot;:300,&quot;src_w&quot;:390,&quot;src_h&quot;:390},&quot;image_id&quot;:3152,&quot;is_downloadable&quot;:false,&quot;is_in_stock&quot;:true,&quot;is_purchasable&quot;:true,&quot;is_sold_individually&quot;:&quot;no&quot;,&quot;is_virtual&quot;:false,&quot;max_qty&quot;:&quot;&quot;,&quot;min_qty&quot;:1,&quot;price_html&quot;:&quot;&quot;,&quot;sku&quot;:&quot;840203&quot;,&quot;variation_description&quot;:&quot;&quot;,&quot;variation_id&quot;:3151,&quot;variation_is_active&quot;:true,&quot;variation_is_visible&quot;:true,&quot;weight&quot;:&quot;&quot;,&quot;weight_html&quot;:&quot;N\\\/A&quot;}]\"><\/form>\n","protected":false},"featured_media":4826,"template":"","meta":{"_acf_changed":false},"product_brand":[27],"product_cat":[20],"product_tag":[],"solutions":[],"support":[91,90],"type-de-poche-integrale":[94],"couleur-de-la-poche":[96],"type-de-poche":[97,98],"type-de-selles":[102,100,101],"class_list":{"0":"post-3154","1":"product","2":"type-product","3":"status-publish","4":"has-post-thumbnail","6":"product_brand-eakin-dot","7":"product_cat-appareillages","8":"support-convexe-souple","9":"support-plat","10":"type-de-poche-integrale-2-pieces","11":"couleur-de-la-poche-neutre","12":"type-de-poche-fermee","13":"type-de-poche-vidable","14":"type-de-selles-fermes","15":"type-de-selles-molles-ou-liquides","16":"type-de-selles-semi-formees","18":"first","19":"instock","20":"shipping-taxable","21":"purchasable","22":"product-type-variable"},"acf":[],"_links":{"self":[{"href":"https:\/\/www.eakinostomy.com\/fr\/wp-json\/wp\/v2\/product\/3154","targetHints":{"allow":["GET"]}}],"collection":[{"href":"https:\/\/www.eakinostomy.com\/fr\/wp-json\/wp\/v2\/product"}],"about":[{"href":"https:\/\/www.eakinostomy.com\/fr\/wp-json\/wp\/v2\/types\/product"}],"wp:featuredmedia":[{"embeddable":true,"href":"https:\/\/www.eakinostomy.com\/fr\/wp-json\/wp\/v2\/media\/4826"}],"wp:attachment":[{"href":"https:\/\/www.eakinostomy.com\/fr\/wp-json\/wp\/v2\/media?parent=3154"}],"wp:term":[{"taxonomy":"product_brand","embeddable":true,"href":"https:\/\/www.eakinostomy.com\/fr\/wp-json\/wp\/v2\/product_brand?post=3154"},{"taxonomy":"product_cat","embeddable":true,"href":"https:\/\/www.eakinostomy.com\/fr\/wp-json\/wp\/v2\/product_cat?post=3154"},{"taxonomy":"product_tag","embeddable":true,"href":"https:\/\/www.eakinostomy.com\/fr\/wp-json\/wp\/v2\/product_tag?post=3154"},{"taxonomy":"solutions","embeddable":true,"href":"https:\/\/www.eakinostomy.com\/fr\/wp-json\/wp\/v2\/solutions?post=3154"},{"taxonomy":"support","embeddable":true,"href":"https:\/\/www.eakinostomy.com\/fr\/wp-json\/wp\/v2\/support?post=3154"},{"taxonomy":"type-de-poche-integrale","embeddable":true,"href":"https:\/\/www.eakinostomy.com\/fr\/wp-json\/wp\/v2\/type-de-poche-integrale?post=3154"},{"taxonomy":"couleur-de-la-poche","embeddable":true,"href":"https:\/\/www.eakinostomy.com\/fr\/wp-json\/wp\/v2\/couleur-de-la-poche?post=3154"},{"taxonomy":"type-de-poche","embeddable":true,"href":"https:\/\/www.eakinostomy.com\/fr\/wp-json\/wp\/v2\/type-de-poche?post=3154"},{"taxonomy":"type-de-selles","embeddable":true,"href":"https:\/\/www.eakinostomy.com\/fr\/wp-json\/wp\/v2\/type-de-selles?post=3154"}],"curies":[{"name":"wp","href":"https:\/\/api.w.org\/{rel}","templated":true}]}}