{"id":3209,"date":"2025-05-21T20:44:18","date_gmt":"2025-05-21T20:44:18","guid":{"rendered":"https:\/\/www.eakinostomy.com\/?post_type=product&#038;p=3209"},"modified":"2025-07-31T15:42:01","modified_gmt":"2025-07-31T15:42:01","slug":"capuchons-de-stomie","status":"publish","type":"product","link":"https:\/\/www.eakinostomy.com\/fr\/product\/capuchons-de-stomie\/","title":{"rendered":"Capuchons de stomie"},"content":{"rendered":"<p>Nos petites poches polyvalentes sont id\u00e9ales pour ceux qui ont une routine fixe ou pour une utilisation \u00e0 court terme, qui recherchent le confort et la discr\u00e9tion.<\/p>\n<p><strong><em>Consultez toujours le mode d&#8217;emploi du produit pour conna\u00eetre l&#8217;usage pr\u00e9vu et les informations importantes relatives \u00e0 la s\u00e9curit\u00e9.<\/em><\/strong><\/p>\n","protected":false},"excerpt":{"rendered":"<p>Nos petites poches polyvalentes sont id\u00e9ales pour ceux qui ont une routine fixe ou pour une utilisation \u00e0 court terme, qui recherchent le confort et la discr\u00e9tion.<\/p>\n","protected":false},"featured_media":2585,"template":"","meta":{"_acf_changed":false},"product_brand":[65],"product_cat":[20],"product_tag":[],"solutions":[],"support":[90],"type-de-poche-integrale":[93],"couleur-de-la-poche":[96],"type-de-poche":[97],"type-de-selles":[102],"class_list":{"0":"post-3209","1":"product","2":"type-product","3":"status-publish","4":"has-post-thumbnail","6":"product_brand-pelican","7":"product_cat-appareillages","8":"support-plat","9":"type-de-poche-integrale-1-piece","10":"couleur-de-la-poche-neutre","11":"type-de-poche-fermee","12":"type-de-selles-fermes","14":"first","15":"instock","16":"shipping-taxable","17":"purchasable","18":"product-type-variable"},"acf":[],"_links":{"self":[{"href":"https:\/\/www.eakinostomy.com\/fr\/wp-json\/wp\/v2\/product\/3209","targetHints":{"allow":["GET"]}}],"collection":[{"href":"https:\/\/www.eakinostomy.com\/fr\/wp-json\/wp\/v2\/product"}],"about":[{"href":"https:\/\/www.eakinostomy.com\/fr\/wp-json\/wp\/v2\/types\/product"}],"wp:featuredmedia":[{"embeddable":true,"href":"https:\/\/www.eakinostomy.com\/fr\/wp-json\/wp\/v2\/media\/2585"}],"wp:attachment":[{"href":"https:\/\/www.eakinostomy.com\/fr\/wp-json\/wp\/v2\/media?parent=3209"}],"wp:term":[{"taxonomy":"product_brand","embeddable":true,"href":"https:\/\/www.eakinostomy.com\/fr\/wp-json\/wp\/v2\/product_brand?post=3209"},{"taxonomy":"product_cat","embeddable":true,"href":"https:\/\/www.eakinostomy.com\/fr\/wp-json\/wp\/v2\/product_cat?post=3209"},{"taxonomy":"product_tag","embeddable":true,"href":"https:\/\/www.eakinostomy.com\/fr\/wp-json\/wp\/v2\/product_tag?post=3209"},{"taxonomy":"solutions","embeddable":true,"href":"https:\/\/www.eakinostomy.com\/fr\/wp-json\/wp\/v2\/solutions?post=3209"},{"taxonomy":"support","embeddable":true,"href":"https:\/\/www.eakinostomy.com\/fr\/wp-json\/wp\/v2\/support?post=3209"},{"taxonomy":"type-de-poche-integrale","embeddable":true,"href":"https:\/\/www.eakinostomy.com\/fr\/wp-json\/wp\/v2\/type-de-poche-integrale?post=3209"},{"taxonomy":"couleur-de-la-poche","embeddable":true,"href":"https:\/\/www.eakinostomy.com\/fr\/wp-json\/wp\/v2\/couleur-de-la-poche?post=3209"},{"taxonomy":"type-de-poche","embeddable":true,"href":"https:\/\/www.eakinostomy.com\/fr\/wp-json\/wp\/v2\/type-de-poche?post=3209"},{"taxonomy":"type-de-selles","embeddable":true,"href":"https:\/\/www.eakinostomy.com\/fr\/wp-json\/wp\/v2\/type-de-selles?post=3209"}],"curies":[{"name":"wp","href":"https:\/\/api.w.org\/{rel}","templated":true}]}}