{"id":329,"date":"2025-01-30T16:25:57","date_gmt":"2025-01-30T16:25:57","guid":{"rendered":"https:\/\/www.eakinostomy.com\/?post_type=product&#038;p=329"},"modified":"2025-07-31T11:30:41","modified_gmt":"2025-07-31T11:30:41","slug":"freeseal","status":"publish","type":"product","link":"https:\/\/www.eakinostomy.com\/fr\/product\/freeseal\/","title":{"rendered":"eakin freeseal<sup>\u00ae<\/sup> air"},"content":{"rendered":"<p style=\"text-align: center;\"><span class=\"TextRun SCXW56344739 BCX8\" lang=\"FR-FR\" xml:lang=\"FR-FR\" data-contrast=\"auto\"><span class=\"NormalTextRun SCXW56344739 BCX8\">Trouvez l\u2019anneau qui vous convient avec la gamme <\/span><span class=\"NormalTextRun SpellingErrorV2Themed SCXW56344739 BCX8\">eakin<\/span>\u00a0<strong><span class=\"NormalTextRun SpellingErrorV2Themed SCXW56344739 BCX8\">freeseal<sup>\u00ae<\/sup><\/span><\/strong><span class=\"NormalTextRun SCXW56344739 BCX8\">. Discret, confortable,\u00a0<strong>s\u2019adapte<\/strong>\u00a0\u00e0 toutes les formes et se retire en\u00a0<strong>un seul geste<\/strong>.<\/span><\/span> <span class=\"TextRun SCXW124809388 BCX8\" lang=\"FR-FR\" xml:lang=\"FR-FR\" data-contrast=\"auto\"><span class=\"NormalTextRun SCXW124809388 BCX8\">Facile \u00e0 modeler, facile \u00e0 retirer,\u00a0<strong>facile \u00e0 adopter.<\/strong><\/span><\/span><\/p>\n","protected":false},"excerpt":{"rendered":"<p>Dites\u00a0<strong>NON<\/strong>\u00a0aux fuites avec eakin freeseal<span class=\"font7\"><sup>\u00ae<\/sup><\/span><span class=\"font0\">\u00a0! Nous sommes l\u00e0 pour vous aider \u00e0 pr\u00e9venir les fuites<sup>1<\/sup>, afin que vous puissiez vivre chaque jour avec optimisme.<\/span><\/p>\n<p>Un anneau fin \u00e0 utiliser, pour ceux qui pr\u00e9sentent une stomie discr\u00e8te, r\u00e9tract\u00e9e ou situ\u00e9e au raz de votre ventre. Il allie discr\u00e9tion, confort et l\u00e9g\u00e8ret\u00e9, se retire proprement et permet d\u2019\u00e9viter les fuites<sup>2<\/sup>&#8230; C&#8217;est l\u2019anneau qu\u2019il vous faut !<\/p>\n<p><strong>Trois tailles d\u2019orifices<\/strong> de d\u00e9part, pour s\u2019adapter \u00e0 n\u2019importe quelle taille ou forme de stomie\u00a0!<\/p>\n","protected":false},"featured_media":4098,"template":"","meta":{"_acf_changed":false},"product_brand":[24],"product_cat":[21],"product_tag":[],"solutions":[75],"support":[],"type-de-poche-integrale":[],"couleur-de-la-poche":[],"type-de-poche":[],"type-de-selles":[],"class_list":{"0":"post-329","1":"product","2":"type-product","3":"status-publish","4":"has-post-thumbnail","6":"product_brand-freeseal","7":"product_cat-anneaux-protecteurs","8":"solutions-fuites","10":"first","11":"instock","12":"shipping-taxable","13":"purchasable","14":"product-type-variable"},"acf":[],"_links":{"self":[{"href":"https:\/\/www.eakinostomy.com\/fr\/wp-json\/wp\/v2\/product\/329","targetHints":{"allow":["GET"]}}],"collection":[{"href":"https:\/\/www.eakinostomy.com\/fr\/wp-json\/wp\/v2\/product"}],"about":[{"href":"https:\/\/www.eakinostomy.com\/fr\/wp-json\/wp\/v2\/types\/product"}],"wp:featuredmedia":[{"embeddable":true,"href":"https:\/\/www.eakinostomy.com\/fr\/wp-json\/wp\/v2\/media\/4098"}],"wp:attachment":[{"href":"https:\/\/www.eakinostomy.com\/fr\/wp-json\/wp\/v2\/media?parent=329"}],"wp:term":[{"taxonomy":"product_brand","embeddable":true,"href":"https:\/\/www.eakinostomy.com\/fr\/wp-json\/wp\/v2\/product_brand?post=329"},{"taxonomy":"product_cat","embeddable":true,"href":"https:\/\/www.eakinostomy.com\/fr\/wp-json\/wp\/v2\/product_cat?post=329"},{"taxonomy":"product_tag","embeddable":true,"href":"https:\/\/www.eakinostomy.com\/fr\/wp-json\/wp\/v2\/product_tag?post=329"},{"taxonomy":"solutions","embeddable":true,"href":"https:\/\/www.eakinostomy.com\/fr\/wp-json\/wp\/v2\/solutions?post=329"},{"taxonomy":"support","embeddable":true,"href":"https:\/\/www.eakinostomy.com\/fr\/wp-json\/wp\/v2\/support?post=329"},{"taxonomy":"type-de-poche-integrale","embeddable":true,"href":"https:\/\/www.eakinostomy.com\/fr\/wp-json\/wp\/v2\/type-de-poche-integrale?post=329"},{"taxonomy":"couleur-de-la-poche","embeddable":true,"href":"https:\/\/www.eakinostomy.com\/fr\/wp-json\/wp\/v2\/couleur-de-la-poche?post=329"},{"taxonomy":"type-de-poche","embeddable":true,"href":"https:\/\/www.eakinostomy.com\/fr\/wp-json\/wp\/v2\/type-de-poche?post=329"},{"taxonomy":"type-de-selles","embeddable":true,"href":"https:\/\/www.eakinostomy.com\/fr\/wp-json\/wp\/v2\/type-de-selles?post=329"}],"curies":[{"name":"wp","href":"https:\/\/api.w.org\/{rel}","templated":true}]}}