{"id":4089,"date":"2025-06-17T09:22:31","date_gmt":"2025-06-17T09:22:31","guid":{"rendered":"https:\/\/www.eakinostomy.com\/?post_type=product&#038;p=4089"},"modified":"2025-07-31T13:58:19","modified_gmt":"2025-07-31T13:58:19","slug":"eakin-freeseal-versa","status":"publish","type":"product","link":"https:\/\/www.eakinostomy.com\/fr\/product\/eakin-freeseal-versa\/","title":{"rendered":"eakin freeseal<sup>\u00ae<\/sup> versa"},"content":{"rendered":"<p style=\"text-align: center;\"><span class=\"TextRun SCXW56344739 BCX8\" lang=\"FR-FR\" xml:lang=\"FR-FR\" data-contrast=\"auto\"><span class=\"NormalTextRun SCXW56344739 BCX8\">Trouvez l\u2019anneau qui vous convient avec la gamme <\/span><span class=\"NormalTextRun SpellingErrorV2Themed SCXW56344739 BCX8\">eakin<\/span>\u00a0<strong><span class=\"NormalTextRun SpellingErrorV2Themed SCXW56344739 BCX8\">freeseal<sup>\u00ae<\/sup><\/span><\/strong><span class=\"NormalTextRun SCXW56344739 BCX8\">. Discret, confortable,\u00a0<strong>s\u2019adapte<\/strong>\u00a0\u00e0 toutes les formes et se retire en\u00a0<strong>un seul geste<\/strong>.<\/span><\/span> <span class=\"TextRun SCXW124809388 BCX8\" lang=\"FR-FR\" xml:lang=\"FR-FR\" data-contrast=\"auto\"><span class=\"NormalTextRun SCXW124809388 BCX8\">Facile \u00e0 modeler, facile \u00e0 retirer,\u00a0<strong>facile \u00e0 adopter.<\/strong><\/span><\/span><\/p>\n","protected":false},"excerpt":{"rendered":"<p>Dites <strong>NON<\/strong> aux fuites avec eakin freeseal<span class=\"font7\"><sup>\u00ae<\/sup><\/span><span class=\"font0\">\u00a0! Nous sommes l\u00e0 pour vous aider \u00e0 pr\u00e9venir les fuites<sup>1<\/sup>, afin que vous puissiez vivre chaque jour avec optimisme.<\/span><\/p>\n<p>Un anneau plus \u00e9pais pour plus de polyvalence, qui s\u2019adapte aux creux et aux plis : nos anneaux \u00e9pousent votre corps. De plus, m\u00eame en cas d&#8217;\u00e9coulements plus abondants, cet anneau vous permettra de prolonger la dur\u00e9e d\u2019utilisation de votre poche, tout en pr\u00e9venant les fuites et se retire proprement.<\/p>\n<p><strong>Deux tailles<\/strong> d\u2019orifices de d\u00e9part, pour s\u2019adapter \u00e0 toutes les tailles et formes de stomie\u00a0!<\/p>\n","protected":false},"featured_media":4096,"template":"","meta":{"_acf_changed":false},"product_brand":[24],"product_cat":[21],"product_tag":[],"solutions":[75],"support":[],"type-de-poche-integrale":[],"couleur-de-la-poche":[],"type-de-poche":[],"type-de-selles":[],"class_list":{"0":"post-4089","1":"product","2":"type-product","3":"status-publish","4":"has-post-thumbnail","6":"product_brand-freeseal","7":"product_cat-anneaux-protecteurs","8":"solutions-fuites","10":"first","11":"instock","12":"shipping-taxable","13":"purchasable","14":"product-type-variable"},"acf":[],"_links":{"self":[{"href":"https:\/\/www.eakinostomy.com\/fr\/wp-json\/wp\/v2\/product\/4089","targetHints":{"allow":["GET"]}}],"collection":[{"href":"https:\/\/www.eakinostomy.com\/fr\/wp-json\/wp\/v2\/product"}],"about":[{"href":"https:\/\/www.eakinostomy.com\/fr\/wp-json\/wp\/v2\/types\/product"}],"wp:featuredmedia":[{"embeddable":true,"href":"https:\/\/www.eakinostomy.com\/fr\/wp-json\/wp\/v2\/media\/4096"}],"wp:attachment":[{"href":"https:\/\/www.eakinostomy.com\/fr\/wp-json\/wp\/v2\/media?parent=4089"}],"wp:term":[{"taxonomy":"product_brand","embeddable":true,"href":"https:\/\/www.eakinostomy.com\/fr\/wp-json\/wp\/v2\/product_brand?post=4089"},{"taxonomy":"product_cat","embeddable":true,"href":"https:\/\/www.eakinostomy.com\/fr\/wp-json\/wp\/v2\/product_cat?post=4089"},{"taxonomy":"product_tag","embeddable":true,"href":"https:\/\/www.eakinostomy.com\/fr\/wp-json\/wp\/v2\/product_tag?post=4089"},{"taxonomy":"solutions","embeddable":true,"href":"https:\/\/www.eakinostomy.com\/fr\/wp-json\/wp\/v2\/solutions?post=4089"},{"taxonomy":"support","embeddable":true,"href":"https:\/\/www.eakinostomy.com\/fr\/wp-json\/wp\/v2\/support?post=4089"},{"taxonomy":"type-de-poche-integrale","embeddable":true,"href":"https:\/\/www.eakinostomy.com\/fr\/wp-json\/wp\/v2\/type-de-poche-integrale?post=4089"},{"taxonomy":"couleur-de-la-poche","embeddable":true,"href":"https:\/\/www.eakinostomy.com\/fr\/wp-json\/wp\/v2\/couleur-de-la-poche?post=4089"},{"taxonomy":"type-de-poche","embeddable":true,"href":"https:\/\/www.eakinostomy.com\/fr\/wp-json\/wp\/v2\/type-de-poche?post=4089"},{"taxonomy":"type-de-selles","embeddable":true,"href":"https:\/\/www.eakinostomy.com\/fr\/wp-json\/wp\/v2\/type-de-selles?post=4089"}],"curies":[{"name":"wp","href":"https:\/\/api.w.org\/{rel}","templated":true}]}}