{"id":454,"date":"2025-02-11T14:25:53","date_gmt":"2025-02-11T14:25:53","guid":{"rendered":"https:\/\/www.eakinostomy.com\/?post_type=product&#038;p=454"},"modified":"2025-07-31T11:38:25","modified_gmt":"2025-07-31T11:38:25","slug":"cohesive-fins","status":"publish","type":"product","link":"https:\/\/www.eakinostomy.com\/fr\/product\/cohesive-fins\/","title":{"rendered":"eakin Cohesive<sup>\u00ae<\/sup> fins"},"content":{"rendered":"<p style=\"text-align: center;\">Les anneaux super absorbants eakin <strong>Cohesive<sup>\u00ae<\/sup><\/strong> offrent une protection optimale \u00e0 votre peau, tout en vous garantissant un ajustement s\u00fbr et constant<sup>1<\/sup>. Ils \u00e9pousent parfaitement les courbes de votre stomie, afin d\u2019emp\u00eacher le contact entre la peau et les \u00e9coulements et viennent cr\u00e9er un film protecteur, pour favoriser sa restauration.<\/p>\n<h6 class=\"ewa-rteLine\" style=\"text-align: center;\"><em>1. Mc Groggan G, Haughey S et McDowell K (2018) Un anneau absorbant et inhibiteur d\u2019enzymes qui r\u00e9duit les complications au niveau de la peau p\u00e9ristomiale. Gastrointestinal Nursing 16:1 42-4<\/em><\/h6>\n","protected":false},"excerpt":{"rendered":"<div class=\"ewa-rteLine\">\n<div class=\"ewa-rteLine\">\n<div class=\"ewa-rteLine\"><strong>Votre protecteur contre les fuites<\/strong><\/div>\n<div>\n<div class=\"ewa-rteLine\"><strong><br \/>\n<\/strong>Convient si vous avez :- La peau rouge, douloureuse ou ab\u00eem\u00e9e autour de votre stomie<br \/>\n&#8211; Une petite surface de peau \u00e0 prot\u00e9ger pr\u00e8s de votre stomie<br \/>\n&#8211; Une stomie de 50 mm ou moins et de forme ronde<\/p>\n<\/div>\n<\/div>\n<\/div>\n<\/div>\n","protected":false},"featured_media":2305,"template":"","meta":{"_acf_changed":false},"product_brand":[25],"product_cat":[21],"product_tag":[],"solutions":[75],"support":[],"type-de-poche-integrale":[],"couleur-de-la-poche":[],"type-de-poche":[],"type-de-selles":[],"class_list":{"0":"post-454","1":"product","2":"type-product","3":"status-publish","4":"has-post-thumbnail","6":"product_brand-cohesive","7":"product_cat-anneaux-protecteurs","8":"solutions-fuites","10":"first","11":"instock","12":"shipping-taxable","13":"purchasable","14":"product-type-simple"},"acf":[],"_links":{"self":[{"href":"https:\/\/www.eakinostomy.com\/fr\/wp-json\/wp\/v2\/product\/454","targetHints":{"allow":["GET"]}}],"collection":[{"href":"https:\/\/www.eakinostomy.com\/fr\/wp-json\/wp\/v2\/product"}],"about":[{"href":"https:\/\/www.eakinostomy.com\/fr\/wp-json\/wp\/v2\/types\/product"}],"wp:featuredmedia":[{"embeddable":true,"href":"https:\/\/www.eakinostomy.com\/fr\/wp-json\/wp\/v2\/media\/2305"}],"wp:attachment":[{"href":"https:\/\/www.eakinostomy.com\/fr\/wp-json\/wp\/v2\/media?parent=454"}],"wp:term":[{"taxonomy":"product_brand","embeddable":true,"href":"https:\/\/www.eakinostomy.com\/fr\/wp-json\/wp\/v2\/product_brand?post=454"},{"taxonomy":"product_cat","embeddable":true,"href":"https:\/\/www.eakinostomy.com\/fr\/wp-json\/wp\/v2\/product_cat?post=454"},{"taxonomy":"product_tag","embeddable":true,"href":"https:\/\/www.eakinostomy.com\/fr\/wp-json\/wp\/v2\/product_tag?post=454"},{"taxonomy":"solutions","embeddable":true,"href":"https:\/\/www.eakinostomy.com\/fr\/wp-json\/wp\/v2\/solutions?post=454"},{"taxonomy":"support","embeddable":true,"href":"https:\/\/www.eakinostomy.com\/fr\/wp-json\/wp\/v2\/support?post=454"},{"taxonomy":"type-de-poche-integrale","embeddable":true,"href":"https:\/\/www.eakinostomy.com\/fr\/wp-json\/wp\/v2\/type-de-poche-integrale?post=454"},{"taxonomy":"couleur-de-la-poche","embeddable":true,"href":"https:\/\/www.eakinostomy.com\/fr\/wp-json\/wp\/v2\/couleur-de-la-poche?post=454"},{"taxonomy":"type-de-poche","embeddable":true,"href":"https:\/\/www.eakinostomy.com\/fr\/wp-json\/wp\/v2\/type-de-poche?post=454"},{"taxonomy":"type-de-selles","embeddable":true,"href":"https:\/\/www.eakinostomy.com\/fr\/wp-json\/wp\/v2\/type-de-selles?post=454"}],"curies":[{"name":"wp","href":"https:\/\/api.w.org\/{rel}","templated":true}]}}